{"id":33392,"date":"2019-10-05T20:39:24","date_gmt":"2019-10-05T20:39:24","guid":{"rendered":"https:\/\/www.sisinternational.com\/?page_id=33392"},"modified":"2026-01-25T16:59:27","modified_gmt":"2026-01-25T21:59:27","slug":"etude-de-marche-au-dakota-du-sud","status":"publish","type":"page","link":"https:\/\/www.sisinternational.com\/fr\/couverture\/north-america\/couverture-des-etats-unis\/etude-de-marche-au-dakota-du-sud\/","title":{"rendered":"\u00c9tude de march\u00e9 dans le Dakota du Sud"},"content":{"rendered":"<h1 class=\"wp-block-heading\">\u00c9tude de march\u00e9 dans le Dakota du Sud<\/h1>\n\n\n\n<figure class=\"gb-block-image gb-block-image-3661bb70\"><img loading=\"lazy\" decoding=\"async\" width=\"1456\" height=\"816\" class=\"gb-image gb-image-3661bb70\" src=\"https:\/\/www.sisinternational.com\/wp-content\/uploads\/2025\/09\/South-Dakota-5.jpg\" alt=\"\u00c9tudes de march\u00e9 et strat\u00e9gie internationales SIS\" title=\"South Dakota (5)\" srcset=\"https:\/\/www.sisinternational.com\/wp-content\/uploads\/2025\/09\/South-Dakota-5.jpg 1456w, https:\/\/www.sisinternational.com\/wp-content\/uploads\/2025\/09\/South-Dakota-5-300x168.jpg 300w, https:\/\/www.sisinternational.com\/wp-content\/uploads\/2025\/09\/South-Dakota-5-1024x574.jpg 1024w, https:\/\/www.sisinternational.com\/wp-content\/uploads\/2025\/09\/South-Dakota-5-768x430.jpg 768w, https:\/\/www.sisinternational.com\/wp-content\/uploads\/2025\/09\/South-Dakota-5-18x10.jpg 18w\" sizes=\"auto, (max-width: 1456px) 100vw, 1456px\"><\/figure>\n\n\n\n<p><\/p>\n\n\n\n<h2 class=\"wp-block-heading p2\">South Dakota is a Midwestern state, receiving its name from the Lakota and Dakota Sioux Native American<span class=\"s1\"> people. <\/span><\/h2>\n\n\n\n<p class=\"p2\"><span class=\"s1\">Its nicknames are the Coyote State and the Mount Rushmore State after its most famous tourist destination. South Dakota became a member of the Union on November 2, 1889, as the 40<sup>\u00e8me<\/sup> state. It borders the states of Minnesota to the east, Iowa to the southeast, and Nebraska to the south. It also shares borders with Wyoming to the west, Montana to the northwest, and North Dakota to the north. The Missouri River runs through the state. It bisects South Dakota into two distinct halves known as the East River and the West River.<\/span><\/p>\n\n\n\n<h2 class=\"wp-block-heading\">B\u00e9n\u00e9fices \u00e9conomiques<\/h2>\n\n\n\n<p class=\"p2\"><span class=\"s1\">La capitale du Dakota du Sud est Pierre, avec une population de plus de 13 000 habitants. Sa plus grande ville est Sioux Falls, o\u00f9 la population compte plus de 180 000 individus. Le paysage \u00e9conomique du Dakota du Sud offre une vision encourageante pour les nouvelles entreprises. L\u2019\u00c9tat n\u2019a pas d\u2019imp\u00f4t sur le revenu des soci\u00e9t\u00e9s ou des particuliers. Il n\u2019y a pas non plus de taxe sur les stocks des entreprises. Ces exemptions offrent davantage de possibilit\u00e9s de croissance continue des entreprises. Le Dakota du Sud est un endroit abordable pour faire des affaires, car les frais limit\u00e9s facilitent la r\u00e9alisation des objectifs commerciaux. <\/span><\/p>\n\n\n\n<h2 class=\"wp-block-heading\">Attractions<\/h2>\n\n\n\n<p class=\"p2\"><span class=\"s1\">South Dakota presents a breathtaking landscape. Its striking scenery of the mountainous Black Hills is a sight to behold. You\u2019ll also find rugged stretches of rocky badlands and undulating grassy plains. The state is most well-known for the Mount Rushmore National Memorial in Keystone in the Black Hills, and the Crazy Horse Memorial is nearby. Both monuments are carvings into the mountains to honor influential past leaders. There\u2019s also Custer State Park with its buffalo safari and the Black Hills Wild Horse Sanctuary. At the sanctuary, rescued mustangs and other horses run free. Outside of the Black Hills, much of South Dakota is grasslands. You\u2019ll also find small forest areas near rivers and in shelterbelts. Wild West enthusiasts also visit Deadwood, a restored western town. This town is the burial site of Wild Bill Hickok and Calamity Jane.<\/span><\/p>\n\n\n\n<h2 class=\"wp-block-heading\">Agriculture<\/h2>\n\n\n\n<p class=\"p2\"><span class=\"s1\">L&#039;agriculture est une industrie essentielle dans le Dakota du Sud, apportant une contribution vitale \u00e0 l&#039;\u00e9conomie de l&#039;\u00c9tat. Les produits agricoles les plus rentables sont le soja, le bl\u00e9 et le ma\u00efs. Il existe \u00e9galement des ranchs impliqu\u00e9s dans l&#039;\u00e9levage de bovins et de porcs.<\/span><\/p>\n\n\n\n<h2 class=\"wp-block-heading\">Industries de service<\/h2>\n\n\n\n<p class=\"p2\"><span class=\"s1\">The modern mainstay of the economy of South Dakota is the service industry. The most significant contributors to this industry are the retail, finance, and healthcare sectors. Government spending is also an essential <a href=\"https:\/\/www.sisinternational.com\/fr\/industry-forecast\/industrial-sector-forecast\/\" title=\"Industrial Sector Forecast\"  data-wpil-monitor-id=\"9232\">sector in the service industry<\/a>. The Ellsworth Air Force Base, <a href=\"https:\/\/www.sisinternational.com\/fr\/solutions\/solutions-de-recherche-qualitative-et-quantitative\/tests-en-emplacements-centraux-a-new-york\/\" title=\"Tests dans les emplacements centraux de la ville de New York\u00a0: avantages pour les tests de produits\"  data-wpil-monitor-id=\"9233\">located close to Rapid City<\/a>, is the state\u2019s second-largest employer.<\/span><\/p>\n\n\n\n<h2 class=\"wp-block-heading\">Tourisme<\/h2>\n\n\n\n<p class=\"p2\"><span class=\"s1\"><a href=\"https:\/\/www.sisinternational.com\/fr\/solutions\/ai-etudes-de-marche-et-conseil-en-strategie\/adoption-de-lia-voyage-hotellerie-conseil-en-industrie-du-tourisme\/\" title=\"Adoption de l&#039;IA dans le conseil dans l&#039;industrie du voyage, de l&#039;h\u00f4tellerie et du tourisme\"  data-wpil-monitor-id=\"9231\">Tourism is another vital industry<\/a>. Many visitors come to view the state\u2019s attractions and festivals. Most of these attractions are in the Black Hills.&nbsp; South Dakota is also famous for Mount Rushmore National Memorial.<\/span><\/p>\n\n\n\n<h2 class=\"wp-block-heading p2\">\u00c0 propos des \u00e9tudes de march\u00e9 dans le Dakota du Sud<\/h2>\n\n\n\n<p class=\"p2\"><span class=\"s1\">Are you interested in establishing a business in North Dakota? SIS International can help. We offer Quantitative, Qualitative, and <a href=\"https:\/\/www.sisinternational.com\/fr\/solutions\/recherche-de-conseil-en-strategie-fintech\/conseil-en-strategie-detude-de-marche-client-bancaire-dacquisition-numerique\/\" title=\"Banque d&#039;acquisition num\u00e9rique \u00c9tude de march\u00e9 et conseil en strat\u00e9gie pour les clients\"  data-wpil-monitor-id=\"9229\">Strategy Research to help you understand customers\u2019<\/a> preferences and pain points. We also give you detailed insights about your competitors. Qualitative Research methods include Focus Groups, Customer Interviews, Ethnography, and <a href=\"https:\/\/www.sisinternational.com\/fr\/solutions\/solutions-de-recherche-qualitative-et-quantitative\/groupes-de-discussion-en-ligne-2\/\" title=\"Groupes de discussion en ligne\"  data-wpil-monitor-id=\"9228\">Groupes de discussion en ligne<\/a>, while Quantitative techniques include Online, App, and Telephone surveys. Strategy <a href=\"https:\/\/www.sisinternational.com\/fr\/competence\/les-industries\/etude-de-marche-sur-lecologie\/\" title=\"\u00c9tude de march\u00e9 sur l\u2019\u00e9cologie\"  data-wpil-monitor-id=\"3900\">Research uncovers Market<\/a> Opportunities, Competitive Analysis, Industry Trends, and Go-To-Market Strategies.<span class=\"Apple-converted-space\">&nbsp; <\/span>These insights will help you to understand demographics and economic shifts. You\u2019ll also find out about <a href=\"https:\/\/www.sisinternational.com\/fr\/publications\/comportement-de-lacheteur-apres-le-nouveau-consommateur-du-coronavirus\/\" title=\"Comportement des acheteurs apr\u00e8s le coronavirus \u2013 \u00c9tude de march\u00e9 de consommation\"  data-wpil-monitor-id=\"9230\">consumer buying patterns and the latest market<\/a> trends.<\/span><\/p>\n\n\n\n<p><\/p>\n\n\n\n<h2 class=\"wp-block-heading\">&nbsp;<\/h2>","protected":false},"excerpt":{"rendered":"<p>D\u00e9couvrez de nouvelles opportunit\u00e9s commerciales gr\u00e2ce aux \u00e9tudes de march\u00e9 dans le Dakota du Sud.<\/p>","protected":false},"author":1,"featured_media":66715,"parent":19303,"menu_order":52,"comment_status":"closed","ping_status":"closed","template":"","meta":{"footnotes":""},"class_list":["post-33392","page","type-page","status-publish","has-post-thumbnail"],"_links":{"self":[{"href":"https:\/\/www.sisinternational.com\/fr\/wp-json\/wp\/v2\/pages\/33392","targetHints":{"allow":["GET"]}}],"collection":[{"href":"https:\/\/www.sisinternational.com\/fr\/wp-json\/wp\/v2\/pages"}],"about":[{"href":"https:\/\/www.sisinternational.com\/fr\/wp-json\/wp\/v2\/types\/page"}],"author":[{"embeddable":true,"href":"https:\/\/www.sisinternational.com\/fr\/wp-json\/wp\/v2\/users\/1"}],"replies":[{"embeddable":true,"href":"https:\/\/www.sisinternational.com\/fr\/wp-json\/wp\/v2\/comments?post=33392"}],"version-history":[{"count":4,"href":"https:\/\/www.sisinternational.com\/fr\/wp-json\/wp\/v2\/pages\/33392\/revisions"}],"predecessor-version":[{"id":81542,"href":"https:\/\/www.sisinternational.com\/fr\/wp-json\/wp\/v2\/pages\/33392\/revisions\/81542"}],"up":[{"embeddable":true,"href":"https:\/\/www.sisinternational.com\/fr\/wp-json\/wp\/v2\/pages\/19303"}],"wp:featuredmedia":[{"embeddable":true,"href":"https:\/\/www.sisinternational.com\/fr\/wp-json\/wp\/v2\/media\/66715"}],"wp:attachment":[{"href":"https:\/\/www.sisinternational.com\/fr\/wp-json\/wp\/v2\/media?parent=33392"}],"curies":[{"name":"wp","href":"https:\/\/api.w.org\/{rel}","templated":true}]}}