{"id":33361,"date":"2019-10-05T19:40:43","date_gmt":"2019-10-05T19:40:43","guid":{"rendered":"https:\/\/www.sisinternational.com\/?page_id=33361"},"modified":"2026-01-25T17:03:53","modified_gmt":"2026-01-25T22:03:53","slug":"etude-de-marche-dans-lillinois","status":"publish","type":"page","link":"https:\/\/www.sisinternational.com\/fr\/couverture\/north-america\/couverture-des-etats-unis\/etude-de-marche-dans-lillinois\/","title":{"rendered":"\u00c9tude de march\u00e9 dans l\u2019Illinois"},"content":{"rendered":"<h1 class=\"wp-block-heading\"><span class=\"s1\">\u00c9tude de march\u00e9 dans l\u2019Illinois<\/span><\/h1>\n\n\n\n<figure class=\"gb-block-image gb-block-image-b874140b\"><img loading=\"lazy\" decoding=\"async\" width=\"1456\" height=\"816\" class=\"gb-image gb-image-b874140b\" src=\"https:\/\/www.sisinternational.com\/wp-content\/uploads\/2025\/09\/Chicago-1.jpg\" alt=\"\u00c9tudes de march\u00e9 et strat\u00e9gie internationales SIS\" title=\"Chicago (1)\" srcset=\"https:\/\/www.sisinternational.com\/wp-content\/uploads\/2025\/09\/Chicago-1.jpg 1456w, https:\/\/www.sisinternational.com\/wp-content\/uploads\/2025\/09\/Chicago-1-300x168.jpg 300w, https:\/\/www.sisinternational.com\/wp-content\/uploads\/2025\/09\/Chicago-1-1024x574.jpg 1024w, https:\/\/www.sisinternational.com\/wp-content\/uploads\/2025\/09\/Chicago-1-768x430.jpg 768w, https:\/\/www.sisinternational.com\/wp-content\/uploads\/2025\/09\/Chicago-1-18x10.jpg 18w\" sizes=\"auto, (max-width: 1456px) 100vw, 1456px\"><\/figure>\n\n\n\n<p><\/p>\n\n\n\n<h2 class=\"wp-block-heading p2\"><span class=\"s1\">En 1818, l\u2019\u00c9tat des Prairies de l\u2019Illinois devint le 21<\/span><span class=\"s2\"><sup>St<\/sup><\/span><span class=\"s1\"> \u00e9tat des \u00c9tats-Unis. <\/span><\/h2>\n\n\n\n<p class=\"p2\"><span class=\"s1\">Il borde les \u00c9tats de l&#039;Indiana \u00e0 l&#039;est et du Wisconsin au nord. Le grand fleuve Mississippi s&#039;\u00e9tend \u00e0 l&#039;ouest, le s\u00e9parant de l&#039;Iowa et du Missouri. Le paysage de l&#039;Illinois comprend de vastes zones de for\u00eats, de terres agricoles, de collines et de zones humides. C&#039;est le si\u00e8ge de l&#039;une des plus grandes villes des \u00c9tats-Unis : The Windy City, Chicago, situ\u00e9e sur les rives du lac Michigan.<\/span><\/p>\n\n\n\n<h2 class=\"wp-block-heading\">Zones \u00e9conomiques<\/h2>\n\n\n\n<p class=\"p2\"><span class=\"s1\">Chicago is the largest city in Illinois. Its population is around two million. Situated in the center of Illinois, Chicago is the third-largest metropolitan area in the USA. Thus, there is an extensive customer base for a business. It also means that there are a large job <a href=\"https:\/\/www.sisinternational.com\/fr\/competence\/les-industries\/etude-du-marche-du-travail\/\" title=\"Recherche sur le march\u00e9 du travail\"  data-wpil-monitor-id=\"10926\">market and skilled labor<\/a> pool.&nbsp; <\/span><\/p>\n\n\n\n<p class=\"p2\"><span class=\"s1\">Certaines des autres grandes villes sont Aurora, Rockford, Joliet, Naperville et la capitale, Springfield. Ensemble, ces villes abritent plus de 756 000 personnes. L&#039;\u00c9tat compte au total plus de douze millions d&#039;habitants.<\/span><\/p>\n\n\n\n<h2 class=\"wp-block-heading\">Attractions<\/h2>\n\n\n\n<p class=\"p2\">Peoria (pictured) is home to over 110,000 people, and is on the Illinois River.&nbsp; The Peoria Riverfront museum is an important attraction.<\/p>\n\n\n\n<p class=\"p2\">En outre, <span class=\"s1\">Springfield est le fier lieu de naissance du pr\u00e9sident Abraham Lincoln, et cette ville poss\u00e8de plusieurs attractions d\u00e9di\u00e9es \u00e0 sa vie et \u00e0 son \u0153uvre. Ces attractions incluent la biblioth\u00e8que et le mus\u00e9e pr\u00e9sidentiels Abraham Lincoln et le tombeau de Lincoln dans le cimeti\u00e8re d&#039;Oak Ridge, dans le nord de l&#039;\u00c9tat. L&#039;Illinois regorge de nombreux autres sites historiques \u00e0 voir. Les visiteurs peuvent choisir parmi de nombreux parcs tels que le magnifique Starved Rock State Park. La foire d&#039;\u00c9tat organis\u00e9e \u00e0 Harvey est \u00e9galement int\u00e9ressante.<\/span><\/p>\n\n\n\n<p><span class=\"s1\">L&#039;Illinois abrite certains des mus\u00e9es les mieux class\u00e9s au monde, dont la plupart ont leur si\u00e8ge \u00e0 Chicago. Il s&#039;agit notamment d&#039;institutions r\u00e9put\u00e9es telles que le Mus\u00e9e des sciences et de l&#039;industrie, le Field Museum of Natural History et l&#039;Art Institute of Chicago.<span class=\"Apple-converted-space\">&nbsp; <\/span>Les zones d&#039;int\u00e9r\u00eat ext\u00e9rieures incluent Millennium Park et Wrigley Field. <\/span><\/p>\n\n\n\n<h2 class=\"wp-block-heading\">Opportunit\u00e9s professionnelles<\/h2>\n\n\n\n<p class=\"p2\"><span class=\"s1\">Illinois is home to thriving manufacturing, agriculture, exports, and mining industries. There are also significant economic growth <a href=\"https:\/\/www.sisinternational.com\/fr\/solutions\/conseil-en-blockchain-sis\/opportunites-de-blockchain-au-dela-des-services-financiers\/\" title=\"Opportunit\u00e9s de la blockchain au-del\u00e0 des services financiers\"  data-wpil-monitor-id=\"10929\">opportunities in the services<\/a> sector, mainly in the areas of finance, technology, government, and transportation.<\/span><\/p>\n\n\n\n<h2 class=\"wp-block-heading\">Industries de service<\/h2>\n\n\n\n<p class=\"p2\"><span class=\"s1\">Les industries de services de l\u2019Illinois connaissent une croissance rapide. Les experts s\u2019attendent \u00e0 ce qu\u2019ils deviennent ses plus grandes sources de revenus. Les services personnels, tels que les soins de sant\u00e9, l&#039;h\u00f4tellerie, les cabinets d&#039;avocats et les cabinets comptables, sont en t\u00eate. Les services financiers arrivent juste derri\u00e8re. Beaucoup consid\u00e8rent Chicago comme la capitale financi\u00e8re du Midwest am\u00e9ricain. Les services de vente en gros et au d\u00e9tail contribuent \u00e9galement de mani\u00e8re significative aux r\u00e9sultats financiers.<\/span><\/p>\n\n\n\n<h2 class=\"wp-block-heading\">Agriculture<\/h2>\n\n\n\n<p class=\"p2\"><span class=\"s1\">L&#039;industrie agricole est l&#039;un des piliers de l&#039;\u00e9conomie de l&#039;Illinois en raison de son sol fertile. Le ma\u00efs, le soja, le bl\u00e9 et les citrouilles sont parmi les cultures les plus cultiv\u00e9es dans l&#039;\u00c9tat.<\/span><\/p>\n\n\n\n<h2 class=\"wp-block-heading\">Fabrication<\/h2>\n\n\n\n<p class=\"p2\"><span class=\"s1\">Illinois is also well known for the manufacturing of large machines. These include farm machinery and construction equipment. There are also quite a few companies processing food items. Some of these <a href=\"https:\/\/www.sisinternational.com\/fr\/solutions\/test-de-gout\/food-product-tests-in-ny\/\" title=\"Food Product Tests In NY\"  data-wpil-monitor-id=\"10927\">foods are dairy products<\/a>, cereals, baked goods, and candy.<\/span><\/p>\n\n\n\n<h2 class=\"wp-block-heading\">Mines et \u00e9nergie<\/h2>\n\n\n\n<p class=\"p2\"><span class=\"s1\">L&#039;industrie mini\u00e8re se concentre sur le charbon, mais le p\u00e9trole apporte \u00e9galement une contribution significative \u00e0 l&#039;industrie. L&#039;Illinois produit de la pierre concass\u00e9e, du sable, du gravier et m\u00eame des produits min\u00e9raux comme des argiles.<\/span><\/p>\n\n\n\n<h2 class=\"wp-block-heading p2\">\u00c0 propos des \u00e9tudes de march\u00e9 dans l\u2019Illinois<\/h2>\n\n\n\n<p class=\"p2\"><span class=\"s1\">Market Research in Illinois provides essential data. Newcomers can learn about the many businesses already operating in the state. It also aids <a href=\"https:\/\/www.sisinternational.com\/fr\/couverture\/les-ameriques\/etude-de-marche-dans-les-caraibes\/societe-de-conseil-en-strategie-caribeenne\/\" title=\"Soci\u00e9t\u00e9 de conseil en strat\u00e9gie carib\u00e9enne\"  data-wpil-monitor-id=\"10932\">companies<\/a> in coming up with the best strategies to ensure longevity. <a href=\"https:\/\/www.sisinternational.com\/fr\/solutions\/ai-etudes-de-marche-et-conseil-en-strategie\/etude-de-marche-sur-le-traitement-du-langage-naturel-par-ia\/\" title=\"\u00c9tude de march\u00e9 sur l\u2019IA pour le traitement du langage naturel\"  data-wpil-monitor-id=\"10931\">Research is crucial to the decision-making process<\/a> by increasing its efficiency. It also shows the impact a company can have in the area.<\/span><\/p>\n\n\n\n<p class=\"p2\"><span class=\"s1\">SIS International Research is a <a href=\"https:\/\/www.sisinternational.com\/fr\/couverture\/etude-de-marche-en-afrique\/etude-de-marche-en-tanzanie\/\" title=\"Etude de march\u00e9 en Tanzanie\"  data-wpil-monitor-id=\"3937\">March\u00e9<\/a> Research and Strategy Consulting provider for the B2B, Consumer, Healthcare, and other industries. SIS provides Customer Interviews, Surveys, Focus Groups, Ethnography, Competitive Analysis, and Product Testing. We can help you stay competitive by giving you full insight. You can learn about the business landscape through <a href=\"https:\/\/www.sisinternational.com\/fr\/couverture\/etude-de-marche-en-asie\/etude-de-marche-en-micronesie\/\" title=\"Etude de march\u00e9 en Micron\u00e9sie\"  data-wpil-monitor-id=\"3954\">recherche d&#039;opportunit\u00e9s de march\u00e9<\/a>. We also offer competitor analysis, market intelligence, and other services.<\/span><\/p>\n\n\n\n<h2 class=\"wp-block-heading\">&nbsp;<\/h2>","protected":false},"excerpt":{"rendered":"<p>D\u00e9couvrez de nouvelles opportunit\u00e9s commerciales gr\u00e2ce aux \u00e9tudes de march\u00e9 dans l&#039;Illinois.<\/p>","protected":false},"author":1,"featured_media":66514,"parent":19303,"menu_order":50,"comment_status":"closed","ping_status":"closed","template":"","meta":{"footnotes":""},"class_list":["post-33361","page","type-page","status-publish","has-post-thumbnail"],"_links":{"self":[{"href":"https:\/\/www.sisinternational.com\/fr\/wp-json\/wp\/v2\/pages\/33361","targetHints":{"allow":["GET"]}}],"collection":[{"href":"https:\/\/www.sisinternational.com\/fr\/wp-json\/wp\/v2\/pages"}],"about":[{"href":"https:\/\/www.sisinternational.com\/fr\/wp-json\/wp\/v2\/types\/page"}],"author":[{"embeddable":true,"href":"https:\/\/www.sisinternational.com\/fr\/wp-json\/wp\/v2\/users\/1"}],"replies":[{"embeddable":true,"href":"https:\/\/www.sisinternational.com\/fr\/wp-json\/wp\/v2\/comments?post=33361"}],"version-history":[{"count":8,"href":"https:\/\/www.sisinternational.com\/fr\/wp-json\/wp\/v2\/pages\/33361\/revisions"}],"predecessor-version":[{"id":81788,"href":"https:\/\/www.sisinternational.com\/fr\/wp-json\/wp\/v2\/pages\/33361\/revisions\/81788"}],"up":[{"embeddable":true,"href":"https:\/\/www.sisinternational.com\/fr\/wp-json\/wp\/v2\/pages\/19303"}],"wp:featuredmedia":[{"embeddable":true,"href":"https:\/\/www.sisinternational.com\/fr\/wp-json\/wp\/v2\/media\/66514"}],"wp:attachment":[{"href":"https:\/\/www.sisinternational.com\/fr\/wp-json\/wp\/v2\/media?parent=33361"}],"curies":[{"name":"wp","href":"https:\/\/api.w.org\/{rel}","templated":true}]}}