{"id":33199,"date":"2019-09-21T19:02:42","date_gmt":"2019-09-21T19:02:42","guid":{"rendered":"https:\/\/www.sisinternational.com\/?page_id=33199"},"modified":"2026-03-13T00:44:15","modified_gmt":"2026-03-13T04:44:15","slug":"etude-de-marche-en-australie","status":"publish","type":"page","link":"https:\/\/www.sisinternational.com\/fr\/couverture\/etude-de-marche-oceanie\/etude-de-marche-en-australie\/","title":{"rendered":"Etude de march\u00e9 en Australie"},"content":{"rendered":"<h1 class=\"wp-block-heading\"><span style=\"font-weight: 400;\"><strong>Etude de march\u00e9 en Australie<\/strong><\/span><\/h1>\n\n\n\n<figure class=\"gb-block-image gb-block-image-e53cf86c\"><img loading=\"lazy\" decoding=\"async\" width=\"1456\" height=\"816\" class=\"gb-image gb-image-e53cf86c\" src=\"https:\/\/www.sisinternational.com\/wp-content\/uploads\/2025\/09\/Australia-1.jpg\" alt=\"\u00c9tudes de march\u00e9 et strat\u00e9gie internationales SIS\" title=\"Australia (1)\" srcset=\"https:\/\/www.sisinternational.com\/wp-content\/uploads\/2025\/09\/Australia-1.jpg 1456w, https:\/\/www.sisinternational.com\/wp-content\/uploads\/2025\/09\/Australia-1-300x168.jpg 300w, https:\/\/www.sisinternational.com\/wp-content\/uploads\/2025\/09\/Australia-1-1024x574.jpg 1024w, https:\/\/www.sisinternational.com\/wp-content\/uploads\/2025\/09\/Australia-1-768x430.jpg 768w, https:\/\/www.sisinternational.com\/wp-content\/uploads\/2025\/09\/Australia-1-18x10.jpg 18w\" sizes=\"auto, (max-width: 1456px) 100vw, 1456px\"><\/figure>\n\n\n\n<p><\/p>\n\n\n\n<hr class=\"wp-block-separator has-alpha-channel-opacity is-style-dots\"\/>\n\n\n\n<p><span style=\"font-weight: 400;\">L\u2019Australie poss\u00e8de une \u00e9conomie stable et prosp\u00e8re caract\u00e9ris\u00e9e par l\u2019innovation et une solide base de consommateurs \u2013 et gr\u00e2ce aux \u00e9tudes de march\u00e9 r\u00e9alis\u00e9es en Australie, les entreprises, les entrepreneurs et les investisseurs peuvent d\u00e9bloquer un tr\u00e9sor d\u2019informations et de donn\u00e9es, mettant en lumi\u00e8re les pr\u00e9f\u00e9rences, les comportements et les attentes des gens. consommateurs sur ce march\u00e9 dynamique.<\/span><\/p>\n\n\n\n<h2 class=\"wp-block-heading\"><span style=\"font-weight: 400;\"><strong>L&#039;Australie comprend son continent et de nombreuses petites \u00eeles. <\/strong><\/span><\/h2>\n\n\n\n<p><span style=\"font-weight: 400;\">C&#039;est le plus grand pays d&#039;Oc\u00e9anie. Sa capitale est Canberra et sa plus grande ville est Sydney. L&#039;Australie compte environ 26 millions d&#039;habitants. C&#039;est un pays urbanis\u00e9, offrant une qualit\u00e9 de vie, une \u00e9ducation et une sant\u00e9 \u00e9lev\u00e9es.<\/span><\/p>\n\n\n\n<p><span style=\"font-weight: 400;\">L&#039;Australie figure sur la liste des destinations \u00e0 visiter par de nombreuses personnes. Elle poss\u00e8de des c\u00f4tes magnifiques et des terrains magnifiques. Il abrite \u00e9galement des monuments de renomm\u00e9e mondiale tels que l&#039;Op\u00e9ra de Sydney. Le \u00ab Land Down Under \u00bb, comme beaucoup de gens l\u2019appellent, a un climat temp\u00e9r\u00e9. Vous rencontrerez des fluctuations vari\u00e9es en fonction de votre emplacement. Les r\u00e9gions du sud de l&#039;Australie ont un climat plus froid que celui du nord. Cette partie du pays conna\u00eet des \u00e9t\u00e9s doux et des hivers parfois pluvieux. Le climat de type tropical est typique dans la r\u00e9gion nord. Cette r\u00e9gion a des \u00e9t\u00e9s humides et des hivers secs.&nbsp;<\/span><\/p>\n\n\n\n<h2 class=\"wp-block-heading\"><span style=\"font-weight: 400;\"><strong>Importance des \u00e9tudes de march\u00e9 en Australie<\/strong><\/span><\/h2>\n\n\n\n<p><span style=\"font-weight: 400;\">Naviguer dans le paysage prosp\u00e8re mais comp\u00e9titif de l&#039;Australie n\u00e9cessite une compr\u00e9hension approfondie des m\u00e9canismes de son march\u00e9, car les Australiens poss\u00e8dent un ensemble unique de pr\u00e9f\u00e9rences et d&#039;attentes \u2013 et les \u00e9tudes de march\u00e9 en Australie facilitent la compr\u00e9hension du comportement, des tendances et des demandes des consommateurs, servant ainsi de base au d\u00e9veloppement. des produits et des strat\u00e9gies qui trouvent un \u00e9cho aupr\u00e8s du public local.<\/span><\/p>\n\n\n\n<p><span style=\"font-weight: 400;\">Quoi qu\u2019il en soit, voici quelques-uns des avantages les plus importants que les entreprises peuvent obtenir en r\u00e9alisant une \u00e9tude de march\u00e9 en Australie\u00a0:<\/span><\/p>\n\n\n\n<p><b>\u2022 Identification et analyse des tendances\u00a0: <\/b><span style=\"font-weight: 400;\">Les tendances du march\u00e9 australien sont dynamiques et multiformes. Les \u00e9tudes de march\u00e9 permettent aux entreprises d&#039;identifier et d&#039;analyser ces tendances, facilitant ainsi le d\u00e9veloppement de produits et de services conformes aux demandes actuelles et futures du march\u00e9.&nbsp;<\/span><\/p>\n\n\n\n<p><b>\u2022 Positionnement am\u00e9lior\u00e9 de la marque\u00a0: <\/b><span style=\"font-weight: 400;\">Comprendre le paysage concurrentiel est essentiel pour un positionnement efficace de la marque. Les \u00e9tudes de march\u00e9 fournissent des informations sur les strat\u00e9gies des concurrents et les pr\u00e9f\u00e9rences des consommateurs, permettant aux entreprises de positionner leurs marques de mani\u00e8re \u00e0 trouver un \u00e9cho aupr\u00e8s du public cible tout en se diff\u00e9renciant de leurs concurrents.<\/span><\/p>\n\n\n\n<p><b>\u2022 Satisfaction client accrue\u00a0: <\/b><span style=\"font-weight: 400;\">En comprenant les besoins et les attentes des clients, les entreprises peuvent am\u00e9liorer leurs offres, conduisant ainsi \u00e0 une satisfaction et une fid\u00e9lit\u00e9 accrues des clients.&nbsp;<\/span><\/p>\n\n\n\n<h2 class=\"wp-block-heading\"><span style=\"font-weight: 400;\"><strong>Quelles sont les principales attractions touristiques et villes ?&nbsp;<\/strong><\/span><\/h2>\n\n\n\n<p><span style=\"font-weight: 400;\">Pour les entreprises op\u00e9rant dans les secteurs du tourisme, de l&#039;h\u00f4tellerie ou du voyage, les \u00e9tudes de march\u00e9 en Australie offrent une fen\u00eatre sur les principales destinations du pays qui attirent continuellement les touristes internationaux\u00a0:<\/span><\/p>\n\n\n\n<p><b>\u2022 Grande barri\u00e8re de corail\u00a0: <\/b><span style=\"font-weight: 400;\">En tant que l&#039;une des sept merveilles naturelles du monde, la Grande Barri\u00e8re de Corail attire des millions de visiteurs chaque ann\u00e9e.&nbsp;<\/span><\/p>\n\n\n\n<p><b>\u2022Sydney\u00a0: <\/b><span style=\"font-weight: 400;\">Abritant des monuments embl\u00e9matiques tels que l&#039;Op\u00e9ra de Sydney et le Harbour Bridge, Sydney attire les touristes internationaux et nationaux. Une \u00e9tude de march\u00e9 en Australie bas\u00e9e sur le tourisme \u00e0 Sydney peut aider les entreprises \u00e0 comprendre la dynamique du tourisme urbain et la demande de divers services d&#039;accueil et de voyage.<\/span><\/p>\n\n\n\n<p><b>\u2022Melbourne\u00a0: <\/b><span style=\"font-weight: 400;\">Connue pour sa sc\u00e8ne artistique dynamique, ses festivals culturels et ses \u00e9v\u00e9nements sportifs, Melbourne est une destination de choix. S&#039;engager dans des \u00e9tudes de march\u00e9 offre des donn\u00e9es pr\u00e9cieuses sur le tourisme culturel et le potentiel de parrainage et de partenariats d&#039;\u00e9v\u00e9nements.<\/span><\/p>\n\n\n\n<p><b>\u2022 C\u00f4te d&#039;or: <\/b><span style=\"font-weight: 400;\">C\u00e9l\u00e8bre pour ses belles plages et ses parcs \u00e0 th\u00e8me passionnants, Gold Coast attire un large \u00e9ventail de touristes. Les \u00e9tudes de march\u00e9 dans cette ville aident les entreprises \u00e0 exploiter les march\u00e9s du tourisme de loisirs et d&#039;aventure, \u00e0 comprendre les donn\u00e9es d\u00e9mographiques des visiteurs et \u00e0 \u00e9laborer des offres sur mesure.<\/span><\/p>\n\n\n\n<h2 class=\"wp-block-heading\"><span style=\"font-weight: 400;\"><strong>Industries cl\u00e9s sur le march\u00e9 australien<\/strong><\/span><\/h2>\n\n\n\n<figure class=\"gb-block-image gb-block-image-c07f409b\"><img loading=\"lazy\" decoding=\"async\" width=\"1456\" height=\"816\" class=\"gb-image gb-image-c07f409b\" src=\"https:\/\/www.sisinternational.com\/wp-content\/uploads\/2025\/09\/Australia-4.jpg\" alt=\"\u00c9tudes de march\u00e9 et strat\u00e9gie internationales SIS\" title=\"Australia (4)\" srcset=\"https:\/\/www.sisinternational.com\/wp-content\/uploads\/2025\/09\/Australia-4.jpg 1456w, https:\/\/www.sisinternational.com\/wp-content\/uploads\/2025\/09\/Australia-4-300x168.jpg 300w, https:\/\/www.sisinternational.com\/wp-content\/uploads\/2025\/09\/Australia-4-1024x574.jpg 1024w, https:\/\/www.sisinternational.com\/wp-content\/uploads\/2025\/09\/Australia-4-768x430.jpg 768w, https:\/\/www.sisinternational.com\/wp-content\/uploads\/2025\/09\/Australia-4-18x10.jpg 18w\" sizes=\"auto, (max-width: 1456px) 100vw, 1456px\"><\/figure>\n\n\n\n<p><\/p>\n\n\n\n<p><span style=\"font-weight: 400;\">Une analyse approfondie des \u00e9tudes de march\u00e9 r\u00e9v\u00e8le les secteurs cl\u00e9s qui stimulent l&#039;\u00e9conomie du pays, chacun pr\u00e9sentant des opportunit\u00e9s et des d\u00e9fis uniques pour les entreprises\u00a0:<\/span><\/p>\n\n\n\n<p><b>\u2022 Mines et ressources\u00a0: <\/b><span style=\"font-weight: 400;\">L&#039;Australie est riche en min\u00e9raux et en ressources, et des soci\u00e9t\u00e9s comme le groupe BHP et Rio Tinto jouent un r\u00f4le central dans le secteur minier mondial. La r\u00e9alisation d&#039;\u00e9tudes de march\u00e9 en Australie dans ce secteur offre un aper\u00e7u de la demande de divers min\u00e9raux, des opportunit\u00e9s d&#039;investissement et de la sant\u00e9 globale du secteur.<\/span><\/p>\n\n\n\n<p><b>\u2022 Services financiers: <\/b><span style=\"font-weight: 400;\">With major firms like Commonwealth Bank, Westpac, and ANZ, Australia\u2019s financial services sector is robust and innovative. In-depth market research helps businesses understand consumer financial behavior, emerging <a class=\"wpil_keyword_link\" href=\"https:\/\/www.sisinternational.com\/fr\/fintech-trends-2025\/\" title=\"FinTech Trends\" data-wpil-keyword-link=\"linked\" data-wpil-monitor-id=\"446\">tendances fintech<\/a>, and the competitive landscape in this sector.<\/span><\/p>\n\n\n\n<p><b>\u2022 \u00c9ducation et formation: <\/b><span style=\"font-weight: 400;\">Avec des institutions renomm\u00e9es comme l\u2019Universit\u00e9 de Sydney et l\u2019Australian National University, le secteur de l\u2019\u00e9ducation contribue de mani\u00e8re significative \u00e0 l\u2019\u00e9conomie. Une \u00e9tude de march\u00e9 peut donner un aper\u00e7u des donn\u00e9es d\u00e9mographiques des \u00e9tudiants, des pr\u00e9f\u00e9rences en mati\u00e8re de cours et des collaborations internationales.<\/span><\/p>\n\n\n\n<p><b>\u2022 Agriculture: <\/b><span style=\"font-weight: 400;\">Avec des entreprises leaders comme GrainCorp et Elders, l\u2019agriculture reste une industrie fondamentale. S&#039;engager dans des \u00e9tudes de march\u00e9 en Australie fournit des informations vitales sur les rendements des cultures, les tendances de l&#039;\u00e9levage et la demande de divers produits agricoles au niveau national et international.<\/span><\/p>\n\n\n\n<p><b>\u2022 Tourisme: <\/b><span style=\"font-weight: 400;\">With attractions like the Great Barrier Reef and Sydney Opera House, tourism is a significant industry. Therefore, having comprehensive insights allows businesses to understand traveler behaviors, popular destinations, and potential areas for investment in hospitality and travel services.<\/span><\/p>\n\n\n\n<h2 class=\"wp-block-heading\"><span style=\"font-weight: 400;\"><strong>Opportunit\u00e9s en Australie<\/strong><\/span><\/h2>\n\n\n\n<p><span style=\"font-weight: 400;\">La situation g\u00e9ographique du pays dans la r\u00e9gion Asie-Pacifique offre aux nouveaux investisseurs diverses opportunit\u00e9s. Le march\u00e9 australien vous permet de cr\u00e9er ou de d\u00e9velopper votre entreprise.&nbsp;<\/span><\/p>\n\n\n\n<h2 class=\"wp-block-heading\"><span style=\"font-weight: 400;\">Exploitation mini\u00e8re&nbsp;<\/span><\/h2>\n\n\n\n<p><span style=\"font-weight: 400;\">L&#039;Australie poss\u00e8de un vaste territoire et des ressources naturelles abondantes. Ces facteurs ont permis \u00e0 l&#039;exploitation mini\u00e8re de devenir le fondement de l&#039;\u00e9conomie australienne. Certaines de ses ressources comprennent le fer, la bauxite, le cuivre, l&#039;or, l&#039;uranium et l&#039;argent. Cette liste n&#039;est pas exhaustive.&nbsp;<\/span><\/p>\n\n\n\n<h2 class=\"wp-block-heading\"><span style=\"font-weight: 400;\">Fabrication<\/span><\/h2>\n\n\n\n<p><span style=\"font-weight: 400;\">L&#039;industrie manufacturi\u00e8re joue \u00e9galement un r\u00f4le important dans l&#039;\u00e9conomie en plein essor de l&#039;Australie. L&#039;Australie compte plus d&#039;avions par habitant que tout autre pays. Il n\u2019est donc pas surprenant que GE Aviation et Boeing soient \u00e0 la t\u00eate de l\u2019industrie manufacturi\u00e8re. L&#039;Australie est l&#039;un des principaux pays manufacturiers au monde. Elle produit \u00e9galement des v\u00eatements, des textiles et des chaussures. La fabrication d&#039;aliments et de boissons contribue de mani\u00e8re significative \u00e0 l&#039;\u00e9conomie et le pays exporte des produits laitiers et carn\u00e9s, du sucre et des confiseries. Elle transforme \u00e9galement des produits de la mer.<\/span><\/p>\n\n\n\n<h2 class=\"wp-block-heading\"><span style=\"font-weight: 400;\">Soins de sant\u00e9<\/span><\/h2>\n\n\n\n<p><span style=\"font-weight: 400;\">Le Commonwealth a class\u00e9 son syst\u00e8me de sant\u00e9 comme le deuxi\u00e8me meilleur au monde. L&#039;Australie dispose d&#039;un syst\u00e8me avanc\u00e9. Il convient non seulement aux investigations m\u00e9dicales mais \u00e9galement aux essais cliniques. L&#039;infrastructure de sant\u00e9 est de premier ordre et contribue consid\u00e9rablement \u00e0 son PIB.&nbsp;<\/span><\/p>\n\n\n\n<h2 class=\"wp-block-heading\"><span style=\"font-weight: 400;\">Industrie financi\u00e8re<\/span><\/h2>\n\n\n\n<p><span style=\"font-weight: 400;\">L&#039;Australie est l&#039;un des pays les plus stables du monde financier. Ses banques dominantes sont toutes connues pour faire partie du cercle des banques les plus s\u00fbres au monde. Elle b\u00e9n\u00e9ficie d\u2019un acc\u00e8s au financement et de la capacit\u00e9 de faire des affaires dans le monde entier en toute s\u00e9curit\u00e9 et facilit\u00e9. Ces facteurs garantissent la continuit\u00e9 du secteur financier en tant que moteur \u00e9conomique essentiel.<\/span><\/p>\n\n\n\n<h2 class=\"wp-block-heading\"><span style=\"font-weight: 400;\">Tourisme<\/span><\/h2>\n\n\n\n<p><\/p>\n\n\n\n<p><span style=\"font-weight: 400;\">Le pays des kangourous est une destination de voyage envi\u00e9e car la beaut\u00e9 des paysages australiens attire de nombreux visiteurs sur ses vastes territoires. La plupart des visiteurs viennent du Japon, du Royaume-Uni, des \u00c9tats-Unis et de Chine. Il offre des exp\u00e9riences culinaires exquises et une flore et une faune incroyables. Son aura magique lui permet de rester en t\u00eate de liste des destinations de voyage.<\/span><\/p>\n\n\n\n<h2 class=\"wp-block-heading\"><span style=\"font-weight: 400;\"><strong>D\u00e9fis pour les entreprises<\/strong><\/span><\/h2>\n\n\n\n<figure class=\"gb-block-image gb-block-image-bfe89eea\"><img loading=\"lazy\" decoding=\"async\" width=\"1456\" height=\"816\" class=\"gb-image gb-image-bfe89eea\" src=\"https:\/\/www.sisinternational.com\/wp-content\/uploads\/2025\/09\/Australia-2.jpg\" alt=\"\u00c9tudes de march\u00e9 et strat\u00e9gie internationales SIS\" title=\"Australia (2)\" srcset=\"https:\/\/www.sisinternational.com\/wp-content\/uploads\/2025\/09\/Australia-2.jpg 1456w, https:\/\/www.sisinternational.com\/wp-content\/uploads\/2025\/09\/Australia-2-300x168.jpg 300w, https:\/\/www.sisinternational.com\/wp-content\/uploads\/2025\/09\/Australia-2-1024x574.jpg 1024w, https:\/\/www.sisinternational.com\/wp-content\/uploads\/2025\/09\/Australia-2-768x430.jpg 768w, https:\/\/www.sisinternational.com\/wp-content\/uploads\/2025\/09\/Australia-2-18x10.jpg 18w\" sizes=\"auto, (max-width: 1456px) 100vw, 1456px\"><\/figure>\n\n\n\n<p><\/p>\n\n\n\n<p><span style=\"font-weight: 400;\">Bien que l&#039;Australie offre une multitude d&#039;opportunit\u00e9s d&#039;investissement, la r\u00e9alisation d&#039;\u00e9tudes de march\u00e9 efficaces en Australie s&#039;accompagne \u00e9galement d&#039;un ensemble de d\u00e9fis que les entreprises doivent relever pour r\u00e9ussir sur ce march\u00e9 mature. Voici quelques-uns des d\u00e9fis les plus importants \u00e0 surmonter\u00a0:<\/span><\/p>\n\n\n\n<p><b>\u2022 Vaste diversit\u00e9 g\u00e9ographique\u00a0: <\/b><span style=\"font-weight: 400;\">Le vaste territoire de l&#039;Australie et la diversit\u00e9 de ses r\u00e9gions g\u00e9ographiques signifient que les comportements des consommateurs, les pr\u00e9f\u00e9rences et la dynamique du march\u00e9 peuvent varier consid\u00e9rablement d&#039;une r\u00e9gion \u00e0 l&#039;autre. Les \u00e9tudes de march\u00e9 doivent tenir compte de ces diff\u00e9rences r\u00e9gionales pour fournir des informations pr\u00e9cises.<\/span><\/p>\n\n\n\n<p><b>\u2022 March\u00e9 comp\u00e9titif: <\/b><span style=\"font-weight: 400;\">L&#039;environnement commercial australien est tr\u00e8s comp\u00e9titif, avec des acteurs locaux et internationaux. Cela intensifie le d\u00e9fi de se d\u00e9marquer sur le march\u00e9.&nbsp;<\/span><\/p>\n\n\n\n<p><b>\u2022 Co\u00fbts op\u00e9rationnels \u00e9lev\u00e9s\u00a0: <\/b><span style=\"font-weight: 400;\">Australia is known for its high operational costs, including labor and real estate. <a href=\"https:\/\/www.sisinternational.com\/fr\/competence\/les-industries\/etude-de-marche-sur-le-cablage-structure\/\" title=\"\u00c9tude de march\u00e9 sur le c\u00e2blage structur\u00e9\" data-wpil-monitor-id=\"5759\">Market research in Australia<\/a> should include insights into cost structures and efficiency strategies.<\/span><\/p>\n\n\n\n<p><b>\u2022 Sensibilit\u00e9 culturelle: <\/b><span style=\"font-weight: 400;\">Les entreprises doivent \u00eatre sensibles \u00e0 la culture lorsqu&#039;elles commercialisent et op\u00e8rent en Australie, compte tenu de la diversit\u00e9 de sa population.&nbsp;<\/span><\/p>\n\n\n\n<p><b>\u2022 Confidentialit\u00e9 des donn\u00e9es:<\/b><span style=\"font-weight: 400;\"> Les r\u00e9glementations sur la confidentialit\u00e9 des donn\u00e9es sont strictes en Australie. Les \u00e9tudes de march\u00e9 doivent \u00eatre men\u00e9es en mettant fortement l\u2019accent sur la protection des donn\u00e9es afin de garantir la conformit\u00e9.<\/span><\/p>\n\n\n\n<p><b>\u2022 Saturation du march\u00e9\u00a0: <\/b><span style=\"font-weight: 400;\">In some sectors, the market may be saturated, making it challenging for new entrants to gain a foothold. For this reason, <a href=\"https:\/\/www.sisinternational.com\/fr\/couverture\/etude-de-marche-en-afrique\/etude-de-marche-en-tanzanie\/\" title=\"Etude de march\u00e9 en Tanzanie\" data-wpil-monitor-id=\"3950\">researchers must identify niche markets<\/a> or innovative approaches to overcome saturation.<\/span><\/p>\n\n\n\n<h2 class=\"wp-block-heading\"><span style=\"font-weight: 400;\"><strong>Faire des affaires en Australie<\/strong><\/span><\/h2>\n\n\n\n<p><span style=\"font-weight: 400;\">L&#039;Australie dispose d&#039;une main-d&#039;\u0153uvre en bonne sant\u00e9, instruite et motiv\u00e9e. Cr\u00e9er une entreprise et la faire fonctionner peut \u00eatre aussi simple que 1-2-3.&nbsp; <\/span><span style=\"font-weight: 400;\">Certains des avantages de faire des affaires en Australie sont les suivants :<\/span><\/p>\n\n\n\n<ul class=\"wp-block-list\">\n<li><span style=\"font-weight: 400;\">Les co\u00fbts soutenus dans le d\u00e9veloppement et les initiatives de recherche peuvent b\u00e9n\u00e9ficier d&#039;une d\u00e9duction fiscale de 43,51 TP3T<\/span><\/li>\n\n\n\n<li><span style=\"font-weight: 400;\">Concessions en franchise de droits pour certaines importations de mati\u00e8res premi\u00e8res. Ces concessions s&#039;appliquent uniquement aux entreprises australiennes&nbsp;<\/span><\/li>\n\n\n\n<li><span style=\"font-weight: 400;\">Les entrepreneurs peuvent demander des subventions pour aider leur entreprise \u00e0 se d\u00e9velopper. Ces injections de capitaux leur permettent d&#039;\u00eatre comp\u00e9titifs sur des march\u00e9s nouveaux ou innovants&nbsp;<\/span><\/li>\n\n\n\n<li><span style=\"font-weight: 400;\">Les investisseurs \u00e9trangers peuvent b\u00e9n\u00e9ficier de cr\u00e9dits d\u2019imp\u00f4t et de r\u00e9ductions pour les entreprises. Les investisseurs qui financent des projets de recherche et d\u00e9veloppement en Australie peuvent \u00e9galement acc\u00e9der \u00e0 ces avantages.<\/span><\/li>\n<\/ul>\n\n\n\n<h2 class=\"wp-block-heading\"><span style=\"font-weight: 400;\">\u00c0 propos des \u00e9tudes de march\u00e9 en Australie<\/span><\/h2>\n\n\n\n<p><span style=\"font-weight: 400;\">Les \u00e9tudes de march\u00e9 donnent aux entreprises une id\u00e9e de la fa\u00e7on dont les clients r\u00e9agiront \u00e0 un nouveau produit. Cela leur montre \u00e9galement les probl\u00e8mes potentiels susceptibles d\u2019affecter les d\u00e9cisions commerciales. SIS propose des recherches quantitatives, qualitatives et strat\u00e9giques. Nous vous aidons \u00e0 prendre les meilleures d\u00e9cisions commerciales possibles. Ainsi, nous vous aidons \u00e0 am\u00e9liorer votre efficacit\u00e9, votre rentabilit\u00e9 et votre part de march\u00e9.&nbsp;<\/span><\/p>\n\n\n\n<p><\/p>\n\n\n\n<p><\/p>","protected":false},"excerpt":{"rendered":"<p>D\u00e9couvrez de nouvelles opportunit\u00e9s commerciales gr\u00e2ce aux \u00e9tudes de march\u00e9 en Australie.<\/p>","protected":false},"author":1,"featured_media":66627,"parent":42665,"menu_order":4,"comment_status":"closed","ping_status":"closed","template":"","meta":{"footnotes":""},"class_list":["post-33199","page","type-page","status-publish","has-post-thumbnail"],"_links":{"self":[{"href":"https:\/\/www.sisinternational.com\/fr\/wp-json\/wp\/v2\/pages\/33199","targetHints":{"allow":["GET"]}}],"collection":[{"href":"https:\/\/www.sisinternational.com\/fr\/wp-json\/wp\/v2\/pages"}],"about":[{"href":"https:\/\/www.sisinternational.com\/fr\/wp-json\/wp\/v2\/types\/page"}],"author":[{"embeddable":true,"href":"https:\/\/www.sisinternational.com\/fr\/wp-json\/wp\/v2\/users\/1"}],"replies":[{"embeddable":true,"href":"https:\/\/www.sisinternational.com\/fr\/wp-json\/wp\/v2\/comments?post=33199"}],"version-history":[{"count":9,"href":"https:\/\/www.sisinternational.com\/fr\/wp-json\/wp\/v2\/pages\/33199\/revisions"}],"predecessor-version":[{"id":84115,"href":"https:\/\/www.sisinternational.com\/fr\/wp-json\/wp\/v2\/pages\/33199\/revisions\/84115"}],"up":[{"embeddable":true,"href":"https:\/\/www.sisinternational.com\/fr\/wp-json\/wp\/v2\/pages\/42665"}],"wp:featuredmedia":[{"embeddable":true,"href":"https:\/\/www.sisinternational.com\/fr\/wp-json\/wp\/v2\/media\/66627"}],"wp:attachment":[{"href":"https:\/\/www.sisinternational.com\/fr\/wp-json\/wp\/v2\/media?parent=33199"}],"curies":[{"name":"wp","href":"https:\/\/api.w.org\/{rel}","templated":true}]}}