{"id":33177,"date":"2019-09-21T18:09:07","date_gmt":"2019-09-21T18:09:07","guid":{"rendered":"https:\/\/www.sisinternational.com\/?page_id=33177"},"modified":"2026-01-27T15:22:06","modified_gmt":"2026-01-27T20:22:06","slug":"etude-de-marche-au-nevada","status":"publish","type":"page","link":"https:\/\/www.sisinternational.com\/fr\/couverture\/north-america\/couverture-des-etats-unis\/etude-de-marche-au-nevada\/","title":{"rendered":"\u00c9tude de march\u00e9 au Nevada"},"content":{"rendered":"<h1 class=\"wp-block-heading\">\u00c9tude de march\u00e9 au Nevada<\/h1>\n\n\n\n<figure class=\"gb-block-image gb-block-image-3be8ad83\"><img loading=\"lazy\" decoding=\"async\" width=\"1456\" height=\"816\" class=\"gb-image gb-image-3be8ad83\" src=\"https:\/\/www.sisinternational.com\/wp-content\/uploads\/2025\/09\/Nevada-2.jpg\" alt=\"\u00c9tudes de march\u00e9 et strat\u00e9gie internationales SIS\" title=\"Nevada (2)\" srcset=\"https:\/\/www.sisinternational.com\/wp-content\/uploads\/2025\/09\/Nevada-2.jpg 1456w, https:\/\/www.sisinternational.com\/wp-content\/uploads\/2025\/09\/Nevada-2-300x168.jpg 300w, https:\/\/www.sisinternational.com\/wp-content\/uploads\/2025\/09\/Nevada-2-1024x574.jpg 1024w, https:\/\/www.sisinternational.com\/wp-content\/uploads\/2025\/09\/Nevada-2-768x430.jpg 768w, https:\/\/www.sisinternational.com\/wp-content\/uploads\/2025\/09\/Nevada-2-18x10.jpg 18w\" sizes=\"auto, (max-width: 1456px) 100vw, 1456px\"><\/figure>\n\n\n\n<p><\/p>\n\n\n\n<h2 class=\"wp-block-heading\"><span style=\"font-weight: 400;\">Qu\u2019est-ce qu\u2019une \u00e9tude de march\u00e9 au Nevada ? Pourquoi c&#039;est important?<\/span><\/h2>\n\n\n\n<p><span style=\"font-weight: 400;\">Les \u00e9tudes de march\u00e9 au Nevada visent \u00e0 comprendre les subtilit\u00e9s du march\u00e9 local et \u00e0 prendre des d\u00e9cisions fond\u00e9es sur des donn\u00e9es qui favorisent la croissance et l&#039;innovation. Il fournit des informations exploitables qui orientent la planification strat\u00e9gique et la prise de d\u00e9cision.&nbsp;<\/span><\/p>\n\n\n\n<p><span style=\"font-weight: 400;\">This market research helps businesses identify opportunities for growth and innovation. By analyzing Nevada-specific market data, companies can identify unmet needs and emerging trends, enabling them to develop new products and services that meet these demands.\u00a0<\/span><\/p>\n\n\n\n<p><span style=\"font-weight: 400;\">De plus, les \u00e9tudes de march\u00e9 au Nevada sont cruciales pour att\u00e9nuer les risques. Comprendre les conditions du march\u00e9 et le comportement des consommateurs du Nevada aide les entreprises \u00e0 anticiper les d\u00e9fis potentiels et \u00e0 \u00e9laborer des strat\u00e9gies pour les relever. Cette pr\u00e9voyance est inestimable pour faire face aux fluctuations \u00e9conomiques, aux pressions concurrentielles et aux changements r\u00e9glementaires propres \u00e0 l\u2019\u00c9tat.<\/span><\/p>\n\n\n\n<p><span style=\"font-weight: 400;\">Furthermore, market research in Nevada helps optimize marketing strategies. By gaining insights into local consumer preferences and behavior, businesses can tailor their marketing efforts to resonate with their target audience. This targeted approach increases the effectiveness of marketing campaigns, leading to higher engagement and conversion rates.<\/span><\/p>\n\n\n\n<h2 class=\"wp-block-heading\"><span style=\"font-weight: 400;\">Quand r\u00e9aliser une \u00e9tude de march\u00e9 au Nevada<\/span><\/h2>\n\n\n\n<p><span style=\"font-weight: 400;\">D\u00e9terminer les moments optimaux pour mener une \u00e9tude de march\u00e9 est crucial pour maximiser son impact. Les entreprises doivent mener des \u00e9tudes de march\u00e9 \u00e0 diff\u00e9rentes \u00e9tapes pour garantir une croissance continue, une adaptabilit\u00e9 et une planification strat\u00e9gique.<\/span><\/p>\n\n\n\n<ul class=\"wp-block-list\">\n<li><b>Avant de lancer un nouveau produit ou service\u00a0:<\/b><span style=\"font-weight: 400;\"> R\u00e9aliser une \u00e9tude de march\u00e9 au Nevada avant d&#039;introduire un nouveau produit ou service aide les entreprises \u00e0 comprendre la demande du march\u00e9, \u00e0 identifier les publics cibles et \u00e0 d\u00e9velopper des strat\u00e9gies de marketing efficaces.&nbsp;<\/span><\/li>\n\n\n\n<li><b>Entrer dans un nouveau march\u00e9\u00a0:<\/b><span style=\"font-weight: 400;\"> Lors de l\u2019expansion sur de nouveaux march\u00e9s g\u00e9ographiques ou d\u00e9mographiques au Nevada, les \u00e9tudes de march\u00e9 fournissent des informations sur le comportement des consommateurs locaux, les paysages concurrentiels et le potentiel du march\u00e9. Ces informations sont essentielles pour adapter les strat\u00e9gies aux caract\u00e9ristiques uniques du nouveau march\u00e9.<\/span><\/li>\n\n\n\n<li><b>\u00c9valuation des campagnes marketing\u00a0:<\/b><span style=\"font-weight: 400;\"> Les \u00e9tudes de march\u00e9 post-campagne sont utiles pour \u00e9valuer l\u2019efficacit\u00e9 des efforts marketing, comprendre les r\u00e9actions des consommateurs et affiner les strat\u00e9gies futures. Ce processus it\u00e9ratif am\u00e9liore les performances de la campagne au fil du temps.<\/span><\/li>\n<\/ul>\n\n\n\n<h2 class=\"wp-block-heading\"><span style=\"font-weight: 400;\">R\u00e9sultats attendus de l&#039;\u00e9tude de march\u00e9 de SIS au Nevada<\/span><\/h2>\n\n\n\n<figure class=\"gb-block-image gb-block-image-028552ec\"><img loading=\"lazy\" decoding=\"async\" width=\"1456\" height=\"816\" class=\"gb-image gb-image-028552ec\" src=\"https:\/\/www.sisinternational.com\/wp-content\/uploads\/2025\/09\/Nevada-4.jpg\" alt=\"\u00c9tudes de march\u00e9 et strat\u00e9gie internationales SIS\" title=\"Nevada (4)\" srcset=\"https:\/\/www.sisinternational.com\/wp-content\/uploads\/2025\/09\/Nevada-4.jpg 1456w, https:\/\/www.sisinternational.com\/wp-content\/uploads\/2025\/09\/Nevada-4-300x168.jpg 300w, https:\/\/www.sisinternational.com\/wp-content\/uploads\/2025\/09\/Nevada-4-1024x574.jpg 1024w, https:\/\/www.sisinternational.com\/wp-content\/uploads\/2025\/09\/Nevada-4-768x430.jpg 768w, https:\/\/www.sisinternational.com\/wp-content\/uploads\/2025\/09\/Nevada-4-18x10.jpg 18w\" sizes=\"auto, (max-width: 1456px) 100vw, 1456px\"><\/figure>\n\n\n\n<p><\/p>\n\n\n\n<p><a href=\"https:\/\/www.linkedin.com\/company\/sisinternationalresearch\/\" target=\"_blank\" rel=\"noopener\"><span style=\"font-weight: 400;\">SIS International<\/span><\/a><span style=\"font-weight: 400;\">Les services d&#039;\u00e9tudes de march\u00e9 de au Nevada sont con\u00e7us pour fournir aux entreprises des informations exploitables qui favorisent le succ\u00e8s. Voici les r\u00e9sultats attendus de notre \u00e9tude de march\u00e9 compl\u00e8te.<\/span><\/p>\n\n\n\n<p><b>Planification strat\u00e9gique am\u00e9lior\u00e9e\u00a0:<\/b><span style=\"font-weight: 400;\">&nbsp;<\/span><\/p>\n\n\n\n<p><span style=\"font-weight: 400;\">Notre \u00e9tude de march\u00e9 au Nevada fournit aux entreprises les donn\u00e9es et les informations n\u00e9cessaires pour d\u00e9velopper des strat\u00e9gies solides, aligner leurs objectifs sur les opportunit\u00e9s du march\u00e9 et relever efficacement les d\u00e9fis.<\/span><\/p>\n\n\n\n<p><b>Augmentation des revenus\u00a0:<\/b><span style=\"font-weight: 400;\">&nbsp;<\/span><\/p>\n\n\n\n<p><span style=\"font-weight: 400;\">Notre <a href=\"https:\/\/www.sisinternational.com\/fr\/couverture\/etude-de-marche-en-asie\/etude-de-marche-en-micronesie\/\" title=\"Etude de march\u00e9 en Micron\u00e9sie\" data-wpil-monitor-id=\"3967\">research helps businesses understand Nevada&#8217;s market<\/a> demands and consumer preferences, enabling them to tailor their products and services to meet customer needs and increase sales and revenue.<\/span><\/p>\n\n\n\n<p><b>R\u00e9duction de risque:<\/b><span style=\"font-weight: 400;\">&nbsp;<\/span><\/p>\n\n\n\n<p><a href=\"https:\/\/twitter.com\/SISIntlResearch\" target=\"_blank\" rel=\"noopener\"><span style=\"font-weight: 400;\">SIS<\/span><\/a><span style=\"font-weight: 400;\"> aide les entreprises \u00e0 anticiper les risques potentiels et \u00e0 \u00e9laborer des strat\u00e9gies pour les att\u00e9nuer, garantissant ainsi la stabilit\u00e9 et la r\u00e9silience dans un environnement de march\u00e9 dynamique.<\/span><\/p>\n\n\n\n<p><b>Efficacit\u00e9 marketing am\u00e9lior\u00e9e\u00a0:<\/b><span style=\"font-weight: 400;\">&nbsp;<\/span><\/p>\n\n\n\n<p><span style=\"font-weight: 400;\">Gr\u00e2ce \u00e0 des informations d\u00e9taill\u00e9es sur le comportement des consommateurs locaux, les entreprises peuvent cr\u00e9er des campagnes marketing cibl\u00e9es qui trouvent un \u00e9cho aupr\u00e8s de leur public au Nevada, am\u00e9liorant ainsi l&#039;engagement et les taux de conversion.<\/span><\/p>\n\n\n\n<p><b>Croissance et innovation acc\u00e9l\u00e9r\u00e9es\u00a0:<\/b><span style=\"font-weight: 400;\">&nbsp;<\/span><\/p>\n\n\n\n<p><span style=\"font-weight: 400;\">Les \u00e9tudes de march\u00e9 de SIS International identifient les tendances et opportunit\u00e9s \u00e9mergentes, permettant aux entreprises d&#039;innover et d&#039;\u00e9tendre leur pr\u00e9sence sur le march\u00e9, favorisant ainsi une croissance durable.<\/span><\/p>\n\n\n\n<p><b>ROI boost\u00e9\u00a0:<\/b><span style=\"font-weight: 400;\">&nbsp;<\/span><\/p>\n\n\n\n<p><span style=\"font-weight: 400;\">Effective <a href=\"https:\/\/www.sisinternational.com\/fr\/solutions\/ai-etudes-de-marche-et-conseil-en-strategie\/etude-de-marche-sur-lia-en-realite-augmentee\/\" title=\"\u00c9tude de march\u00e9 sur l\u2019IA en r\u00e9alit\u00e9 augment\u00e9e\" data-wpil-monitor-id=\"7310\">market<\/a> research maximizes return on investment by ensuring that business decisions are data-driven and aligned with market realities, thereby optimizing performance and profitability.<\/span><\/p>\n\n\n\n<h2 class=\"wp-block-heading\"><span style=\"font-weight: 400;\">Principales attractions touristiques du Nevada<\/span><\/h2>\n\n\n\n<p><span style=\"font-weight: 400;\">Nevada is renowned for its diverse and vibrant attractions, attracting millions of visitors each year. These attractions highlight the state\u2019s cultural and natural beauty and significantly contribute to its economy, providing valuable data for market research.<\/span><\/p>\n\n\n\n<p><b>\u2022 Strip de Las Vegas\u00a0:<\/b><span style=\"font-weight: 400;\"> Le Strip de Las Vegas est l&#039;une des destinations touristiques les plus embl\u00e9matiques au monde, connue pour ses casinos de luxe, ses h\u00f4tels et ses lieux de divertissement.&nbsp;<\/span><\/p>\n\n\n\n<p><b>\u2022 Barrage Hoover\u00a0:<\/b><span style=\"font-weight: 400;\"> Cette merveille d&#039;ing\u00e9nierie attire les touristes int\u00e9ress\u00e9s par l&#039;histoire et la technologie. Les \u00e9tudes de march\u00e9 explorent l\u2019engagement des visiteurs, les int\u00e9r\u00eats \u00e9ducatifs et les avantages \u00e9conomiques du tourisme.<\/span><\/p>\n\n\n\n<p><b>\u2022 Canyon de Roche Rouge\u00a0:<\/b><span style=\"font-weight: 400;\"> Destination populaire aupr\u00e8s des randonneurs et des amoureux de la nature, Red Rock Canyon offre un aper\u00e7u de l&#039;\u00e9cotourisme, de la d\u00e9mographie des visiteurs et de l&#039;impact du tourisme sur les efforts de conservation.<\/span><\/p>\n\n\n\n<p><b>\u2022 R\u00e9no\u00a0:<\/b><span style=\"font-weight: 400;\"> Reno offre un m\u00e9lange de jeux, d&#039;activit\u00e9s de plein air et d&#039;attractions culturelles. La recherche se concentre sur la compr\u00e9hension des pr\u00e9f\u00e9rences des visiteurs, des contributions \u00e9conomiques locales et des tendances de croissance du tourisme.<\/span><\/p>\n\n\n\n<p><b>\u2022 Parc national du Grand Bassin\u00a0:<\/b><span style=\"font-weight: 400;\"> Ce joyau moins connu offre des attractions uniques comme les grottes de Lehman et les anciens pins bristlecone.&nbsp;<\/span><\/p>\n\n\n\n<h2 class=\"wp-block-heading\"><span style=\"font-weight: 400;\">Agriculture<\/span><\/h2>\n\n\n\n<p><span style=\"font-weight: 400;\">De nombreux habitants du Nevada \u00e9l\u00e8vent du b\u00e9tail comme moyen de subsistance. Les principaux produits sont les moutons et les bovins d&#039;\u00e9levage, qu&#039;ils \u00e9l\u00e8vent pour les vendre aux agriculteurs et \u00e0 d&#039;autres clients. La plupart de leurs clients se trouvent dans l&#039;Idaho, en Californie et dans les \u00c9tats du Midwest. Ils vendent la viande de quelques animaux comme le porc, l&#039;agneau et le mouton. Ils ne laissent aucune partie de l&#039;animal au gaspillage et vendent leur laine \u00e0 des usines textiles. Le march\u00e9 agricole de cet \u00c9tat est tellement centr\u00e9 sur le b\u00e9tail que la principale culture du Nevada est le foin. Les agriculteurs l&#039;utilisent pour nourrir leur b\u00e9tail. Cependant, le foin n\u2019est pas la seule culture produite. Certains agriculteurs cultivent \u00e9galement de l&#039;orge, des graines de luzerne, de la menthe, de l&#039;ail, des pommes de terre, des oignons et du bl\u00e9.<\/span><\/p>\n\n\n\n<h2 class=\"wp-block-heading\"><span style=\"font-weight: 400;\">Fabrication<\/span><\/h2>\n\n\n\n<p><span style=\"font-weight: 400;\">This state manufactures raw products into finished goods, as do many others. Nevada focuses on producing printed, food, building, and machinery products. For example, Nevadans own publishing and printing companies. They also process food, pack meat, and produce coffee. Nevadans process concrete. They create machines like home appliances, computer equipment, and neon signs. In this state, one would also find citizens involved in plastic production. Other products of Nevada include chemicals and construction tools.<\/span><\/p>\n\n\n\n<h2 class=\"wp-block-heading\"><span style=\"font-weight: 400;\">Exploitation mini\u00e8re<\/span><\/h2>\n\n\n\n<p><span style=\"font-weight: 400;\">The state of Nevada alone produces almost 75 percent of the gold produced in America. Nevada is also home to a few other precious metals, including silver, which it leads in production. Nevadan miners also find copper, limestone, lithium, barite, and diatomite. The state also produces a few other minerals, like oil and salt.\u00a0<\/span><\/p>\n\n\n\n<h2 class=\"wp-block-heading\"><span style=\"font-weight: 400;\">Opportunit\u00e9s de services<\/span><\/h2>\n\n\n\n<p><span style=\"font-weight: 400;\">Les revenus et l&#039;\u00e9conomie du Nevada d\u00e9pendent du secteur des services, qui propose un large \u00e9ventail d&#039;activit\u00e9s. Il s\u2019agit notamment de la publicit\u00e9, des h\u00f4pitaux, des \u00e9coles priv\u00e9es ainsi que du commerce de gros et de d\u00e9tail. Le Nevada poss\u00e8de \u00e9galement des secteurs dynamiques de l\u2019assurance, de la finance et de l\u2019immobilier, ce qui explique en partie pourquoi le Nevada a \u00e9t\u00e9 l\u2019\u00c9tat am\u00e9ricain \u00e0 la croissance la plus rapide dans les ann\u00e9es 1990.&nbsp;<\/span><\/p>\n\n\n\n<h2 class=\"wp-block-heading\">Zones urbaines<\/h2>\n\n\n\n<p><span style=\"font-weight: 400;\">Nevada is home to the Las Vegas and Reno metropolitan areas in Clark County. These two cities are among the state\u2019s largest and most revenue-generating<\/span>, with Las Vegas being one of the country\u2019s biggest tourist attractions. People worldwide travel to Las Vegas to visit the city and throw millions into the economy. Tourism, gaming, and conventions boost<span style=\"font-weight: 400;\"> the economy. These activities rake in over $1.6 billion in revenue. These three sectors also fuel hotels, restaurants, and transportation services.\u00a0<\/span><\/p>\n\n\n\n<h2 class=\"wp-block-heading\"><span style=\"font-weight: 400;\">Moteurs du march\u00e9 au Nevada<\/span><\/h2>\n\n\n\n<figure class=\"gb-block-image gb-block-image-be0a9368\"><img loading=\"lazy\" decoding=\"async\" width=\"1456\" height=\"816\" class=\"gb-image gb-image-be0a9368\" src=\"https:\/\/www.sisinternational.com\/wp-content\/uploads\/2025\/09\/Nevada-3.jpg\" alt=\"\u00c9tudes de march\u00e9 et strat\u00e9gie internationales SIS\" title=\"Nevada (3)\" srcset=\"https:\/\/www.sisinternational.com\/wp-content\/uploads\/2025\/09\/Nevada-3.jpg 1456w, https:\/\/www.sisinternational.com\/wp-content\/uploads\/2025\/09\/Nevada-3-300x168.jpg 300w, https:\/\/www.sisinternational.com\/wp-content\/uploads\/2025\/09\/Nevada-3-1024x574.jpg 1024w, https:\/\/www.sisinternational.com\/wp-content\/uploads\/2025\/09\/Nevada-3-768x430.jpg 768w, https:\/\/www.sisinternational.com\/wp-content\/uploads\/2025\/09\/Nevada-3-18x10.jpg 18w\" sizes=\"auto, (max-width: 1456px) 100vw, 1456px\"><\/figure>\n\n\n\n<p><\/p>\n\n\n\n<ul class=\"wp-block-list\">\n<li><b>Les avanc\u00e9es technologiques:<\/b><span style=\"font-weight: 400;\"> Rapid technological development, including big data analytics, artificial intelligence, and machine learning, drives demand for sophisticated market research methods. These technologies enable more precise data collection and analysis, providing deeper insights into consumer behavior and market trends.<\/span><\/li>\n\n\n\n<li><b>Croissance du tourisme et de l\u2019h\u00f4tellerie\u00a0:<\/b><span style=\"font-weight: 400;\"> Les secteurs florissants du tourisme et de l&#039;h\u00f4tellerie du Nevada sont des moteurs majeurs des \u00e9tudes de march\u00e9. Comprendre les pr\u00e9f\u00e9rences des visiteurs, les habitudes de d\u00e9penses et les tendances saisonni\u00e8res est crucial pour les entreprises de ce secteur afin d&#039;optimiser leurs offres et d&#039;am\u00e9liorer l&#039;exp\u00e9rience des visiteurs.<\/span><\/li>\n\n\n\n<li><b>Diversification \u00e9conomique\u00a0:<\/b><span style=\"font-weight: 400;\"> Le Nevada diversifie activement son \u00e9conomie au-del\u00e0 du jeu et du tourisme avec des investissements importants dans la technologie, les \u00e9nergies renouvelables et la fabrication.&nbsp;<\/span><\/li>\n<\/ul>\n\n\n\n<h2 class=\"wp-block-heading\"><span style=\"font-weight: 400;\">Comment le march\u00e9 des \u00e9tudes de march\u00e9 de SIS International au Nevada aide les entreprises&nbsp;<\/span><\/h2>\n\n\n\n<p><span style=\"font-weight: 400;\">Les \u00e9tudes de march\u00e9 de SIS International au Nevada sont con\u00e7ues pour fournir aux entreprises des informations exploitables qui favorisent le succ\u00e8s. Voici les r\u00e9sultats attendus de notre \u00e9tude de march\u00e9 compl\u00e8te.<\/span><\/p>\n\n\n\n<p><b>R\u00e9duit le risque\u00a0:<\/b><span style=\"font-weight: 400;\">&nbsp;<\/span><\/p>\n\n\n\n<p><span style=\"font-weight: 400;\">Les \u00e9tudes de march\u00e9 de SIS International identifient les risques et les d\u00e9fis potentiels, permettant aux entreprises de d\u00e9velopper des strat\u00e9gies d&#039;att\u00e9nuation. Cette approche proactive garantit la stabilit\u00e9 et la r\u00e9silience dans un environnement de march\u00e9 dynamique.<\/span><\/p>\n\n\n\n<p><b>Augmente les revenus\u00a0:<\/b><span style=\"font-weight: 400;\">&nbsp;<\/span><\/p>\n\n\n\n<p><span style=\"font-weight: 400;\">Notre <a href=\"https:\/\/www.sisinternational.com\/fr\/couverture\/etude-de-marche-en-asie\/etude-de-marche-tonga\/\" title=\"\u00c9tude de march\u00e9 aux Tonga\" data-wpil-monitor-id=\"3968\">research helps businesses understand Nevada&#8217;s market<\/a> demands and consumer preferences, enabling them to tailor their products and services to meet customer needs and increase sales and revenue.<\/span><\/p>\n\n\n\n<p><b>\u00c9conomise de l&#039;argent:<\/b><span style=\"font-weight: 400;\">&nbsp;<\/span><\/p>\n\n\n\n<p><span style=\"font-weight: 400;\">Une \u00e9tude de march\u00e9 efficace peut \u00e9viter des erreurs co\u00fbteuses en fournissant des donn\u00e9es et des informations pr\u00e9cises qui guident les d\u00e9cisions commerciales. En \u00e9vitant les investissements et les strat\u00e9gies malavis\u00e9s, les entreprises peuvent \u00e9conomiser de l\u2019argent et allouer leurs ressources plus efficacement.<\/span><\/p>\n\n\n\n<p><b>Gain de temps\u00a0:<\/b><span style=\"font-weight: 400;\">&nbsp;<\/span><\/p>\n\n\n\n<p><span style=\"font-weight: 400;\">We accelerate decision-making by providing timely, relevant insights. This efficiency allows businesses to respond quickly to market changes and seize opportunities faster than their competitors.<\/span><\/p>\n\n\n\n<p><b>Acc\u00e9l\u00e8re la croissance et l\u2019innovation\u00a0:<\/b><span style=\"font-weight: 400;\">&nbsp;<\/span><\/p>\n\n\n\n<p><span style=\"font-weight: 400;\">Les \u00e9tudes de march\u00e9 de SIS International identifient les tendances et opportunit\u00e9s \u00e9mergentes, permettant aux entreprises d&#039;innover et d&#039;\u00e9tendre leur pr\u00e9sence sur le march\u00e9, favorisant ainsi une croissance durable.<\/span><\/p>\n\n\n\n<p><b>Augmente le retour sur investissement\u00a0:<\/b><span style=\"font-weight: 400;\">&nbsp;<\/span><\/p>\n\n\n\n<p><span style=\"font-weight: 400;\">Une \u00e9tude de march\u00e9 efficace maximise le retour sur investissement en garantissant que les d\u00e9cisions commerciales sont fond\u00e9es sur des donn\u00e9es et align\u00e9es sur les r\u00e9alit\u00e9s du march\u00e9, conduisant ainsi \u00e0 des performances et une rentabilit\u00e9 optimis\u00e9es.<\/span><\/p>\n\n\n\n<h2 class=\"wp-block-heading\">&nbsp;<\/h2>\n\n\n\n<p><span style=\"font-weight: 400;\">&nbsp;<\/span><\/p>","protected":false},"excerpt":{"rendered":"<p>D\u00e9couvrez de nouvelles opportunit\u00e9s commerciales gr\u00e2ce aux \u00e9tudes de march\u00e9 au Nevada.<\/p>","protected":false},"author":1,"featured_media":66444,"parent":19303,"menu_order":40,"comment_status":"closed","ping_status":"closed","template":"","meta":{"footnotes":""},"class_list":["post-33177","page","type-page","status-publish","has-post-thumbnail"],"_links":{"self":[{"href":"https:\/\/www.sisinternational.com\/fr\/wp-json\/wp\/v2\/pages\/33177","targetHints":{"allow":["GET"]}}],"collection":[{"href":"https:\/\/www.sisinternational.com\/fr\/wp-json\/wp\/v2\/pages"}],"about":[{"href":"https:\/\/www.sisinternational.com\/fr\/wp-json\/wp\/v2\/types\/page"}],"author":[{"embeddable":true,"href":"https:\/\/www.sisinternational.com\/fr\/wp-json\/wp\/v2\/users\/1"}],"replies":[{"embeddable":true,"href":"https:\/\/www.sisinternational.com\/fr\/wp-json\/wp\/v2\/comments?post=33177"}],"version-history":[{"count":8,"href":"https:\/\/www.sisinternational.com\/fr\/wp-json\/wp\/v2\/pages\/33177\/revisions"}],"predecessor-version":[{"id":80957,"href":"https:\/\/www.sisinternational.com\/fr\/wp-json\/wp\/v2\/pages\/33177\/revisions\/80957"}],"up":[{"embeddable":true,"href":"https:\/\/www.sisinternational.com\/fr\/wp-json\/wp\/v2\/pages\/19303"}],"wp:featuredmedia":[{"embeddable":true,"href":"https:\/\/www.sisinternational.com\/fr\/wp-json\/wp\/v2\/media\/66444"}],"wp:attachment":[{"href":"https:\/\/www.sisinternational.com\/fr\/wp-json\/wp\/v2\/media?parent=33177"}],"curies":[{"name":"wp","href":"https:\/\/api.w.org\/{rel}","templated":true}]}}