{"id":33113,"date":"2019-09-14T20:45:33","date_gmt":"2019-09-14T20:45:33","guid":{"rendered":"https:\/\/www.sisinternational.com\/?page_id=33113"},"modified":"2025-09-13T19:03:59","modified_gmt":"2025-09-13T23:03:59","slug":"etude-de-marche-dans-le-delaware","status":"publish","type":"page","link":"https:\/\/www.sisinternational.com\/fr\/couverture\/north-america\/couverture-des-etats-unis\/etude-de-marche-dans-le-delaware\/","title":{"rendered":"\u00c9tude de march\u00e9 dans le Delaware"},"content":{"rendered":"<h1 class=\"wp-block-heading\"><span class=\"s1\">\u00c9tude de march\u00e9 dans le Delaware<\/span><\/h1>\n\n\n\n<figure class=\"gb-block-image gb-block-image-90aa7e7d\"><img loading=\"lazy\" decoding=\"async\" width=\"1456\" height=\"816\" class=\"gb-image gb-image-90aa7e7d\" src=\"https:\/\/www.sisinternational.com\/wp-content\/uploads\/2025\/09\/Delaware-2.jpg\" alt=\"\u00c9tudes de march\u00e9 et strat\u00e9gie internationales SIS\" title=\"Delaware (2)\" srcset=\"https:\/\/www.sisinternational.com\/wp-content\/uploads\/2025\/09\/Delaware-2.jpg 1456w, https:\/\/www.sisinternational.com\/wp-content\/uploads\/2025\/09\/Delaware-2-300x168.jpg 300w, https:\/\/www.sisinternational.com\/wp-content\/uploads\/2025\/09\/Delaware-2-1024x574.jpg 1024w, https:\/\/www.sisinternational.com\/wp-content\/uploads\/2025\/09\/Delaware-2-768x430.jpg 768w, https:\/\/www.sisinternational.com\/wp-content\/uploads\/2025\/09\/Delaware-2-18x10.jpg 18w\" sizes=\"auto, (max-width: 1456px) 100vw, 1456px\"><\/figure>\n\n\n\n<p><\/p>\n\n\n\n<h2 class=\"wp-block-heading p3\"><span class=\"s1\">Le Delaware est l&#039;un des 50 \u00c9tats am\u00e9ricains comptant environ 1 million d&#039;habitants. <\/span><\/h2>\n\n\n\n<p class=\"p3\"><span class=\"s1\">It is the second smallest state by area. Delaware has three counties: Sussex, Castle, and Kent, and over 50 cities, including Wilmington, Hartly, and the capital, Dover.\u00a0 Its location is beneficially located in the North East Corridor with proximity to major cities of NYC, Philadelphia, Baltimore and Washington DC. The unemployment rate in Delaware is relatively low, and its GDP is over $75 billion.<\/span><\/p>\n\n\n\n<h2 class=\"wp-block-heading p5\"><span class=\"s1\">Vitalit\u00e9 \u00e9conomique<\/span><\/h2>\n\n\n\n<p class=\"p3\"><span class=\"s1\">Pourquoi le Delaware est-il exceptionnel ?&nbsp;<\/span><span class=\"s1\">Le Delaware poss\u00e8de l\u2019industrie chimique la plus importante des \u00c9tats-Unis. Le si\u00e8ge social de DuPont est situ\u00e9 dans le Delaware. DuPont est le premier fabricant de produits chimiques au monde.<\/span><\/p>\n\n\n\n<p class=\"p3\"><span class=\"s1\">L&#039;\u00c9tat exporte une grande vari\u00e9t\u00e9 de produits chimiques \u00e0 travers le monde, notamment des tapis en t\u00e9flon, en nylon, Stainmaster et des imprim\u00e9s. L&#039;industrie chimique renforce l&#039;\u00e9conomie du Delaware.<\/span><\/p>\n\n\n\n<h2 class=\"wp-block-heading\">Industrie agricole<\/h2>\n\n\n\n<p class=\"p3\"><span class=\"s1\">L&#039;industrie agricole d\u00e9tient \u00e9galement une part importante de l&#039;\u00e9conomie du Delaware. L&#039;\u00c9tat est le premier producteur de poulets de chair.&nbsp;<\/span><span class=\"s1\">En dehors de cela, l\u2019\u00e9conomie repose sur les produits laitiers, les pommes de terre, le soja et le ma\u00efs. Gr\u00e2ce \u00e0 la proximit\u00e9 de l&#039;oc\u00e9an Atlantique, l&#039;industrie de la p\u00eache est \u00e9galement \u00e0 son apog\u00e9e. <\/span><\/p>\n\n\n\n<h2 class=\"wp-block-heading p3\"><span class=\"s1\">Industries en croissance<\/span><\/h2>\n\n\n\n<p class=\"p3\"><span class=\"s1\">Les secteurs de la sant\u00e9, de la finance, de l\u2019a\u00e9ronautique et du tourisme contribuent \u00e9galement \u00e0 l\u2019\u00e9conomie.<\/span><\/p>\n\n\n\n<h2 class=\"wp-block-heading p5\"><span class=\"s1\">Cr\u00e9er une entreprise dans le Delaware<\/span><\/h2>\n\n\n\n<p class=\"p3\"><span class=\"s1\">Delaware has one of the most favorable systems of new business formation.&nbsp; Many corporations decide to incorporate their businesses in Delaware due to its business-friendly laws and incentives.&nbsp; Delaware also provides support for startups. New businesses can get full technical assistance for the structuring of a corporation. Hence, the state offers greater privacy and provides tax advantages. These benefits include investor opportunities for your corporation.<\/span><\/p>\n\n\n\n<h2 class=\"wp-block-heading p5\"><span class=\"s1\">\u00c0 propos des \u00e9tudes de march\u00e9 dans le Delaware<\/span><\/h2>\n\n\n\n<p class=\"p5\"><span class=\"s1\">Pour toute entreprise, l\u2019\u00e9tude de march\u00e9 est indispensable.&nbsp;&nbsp;<\/span><span class=\"s1\">Pourquoi? <\/span><\/p>\n\n\n\n<p class=\"p3\"><span class=\"s1\">People should understand the needs of the customer base. These needs are social, cultural, and economic, and they influence your business. Your team will have to engage with communities. You&#8217;ll also need in-depth interviews about the possible opportunities for business.<\/span><\/p>\n\n\n\n<p class=\"p3\"><span class=\"s1\">You also <a href=\"https:\/\/www.sisinternational.com\/fr\/analysis-b2b\/\" title=\"What Business Leaders Need to Know Right Now\"  data-wpil-monitor-id=\"8083\">need to know<\/a> about your competitors. At SIS International, when we do <strong>Recherche strat\u00e9gique<\/strong>, it includes complete customer and competitor analysis. We identify the potential strengths and weaknesses of your competitors. This knowledge will help you to build up a successful business.<\/span><\/p>\n\n\n\n<p class=\"p3\"><span class=\"s1\">Getting help from native Delaware is <a href=\"https:\/\/www.sisinternational.com\/fr\/competence\/les-industries\/etude-de-marche-sur-les-essentiels-de-cuisine\/\" title=\"\u00c9tude de march\u00e9 sur les essentiels de cuisine\"  data-wpil-monitor-id=\"8079\">essential when doing proper Qualitative Research<\/a>. Want to know how the people of Delaware are likely to respond to your <a href=\"https:\/\/www.sisinternational.com\/fr\/solutions\/test-de-gout\/services-de-test-de-produits-a-new-york\/\" title=\"Services de test de produits \u00e0 New York\"  data-wpil-monitor-id=\"8082\">product or service<\/a>? <strong>Recherche qualitative<\/strong> provides a rich, detailed picture. It shows you why people act the way they do. It also tells you their feelings about these actions.\u00a0 Key methods includes Customer Interviews, Focus Groups, and Ethnography.\u00a0 Qualitative <a href=\"https:\/\/www.sisinternational.com\/fr\/solutions\/solutions-de-recherche-qualitative-et-quantitative\/entretiens-telephoniques-et-etude-de-marche\/\" title=\"\u00c9tude de march\u00e9 sur les entretiens t\u00e9l\u00e9phoniques approfondis\"  data-wpil-monitor-id=\"8087\">Recherche<\/a> records attitudes and feelings and provides depth and detail to your data. It creates openness by encouraging people to open up in their responses. This type of research can explore new topics not considered by your <a href=\"https:\/\/www.sisinternational.com\/fr\/competence\/cv-dexperience\/recherche-de-marque\/\" title=\"Soci\u00e9t\u00e9 de recherche de marque\"  data-wpil-monitor-id=\"8085\">company<\/a>.<\/span><\/p>\n\n\n\n<p class=\"p3\"><span class=\"s1\"><strong>Recherche quantitative<\/strong> allows you to do a broader study involving more subjects. With this type of Research, it&#8217;s easier to show overall results. Quantitative <a href=\"https:\/\/www.sisinternational.com\/fr\/sampling-techniques-in-qualitative-research-the-complete-guide-to-choosing-the-right-method\/\" title=\"Sampling Techniques in Qualitative Research: The Complete Guide to Choosing the Right Method\"  data-wpil-monitor-id=\"8080\">Research provides for greater impartiality and completeness<\/a> of results. It uses standards, which means that we can replicate your study, analyze it, and compare it to similar ones. <a href=\"https:\/\/www.sisinternational.com\/fr\/competence\/cv-dexperience\/etude-de-marche-sur-les-produits-de-soins-personnels\/\" title=\"\u00c9tude de march\u00e9 sur les produits de soins personnels\"  data-wpil-monitor-id=\"8078\">Researchers can avoid personal<\/a> bias by keeping their distance from participating subjects. They can also use persons unknown to them.<\/span><\/p>\n\n\n\n<p class=\"p3\"><span class=\"s1\">Comprehensive <a href=\"https:\/\/www.sisinternational.com\/fr\/publications\/etude-de-marche-sur-les-entreprises-evolutives-7-facons-de-creer-une-entreprise-evolutive\/\" title=\"\u00c9tude de march\u00e9 sur les entreprises \u00e9volutives\u00a0: 7 fa\u00e7ons de cr\u00e9er une entreprise \u00e9volutive\"  data-wpil-monitor-id=\"8076\">Market Research helps to grow your business<\/a>. It optimizes your performance, reduces risk, and helps you to beat out the competitors.<\/span><\/p>\n\n\n\n<h2 class=\"wp-block-heading\">&nbsp;<\/h2>","protected":false},"excerpt":{"rendered":"<p>D\u00e9couvrez de nouvelles opportunit\u00e9s commerciales gr\u00e2ce aux \u00e9tudes de march\u00e9 dans le Delaware.<\/p>","protected":false},"author":1,"featured_media":66527,"parent":19303,"menu_order":39,"comment_status":"closed","ping_status":"closed","template":"","meta":{"footnotes":""},"class_list":["post-33113","page","type-page","status-publish","has-post-thumbnail"],"_links":{"self":[{"href":"https:\/\/www.sisinternational.com\/fr\/wp-json\/wp\/v2\/pages\/33113","targetHints":{"allow":["GET"]}}],"collection":[{"href":"https:\/\/www.sisinternational.com\/fr\/wp-json\/wp\/v2\/pages"}],"about":[{"href":"https:\/\/www.sisinternational.com\/fr\/wp-json\/wp\/v2\/types\/page"}],"author":[{"embeddable":true,"href":"https:\/\/www.sisinternational.com\/fr\/wp-json\/wp\/v2\/users\/1"}],"replies":[{"embeddable":true,"href":"https:\/\/www.sisinternational.com\/fr\/wp-json\/wp\/v2\/comments?post=33113"}],"version-history":[{"count":4,"href":"https:\/\/www.sisinternational.com\/fr\/wp-json\/wp\/v2\/pages\/33113\/revisions"}],"predecessor-version":[{"id":81362,"href":"https:\/\/www.sisinternational.com\/fr\/wp-json\/wp\/v2\/pages\/33113\/revisions\/81362"}],"up":[{"embeddable":true,"href":"https:\/\/www.sisinternational.com\/fr\/wp-json\/wp\/v2\/pages\/19303"}],"wp:featuredmedia":[{"embeddable":true,"href":"https:\/\/www.sisinternational.com\/fr\/wp-json\/wp\/v2\/media\/66527"}],"wp:attachment":[{"href":"https:\/\/www.sisinternational.com\/fr\/wp-json\/wp\/v2\/media?parent=33113"}],"curies":[{"name":"wp","href":"https:\/\/api.w.org\/{rel}","templated":true}]}}