{"id":32733,"date":"2019-08-24T20:13:48","date_gmt":"2019-08-24T20:13:48","guid":{"rendered":"https:\/\/www.sisinternational.com\/?page_id=32733"},"modified":"2025-11-15T20:56:04","modified_gmt":"2025-11-16T01:56:04","slug":"etude-de-marche-en-caroline-du-sud","status":"publish","type":"page","link":"https:\/\/www.sisinternational.com\/fr\/couverture\/north-america\/couverture-des-etats-unis\/etude-de-marche-en-caroline-du-sud\/","title":{"rendered":"\u00c9tude de march\u00e9 en Caroline du Sud"},"content":{"rendered":"<h1 class=\"wp-block-heading\">\u00c9tude de march\u00e9 en Caroline du Sud<\/h1>\n\n\n\n<figure class=\"gb-block-image gb-block-image-abfefef9\"><img loading=\"lazy\" decoding=\"async\" width=\"1456\" height=\"816\" class=\"gb-image gb-image-abfefef9\" src=\"https:\/\/www.sisinternational.com\/wp-content\/uploads\/2025\/09\/Charleston-South-Carolina-3.jpg\" alt=\"\u00c9tudes de march\u00e9 et strat\u00e9gie internationales SIS\" title=\"Charleston South Carolina (3)\" srcset=\"https:\/\/www.sisinternational.com\/wp-content\/uploads\/2025\/09\/Charleston-South-Carolina-3.jpg 1456w, https:\/\/www.sisinternational.com\/wp-content\/uploads\/2025\/09\/Charleston-South-Carolina-3-300x168.jpg 300w, https:\/\/www.sisinternational.com\/wp-content\/uploads\/2025\/09\/Charleston-South-Carolina-3-1024x574.jpg 1024w, https:\/\/www.sisinternational.com\/wp-content\/uploads\/2025\/09\/Charleston-South-Carolina-3-768x430.jpg 768w, https:\/\/www.sisinternational.com\/wp-content\/uploads\/2025\/09\/Charleston-South-Carolina-3-18x10.jpg 18w\" sizes=\"auto, (max-width: 1456px) 100vw, 1456px\"><\/figure>\n\n\n\n<p><\/p>\n\n\n\n<h2 class=\"wp-block-heading\">La Caroline du Sud est situ\u00e9e dans le sud-est des \u00c9tats-Unis.<\/h2>\n\n\n\n<p>La Caroline du Nord se trouve \u00e0 sa fronti\u00e8re nord et l&#039;oc\u00e9an Atlantique au sud-est. L&#039;\u00c9tat partage sa fronti\u00e8re sud-ouest avec la G\u00e9orgie. Sa plus grande ville est Charlestown et sa capitale est Columbia. Nomm\u00e9e en l&#039;honneur de Charles 1er, roi d&#039;Angleterre, la Caroline du Nord couvre 32 030 miles carr\u00e9s et est le 23e \u00c9tat le plus peupl\u00e9 des \u00c9tats-Unis.<\/p>\n\n\n\n<p>La Caroline du Sud poss\u00e8de un secteur industriel tr\u00e8s diversifi\u00e9. Il contient juste ce qu\u2019il faut d\u2019industrie pour un investisseur int\u00e9ress\u00e9. Voici les principaux moteurs \u00e9conomiques de la Caroline du Sud<\/p>\n\n\n\n<h2 class=\"wp-block-heading\">Industrie a\u00e9ro-nautique<\/h2>\n\n\n\n<p>South Carolina is home to mega aerospace providers such as Boeing. The state has proven to be a mecca to top aerospace suppliers due to its skilled labor force. It also has a high-end infrastructure and advanced manufacturing skills.<\/p>\n\n\n\n<h2 class=\"wp-block-heading\">Sciences de la vie et biotechnologie<\/h2>\n\n\n\n<p>Large pharmaceutical and biotechnological companies have made their home in SC. This state has shown commitment to life sciences and has cultivated several expansions and investments. It has top-notch hospital systems and <a href=\"https:\/\/www.sisinternational.com\/fr\/solutions\/etude-de-marche-de-consommation\/\" title=\"Consumer Market Research Services for Smarter Business Decisions\"  data-wpil-monitor-id=\"8063\">services and research<\/a>, and development advancements. South Carolina is the number one destination for cutting-edge institutions.<\/p>\n\n\n\n<h2 class=\"wp-block-heading\">Transport<\/h2>\n\n\n\n<p>Due to South Carolina\u2019s location, access to commercial services is a breeze. The state has five major airports. It also has timely access to airports in both Atlanta and Charlotte. North Carolina is a convenient and accessible hub. Its location is a great help to both local and international trade. Also, being the seventh-largest port in the US makes SC a desirable destination. It\u2019s perfect for import and export businesses.<\/p>\n\n\n\n<h2 class=\"wp-block-heading\">Fabrication automobile<\/h2>\n\n\n\n<p>La demande de v\u00e9hicules plus propres, plus r\u00e9cents, plus rapides et plus innovants augmente. La Caroline du Sud continue d&#039;encourager et de renforcer ses usines automobiles et ses fournitures connexes. Connue pour sa technologie de pointe, SC continue d\u2019attirer les industries. Ces industries comprennent la fabrication non seulement de v\u00e9hicules mais aussi des pi\u00e8ces associ\u00e9es, etc.<\/p>\n\n\n\n<h2 class=\"wp-block-heading\">Recyclage<\/h2>\n\n\n\n<p>We live in an age where climate change is no longer a distant thought but a reality. South Carolina has made strides in the ability to convert wastage. It turns garbage into new and usable materials. It boasts more than 500 companies working to create a cleaner environment. South Carolina leads in our quest to save the Earth.<\/p>\n\n\n\n<p>South Carolina also has a goal of encouraging economic activity. The state wants to continue to keep its unemployment ratio in the low single figures. SC provides statutory incentives such as:<\/p>\n\n\n\n<ul class=\"wp-block-list\">\n<li>Aucune taxe sur l&#039;inventaire<\/li>\n\n\n\n<li>Revenu local non imposable<\/li>\n\n\n\n<li>Pas de taxes fonci\u00e8res de l&#039;\u00c9tat<\/li>\n\n\n\n<li>Aucune taxe de vente appliqu\u00e9e aux produits entiers<\/li>\n\n\n\n<li>Pas de taxes de vente sur l&#039;\u00e9lectricit\u00e9 \u00e0 des fins industrielles, les mat\u00e9riaux industriels et manufacturiers. Il n&#039;y a pas non plus de taxe de vente sur leurs produits finis.<\/li>\n<\/ul>\n\n\n\n<p>Cet \u00c9tat offre \u00e9galement une structure fiscale avantageuse. Cette structure rend souhaitable de faire des affaires en SC.<\/p>\n\n\n\n<h2 class=\"wp-block-heading\">Force de travail<\/h2>\n\n\n\n<p>South Carolina has a population of about 5 million and a labor force of 2 million. This state has a diversified type of labor, but has invested in its human resources, and provides several avenues for continued learning and advancement. The commitment by both government and industries continues to produce a skilled workforce. This workforce can remain committed and adapt as technology continues to advance.<\/p>\n\n\n\n<h2 class=\"wp-block-heading\">\u00c0 propos des \u00e9tudes de march\u00e9 en Caroline du Sud<\/h2>\n\n\n\n<p>Quantitative, Qualitative, and <a href=\"https:\/\/www.sisinternational.com\/fr\/solutions\/recherche-de-conseil-en-strategie-fintech\/conseil-en-strategie-detude-de-marche-sur-lassurance-contre-les-pertes-dexploitation\/\" title=\"Assurance contre les pertes d\u2019exploitation \u00c9tude de march\u00e9 et conseil en strat\u00e9gie\"  data-wpil-monitor-id=\"8062\">Strategy Research can provide businesses<\/a> with insights into their competitors. It also informs them about their <a href=\"https:\/\/www.sisinternational.com\/fr\/competence\/les-industries\/etude-de-marche-sur-les-boissons-alimentaires-et-la-voix-du-client\/\" title=\"\u00c9tude de march\u00e9 sur la voix du client dans le secteur des aliments et des boissons\"  data-wpil-monitor-id=\"8064\">market and customers<\/a>. It can <a href=\"https:\/\/www.sisinternational.com\/fr\/solutions\/solutions-de-branding-et-de-recherche-client\/etude-de-marche-narrative\/\" title=\"\u00c9tude de march\u00e9 sur le storytelling\"  data-wpil-monitor-id=\"8065\">tell them the best marketing<\/a> strategies to use. It informs the <a href=\"https:\/\/www.sisinternational.com\/fr\/strategie-marketing-complete-pour-une-societe-americaine-de-finances-personnelles-en-ligne\/\" title=\"Strat\u00e9gie marketing compl\u00e8te pour une soci\u00e9t\u00e9 am\u00e9ricaine de finances personnelles en ligne\"  data-wpil-monitor-id=\"8061\">online marketing strategy<\/a>. It helps firms plan everything from email newsletters to the design of their website. It also helps with social networking and search engine optimization. <a href=\"https:\/\/www.sisinternational.com\/fr\/top-5-benefits-of-conducting-quantitative-market-research\/\" title=\"Top 5 Benefits of Conducting Quantitative Market Research\"  data-wpil-monitor-id=\"8060\">\u00c9tude de march\u00e9 quantitative<\/a> includes questionnaires and surveys. Qualitative <a href=\"https:\/\/www.sisinternational.com\/fr\/etude-de-marche-americaine-chevronnee-2\/\" title=\"\u00c9tude de march\u00e9 sur les v\u00e9t\u00e9rans am\u00e9ricains\"  data-wpil-monitor-id=\"8059\">Market Research strategies<\/a> include individual interviews, online and offline focus groups, and observations or \u201cshop-alongs.\u201d<\/p>\n\n\n\n<p>If you have a business and you&#8217;re looking to set up shop in South Carolina, tap into Market Research. Leverage it to <a href=\"https:\/\/www.sisinternational.com\/fr\/solutions\/conseil-en-strategie\/conseil-en-execution-de-developpement-de-strategie\/\" title=\"Conseil en d\u00e9veloppement et ex\u00e9cution de strat\u00e9gies\"  data-wpil-monitor-id=\"8066\">develop effective strategies<\/a> that help your business grow and prosper.<\/p>\n\n\n\n<p><\/p>","protected":false},"excerpt":{"rendered":"<p>D\u00e9couvrez de nouvelles opportunit\u00e9s commerciales gr\u00e2ce aux \u00e9tudes de march\u00e9 en Caroline du Sud.<\/p>","protected":false},"author":1,"featured_media":66676,"parent":19303,"menu_order":37,"comment_status":"closed","ping_status":"closed","template":"","meta":{"footnotes":""},"class_list":["post-32733","page","type-page","status-publish","has-post-thumbnail"],"_links":{"self":[{"href":"https:\/\/www.sisinternational.com\/fr\/wp-json\/wp\/v2\/pages\/32733","targetHints":{"allow":["GET"]}}],"collection":[{"href":"https:\/\/www.sisinternational.com\/fr\/wp-json\/wp\/v2\/pages"}],"about":[{"href":"https:\/\/www.sisinternational.com\/fr\/wp-json\/wp\/v2\/types\/page"}],"author":[{"embeddable":true,"href":"https:\/\/www.sisinternational.com\/fr\/wp-json\/wp\/v2\/users\/1"}],"replies":[{"embeddable":true,"href":"https:\/\/www.sisinternational.com\/fr\/wp-json\/wp\/v2\/comments?post=32733"}],"version-history":[{"count":4,"href":"https:\/\/www.sisinternational.com\/fr\/wp-json\/wp\/v2\/pages\/32733\/revisions"}],"predecessor-version":[{"id":81358,"href":"https:\/\/www.sisinternational.com\/fr\/wp-json\/wp\/v2\/pages\/32733\/revisions\/81358"}],"up":[{"embeddable":true,"href":"https:\/\/www.sisinternational.com\/fr\/wp-json\/wp\/v2\/pages\/19303"}],"wp:featuredmedia":[{"embeddable":true,"href":"https:\/\/www.sisinternational.com\/fr\/wp-json\/wp\/v2\/media\/66676"}],"wp:attachment":[{"href":"https:\/\/www.sisinternational.com\/fr\/wp-json\/wp\/v2\/media?parent=32733"}],"curies":[{"name":"wp","href":"https:\/\/api.w.org\/{rel}","templated":true}]}}