{"id":32723,"date":"2019-08-24T19:33:59","date_gmt":"2019-08-24T19:33:59","guid":{"rendered":"https:\/\/www.sisinternational.com\/?page_id=32723"},"modified":"2026-01-26T15:13:29","modified_gmt":"2026-01-26T20:13:29","slug":"etude-de-marche-dans-liowa","status":"publish","type":"page","link":"https:\/\/www.sisinternational.com\/fr\/couverture\/north-america\/couverture-des-etats-unis\/etude-de-marche-dans-liowa\/","title":{"rendered":"\u00c9tude de march\u00e9 dans l\u2019Iowa"},"content":{"rendered":"<h1 class=\"wp-block-heading\">\u00c9tude de march\u00e9 dans l\u2019Iowa<\/h1>\n\n\n\n<figure class=\"gb-block-image gb-block-image-90d95785\"><img loading=\"lazy\" decoding=\"async\" width=\"1456\" height=\"816\" class=\"gb-image gb-image-90d95785\" src=\"https:\/\/www.sisinternational.com\/wp-content\/uploads\/2025\/09\/Iowa-3.jpg\" alt=\"\u00c9tudes de march\u00e9 et strat\u00e9gie internationales SIS\" title=\"Iowa (3)\" srcset=\"https:\/\/www.sisinternational.com\/wp-content\/uploads\/2025\/09\/Iowa-3.jpg 1456w, https:\/\/www.sisinternational.com\/wp-content\/uploads\/2025\/09\/Iowa-3-300x168.jpg 300w, https:\/\/www.sisinternational.com\/wp-content\/uploads\/2025\/09\/Iowa-3-1024x574.jpg 1024w, https:\/\/www.sisinternational.com\/wp-content\/uploads\/2025\/09\/Iowa-3-768x430.jpg 768w, https:\/\/www.sisinternational.com\/wp-content\/uploads\/2025\/09\/Iowa-3-18x10.jpg 18w\" sizes=\"auto, (max-width: 1456px) 100vw, 1456px\"><\/figure>\n\n\n\n<p><\/p>\n\n\n\n<h2 class=\"wp-block-heading\"><span style=\"font-weight: 400;\">Connu sous le nom de \u00ab Hawkeye State \u00bb, l\u2019Iowa se trouve dans le Midwest des \u00c9tats-Unis.<\/span><\/h2>\n\n\n\n<p><span style=\"font-weight: 400;\">Iowa boasts of being one of the safest places to live.\u00a0It is the 30th-largest state with a population of 3,123,899 (30th Largest State, 2015) and a land area of 55,869 sq. mi. (144,701 sq. km). The state capital is Des Moines. Large cities include Cedar Rapids, Davenport, and Sioux City. The Mississippi River forms its east border, and the Missouri and Big Sioux Rivers its west. Minnesota is to the north, Illinois to the East, Missouri to the South, and Nebraska to the West.<\/span><\/p>\n\n\n\n<h2 class=\"wp-block-heading\"><span style=\"font-weight: 400;\">Agriculture<\/span><\/h2>\n\n\n\n<p><span style=\"font-weight: 400;\">La principale source de revenus de l&#039;Iowa est l&#039;agriculture et la production alimentaire. Cet \u00c9tat produit plus de 7 pour cent de l\u2019approvisionnement alimentaire des \u00c9tats-Unis. Ses agriculteurs fournissent du porc, du soja, des \u0153ufs et du ma\u00efs. Ils sont \u00e9galement bien connus pour leurs industries de la dinde et des produits laitiers. L&#039;Iowa poss\u00e8de \u00e9galement un secteur de produits biosourc\u00e9s florissant. Les experts attribuent l\u2019augmentation de la production animale \u00e0 la qualit\u00e9 des aliments pour animaux.<\/span><\/p>\n\n\n\n<h2 class=\"wp-block-heading\"><span style=\"font-weight: 400;\">\u00c9nergie renouvelable<\/span><\/h2>\n\n\n\n<p><span style=\"font-weight: 400;\">Le changement climatique est un sujet de pr\u00e9occupation consid\u00e9rable non seulement aux \u00c9tats-Unis mais dans le monde entier. L&#039;Iowa est un leader dans le domaine des \u00e9nergies renouvelables et concentre ses efforts sur la production \u00e9olienne. C&#039;est \u00e9galement un leader dans la production de biodiesel et d&#039;\u00e9thanol. L&#039;American Council on Renewable Energy a class\u00e9 l&#039;Iowa parmi les leaders de cette industrie.<\/span><\/p>\n\n\n\n<h2 class=\"wp-block-heading\"><span style=\"font-weight: 400;\">Industrie des t\u00e9l\u00e9communications<\/span><\/h2>\n\n\n\n<p><span style=\"font-weight: 400;\">Cet \u00c9tat abrite un secteur des t\u00e9l\u00e9communications en constante croissance. Il dispose d&#039;un r\u00e9seau de fibre optique \u00e0 l&#039;\u00e9chelle de l&#039;\u00c9tat, qui offre une connectivit\u00e9 m\u00eame aux zones rurales les plus recul\u00e9es. Les centres de donn\u00e9es de Microsoft et de Google ont \u00e9lu domicile dans cet \u00c9tat.<\/span><\/p>\n\n\n\n<h2 class=\"wp-block-heading\"><span style=\"font-weight: 400;\">Emplacement strat\u00e9gique<\/span><\/h2>\n\n\n\n<p><span style=\"font-weight: 400;\">En raison de son emplacement, l&#039;Iowa offre un avantage unique aux entreprises. C&#039;est un excellent choix pour les entreprises qui traitent avec des fournisseurs nationaux et internationaux. Les institutions de transport, de distribution et d\u2019entreposage repr\u00e9sentent une part importante du PIB de l\u2019\u00c9tat.<\/span><\/p>\n\n\n\n<h2 class=\"wp-block-heading\"><span style=\"font-weight: 400;\">La facilit\u00e9 de faire des affaires<\/span><\/h2>\n\n\n\n<p><span style=\"font-weight: 400;\">En 2018, US News a reconnu l\u2019Iowa comme le \u00ab meilleur \u00c9tat o\u00f9 vivre \u00bb. Il a obtenu ce classement en raison de ses soins de sant\u00e9, de ses infrastructures, de son \u00e9ducation et de ses opportunit\u00e9s. Iowa Offre les avantages commerciaux suivants\u00a0:<\/span><\/p>\n\n\n\n<h2 class=\"wp-block-heading\"><span style=\"font-weight: 400;\">Incitations fiscales<\/span><\/h2>\n\n\n\n<figure class=\"gb-block-image gb-block-image-0efeabb5\"><img loading=\"lazy\" decoding=\"async\" width=\"1456\" height=\"816\" class=\"gb-image gb-image-0efeabb5\" src=\"https:\/\/www.sisinternational.com\/wp-content\/uploads\/2025\/09\/Iowa-1.jpg\" alt=\"\u00c9tudes de march\u00e9 et strat\u00e9gie internationales SIS\" title=\"Iowa (1)\" srcset=\"https:\/\/www.sisinternational.com\/wp-content\/uploads\/2025\/09\/Iowa-1.jpg 1456w, https:\/\/www.sisinternational.com\/wp-content\/uploads\/2025\/09\/Iowa-1-300x168.jpg 300w, https:\/\/www.sisinternational.com\/wp-content\/uploads\/2025\/09\/Iowa-1-1024x574.jpg 1024w, https:\/\/www.sisinternational.com\/wp-content\/uploads\/2025\/09\/Iowa-1-768x430.jpg 768w, https:\/\/www.sisinternational.com\/wp-content\/uploads\/2025\/09\/Iowa-1-18x10.jpg 18w\" sizes=\"auto, (max-width: 1456px) 100vw, 1456px\"><\/figure>\n\n\n\n<p><\/p>\n\n\n\n<p><span style=\"font-weight: 400;\">Comparable \u00e0 d&#039;autres \u00c9tats am\u00e9ricains, l&#039;IOWA offre des avantages tels que\u00a0:<\/span><span style=\"font-weight: 400;\">&nbsp;<\/span><\/p>\n\n\n\n<ul class=\"wp-block-list\">\n<li><span style=\"font-weight: 400;\">Une d\u00e9duction de cinquante pour cent de l\u2019imp\u00f4t sur les soci\u00e9t\u00e9s.<\/span><\/li>\n\n\n\n<li><span style=\"font-weight: 400;\">Imp\u00f4t non unitaire \u00e0 facteur unique. L&#039;Iowa pr\u00e9l\u00e8ve des imp\u00f4ts uniquement sur la partie du revenu total des ventes au sein de l&#039;\u00c9tat.<\/span><\/li>\n<\/ul>\n\n\n\n<p>L&#039;Iowa propose des incitations fiscales dans la liste suivante \u2013 bien que non exhaustive \u2013 ci-dessous\u00a0:<\/p>\n\n\n\n<ul class=\"wp-block-list\">\n<li><span style=\"font-weight: 400;\">taxe fonci\u00e8re personnelle. Les propri\u00e9taires d\u2019entreprise n\u2019ont pas \u00e0 payer d\u2019imp\u00f4ts sur les mati\u00e8res premi\u00e8res, sur leurs stocks de marchandises en cours ou sur les biens commerciaux.&nbsp;<\/span><\/li>\n\n\n\n<li><span style=\"font-weight: 400;\">on equipment, industrial machinery, or computers, or purchases of same. The beneficiaries of this break are insurance companies and financial institutions. It also applies to some commercial enterprises. These entities must use the equipment for manufacturing or processing data.<\/span><\/li>\n\n\n\n<li><span style=\"font-weight: 400;\">sur les mat\u00e9riaux utilis\u00e9s dans le processus de fabrication. Il existe \u00e9galement un all\u00e9gement fiscal sur l&#039;achat d&#039;\u00e9lectricit\u00e9 ou de gaz naturel, de propane ou d&#039;eau. L&#039;entreprise doit utiliser ces mati\u00e8res premi\u00e8res pour la fabrication.&nbsp;<\/span><\/li>\n<\/ul>\n\n\n\n<h2 class=\"wp-block-heading\"><span style=\"font-weight: 400;\">\u00c9tat du droit au travail<\/span><\/h2>\n\n\n\n<p><span style=\"font-weight: 400;\">La loi de l&#039;Iowa stipule que personne ne peut forcer un employ\u00e9 \u00e0 s&#039;inscrire aupr\u00e8s d&#039;un syndicat. Les employ\u00e9s n&#039;ont pas \u00e0 payer de cotisations ou de frais \u00e0 un syndicat, une organisation ou une association.<\/span><\/p>\n\n\n\n<p>Iowa provides Regulatory Assistance through a special program. Businesses and regulators can communicate with ease. This communication facilitates the fulfillment of the necessary processes in an expedited manner. It makes it easy to <a href=\"https:\/\/www.sisinternational.com\/fr\/creer-une-entreprise-en-turquie\/\" title=\"Cr\u00e9er une entreprise en Turquie\"  data-wpil-monitor-id=\"9310\">set up a business<\/a> in the Hawkeye State.<\/p>\n\n\n\n<p><span style=\"font-weight: 400;\">The people of Iowa are productive, skilled, well-educated, and known for their work ethic. Education is a valued commodity in Iowa, a state that continues to invest in its people.<\/span><\/p>\n\n\n\n<h2 class=\"wp-block-heading\">Importance politique<\/h2>\n\n\n\n<p>Iowa is the location of the &#8220;Iowa Caucus&#8221; during the autumn and early winter of every fourth year as a result of the American elections.&nbsp; Political candidates come to Iowa to campaign.&nbsp; While other states have primaries, Iowa is one of the first to hold its caucus before other states hold theirs.&nbsp; As a result, the state receives a disproportionate amount of national and global attention.&nbsp; Iowa is important because it shows the opinions of an important cross-section of American voters located in the middle of the country.&nbsp; Politicians use the findings and results as a barometer to assess broader national opinion on political issues and candidates.&nbsp; Naturally, the fundraising efforts and tourism by candidates from all over the country boost the local economy.<\/p>\n\n\n\n<h2 class=\"wp-block-heading\">\u00c0 propos des \u00e9tudes de march\u00e9 dans l\u2019Iowa<\/h2>\n\n\n\n<p>We conduct Qualitative, Quantitative and Strategy Market Research in Iowa.&nbsp; Key <a href=\"https:\/\/www.sisinternational.com\/fr\/sampling-techniques-in-qualitative-research-the-complete-guide-to-choosing-the-right-method\/\" title=\"Sampling Techniques in Qualitative Research: The Complete Guide to Choosing the Right Method\"  data-wpil-monitor-id=\"9306\">Qualitative Research methods<\/a> include Focus Groups, Online Communities, Customer In-Depth Interviews, and Telephone Interviews.&nbsp; Our <a href=\"https:\/\/www.sisinternational.com\/fr\/quantitative-market-research-methods-and-techniques\/\" title=\"Quantitative Market Research Methods and Techniques\"  data-wpil-monitor-id=\"9307\">Quantitative Research methods<\/a> include CATI Telephone Surveys, Online Surveys and Mobile Quantitative surveys.&nbsp; Our Strategy <a href=\"https:\/\/www.sisinternational.com\/fr\/couverture\/etude-de-marche-en-asie\/etude-de-marche-en-micronesie\/\" title=\"Etude de march\u00e9 en Micron\u00e9sie\" data-wpil-monitor-id=\"3972\">Research Group provides Market<\/a> Opportunity &amp; Entry research, Channel Intelligence, Innovation Research and Competitive Analysis.<\/p>\n\n\n\n<h2 class=\"wp-block-heading\">&nbsp;<\/h2>","protected":false},"excerpt":{"rendered":"<p>D\u00e9couvrez de nouvelles opportunit\u00e9s commerciales gr\u00e2ce aux \u00e9tudes de march\u00e9 dans l&#039;Iowa.<\/p>","protected":false},"author":1,"featured_media":66569,"parent":19303,"menu_order":34,"comment_status":"closed","ping_status":"closed","template":"","meta":{"footnotes":""},"class_list":["post-32723","page","type-page","status-publish","has-post-thumbnail"],"_links":{"self":[{"href":"https:\/\/www.sisinternational.com\/fr\/wp-json\/wp\/v2\/pages\/32723","targetHints":{"allow":["GET"]}}],"collection":[{"href":"https:\/\/www.sisinternational.com\/fr\/wp-json\/wp\/v2\/pages"}],"about":[{"href":"https:\/\/www.sisinternational.com\/fr\/wp-json\/wp\/v2\/types\/page"}],"author":[{"embeddable":true,"href":"https:\/\/www.sisinternational.com\/fr\/wp-json\/wp\/v2\/users\/1"}],"replies":[{"embeddable":true,"href":"https:\/\/www.sisinternational.com\/fr\/wp-json\/wp\/v2\/comments?post=32723"}],"version-history":[{"count":6,"href":"https:\/\/www.sisinternational.com\/fr\/wp-json\/wp\/v2\/pages\/32723\/revisions"}],"predecessor-version":[{"id":81558,"href":"https:\/\/www.sisinternational.com\/fr\/wp-json\/wp\/v2\/pages\/32723\/revisions\/81558"}],"up":[{"embeddable":true,"href":"https:\/\/www.sisinternational.com\/fr\/wp-json\/wp\/v2\/pages\/19303"}],"wp:featuredmedia":[{"embeddable":true,"href":"https:\/\/www.sisinternational.com\/fr\/wp-json\/wp\/v2\/media\/66569"}],"wp:attachment":[{"href":"https:\/\/www.sisinternational.com\/fr\/wp-json\/wp\/v2\/media?parent=32723"}],"curies":[{"name":"wp","href":"https:\/\/api.w.org\/{rel}","templated":true}]}}