{"id":32488,"date":"2019-08-10T19:15:43","date_gmt":"2019-08-10T19:15:43","guid":{"rendered":"https:\/\/www.sisinternational.com\/?page_id=32488"},"modified":"2025-09-13T20:28:03","modified_gmt":"2025-09-14T00:28:03","slug":"etude-de-marche-au-kansas","status":"publish","type":"page","link":"https:\/\/www.sisinternational.com\/fr\/couverture\/north-america\/couverture-des-etats-unis\/etude-de-marche-au-kansas\/","title":{"rendered":"\u00c9tude de march\u00e9 au Kansas"},"content":{"rendered":"<h1 class=\"wp-block-heading\"><span style=\"font-weight: 400;\">\u00c9tude de march\u00e9 au Kansas<\/span><span style=\"font-weight: 400;\">&nbsp;<\/span><\/h1>\n\n\n\n<figure class=\"gb-block-image gb-block-image-ad412887\"><img loading=\"lazy\" decoding=\"async\" width=\"1456\" height=\"816\" class=\"gb-image gb-image-ad412887\" src=\"https:\/\/www.sisinternational.com\/wp-content\/uploads\/2025\/09\/Kansas-1.jpg\" alt=\"\u00c9tudes de march\u00e9 et strat\u00e9gie internationales SIS\" title=\"Kansas (1)\" srcset=\"https:\/\/www.sisinternational.com\/wp-content\/uploads\/2025\/09\/Kansas-1.jpg 1456w, https:\/\/www.sisinternational.com\/wp-content\/uploads\/2025\/09\/Kansas-1-300x168.jpg 300w, https:\/\/www.sisinternational.com\/wp-content\/uploads\/2025\/09\/Kansas-1-1024x574.jpg 1024w, https:\/\/www.sisinternational.com\/wp-content\/uploads\/2025\/09\/Kansas-1-768x430.jpg 768w, https:\/\/www.sisinternational.com\/wp-content\/uploads\/2025\/09\/Kansas-1-18x10.jpg 18w\" sizes=\"auto, (max-width: 1456px) 100vw, 1456px\"><\/figure>\n\n\n\n<p><\/p>\n\n\n\n<h2 class=\"wp-block-heading\"><span style=\"font-weight: 400;\">L&#039;\u00c9tat du Kansas, situ\u00e9 dans le Midwest des \u00c9tats-Unis, abrite plusieurs villes remarquables. <\/span><\/h2>\n\n\n\n<p><span style=\"font-weight: 400;\">Les plus peupl\u00e9s sont Wichita, Overland Park, Kansas City, Topeka et Olathe. Les autres grandes zones m\u00e9tropolitaines sont Lawrence, Shawnee, Manhattan, Lenexa et Salina. L&#039;agriculture, la production bovine, l&#039;\u00e9nergie, l&#039;aviation et les min\u00e9raux industriels non combustibles sont les principales industries, et le Kansas est le premier producteur de bl\u00e9 du pays.<\/span><span style=\"font-weight: 400;\">&nbsp;<\/span><\/p>\n\n\n\n<p><span style=\"font-weight: 400;\">There has been a regular increase in the number of startup companies in Kansas over the years. This state provides business owners with a robust expansion foundation. It&#8217;s easy to grow an enterprise here. <a href=\"https:\/\/www.sisinternational.com\/fr\/solutions\/etude-de-marche-de-consommation\/\" title=\"Consumer Market Research Services for Smarter Business Decisions\"  data-wpil-monitor-id=\"8074\">Business cost and taxes don&#8217;t consume<\/a> the profits of the company. Today, Kansas has a broad <a href=\"https:\/\/www.sisinternational.com\/fr\/competence\/les-industries\/etude-de-marche-industriel\/\" title=\"\u00c9tudes de march\u00e9 et strat\u00e9gie industrielle\"  data-wpil-monitor-id=\"8069\">industry base since it offers excellent marketing<\/a> advantages.<\/span><\/p>\n\n\n\n<p><span style=\"font-weight: 400;\">For Kansas, we recommend both quantitative and <a href=\"https:\/\/www.sisinternational.com\/fr\/tools-and-resources-for-qualitative-market-research\/\" title=\"Tools and Resources for Qualitative Market Research\"  data-wpil-monitor-id=\"8068\">\u00e9tude de march\u00e9 qualitative<\/a>. Both types would be beneficial for people looking to establish a business here. Some of the primary advantages that companies in Kansas can leverage include:<\/span><\/p>\n\n\n\n<h2 class=\"wp-block-heading\">Transport<\/h2>\n\n\n\n<p><span style=\"font-weight: 400;\">Kansas offers excellent transportation advantages for business owners, and its rail, air, and highway networks are well-established. The state has a central location with quality infrastructure. It provides access to interstate rail, truck services, and air corridors. The strategic location of Kansas places it at the crossroads of the US. As a result, it is cheaper to ship to and from its cities.<\/span><\/p>\n\n\n\n<p><span style=\"font-weight: 400;\">Le Kansas abrite diverses installations de production, entrep\u00f4ts et zones de distribution, qui ont r\u00e9alis\u00e9 des b\u00e9n\u00e9fices \u00e9lev\u00e9s dans le transport de mati\u00e8res finies et premi\u00e8res. Il constitue un premier arr\u00eat pratique vers tous les sites de commercialisation importants. L&#039;\u00c9tat se classe au deuxi\u00e8me rang des \u00c9tats-Unis pour la fourniture de services ferroviaires.<\/span><\/p>\n\n\n\n<h2 class=\"wp-block-heading\">Incitations commerciales<\/h2>\n\n\n\n<p><span style=\"font-weight: 400;\">Vous souhaitez enregistrer une nouvelle organisation au Kansas ? Il existe plusieurs incitations et programmes dont votre entreprise peut b\u00e9n\u00e9ficier. Certains des r\u00e9gimes les plus courants comprennent\u00a0:<\/span><\/p>\n\n\n\n<ul class=\"wp-block-list\">\n<li><b>Incitations au d\u00e9veloppement \u00e9conomique\u00a0:<\/b><span style=\"font-weight: 400;\"> Grants are available for eligible business owners. These concessions aim to give financing to private enterprises. They, in turn, will be able to keep and create more jobs within the state. Grants can vary in price depending on the size of the business.<\/span><\/li>\n\n\n\n<li><b>Zones franches :<\/b><span style=\"font-weight: 400;\"> L&#039;objectif de ce programme est de fournir un point d&#039;entr\u00e9e illimit\u00e9 en franchise de droits. Les entreprises peuvent b\u00e9n\u00e9ficier de cet avantage d\u00e8s leur inscription.<\/span><\/li>\n\n\n\n<li><b>Initiative des petites entreprises\u00a0:<\/b><span style=\"font-weight: 400;\"> Le Tr\u00e9sor am\u00e9ricain offre des subventions aux nouvelles entreprises. L\u2019Initiative nationale de cr\u00e9dit aux petites entreprises pr\u00e9voit \u00e9galement des incitations. Les entreprises peuvent b\u00e9n\u00e9ficier de cet avantage d\u00e8s leur inscription. Le montant du financement peut varier selon le type de programme.<\/span><\/li>\n<\/ul>\n\n\n\n<h2 class=\"wp-block-heading\">Travail instruit et qualifi\u00e9<\/h2>\n\n\n\n<p><span style=\"font-weight: 400;\">Un <a href=\"https:\/\/www.sisinternational.com\/fr\/top-5-benefits-of-qualitative-market-research-for-businesses\/\" title=\"Top 5 Benefits of Qualitative Market Research for Businesses\"  data-wpil-monitor-id=\"8073\">benefit of doing business<\/a> in Kansas is the presence of an educated workforce. Most of the citizens live in metropolitan areas. Still, companies located in any region will find a quality workforce. The education system of Kansas is one of the best in the US, and it has produced well-skilled and trainable individuals. It is a substantial contributing <a href=\"https:\/\/www.sisinternational.com\/fr\/facteurs-cles-de-succes-dans-les-etudes-de-marche-automobile\/\" title=\"Facteurs cl\u00e9s de succ\u00e8s dans les \u00e9tudes de march\u00e9 automobile\"  data-wpil-monitor-id=\"8070\">factor to the success<\/a> of various businesses. This state is a right-to-work one. As a result, the labor cost is below the average of the nation. Additionally, there are various workforce training programs. These programs are for businesses new to Kansas with the goal of expansion.<\/span><\/p>\n\n\n\n<h2 class=\"wp-block-heading\">Abordabilit\u00e9 de l\u2019\u00e9nergie<\/h2>\n\n\n\n<p><span style=\"font-weight: 400;\">Kansas has a significant advantage over other states when it comes to supplying enough <a href=\"https:\/\/www.sisinternational.com\/fr\/competence\/cv-dexperience\/cv-dexperience-dans-les-industries-chimiques-et-energetiques\/\" title=\"Soci\u00e9t\u00e9 d\u2019\u00e9tudes de march\u00e9 sur la chimie et l\u2019\u00e9nergie\"  data-wpil-monitor-id=\"8071\">energy to meet the needs of companies<\/a>. Kansas has one of the largest natural gas fields in the world, and it is among the leading producers of natural gas in the nation. Additionally, the statewide power costs in Kansas are competitive with the natural average. State authorities try their best to lower the <a href=\"https:\/\/www.sisinternational.com\/fr\/etre-vert-ameliore-les-performances-en-cas-de-recession\/\" title=\"Comment r\u00e9duire les co\u00fbts dans votre entreprise\"  data-wpil-monitor-id=\"8075\">cost of residing and doing business<\/a> in Kansas. Lawmakers are always finding <a href=\"https:\/\/www.sisinternational.com\/fr\/publications\/etude-de-marche-sur-les-entreprises-evolutives-7-facons-de-creer-une-entreprise-evolutive\/\" title=\"\u00c9tude de march\u00e9 sur les entreprises \u00e9volutives\u00a0: 7 fa\u00e7ons de cr\u00e9er une entreprise \u00e9volutive\"  data-wpil-monitor-id=\"8072\">ways to improve their business<\/a> climate.<\/span><\/p>\n\n\n\n<h2 class=\"wp-block-heading\">&nbsp;<\/h2>","protected":false},"excerpt":{"rendered":"<p>D\u00e9couvrez de nouvelles opportunit\u00e9s avec les \u00e9tudes de march\u00e9 au Kansas.<\/p>","protected":false},"author":1,"featured_media":66580,"parent":19303,"menu_order":30,"comment_status":"closed","ping_status":"closed","template":"","meta":{"footnotes":""},"class_list":["post-32488","page","type-page","status-publish","has-post-thumbnail"],"_links":{"self":[{"href":"https:\/\/www.sisinternational.com\/fr\/wp-json\/wp\/v2\/pages\/32488","targetHints":{"allow":["GET"]}}],"collection":[{"href":"https:\/\/www.sisinternational.com\/fr\/wp-json\/wp\/v2\/pages"}],"about":[{"href":"https:\/\/www.sisinternational.com\/fr\/wp-json\/wp\/v2\/types\/page"}],"author":[{"embeddable":true,"href":"https:\/\/www.sisinternational.com\/fr\/wp-json\/wp\/v2\/users\/1"}],"replies":[{"embeddable":true,"href":"https:\/\/www.sisinternational.com\/fr\/wp-json\/wp\/v2\/comments?post=32488"}],"version-history":[{"count":5,"href":"https:\/\/www.sisinternational.com\/fr\/wp-json\/wp\/v2\/pages\/32488\/revisions"}],"predecessor-version":[{"id":81360,"href":"https:\/\/www.sisinternational.com\/fr\/wp-json\/wp\/v2\/pages\/32488\/revisions\/81360"}],"up":[{"embeddable":true,"href":"https:\/\/www.sisinternational.com\/fr\/wp-json\/wp\/v2\/pages\/19303"}],"wp:featuredmedia":[{"embeddable":true,"href":"https:\/\/www.sisinternational.com\/fr\/wp-json\/wp\/v2\/media\/66580"}],"wp:attachment":[{"href":"https:\/\/www.sisinternational.com\/fr\/wp-json\/wp\/v2\/media?parent=32488"}],"curies":[{"name":"wp","href":"https:\/\/api.w.org\/{rel}","templated":true}]}}