{"id":32477,"date":"2019-08-10T18:51:58","date_gmt":"2019-08-10T18:51:58","guid":{"rendered":"https:\/\/www.sisinternational.com\/?page_id=32477"},"modified":"2025-09-13T19:37:47","modified_gmt":"2025-09-13T23:37:47","slug":"etude-de-marche-dans-lutah","status":"publish","type":"page","link":"https:\/\/www.sisinternational.com\/fr\/couverture\/north-america\/couverture-des-etats-unis\/etude-de-marche-dans-lutah\/","title":{"rendered":"\u00c9tude de march\u00e9 dans l\u2019Utah"},"content":{"rendered":"<h1 class=\"wp-block-heading\">\u00c9tude de march\u00e9 dans l\u2019Utah<\/h1>\n\n\n\n<figure class=\"gb-block-image gb-block-image-adbb8ca9\"><img loading=\"lazy\" decoding=\"async\" width=\"1456\" height=\"816\" class=\"gb-image gb-image-adbb8ca9\" src=\"https:\/\/www.sisinternational.com\/wp-content\/uploads\/2025\/09\/Utah-3.jpg\" alt=\"\u00c9tudes de march\u00e9 et strat\u00e9gie internationales SIS\" title=\"Utah (3)\" srcset=\"https:\/\/www.sisinternational.com\/wp-content\/uploads\/2025\/09\/Utah-3.jpg 1456w, https:\/\/www.sisinternational.com\/wp-content\/uploads\/2025\/09\/Utah-3-300x168.jpg 300w, https:\/\/www.sisinternational.com\/wp-content\/uploads\/2025\/09\/Utah-3-1024x574.jpg 1024w, https:\/\/www.sisinternational.com\/wp-content\/uploads\/2025\/09\/Utah-3-768x430.jpg 768w, https:\/\/www.sisinternational.com\/wp-content\/uploads\/2025\/09\/Utah-3-18x10.jpg 18w\" sizes=\"auto, (max-width: 1456px) 100vw, 1456px\"><\/figure>\n\n\n\n<p><\/p>\n\n\n\n<h2 class=\"wp-block-heading\"><span style=\"font-weight: 400;\">Utah is an ideal state for new organizations and is home to many successful companies. <\/span><\/h2>\n\n\n\n<p><span style=\"font-weight: 400;\">Its nickname is the Beehive State due to the industrious nature of the population. The economy of Utah has expanded in 2006 at a yearly rate of 2.3 percent, against the national rate of 0.5 percent.<\/span><\/p>\n\n\n\n<p><span style=\"font-weight: 400;\">Salt Lake est la plus grande ville avec une population de 200 000 habitants, suivie de West Valley City, qui compte 136 000 habitants. Provo, West Jordan et Orem viennent ensuite, suivis de Sandy, Ogden et St. George. Layton et South Jordan sont \u00e9galement des villes importantes.<\/span><\/p>\n\n\n\n<h2 class=\"wp-block-heading\">Opportunit\u00e9s professionnelles<\/h2>\n\n\n\n<p><span style=\"font-weight: 400;\">Les composites avanc\u00e9s constituent la principale industrie et l\u2019\u00c9tat produit des roues de v\u00e9lo en fibre de carbone, des composants a\u00e9rospatiaux et bien plus encore. Elle emploie plus de 10 000 personnes. D&#039;autres secteurs importants sont l&#039;a\u00e9rospatiale, les centres de donn\u00e9es, les m\u00e9dias num\u00e9riques et la distribution.<\/span><\/p>\n\n\n\n<p><span style=\"font-weight: 400;\">Les entrepreneurs et les entreprises consid\u00e8rent cet \u00c9tat comme un environnement fertile pour la croissance : le r\u00e9sultat de d\u00e9cennies de travail acharn\u00e9 de ses habitants. L&#039;Utah compte de nombreuses entreprises innovantes en croissance et une main-d&#039;\u0153uvre qualifi\u00e9e. Le nombre d\u2019entreprises, grandes et petites, a \u00e9galement augment\u00e9, et de nombreuses organisations embl\u00e9matiques ont \u00e9tabli leurs bases dans cet \u00c9tat. Plusieurs facteurs attirent ces entreprises, par exemple la population instruite et les all\u00e9gements fiscaux. D&#039;autres attractions sont le syst\u00e8me de transports publics fiable et l&#039;immobilier abordable.<\/span><\/p>\n\n\n\n<h2 class=\"wp-block-heading\">Avantages de cr\u00e9er une entreprise dans l\u2019Utah<\/h2>\n\n\n\n<h3 class=\"wp-block-heading\">All\u00e9gements fiscaux<\/h3>\n\n\n\n<p><span style=\"font-weight: 400;\">Le Bureau du Gouverneur pour le D\u00e9veloppement Economique administre un programme de cr\u00e9dit d&#039;imp\u00f4t connu sous le nom de Financement Incr\u00e9mentiel des Zones de D\u00e9veloppement Economique. Il s&#039;adresse aux organisations nouvelles et en croissance et accorde des cr\u00e9dits d&#039;imp\u00f4t apr\u00e8s performance pouvant aller jusqu&#039;\u00e0 30 pour cent des revenus de l&#039;\u00c9tat. Ce cr\u00e9dit est applicable pendant toute la dur\u00e9e de l&#039;existence de tout nouveau projet commercial. Il a une validit\u00e9 de 20 ans. De plus, une soci\u00e9t\u00e9 enregistr\u00e9e en tant que soci\u00e9t\u00e9 S dans l\u2019Utah n\u2019a pas \u00e0 payer d\u2019imp\u00f4t sur le revenu. Au lieu de cela, les revenus ou les pertes de l\u2019entreprise sont transmis aux actionnaires. Les soci\u00e9t\u00e9s S de l\u2019Utah jouissent d\u2019une vie ind\u00e9pendante. L&#039;incapacit\u00e9 d&#039;un actionnaire n&#039;affecte pas les op\u00e9rations commerciales.<\/span><\/p>\n\n\n\n<h3 class=\"wp-block-heading\">Jeune main d\u2019\u0153uvre<\/h3>\n\n\n\n<p><span style=\"font-weight: 400;\">L&#039;\u00e2ge m\u00e9dian de l&#039;Utah est de 29 ans. Un tiers de la population est bilingue, r\u00e9sultat de sa population nombreuse, dont la plupart passent du temps \u00e0 voyager \u00e0 l&#039;\u00e9tranger. Les entreprises appr\u00e9cient la ma\u00eetrise de la langue. Il a attir\u00e9 des organisations internationales telles que Goldman Sachs et eBay.<\/span><\/p>\n\n\n\n<h3 class=\"wp-block-heading\">Incitations commerciales<\/h3>\n\n\n\n<p><span style=\"font-weight: 400;\">Il existe plusieurs incitations commerciales. Il s&#039;agit notamment de programmes de financement et d&#039;incitations \u00e0 l&#039;innovation disponibles pour les entreprises. Certains des meilleurs programmes incluent\u00a0:<\/span><\/p>\n\n\n\n<ul class=\"wp-block-list\">\n<li><b>Recycle <\/b><a href=\"https:\/\/www.sisinternational.com\/fr\/publications\/etude-de-marche-sur-les-entreprises-evolutives-7-facons-de-creer-une-entreprise-evolutive\/\" title=\"\u00c9tude de march\u00e9 sur les entreprises \u00e9volutives\u00a0: 7 fa\u00e7ons de cr\u00e9er une entreprise \u00e9volutive\"  data-wpil-monitor-id=\"8047\">market development zone: This is for businesses<\/a> that deal with recycling. It gives them an opportunity for expansion. The program helps enterprises deal with the collection of recycled materials. It also helps with the processing and distribution of these materials.<\/span><\/li>\n\n\n\n<li><b>Programme de zone d&#039;entreprise (EZ)\u00a0:<\/b><span style=\"font-weight: 400;\"> L&#039;\u00c9tat a cr\u00e9\u00e9 ce programme pour encourager le d\u00e9veloppement. Il vise \u00e0 stimuler la croissance \u00e9conomique dans des zones sp\u00e9cifiques en difficult\u00e9. Apr\u00e8s leur inscription, les nouvelles entreprises deviennent \u00e9ligibles \u00e0 ce programme. Ils b\u00e9n\u00e9ficient de cr\u00e9dits d&#039;imp\u00f4t qu&#039;ils peuvent conserver pendant environ trois ans.<\/span><\/li>\n<\/ul>\n\n\n\n<h2 class=\"wp-block-heading\">Tourisme<\/h2>\n\n\n\n<p><span style=\"font-weight: 400;\">Cet \u00c9tat comprend des villes historiques et dynamiques. Les paysages naturels de l&#039;Utah contiennent des monuments nationaux, des parcs nationaux et des for\u00eats. Ces attractions attirent des visiteurs du monde entier.<\/span><\/p>\n\n\n\n<p><span style=\"font-weight: 400;\">Les comt\u00e9s de Garfield, Grand et Rich affichent la plus forte croissance annuelle de l&#039;emploi. Daggett, Kane et Wayne ont \u00e9galement affich\u00e9 des taux de croissance \u00e9lev\u00e9s. Le comt\u00e9 de Rich a une diff\u00e9rence moyenne dans le pic annuel de travail de 77 pour cent entre 2001 et 2018. Le comt\u00e9 de Kane est une r\u00e9gion moins saisonni\u00e8re, mais les niveaux d&#039;emploi y fluctuent en moyenne de 35 pour cent. Les comt\u00e9s de l\u2019Utah ont plus de points communs que leur saisonnalit\u00e9. Les conditions climatiques douces de l&#039;\u00c9tat le rendent id\u00e9al pour le tourisme, et les \u00e9conomies de plusieurs comt\u00e9s d\u00e9pendent de ce secteur.<\/span><\/p>\n\n\n\n<h2 class=\"wp-block-heading\">Opportunit\u00e9s technologiques<\/h2>\n\n\n\n<p><span style=\"font-weight: 400;\">An essential <a href=\"https:\/\/www.sisinternational.com\/fr\/facteurs-cles-de-succes-dans-les-etudes-de-marche-automobile\/\" title=\"Facteurs cl\u00e9s de succ\u00e8s dans les \u00e9tudes de march\u00e9 automobile\"  data-wpil-monitor-id=\"8048\">factor in the success<\/a> of Utah is its enormous technology sector. This sector resides in a location called Silicon Slopes. It aims to make Utah tech companies share information and resources. In this way, it will attract other businesses to the state.<\/span><\/p>\n\n\n\n<h2 class=\"wp-block-heading\">&nbsp;<\/h2>","protected":false},"excerpt":{"rendered":"<p>D\u00e9couvrez de nouvelles opportunit\u00e9s commerciales gr\u00e2ce aux \u00e9tudes de march\u00e9 dans l&#039;Utah.<\/p>","protected":false},"author":1,"featured_media":66732,"parent":19303,"menu_order":28,"comment_status":"closed","ping_status":"closed","template":"","meta":{"footnotes":""},"class_list":["post-32477","page","type-page","status-publish","has-post-thumbnail"],"_links":{"self":[{"href":"https:\/\/www.sisinternational.com\/fr\/wp-json\/wp\/v2\/pages\/32477","targetHints":{"allow":["GET"]}}],"collection":[{"href":"https:\/\/www.sisinternational.com\/fr\/wp-json\/wp\/v2\/pages"}],"about":[{"href":"https:\/\/www.sisinternational.com\/fr\/wp-json\/wp\/v2\/types\/page"}],"author":[{"embeddable":true,"href":"https:\/\/www.sisinternational.com\/fr\/wp-json\/wp\/v2\/users\/1"}],"replies":[{"embeddable":true,"href":"https:\/\/www.sisinternational.com\/fr\/wp-json\/wp\/v2\/comments?post=32477"}],"version-history":[{"count":3,"href":"https:\/\/www.sisinternational.com\/fr\/wp-json\/wp\/v2\/pages\/32477\/revisions"}],"predecessor-version":[{"id":81355,"href":"https:\/\/www.sisinternational.com\/fr\/wp-json\/wp\/v2\/pages\/32477\/revisions\/81355"}],"up":[{"embeddable":true,"href":"https:\/\/www.sisinternational.com\/fr\/wp-json\/wp\/v2\/pages\/19303"}],"wp:featuredmedia":[{"embeddable":true,"href":"https:\/\/www.sisinternational.com\/fr\/wp-json\/wp\/v2\/media\/66732"}],"wp:attachment":[{"href":"https:\/\/www.sisinternational.com\/fr\/wp-json\/wp\/v2\/media?parent=32477"}],"curies":[{"name":"wp","href":"https:\/\/api.w.org\/{rel}","templated":true}]}}