{"id":32299,"date":"2019-07-07T02:51:21","date_gmt":"2019-07-07T02:51:21","guid":{"rendered":"https:\/\/www.sisinternational.com\/?page_id=32299"},"modified":"2026-01-26T18:20:01","modified_gmt":"2026-01-26T23:20:01","slug":"notification-darnaque-aux-achats-mysteres","status":"publish","type":"page","link":"https:\/\/www.sisinternational.com\/fr\/notification-darnaque-aux-achats-mysteres\/","title":{"rendered":"Avoiding Scams"},"content":{"rendered":"<h1>Avoiding Scams<\/h1>\n<p>Our company, SIS International Research, is a reputable and legitimate company that has been in business for over 40 years. We post valid Focus Groups, and other research opportunities on our website <a href=\"https:\/\/www.sisinternational.com\/fr\/solutions\/groupes-de-discussion\/rejoindre-des-groupes-de-discussion\/\">www.sisinternational.com<\/a>.<\/p>\n<p>Veuillez noter que SIS International Research est <strong><span style=\"text-decoration: underline;\">pas<\/span><\/strong> recruter toute personne pour participer \u00e0 une \u00e9tude de \u00ab\u00a0Mystery Shopping\u00a0\u00bb ou de \u00ab\u00a0Secret Shopper\u00a0\u00bb aux \u00c9tats-Unis, au Canada, en Europe, en Asie ou ailleurs.<\/p>\n<ul>\n<li><strong>Nous n&#039;exigeons pas que les gens encaissent des ch\u00e8ques pour passer \u00e0 une autre phase d&#039;un projet de recherche.\u00a0 <\/strong><\/li>\n<li><strong>Nous ne demandons pas aux gens d\u2019acheter des produits dans le but de recevoir un futur paiement important.\u00a0<\/strong><\/li>\n<li><strong>Nous n&#039;utilisons pas de ch\u00e8ques de banque.<\/strong><\/li>\n<li><strong>Nous ne demandons pas aux gens d&#039;acheter des cartes-cadeaux Walmart.<\/strong><\/li>\n<li><strong>We do not hire employees using text messages, social media or online forms.<\/strong><\/li>\n<li><strong>Nous n&#039;organisons pas de concours.<\/strong><\/li>\n<li><strong>We do not hire by Whatsapp, Telegram or YouTube.<\/strong><\/li>\n<li><strong>We do not hire people to participate in Youtube activities.<\/strong><\/li>\n<li><strong>We do not require upfront money to participate in our studies.<\/strong><\/li>\n<li><strong>Nous n&#039;exigeons pas d&#039;argent initial de la part des r\u00e9pondants pour participer \u00e0 l&#039;une de nos \u00e9tudes ou opportunit\u00e9s.<\/strong><\/li>\n<li><strong>We do not recruit consumers to participate in studies or <a href=\"https:\/\/www.sisinternational.com\/fr\/couverture\/etude-de-marche-en-afrique\/etude-de-marche-en-afrique-du-sud\/\" title=\"Etude de march\u00e9 en Afrique du Sud\"  data-wpil-monitor-id=\"6838\">marketing activities in Malaysia and South<\/a> East Asia using WhatsApp.<\/strong><\/li>\n<li><strong>We do not have a Human Resources department that contacts respondents to participate in studies.\u00a0<\/strong><\/li>\n<li><strong>We do not have an HR Department that uses Whatsapp, Telegram or YouTube to hire people for tasks.<\/strong><\/li>\n<li><strong>Nous ne contactons pas les r\u00e9pondants provenant de num\u00e9ros de t\u00e9l\u00e9phone malaisiens ou d\u2019Asie du Sud-Est.<\/strong><\/li>\n<li><strong>Nous ne versons pas d\u2019indemnisation en ringgit malais.<\/strong><\/li>\n<\/ul>\n<p>If you receive any correspondence promising an incentive or monetary payout to conduct activities related to <span style=\"text-decoration: underline;\">YouTube, Telegram, Whatsapp, Mystery Shopping, a Sweepstakes or Secret Shopping<\/span>, il ne s&#039;agit pas d&#039;une offre valable de SIS International Research.<\/p>\n<h2>Si vous avez des questions ou souhaitez v\u00e9rifier l&#039;authenticit\u00e9 d&#039;une \u00e9tude de recherche, veuillez nous envoyer un e-mail avec des captures d&#039;\u00e9cran de la correspondance \u00e0 <a href=\"mailto:research@sisinternational.com\" target=\"_blank\" rel=\"noopener noreferrer\">research@sisinternational.com<\/a><\/h2>","protected":false},"excerpt":{"rendered":"<p>Avoiding Scams Our company, SIS International Research, is a reputable and legitimate company that has been in business for over 40 years. We post valid Focus Groups, and other research opportunities on our website www.sisinternational.com. Please note that SIS International Research is not recruiting anyone to take part in a &#8220;Mystery Shopping&#8221; or &#8220;Secret Shopper&#8221; &#8230; <a title=\"Avoiding Scams\" class=\"read-more\" href=\"https:\/\/www.sisinternational.com\/fr\/notification-darnaque-aux-achats-mysteres\/\" aria-label=\"En savoir plus sur Avoiding Scams\">Lire plus<\/a><\/p>","protected":false},"author":1,"featured_media":0,"parent":0,"menu_order":40,"comment_status":"closed","ping_status":"closed","template":"","meta":{"footnotes":""},"class_list":["post-32299","page","type-page","status-publish"],"_links":{"self":[{"href":"https:\/\/www.sisinternational.com\/fr\/wp-json\/wp\/v2\/pages\/32299","targetHints":{"allow":["GET"]}}],"collection":[{"href":"https:\/\/www.sisinternational.com\/fr\/wp-json\/wp\/v2\/pages"}],"about":[{"href":"https:\/\/www.sisinternational.com\/fr\/wp-json\/wp\/v2\/types\/page"}],"author":[{"embeddable":true,"href":"https:\/\/www.sisinternational.com\/fr\/wp-json\/wp\/v2\/users\/1"}],"replies":[{"embeddable":true,"href":"https:\/\/www.sisinternational.com\/fr\/wp-json\/wp\/v2\/comments?post=32299"}],"version-history":[{"count":4,"href":"https:\/\/www.sisinternational.com\/fr\/wp-json\/wp\/v2\/pages\/32299\/revisions"}],"predecessor-version":[{"id":80414,"href":"https:\/\/www.sisinternational.com\/fr\/wp-json\/wp\/v2\/pages\/32299\/revisions\/80414"}],"wp:attachment":[{"href":"https:\/\/www.sisinternational.com\/fr\/wp-json\/wp\/v2\/media?parent=32299"}],"curies":[{"name":"wp","href":"https:\/\/api.w.org\/{rel}","templated":true}]}}