{"id":32284,"date":"2019-07-07T00:06:05","date_gmt":"2019-07-07T00:06:05","guid":{"rendered":"https:\/\/www.sisinternational.com\/?page_id=32284"},"modified":"2025-09-13T19:32:06","modified_gmt":"2025-09-13T23:32:06","slug":"etude-de-marche-en-indiana","status":"publish","type":"page","link":"https:\/\/www.sisinternational.com\/fr\/couverture\/north-america\/couverture-des-etats-unis\/etude-de-marche-en-indiana\/","title":{"rendered":"\u00c9tude de march\u00e9 en Indiana"},"content":{"rendered":"<h1 class=\"wp-block-heading\"><span style=\"font-weight: 400;\">\u00c9tude de march\u00e9 en Indiana<\/span><\/h1>\n\n\n\n<figure class=\"gb-block-image gb-block-image-5a61c787\"><img loading=\"lazy\" decoding=\"async\" width=\"1456\" height=\"816\" class=\"gb-image gb-image-5a61c787\" src=\"https:\/\/www.sisinternational.com\/wp-content\/uploads\/2025\/09\/Indiana-5.jpg\" alt=\"\u00c9tudes de march\u00e9 et strat\u00e9gie internationales SIS\" title=\"Indiana (5)\" srcset=\"https:\/\/www.sisinternational.com\/wp-content\/uploads\/2025\/09\/Indiana-5.jpg 1456w, https:\/\/www.sisinternational.com\/wp-content\/uploads\/2025\/09\/Indiana-5-300x168.jpg 300w, https:\/\/www.sisinternational.com\/wp-content\/uploads\/2025\/09\/Indiana-5-1024x574.jpg 1024w, https:\/\/www.sisinternational.com\/wp-content\/uploads\/2025\/09\/Indiana-5-768x430.jpg 768w, https:\/\/www.sisinternational.com\/wp-content\/uploads\/2025\/09\/Indiana-5-18x10.jpg 18w\" sizes=\"auto, (max-width: 1456px) 100vw, 1456px\"><\/figure>\n\n\n\n<p><\/p>\n\n\n\n<h2 class=\"wp-block-heading\"><span style=\"font-weight: 400;\">L&#039;\u00c9tat de l&#039;Indiana se trouve dans les r\u00e9gions du Midwest et des Grands Lacs des \u00c9tats-Unis. <\/span><\/h2>\n\n\n\n<p><span style=\"font-weight: 400;\">C&#039;est entre le Kentucky et le Michigan, l&#039;Ohio et l&#039;Illinois partageant sa fronti\u00e8re. L&#039;Indiana, 17e \u00c9tat am\u00e9ricain le plus peupl\u00e9, compte pr\u00e8s de 6,7 millions d&#039;habitants. Sa superficie est de 36 418 milles carr\u00e9s.<\/span><\/p>\n\n\n\n<p><span style=\"font-weight: 400;\">Une proportion importante des revenus de l&#039;Indiana provient du secteur manufacturier. Depuis 1975, l\u2019Indiana a longtemps m\u00e9rit\u00e9 l\u2019honneur d\u2019\u00eatre le plus grand \u00c9tat producteur d\u2019acier des \u00c9tats-Unis. Situ\u00e9e dans le nord-ouest de l&#039;Indiana, la r\u00e9gion de Calumet fournit 171 TP3 T des r\u00e9serves totales d&#039;acier des \u00c9tats-Unis. Calumet est la plus grande r\u00e9gion productrice d\u2019acier des \u00c9tats-Unis.<\/span><\/p>\n\n\n\n<p><span style=\"font-weight: 400;\">La fabrication automobile dispose \u00e9galement d\u2019une infrastructure \u00e9tendue dans l\u2019Indiana. C\u2019est le deuxi\u00e8me plus grand \u00c9tat constructeur automobile. L&#039;Indiana fabrique \u00e9galement des dispositifs m\u00e9dicaux, du mat\u00e9riel de transport et du caoutchouc. Les machines d&#039;usine, les automobiles et les produits chimiques font partie des autres produits de l&#039;Indiana.<\/span><\/p>\n\n\n\n<h2 class=\"wp-block-heading\"><span style=\"font-weight: 400;\">Transport<\/span><\/h2>\n\n\n\n<p><span style=\"font-weight: 400;\">La devise de l&#039;\u00c9tat de l&#039;Indiana est \u00ab\u00a0Le carrefour de l&#039;Am\u00e9rique\u00a0\u00bb. L&#039;\u00c9tat dispose d&#039;une industrie des transports en plein essor. Il pr\u00e9sente l&#039;avantage que le 75% des r\u00e9gions am\u00e9ricaines se trouve \u00e0 une journ\u00e9e de route. Ainsi, les locomotives, le camionnage et l\u2019entreposage constituent un secteur important et vital de l\u2019Indiana. L&#039;\u00c9tat poss\u00e8de des ports sur la rivi\u00e8re Ohio et sur le lac Michigan pour aider cette industrie.<\/span><\/p>\n\n\n\n<p><span style=\"font-weight: 400;\">Indiana is also a global logistics leader, offering businesses a robust competitive advantage with its access to North <a href=\"https:\/\/www.sisinternational.com\/fr\/couverture\/les-ameriques\/couverture-des-etats-unis\/etude-de-marche-afro-americain\/\" title=\"\u00c9tude de march\u00e9 afro-am\u00e9ricaine\"  data-wpil-monitor-id=\"8049\">American and world markets<\/a>. Its logistics and transportation industry provides more than a hundred thousand jobs. This industry accounts for over 4 percent of jobs in the state. The concentration level is 44 percent more than the nationwide average.<\/span><\/p>\n\n\n\n<h2 class=\"wp-block-heading\"><span style=\"font-weight: 400;\">Informatique<\/span><\/h2>\n\n\n\n<p><span style=\"font-weight: 400;\">Indianapolis is the leading sponsor of <a href=\"https:\/\/www.sisinternational.com\/fr\/etude-de-marche-en-ligne\/\" title=\"Qu\u2019est-ce qu\u2019une \u00e9tude de march\u00e9 en ligne ?\"  data-wpil-monitor-id=\"8050\">marketing related to IT and online<\/a> advertisement. There is constant growth in the industry. Indiana has first-rate universities. They provide graduates at a fast rate while boosting technology-related business.<\/span><\/p>\n\n\n\n<h2 class=\"wp-block-heading\"><span style=\"font-weight: 400;\">Tourisme<\/span><\/h2>\n\n\n\n<p><span style=\"font-weight: 400;\">The state of Indiana joins educational values with fun experiences and offers many tourist attractions, including the Snite Museum of Art and the Studebaker National Museum. There&#8217;s also the infamous WonderLab Science Museum. For people who love the outdoors, there are hiking trails with enchanting scenery. There&#8217;s also Prophetstown State Park and campsites like Indiana Dunes National Lakeshore, all of which influence the increase of <a href=\"https:\/\/www.sisinternational.com\/fr\/solutions\/conseil-en-tourisme-de-voyage-et-en-hotellerie\/conseil-en-marketing-pour-la-restauration-hoteliere\/\" title=\"Conseil en marketing h\u00f4telier et restaurant\"  data-wpil-monitor-id=\"8054\">hotels and restaurants<\/a> in such places. Their popularity could attract a large number of people while boosting the business.<\/span><span style=\"font-weight: 400;\">&nbsp;<\/span><\/p>\n\n\n\n<h2 class=\"wp-block-heading\"><span style=\"font-weight: 400;\">Affaires \u00e0 Indianapolis<\/span><\/h2>\n\n\n\n<p><span style=\"font-weight: 400;\">Indianapolis is the core transportation, industrial, and commercial center of the state. It also serves in that role for the Midwest. An enlarged economic base assists Indianapolis. The city&#8217;s prominent industry was manufacturing up until the 1980s. Retailing and <a href=\"https:\/\/www.sisinternational.com\/fr\/solutions\/recherche-de-conseil-en-strategie-fintech\/etude-de-marche-sur-le-secteur-des-services-financiers\/\" title=\"\u00c9tude de march\u00e9 sur le secteur des services financiers\"  data-wpil-monitor-id=\"8052\">services have now replaced this industry<\/a>. Indianapolis is home to the country&#8217;s top sporting events. Each significant sporting event enhances the economy by tens of millions of dollars. It expands the business opportunities while amplifying the tax payments to the city. The major economic factors are the hotel industry, including conventions and tourism.<\/span><\/p>\n\n\n\n<h2 class=\"wp-block-heading\"><span style=\"font-weight: 400;\">Force de travail<\/span><\/h2>\n\n\n\n<p><span style=\"font-weight: 400;\">In Indianapolis alone, the labor force is about one million skilled local workers. Labor estimates show that the worker productivity rate in Indianapolis is very high. In fact, it is higher than the national average. Thus, Indianapolis aids in providing a further boost to the state&#8217;s evergreen economy. This achievement is partly due to the diversity within the vast economy of Indiana. Companies find value in the skilled labor force, transportation, and quality of life. The state also offers business incentives. Thus, it provides many opportunities for investors in business and start-ups.<\/span><\/p>\n\n\n\n<p><span style=\"font-weight: 400;\">Indiana has a favorable business climate.\u00a0 The state&#8217;s business infrastructure continues is robust, and the state continues to improve economic policy, development and incentives. Thus, there are tremendous advantages for investing, start-ups, and business in Indiana. Another advantage is the passionate hard-work of the workforce. <a href=\"https:\/\/www.sisinternational.com\/fr\/competence\/cv-dexperience\/societe-detudes-de-marche-b2b\/\" title=\"Meilleure soci\u00e9t\u00e9 d&#039;\u00e9tudes de march\u00e9 B2B\"  data-wpil-monitor-id=\"8057\">Companies have access to top<\/a> financial professionals, elected officials, and non-profit organizations.<\/span><\/p>\n\n\n\n<h2 class=\"wp-block-heading\">&nbsp;<\/h2>","protected":false},"excerpt":{"rendered":"<p>Nous fournissons des \u00e9tudes de march\u00e9 dans l&#039;Indiana dans des villes telles qu&#039;Indianapolis, Fort Wayne, Bloomington et Evansville.<\/p>","protected":false},"author":1,"featured_media":66566,"parent":19303,"menu_order":26,"comment_status":"closed","ping_status":"closed","template":"","meta":{"footnotes":""},"class_list":["post-32284","page","type-page","status-publish","has-post-thumbnail"],"_links":{"self":[{"href":"https:\/\/www.sisinternational.com\/fr\/wp-json\/wp\/v2\/pages\/32284","targetHints":{"allow":["GET"]}}],"collection":[{"href":"https:\/\/www.sisinternational.com\/fr\/wp-json\/wp\/v2\/pages"}],"about":[{"href":"https:\/\/www.sisinternational.com\/fr\/wp-json\/wp\/v2\/types\/page"}],"author":[{"embeddable":true,"href":"https:\/\/www.sisinternational.com\/fr\/wp-json\/wp\/v2\/users\/1"}],"replies":[{"embeddable":true,"href":"https:\/\/www.sisinternational.com\/fr\/wp-json\/wp\/v2\/comments?post=32284"}],"version-history":[{"count":5,"href":"https:\/\/www.sisinternational.com\/fr\/wp-json\/wp\/v2\/pages\/32284\/revisions"}],"predecessor-version":[{"id":81356,"href":"https:\/\/www.sisinternational.com\/fr\/wp-json\/wp\/v2\/pages\/32284\/revisions\/81356"}],"up":[{"embeddable":true,"href":"https:\/\/www.sisinternational.com\/fr\/wp-json\/wp\/v2\/pages\/19303"}],"wp:featuredmedia":[{"embeddable":true,"href":"https:\/\/www.sisinternational.com\/fr\/wp-json\/wp\/v2\/media\/66566"}],"wp:attachment":[{"href":"https:\/\/www.sisinternational.com\/fr\/wp-json\/wp\/v2\/media?parent=32284"}],"curies":[{"name":"wp","href":"https:\/\/api.w.org\/{rel}","templated":true}]}}