{"id":32275,"date":"2019-07-06T23:36:30","date_gmt":"2019-07-06T23:36:30","guid":{"rendered":"https:\/\/www.sisinternational.com\/?page_id=32275"},"modified":"2025-09-13T19:30:39","modified_gmt":"2025-09-13T23:30:39","slug":"etude-de-marche-au-tennessee","status":"publish","type":"page","link":"https:\/\/www.sisinternational.com\/fr\/couverture\/north-america\/couverture-des-etats-unis\/etude-de-marche-au-tennessee\/","title":{"rendered":"\u00c9tude de march\u00e9 au Tennessee"},"content":{"rendered":"<h1 class=\"wp-block-heading\">\u00c9tude de march\u00e9 au Tennessee<\/h1>\n\n\n\n<figure class=\"gb-block-image gb-block-image-215b0999\"><img loading=\"lazy\" decoding=\"async\" width=\"1456\" height=\"816\" class=\"gb-image gb-image-215b0999\" src=\"https:\/\/www.sisinternational.com\/wp-content\/uploads\/2025\/09\/Tennessee-2.jpg\" alt=\"\u00c9tudes de march\u00e9 et strat\u00e9gie internationales SIS\" title=\"Tennessee (2)\" srcset=\"https:\/\/www.sisinternational.com\/wp-content\/uploads\/2025\/09\/Tennessee-2.jpg 1456w, https:\/\/www.sisinternational.com\/wp-content\/uploads\/2025\/09\/Tennessee-2-300x168.jpg 300w, https:\/\/www.sisinternational.com\/wp-content\/uploads\/2025\/09\/Tennessee-2-1024x574.jpg 1024w, https:\/\/www.sisinternational.com\/wp-content\/uploads\/2025\/09\/Tennessee-2-768x430.jpg 768w, https:\/\/www.sisinternational.com\/wp-content\/uploads\/2025\/09\/Tennessee-2-18x10.jpg 18w\" sizes=\"auto, (max-width: 1456px) 100vw, 1456px\"><\/figure>\n\n\n\n<p><\/p>\n\n\n\n<h2 class=\"wp-block-heading\"><span style=\"font-weight: 400;\">Connu sous le nom d\u2019\u00ab \u00c9tat volontaire \u00bb, le Tennessee est un \u00c9tat enclav\u00e9 du sud des \u00c9tats-Unis. <\/span><\/h2>\n\n\n\n<p><span style=\"font-weight: 400;\">Tennessee is the home of the NFL&#8217;s Tennessee Titans and NHL&#8217;s Nashville Predators. You&#8217;ll also find the legendary Tennessee Volunteers college football program, and the NBA&#8217;s Memphis Grizzlies has its base here.&nbsp; Tennessee has defined geography with a West Tennessee, Middle Tennessee, and East Tennessee. The state bird of Tennessee is the mockingbird, and the state flower (cultivated) is the Iris.&nbsp;&nbsp;<\/span><\/p>\n\n\n\n<h2 class=\"wp-block-heading\"><span style=\"font-weight: 400;\">Les industries du Tennessee<\/span><\/h2>\n\n\n\n<p><span style=\"font-weight: 400;\">The Oak Ridge National <a href=\"https:\/\/www.sisinternational.com\/fr\/competence\/les-industries\/etude-de-marche-en-laboratoire\/\" title=\"\u00c9tude de march\u00e9 en laboratoire\"  data-wpil-monitor-id=\"8058\">Laboratory<\/a> was a principal place for nuclear research. Most of the work for the famed Manhattan Project also took place in Oak Ridge. The Oak Ridge National Laboratory is a significant employer in the state.&nbsp; <\/span><span style=\"font-weight: 400;\">Les grandes industries du Tennessee comprennent l&#039;agriculture, le tourisme et l&#039;industrie manufacturi\u00e8re. Le b\u00e9tail, le soja et la volaille sont les principaux produits agricoles du Tennessee.<\/span><\/p>\n\n\n\n<h2 class=\"wp-block-heading\"><span style=\"font-weight: 400;\">Faire des affaires au Tennessee<\/span><\/h2>\n\n\n\n<p><span style=\"font-weight: 400;\">En tant qu\u2019\u00c9tat du \u00ab droit au travail \u00bb, le manque de syndicats et de travailleurs organis\u00e9s est minime et est en d\u00e9clin. L&#039;\u00c9tat ne pr\u00e9l\u00e8ve aucun imp\u00f4t sur le revenu des personnes physiques sur les salaires des salari\u00e9s. Le taux de ch\u00f4mage en 2016 au Tennessee \u00e9tait de 4,3 pour cent. Le taux de pauvret\u00e9 du Tennessee est sup\u00e9rieur \u00e0 la moyenne nationale am\u00e9ricaine.<\/span><\/p>\n\n\n\n<p><span style=\"font-weight: 400;\">Some of the corporations in Tennessee are AutoZone, International Paper, and FedEx. Others are The Pilot Corporation, Eastman Chemical Company, and the Regal Entertainment Group. Tennessee has Nissan Motor <a href=\"https:\/\/www.sisinternational.com\/fr\/strategie-marketing-complete-pour-une-societe-americaine-de-finances-personnelles-en-ligne\/\" title=\"Strat\u00e9gie marketing compl\u00e8te pour une soci\u00e9t\u00e9 am\u00e9ricaine de finances personnelles en ligne\"  data-wpil-monitor-id=\"8056\">Company&#8217;s North American<\/a> headquarters.<\/span><span style=\"font-weight: 400;\">&nbsp;<\/span><\/p>\n\n\n\n<h2 class=\"wp-block-heading\"><span style=\"font-weight: 400;\">Population du Tennessee<\/span><\/h2>\n\n\n\n<p><span style=\"font-weight: 400;\">The population of Tennessee is over 6.7 million. Since 2010, Tennessee&#8217;s population has increased by 424,000 people. Tennessee has a rank of 16th for the most populated U.S. states. Nashville, with almost 668,000 people, is the largest city by population in the state of Tennessee. Memphis, which has nearly 652,000 people, is second. Knoxville is third on the most populous list with 187,000 people, and Chattanooga is fourth with 132,631. Clarksville is fifth with 121,477 people. Murfreesboro is sixth, Franklin, seventh, and Jackson, eighth. Johnson <a href=\"https:\/\/www.sisinternational.com\/fr\/solutions\/solutions-de-branding-et-de-recherche-client\/etude-de-marche-sur-les-tests-de-produits\/degustation-de-plats-internationaux-de-sis\/\" title=\"Qu&#039;est-ce qui fait de SIS International Research le meilleur cabinet d&#039;\u00e9tudes de march\u00e9 pour les tests de go\u00fbt des aliments \u00e0 New York ?\"  data-wpil-monitor-id=\"8055\">City and Bartlett top<\/a> out the ten biggest cities by population rank in Tennessee.<\/span><\/p>\n\n\n\n<h2 class=\"wp-block-heading\"><span style=\"font-weight: 400;\">Principaux sites touristiques du Tennessee<\/span><\/h2>\n\n\n\n<p><span style=\"font-weight: 400;\">Certaines des principales attractions touristiques du Tennessee sont Ober Gatlinburg et le \u00ab Dollywood \u00bb de Dolly Parton, situ\u00e9 \u00e0 Pigeon Forge. Les autres attractions incluent l&#039;aquarium Ripley et le Parth\u00e9non. Le Tennessee abrite \u00e9galement le Country Music Hall of Fame et son mus\u00e9e. Pour les amateurs de whisky, la distillerie Jack Daniel&#039;s est un lieu pr\u00e9f\u00e9r\u00e9 situ\u00e9 \u00e0 Lynchburg. Le Tennessee abrite \u00e9galement le manoir d&#039;Elvis Presley, Graceland. Des millions de personnes visitent Graceland chaque ann\u00e9e. Graceland comprend les tombes d&#039;Elvis et de ses deux parents.<\/span><span style=\"font-weight: 400;\">&nbsp;<\/span><\/p>\n\n\n\n<p><span style=\"font-weight: 400;\">NASCAR fans can visit the state to watch a car race at the Bristol Motor Speedway. For animal lovers, the Memphis Zoo is a popular attraction. It is accessible to residents of Tennessee and surrounding states. Another great attraction is the National Civil Rights Museum, located in Memphis. This museum gives visitors an in-depth look at the history of the Civil Rights movement and <a href=\"https:\/\/www.sisinternational.com\/fr\/solutions\/solutions-de-branding-et-de-recherche-client\/etude-de-marche-narrative\/\" title=\"\u00c9tude de march\u00e9 sur le storytelling\"  data-wpil-monitor-id=\"8051\">tells the story<\/a> of Martin Luther King.\u00a0<\/span><\/p>\n\n\n\n<h2 class=\"wp-block-heading\"><span style=\"font-weight: 400;\">Avantages de faire des affaires au Tennessee<\/span><\/h2>\n\n\n\n<p><span style=\"font-weight: 400;\">Tennessee never stopped creating goods used all over the world. They continued even when other states gave up on their manufacturing workforce. &#8220;Made in Tennessee&#8221; has special meaning in the international community. Tennessee so believes in its workforce that it&#8217;s investing in education to strengthen it. Companies choose Tennessee for these qualities. They also prefer it because of its sound fiscal <a href=\"https:\/\/www.sisinternational.com\/fr\/solutions\/recherche-de-conseil-en-strategie-fintech\/etude-de-marche-sur-la-gestion-des-investissements\/\" title=\"\u00c9tude de march\u00e9 sur la gestion des investissements\"  data-wpil-monitor-id=\"8053\">management and its investments<\/a> into the economic ecosystem.<\/span><\/p>\n\n\n\n<h2 class=\"wp-block-heading\">&nbsp;<\/h2>","protected":false},"excerpt":{"rendered":"<p>Nous effectuons des \u00e9tudes de march\u00e9 au Tennessee, notamment dans des villes comme Nashville, Memphis, Knoxville et Chattanooga.<\/p>","protected":false},"author":1,"featured_media":66724,"parent":19303,"menu_order":24,"comment_status":"closed","ping_status":"closed","template":"","meta":{"footnotes":""},"class_list":["post-32275","page","type-page","status-publish","has-post-thumbnail"],"_links":{"self":[{"href":"https:\/\/www.sisinternational.com\/fr\/wp-json\/wp\/v2\/pages\/32275","targetHints":{"allow":["GET"]}}],"collection":[{"href":"https:\/\/www.sisinternational.com\/fr\/wp-json\/wp\/v2\/pages"}],"about":[{"href":"https:\/\/www.sisinternational.com\/fr\/wp-json\/wp\/v2\/types\/page"}],"author":[{"embeddable":true,"href":"https:\/\/www.sisinternational.com\/fr\/wp-json\/wp\/v2\/users\/1"}],"replies":[{"embeddable":true,"href":"https:\/\/www.sisinternational.com\/fr\/wp-json\/wp\/v2\/comments?post=32275"}],"version-history":[{"count":3,"href":"https:\/\/www.sisinternational.com\/fr\/wp-json\/wp\/v2\/pages\/32275\/revisions"}],"predecessor-version":[{"id":81357,"href":"https:\/\/www.sisinternational.com\/fr\/wp-json\/wp\/v2\/pages\/32275\/revisions\/81357"}],"up":[{"embeddable":true,"href":"https:\/\/www.sisinternational.com\/fr\/wp-json\/wp\/v2\/pages\/19303"}],"wp:featuredmedia":[{"embeddable":true,"href":"https:\/\/www.sisinternational.com\/fr\/wp-json\/wp\/v2\/media\/66724"}],"wp:attachment":[{"href":"https:\/\/www.sisinternational.com\/fr\/wp-json\/wp\/v2\/media?parent=32275"}],"curies":[{"name":"wp","href":"https:\/\/api.w.org\/{rel}","templated":true}]}}