{"id":31975,"date":"2019-06-15T05:19:22","date_gmt":"2019-06-15T05:19:22","guid":{"rendered":"https:\/\/www.sisinternational.com\/?page_id=31975"},"modified":"2026-01-25T17:07:45","modified_gmt":"2026-01-25T22:07:45","slug":"etude-de-marche-a-anvers","status":"publish","type":"page","link":"https:\/\/www.sisinternational.com\/fr\/couverture\/leurope-%ef%83%97\/etude-de-marche-a-anvers\/","title":{"rendered":"Etude de march\u00e9 \u00e0 Anvers"},"content":{"rendered":"<h1 class=\"wp-block-heading\">Etude de march\u00e9 \u00e0 Anvers<\/h1>\n\n\n\n<figure class=\"gb-block-image gb-block-image-60d3c661\"><img loading=\"lazy\" decoding=\"async\" width=\"1456\" height=\"816\" class=\"gb-image gb-image-60d3c661\" src=\"https:\/\/www.sisinternational.com\/wp-content\/uploads\/2025\/09\/Antwerp-2.jpg\" alt=\"\u00c9tudes de march\u00e9 et strat\u00e9gie internationales SIS\" title=\"Antwerp (2)\" srcset=\"https:\/\/www.sisinternational.com\/wp-content\/uploads\/2025\/09\/Antwerp-2.jpg 1456w, https:\/\/www.sisinternational.com\/wp-content\/uploads\/2025\/09\/Antwerp-2-300x168.jpg 300w, https:\/\/www.sisinternational.com\/wp-content\/uploads\/2025\/09\/Antwerp-2-1024x574.jpg 1024w, https:\/\/www.sisinternational.com\/wp-content\/uploads\/2025\/09\/Antwerp-2-768x430.jpg 768w, https:\/\/www.sisinternational.com\/wp-content\/uploads\/2025\/09\/Antwerp-2-18x10.jpg 18w\" sizes=\"auto, (max-width: 1456px) 100vw, 1456px\"><\/figure>\n\n\n\n<p><\/p>\n\n\n\n<h2 class=\"wp-block-heading\">Les \u00e9tudes de march\u00e9 \u00e0 Anvers fournissent des donn\u00e9es et des informations sur les clients pour un avantage commercial.<\/h2>\n\n\n\n<p>Antwerp is a city in the north of Belgium. It has several dominant business sectors such as the marine sector, electricity, the chemical industry, and diamonds.<\/p>\n\n\n\n<p>Le port d&#039;Anvers est le deuxi\u00e8me plus grand port europ\u00e9en apr\u00e8s Rotterdam et l&#039;activit\u00e9 \u00e9conomique la plus importante de la ville. Gr\u00e2ce \u00e0 l&#039;Escaut, Anvers b\u00e9n\u00e9ficie d&#039;un emplacement strat\u00e9gique tr\u00e8s attractif. En fait, le fleuve est l&#039;un des canaux les plus importants de Belgique.<\/p>\n\n\n\n<p>Anvers est reli\u00e9e aux zones industrielles allemandes et au canal Willebroek, au port de Bruxelles.<\/p>\n\n\n\n<p>Electricity generation is also an important activity with four nuclear power plants in Doel, a conventional power plant in Kallo, and several small power plants.<\/p>\n\n\n\n<p>L&#039;autre pilier principal d&#039;Anvers est le commerce du diamant, qui se d\u00e9roule en grande partie dans le quartier des diamantaires.<\/p>\n\n\n\n<p>La ville est prosp\u00e8re et couvre un vaste territoire, ce qui cr\u00e9e de nombreuses opportunit\u00e9s et emplois.<\/p>\n\n\n\n<p>The city has four diamond exchanges: the Diamond Club of Antwerp (the oldest in the world), Beurs voor Diamanthandel, Antwerp Diamantkring and Vrije Diamanthandel. The Antwerp World Diamond Center is located in the Diamond Quarter.&nbsp; It is one partnership representing the Antwerp diamond sector. The Diamond Office in the heart of the Antwerp World Diamond Center which regulates the export and import of diamonds.<\/p>\n\n\n\n<p>L&#039;industrie chimique est \u00e9galement bien d\u00e9velopp\u00e9e, puisque l&#039;usine BASF d&#039;Anvers est la plus grande usine en dehors de l&#039;Allemagne.<\/p>\n\n\n\n<div class=\"fusion-text\">\n<h2 data-fontsize=\"28\" data-lineheight=\"46\">\u00c0 propos des \u00e9tudes de march\u00e9 \u00e0 Anvers<\/h2>\n<p><a href=\"https:\/\/www.sisinternational.com\/fr\/contacter-sis-etude-de-marche-internationale\/\" title=\"Contactez-nous\"  data-wpil-monitor-id=\"9272\">Recherche internationale SIS<\/a> provides comprehensive solutions in the marine, diamond, electricity and many other industries.&nbsp; SIS keeps you competitive by providing a complete view of the business landscape, including through market opportunities, competitor analytics, and business intelligence.<\/p>\n<p>Market research in Antwerp enables companies to determine how to best satisfy customer needs. This gives the company information about many factors that influence the business. It also helps companies to <a href=\"https:\/\/www.sisinternational.com\/fr\/solutions\/conseil-en-strategie\/conseil-en-execution-de-developpement-de-strategie\/\" title=\"Conseil en d\u00e9veloppement et ex\u00e9cution de strat\u00e9gies\"  data-wpil-monitor-id=\"9277\">develop more effective strategies<\/a> and reduce risk and inefficiency.<\/p>\n<p>We conduct Qualitative, <a href=\"https:\/\/www.sisinternational.com\/fr\/how-to-design-effective-surveys-for-quantitative-research\/\" title=\"How to Design Effective Surveys for Quantitative Research\"  data-wpil-monitor-id=\"9275\">Quantitative and Strategy Research<\/a>.&nbsp; Our Qualitative Methods include Focus Groups, Video Interviews, In-Depth Interviews, Ethnography, Co-Creation and Online Communities.&nbsp; Our Quantitative Methods include mobile, telephone and online surveys.&nbsp; Our Strategy Research solutions include Competitive Analysis, Channel Intelligence, <a href=\"https:\/\/www.sisinternational.com\/fr\/couverture\/etude-de-marche-en-asie\/etude-de-marche-philippin\/\" title=\"\u00c9tude de march\u00e9 philippin\"  data-wpil-monitor-id=\"3999\">Market Opportunity Assessments and Strategic Repositioning research<\/a><\/p>\n<\/div>\n\n\n\n<div class=\"fusion-text\">\n<h2 data-fontsize=\"28\" data-lineheight=\"46\">&nbsp;<\/h2>\n<\/div>\n\n\n\n<h2 class=\"wp-block-heading\">&nbsp;<\/h2>","protected":false},"excerpt":{"rendered":"<p>D\u00e9couvrez de nouvelles opportunit\u00e9s avec Market Research \u00e0 Anvers, Belgique.<\/p>","protected":false},"author":1,"featured_media":66147,"parent":14510,"menu_order":30,"comment_status":"closed","ping_status":"closed","template":"","meta":{"footnotes":""},"class_list":["post-31975","page","type-page","status-publish","has-post-thumbnail"],"_links":{"self":[{"href":"https:\/\/www.sisinternational.com\/fr\/wp-json\/wp\/v2\/pages\/31975","targetHints":{"allow":["GET"]}}],"collection":[{"href":"https:\/\/www.sisinternational.com\/fr\/wp-json\/wp\/v2\/pages"}],"about":[{"href":"https:\/\/www.sisinternational.com\/fr\/wp-json\/wp\/v2\/types\/page"}],"author":[{"embeddable":true,"href":"https:\/\/www.sisinternational.com\/fr\/wp-json\/wp\/v2\/users\/1"}],"replies":[{"embeddable":true,"href":"https:\/\/www.sisinternational.com\/fr\/wp-json\/wp\/v2\/comments?post=31975"}],"version-history":[{"count":5,"href":"https:\/\/www.sisinternational.com\/fr\/wp-json\/wp\/v2\/pages\/31975\/revisions"}],"predecessor-version":[{"id":81551,"href":"https:\/\/www.sisinternational.com\/fr\/wp-json\/wp\/v2\/pages\/31975\/revisions\/81551"}],"up":[{"embeddable":true,"href":"https:\/\/www.sisinternational.com\/fr\/wp-json\/wp\/v2\/pages\/14510"}],"wp:featuredmedia":[{"embeddable":true,"href":"https:\/\/www.sisinternational.com\/fr\/wp-json\/wp\/v2\/media\/66147"}],"wp:attachment":[{"href":"https:\/\/www.sisinternational.com\/fr\/wp-json\/wp\/v2\/media?parent=31975"}],"curies":[{"name":"wp","href":"https:\/\/api.w.org\/{rel}","templated":true}]}}