{"id":31852,"date":"2019-06-09T23:12:39","date_gmt":"2019-06-09T23:12:39","guid":{"rendered":"https:\/\/www.sisinternational.com\/?page_id=31852"},"modified":"2026-01-26T18:39:28","modified_gmt":"2026-01-26T23:39:28","slug":"etude-de-marche-sur-le-trading-algorithmique","status":"publish","type":"page","link":"https:\/\/www.sisinternational.com\/fr\/solutions\/recherche-de-conseil-en-strategie-fintech\/etude-de-marche-sur-le-trading-algorithmique\/","title":{"rendered":"\u00c9tude de march\u00e9 sur le trading algorithmique"},"content":{"rendered":"<h1 class=\"gb-headline gb-headline-96057d69 gb-headline-text\">\u00c9tude de march\u00e9 sur le trading algorithmique<\/h1>\n\n\n\n<figure class=\"gb-block-image gb-block-image-eb64fc68\"><img loading=\"lazy\" decoding=\"async\" width=\"1456\" height=\"816\" class=\"gb-image gb-image-eb64fc68\" src=\"https:\/\/www.sisinternational.com\/wp-content\/uploads\/2025\/08\/Finance-13.jpg\" alt=\"\u00c9tudes de march\u00e9 et strat\u00e9gie internationales SIS\" title=\"Finance (13)\" srcset=\"https:\/\/www.sisinternational.com\/wp-content\/uploads\/2025\/08\/Finance-13.jpg 1456w, https:\/\/www.sisinternational.com\/wp-content\/uploads\/2025\/08\/Finance-13-300x168.jpg 300w, https:\/\/www.sisinternational.com\/wp-content\/uploads\/2025\/08\/Finance-13-1024x574.jpg 1024w, https:\/\/www.sisinternational.com\/wp-content\/uploads\/2025\/08\/Finance-13-768x430.jpg 768w, https:\/\/www.sisinternational.com\/wp-content\/uploads\/2025\/08\/Finance-13-18x10.jpg 18w\" sizes=\"auto, (max-width: 1456px) 100vw, 1456px\"><\/figure>\n\n\n\n<hr class=\"wp-block-separator has-alpha-channel-opacity is-style-dots\"\/>\n\n\n\n<h2 class=\"wp-block-heading\"><strong>Le trading algorithmique est en hausse<\/strong><\/h2>\n\n\n\n<p><span style=\"font-weight: 400;\">Algorithmic Trading involves pre-programmed trades to efficiently and automatically execute financial trading. Investment Banks, Pension Funds, Mutual Funds, and other Institutional Investors commonly use it.\u00a0 Algorithms are a set of rules and instructions made by computer programs. Finance companies use algorithms on the stock exchange to automate the execution of new changes in the market without any human intervention. With the rise of data science and technology in finance, algorithmic trading is rising and transforming financial markets.<\/span><\/p>\n\n\n\n<h2 class=\"wp-block-heading\"><strong>Qu\u2019est-ce que l\u2019\u00e9tude de march\u00e9 sur le trading algorithmique ?<\/strong><\/h2>\n\n\n\n<p><span style=\"font-weight: 400;\">Algorithmic <a href=\"https:\/\/www.sisinternational.com\/fr\/comprendre-le-systeme-europeen-dechange-de-quotas-demission-et-un-rapport-sis\/\" title=\"\u00c9tude de march\u00e9 sur l\u2019\u00e9change de droits d\u2019\u00e9mission\"  data-wpil-monitor-id=\"1725\">trading market research<\/a> involves systematically analyzing financial markets, trading strategies, and market data using quantitative techniques, statistical models, and machine learning algorithms. The primary objective of this research is to develop, backtest, and optimize algorithmic trading strategies that generate alpha and outperform traditional trading approaches.<\/span><\/p>\n\n\n\n<h2 class=\"wp-block-heading\"><strong>Pourquoi les entreprises ont-elles besoin d\u2019\u00e9tudes de march\u00e9 sur le trading algorithmique ?<\/strong><\/h2>\n\n\n\n<figure class=\"gb-block-image gb-block-image-7e981f12\"><img loading=\"lazy\" decoding=\"async\" width=\"1456\" height=\"816\" class=\"gb-image gb-image-7e981f12\" src=\"https:\/\/www.sisinternational.com\/wp-content\/uploads\/2025\/09\/Forex-1.jpg\" alt=\"\u00c9tudes de march\u00e9 et strat\u00e9gie internationales SIS\" title=\"Forex (1)\" srcset=\"https:\/\/www.sisinternational.com\/wp-content\/uploads\/2025\/09\/Forex-1.jpg 1456w, https:\/\/www.sisinternational.com\/wp-content\/uploads\/2025\/09\/Forex-1-300x168.jpg 300w, https:\/\/www.sisinternational.com\/wp-content\/uploads\/2025\/09\/Forex-1-1024x574.jpg 1024w, https:\/\/www.sisinternational.com\/wp-content\/uploads\/2025\/09\/Forex-1-768x430.jpg 768w, https:\/\/www.sisinternational.com\/wp-content\/uploads\/2025\/09\/Forex-1-18x10.jpg 18w\" sizes=\"auto, (max-width: 1456px) 100vw, 1456px\"><\/figure>\n\n\n\n<p><\/p>\n\n\n\n<p><span style=\"font-weight: 400;\">Businesses require algorithmic trading market research to understand market dynamics, identify emerging trends, and gain insights into investor behavior. Companies can make informed decisions regarding their trading strategies and investment allocations by analyzing market data and macroeconomic indicators.<\/span><\/p>\n\n\n\n<p><span style=\"font-weight: 400;\">Moreover, algorithmic trading market research helps businesses enhance their trading performance and optimize their investment portfolios. This research also enables businesses to diversify their trading strategies, manage risk effectively, and capitalize on market inefficiencies.<\/span><\/p>\n\n\n\n<p><span style=\"font-weight: 400;\">Les \u00e9tudes de march\u00e9 sur le trading algorithmique sont \u00e9galement essentielles pour naviguer sur des march\u00e9s financiers complexes, optimiser leurs performances commerciales, automatiser leurs op\u00e9rations de trading et se conformer aux exigences r\u00e9glementaires\u2026 Mais elles pr\u00e9sentent de nombreux autres avantages pour les entreprises, notamment :<\/span><\/p>\n\n\n\n<p><b>\u2022 Am\u00e9lioration de la gestion des risques<\/b>: Market research enables businesses to assess and mitigate risks associated with <a href=\"https:\/\/www.sisinternational.com\/fr\/marketing-direct\/\" title=\"Qu\u2019est-ce que le marketing direct ?\"  data-wpil-monitor-id=\"6988\">algorithmic trading strategies<\/a>, and develop robust risk management strategies to protect their investments and minimize losses.<\/span><\/p>\n\n\n\n<p><b>\u2022 Prise de d\u00e9cision plus rapide<\/b><span style=\"font-weight: 400;\">: Algorithmic trading market research facilitates faster decision-making by providing businesses with real-time market insights and actionable intelligence. By leveraging advanced data analytics and predictive modeling techniques, companies can make informed investment decisions quickly and decisively, gaining a competitive edge in the marketplace.<\/span><\/p>\n\n\n\n<p><b>\u2022 Rapport co\u00fbt-efficacit\u00e9<\/b><span style=\"font-weight: 400;\">: Les \u00e9tudes de march\u00e9 sur le trading algorithmique aident les entreprises \u00e0 optimiser leurs strat\u00e9gies de trading, \u00e0 r\u00e9duire les co\u00fbts de trading, \u00e0 rationaliser leurs op\u00e9rations de trading, \u00e0 minimiser les co\u00fbts de transaction et \u00e0 am\u00e9liorer la rentabilit\u00e9 globale.<\/span><\/p>\n\n\n\n<p><b>\u2022 \u00c9volutivit\u00e9<\/b><span style=\"font-weight: 400;\">: Les \u00e9tudes de march\u00e9 sur le trading algorithmique permettent aux entreprises d&#039;\u00e9tendre efficacement leurs op\u00e9rations de trading, en \u00e9largissant leurs activit\u00e9s de trading sur plusieurs march\u00e9s et classes d&#039;actifs, sans compromettre les performances ou l&#039;efficacit\u00e9.<\/span><\/p>\n\n\n\n<h2 class=\"wp-block-heading\"><strong>Facteurs cl\u00e9s de succ\u00e8s<\/strong><\/h2>\n\n\n\n<p><span style=\"font-weight: 400;\">Dans le domaine des \u00e9tudes de march\u00e9 sur le trading algorithmique, plusieurs facteurs cl\u00e9s de succ\u00e8s contribuent \u00e0 l\u2019efficacit\u00e9 et \u00e0 l\u2019efficience des efforts de recherche \u2013 et voici quelques facteurs cl\u00e9s de succ\u00e8s que les entreprises doivent prendre en compte avant de mener une \u00e9tude de march\u00e9 sur le trading algorithmique\u00a0:<\/span><\/p>\n\n\n\n<p><b>\u2022 Qualit\u00e9 et accessibilit\u00e9 des donn\u00e9es<\/b><span style=\"font-weight: 400;\">: High-quality data is the cornerstone of effective algorithmic trading market research. Businesses must have access to reliable, accurate, and timely <a href=\"https:\/\/www.sisinternational.com\/fr\/couverture\/etude-de-marche-en-asie\/etude-de-marche-philippin\/\" title=\"\u00c9tude de march\u00e9 philippin\"  data-wpil-monitor-id=\"4003\">market data to conduct thorough research<\/a> and analysis.<\/span><\/p>\n\n\n\n<p><b>\u2022 Infrastructure technologique<\/b>: A robust technology infrastructure is essential to support <a href=\"https:\/\/www.sisinternational.com\/fr\/competence\/les-industries\/technologie-medicale-etude-de-marche-sur-les-technologies-medicales\/\" title=\"\u00c9tude de march\u00e9 sur la technologie m\u00e9dicale (Med Tech)\"  data-wpil-monitor-id=\"4219\">\u00e9tude de march\u00e9 sur le trading algorithmique<\/a> efforts. Businesses must invest in scalable and reliable technology infrastructure, including high-speed connectivity, powerful computing resources, and secure data storage.<\/span><\/p>\n\n\n\n<p><b>\u2022 Cadre de gestion des risques<\/b><span style=\"font-weight: 400;\">: Businesses must implement a robust risk management framework to identify, assess, and mitigate risks associated with algorithmic trading strategies. This framework should include comprehensive risk assessment processes, monitoring mechanisms, and contingency plans to manage unexpected events.<\/span><\/p>\n\n\n\n<p><b>\u2022 Apprentissage continu et adaptation<\/b><span style=\"font-weight: 400;\">: Financial markets are dynamic and ever-changing, requiring businesses to learn and adapt to new market conditions and trends continuously. Businesses must foster a culture of continuous learning and adaptation, encouraging researchers to stay abreast of the latest developments in algorithmic trading, technological advancements, and regulatory changes.<\/span><\/p>\n\n\n\n<h2 class=\"wp-block-heading\">Comment les \u00e9tudes de march\u00e9 soutiennent les soci\u00e9t\u00e9s financi\u00e8res<\/h2>\n\n\n\n<figure class=\"gb-block-image gb-block-image-9050a3d3\"><img loading=\"lazy\" decoding=\"async\" width=\"1456\" height=\"816\" class=\"gb-image gb-image-9050a3d3\" src=\"https:\/\/www.sisinternational.com\/wp-content\/uploads\/2025\/09\/Forex-7.jpg\" alt=\"\u00c9tudes de march\u00e9 et strat\u00e9gie internationales SIS\" title=\"Forex (7)\" srcset=\"https:\/\/www.sisinternational.com\/wp-content\/uploads\/2025\/09\/Forex-7.jpg 1456w, https:\/\/www.sisinternational.com\/wp-content\/uploads\/2025\/09\/Forex-7-300x168.jpg 300w, https:\/\/www.sisinternational.com\/wp-content\/uploads\/2025\/09\/Forex-7-1024x574.jpg 1024w, https:\/\/www.sisinternational.com\/wp-content\/uploads\/2025\/09\/Forex-7-768x430.jpg 768w, https:\/\/www.sisinternational.com\/wp-content\/uploads\/2025\/09\/Forex-7-18x10.jpg 18w\" sizes=\"auto, (max-width: 1456px) 100vw, 1456px\"><\/figure>\n\n\n\n<p><\/p>\n\n\n\n<p><span style=\"font-weight: 400;\">Les organisations et les entreprises ont de nombreuses raisons de s\u2019appuyer sur les \u00e9tudes de march\u00e9. Premi\u00e8rement, cela propulse la croissance. Cela aide \u00e9galement les entreprises \u00e0 trouver des id\u00e9es sur la mani\u00e8re d\u2019introduire de nouveaux d\u00e9clencheurs de march\u00e9. La recherche est essentielle lorsque les entreprises lancent de nouveaux produits ou con\u00e7oivent de nouveaux services. Voici pourquoi vous devriez investir dans une \u00e9tude de march\u00e9 strat\u00e9gique.<\/span><\/p>\n\n\n\n<h2 class=\"wp-block-heading\"><span style=\"font-weight: 400;\">1. Cela permet de minimiser les risques d\u2019investissement<\/span><\/h2>\n\n\n\n<p><span style=\"font-weight: 400;\">Research helps businesses narrow their <a href=\"https:\/\/www.sisinternational.com\/fr\/quest-ce-quun-groupe-de-discussion\/\" title=\"Qu&#039;est-ce qu&#039;un groupe de discussion\u00a0?\"  data-wpil-monitor-id=\"1480\">focus to a specific potential market group<\/a>, reducing costs for product testing, market testing, and overall marketing plans.<\/span><\/p>\n\n\n\n<h2 class=\"wp-block-heading\"><span style=\"font-weight: 400;\">2. Cela vous aide \u00e0 reconna\u00eetre les opportunit\u00e9s et les menaces potentielles<\/span><\/h2>\n\n\n\n<p><span style=\"font-weight: 400;\">Vous pouvez utiliser \u00e0 la fois la recherche secondaire (recherche documentaire) et la recherche primaire (travail de terrain). Vous pouvez consid\u00e9rer ces m\u00e9thodes comme une assurance. Ils vous prot\u00e8gent des dangers qui pourraient entraver votre croissance potentielle. Pourquoi le recours \u00e0 une recherche qualitative efficace est-il une bonne id\u00e9e\u00a0? Les entreprises peuvent l&#039;utiliser pour mettre en \u00e9vidence et identifier des menaces ou des opportunit\u00e9s sp\u00e9cifiques. Dans d\u2019autres circonstances, vous auriez peut-\u00eatre ignor\u00e9 ces opportunit\u00e9s et menaces.<\/span><\/p>\n\n\n\n<h2 class=\"wp-block-heading\"><span style=\"font-weight: 400;\">3. Les \u00e9tudes de march\u00e9 aident votre entreprise \u00e0 d\u00e9couvrir les faiblesses et les forces de vos concurrents<\/span><\/h2>\n\n\n\n<p><span style=\"font-weight: 400;\">Market Research is helpful in the FinTech market. Firms that rely on new technology advancements can benefit from thorough market research. Make sure a <a href=\"https:\/\/www.sisinternational.com\/fr\/competence\/les-industries\/etude-de-marche-sur-la-reputation\/\" title=\"\u00c9tude de march\u00e9 sur la r\u00e9putation\"  data-wpil-monitor-id=\"4095\">reputable company does your market research<\/a>.&nbsp; <\/span><\/p>\n\n\n\n<p><span style=\"font-weight: 400;\">Research and Competitive Intelligence can help you anticipate market movements. Corporate Intelligence that leverages Game Theory and Scenario Planning can help you understand competitors&#8217; motivations.<\/span><\/p>\n\n\n\n<p><span style=\"font-weight: 400;\">Adopting an &#8220;eyes wide open&#8221; approach to any research project is best. Research done by professional analysts will help you discover potential competitor gaps. You can fill these gaps and exploit them as possible growth engines for your firm.<\/span><\/p>\n\n\n\n<h2 class=\"wp-block-heading\"><span style=\"font-weight: 400;\">4. Il aide les entreprises \u00e0 rep\u00e9rer les tendances \u00e9mergentes<\/span><\/h2>\n\n\n\n<p><span style=\"font-weight: 400;\">Proper market research can help firms discover new business trends. These trends can help to keep the firms ahead of their competitors. When businesses notice them, launching relevant new products and services is easier.<\/span><\/p>\n\n\n\n<h2 class=\"wp-block-heading\"><strong>Technologies et outils d\u2019\u00e9tude de march\u00e9 sur le trading algorithmique<\/strong><\/h2>\n\n\n\n<p><span style=\"font-weight: 400;\">In algorithmic trading market research, businesses leverage various advanced technologies and tools to analyze market data, develop trading strategies, and optimize algorithmic trading systems.<\/span><\/p>\n\n\n\n<p><b>\u2022 Plateformes d&#039;analyse de donn\u00e9es<\/b><span style=\"font-weight: 400;\">: Businesses use advanced data analytics platforms equipped with data visualization, statistical analysis, and machine learning algorithms to uncover insights from historical market data, identify trading patterns, and develop predictive models.<\/span><\/p>\n\n\n\n<p><b>\u2022 Flux de donn\u00e9es de march\u00e9<\/b><span style=\"font-weight: 400;\">: Les flux de donn\u00e9es de march\u00e9 sont essentiels pour acc\u00e9der aux donn\u00e9es de march\u00e9 en temps r\u00e9el et ex\u00e9cuter des transactions sur les march\u00e9s financiers. Les entreprises s&#039;appuient sur des flux de donn\u00e9es de march\u00e9 de haute qualit\u00e9 provenant des bourses, des fournisseurs de donn\u00e9es et des fournisseurs de donn\u00e9es de march\u00e9 pour rester inform\u00e9es des prix du march\u00e9, des volumes de transactions et des niveaux de liquidit\u00e9, ce qui leur permet de prendre des d\u00e9cisions commerciales en temps opportun et d&#039;ex\u00e9cuter des transactions avec pr\u00e9cision.<\/span><\/p>\n\n\n\n<p><b>\u2022\u00a0Services de cloud computing<\/b>: Cloud computing services provide businesses with scalable and cost-effective computing resources for conducting <a href=\"https:\/\/www.sisinternational.com\/fr\/solutions\/ai-etudes-de-marche-et-conseil-en-strategie\/etude-de-marche-sur-lia-en-vision-par-ordinateur\/\" title=\"\u00c9tude de march\u00e9 sur l\u2019IA en vision par ordinateur\"  data-wpil-monitor-id=\"2768\">\u00e9tude de march\u00e9 sur le trading algorithmique<\/a>. Businesses leverage cloud computing platforms to deploy algorithmic trading systems, run backtests, and analyze large datasets without needing extensive on-premises infrastructure.<\/span><\/p>\n\n\n\n<h2 class=\"wp-block-heading\"><strong>Opportunit\u00e9s dans les \u00e9tudes de march\u00e9 sur le trading algorithmique&nbsp;<\/strong><\/h2>\n\n\n\n<figure class=\"gb-block-image gb-block-image-e665e531\"><img loading=\"lazy\" decoding=\"async\" width=\"1456\" height=\"816\" class=\"gb-image gb-image-e665e531\" src=\"https:\/\/www.sisinternational.com\/wp-content\/uploads\/2025\/09\/Forex-6.jpg\" alt=\"\u00c9tudes de march\u00e9 et strat\u00e9gie internationales SIS\" title=\"Forex (6)\" srcset=\"https:\/\/www.sisinternational.com\/wp-content\/uploads\/2025\/09\/Forex-6.jpg 1456w, https:\/\/www.sisinternational.com\/wp-content\/uploads\/2025\/09\/Forex-6-300x168.jpg 300w, https:\/\/www.sisinternational.com\/wp-content\/uploads\/2025\/09\/Forex-6-1024x574.jpg 1024w, https:\/\/www.sisinternational.com\/wp-content\/uploads\/2025\/09\/Forex-6-768x430.jpg 768w, https:\/\/www.sisinternational.com\/wp-content\/uploads\/2025\/09\/Forex-6-18x10.jpg 18w\" sizes=\"auto, (max-width: 1456px) 100vw, 1456px\"><\/figure>\n\n\n\n<p><\/p>\n\n\n\n<p><span style=\"font-weight: 400;\">Les \u00e9tudes de march\u00e9 sur le trading algorithmique offrent aux entreprises de nombreuses opportunit\u00e9s d\u2019acqu\u00e9rir un avantage concurrentiel, d\u2019am\u00e9liorer leurs performances commerciales et de tirer parti des inefficacit\u00e9s du march\u00e9. Voici quelques opportunit\u00e9s cl\u00e9s aujourd\u2019hui\u00a0:<\/span><\/p>\n\n\n\n<p><b>\u2022 Analyse de la microstructure du march\u00e9<\/b><span style=\"font-weight: 400;\">: Algorithmic trading market research provides businesses with insights into market microstructure, or the internal mechanics of financial markets. By analyzing market microstructure data, order flow dynamics, and liquidity patterns, businesses can better understand market dynamics, identify trading opportunities, and optimize their trading strategies for improved execution quality.<\/span><\/p>\n\n\n\n<p><b>\u2022 D\u00e9veloppement d&#039;une strat\u00e9gie quantitative<\/b><span style=\"font-weight: 400;\">: Les entreprises peuvent tirer parti des \u00e9tudes de march\u00e9 sur le trading algorithmique pour d\u00e9velopper des strat\u00e9gies de trading quantitatives qui exploitent les anomalies statistiques et les inefficacit\u00e9s du march\u00e9.<\/span><\/p>\n\n\n\n<p><b>\u2022 Diversification et optimisation du portefeuille<\/b><span style=\"font-weight: 400;\">: Les \u00e9tudes de march\u00e9 sur le trading algorithmique permettent aux entreprises de diversifier leurs strat\u00e9gies de trading et d&#039;optimiser leurs portefeuilles d&#039;investissement pour de meilleurs rendements ajust\u00e9s au risque.<\/span><\/p>\n\n\n\n<h2 class=\"wp-block-heading\"><strong>D\u00e9fis de l\u2019\u00e9tude de march\u00e9 sur le trading algorithmique&nbsp;<\/strong><\/h2>\n\n\n\n<p><span style=\"font-weight: 400;\">Les entreprises sont confront\u00e9es \u00e0 plusieurs d\u00e9fis pour tirer parti efficacement de ces opportunit\u00e9s \u2013 et surmonter ces d\u00e9fis est essentiel pour que les entreprises r\u00e9ussissent dans leurs \u00e9tudes de march\u00e9 sur le trading algorithmique et atteignent leurs objectifs commerciaux.&nbsp;<\/span><\/p>\n\n\n\n<p><b>\u2022 Qualit\u00e9 et disponibilit\u00e9 des donn\u00e9es<\/b><span style=\"font-weight: 400;\">: One of the primary challenges in algorithmic trading market research is the quality and availability of data. Businesses rely on vast historical and real-time market data to develop and backtest trading strategies. However, ensuring market data&#8217;s accuracy, completeness, and timeliness can be challenging, especially when dealing with multiple data sources and formats.<\/span><\/p>\n\n\n\n<p><b>\u2022 Infrastructure technologique<\/b><span style=\"font-weight: 400;\">: Les entreprises ont besoin d&#039;acc\u00e9der \u00e0 des ressources informatiques hautes performances, \u00e0 des solutions de stockage de donn\u00e9es et \u00e0 une infrastructure r\u00e9seau pour traiter de gros volumes de donn\u00e9es de march\u00e9, ex\u00e9cuter des backtests et d\u00e9ployer des syst\u00e8mes de trading automatis\u00e9s. La gestion et le d\u00e9veloppement de cette infrastructure technologique peuvent poser des d\u00e9fis, en particulier pour les petites entreprises aux ressources limit\u00e9es.<\/span><\/p>\n\n\n\n<p><b>\u2022 Dynamique et volatilit\u00e9 du march\u00e9<\/b><span style=\"font-weight: 400;\">: Financial markets are inherently complex and dynamic, characterized by rapid changes in market conditions, volatility, and liquidity. Businesses conducting algorithmic trading market research need to develop robust trading strategies that can adapt to changing market dynamics and effectively navigate volatile market conditions.<\/span><\/p>\n\n\n\n<h2 class=\"wp-block-heading\"><strong>\u00c0 propos des \u00e9tudes de march\u00e9 sur le trading algorithmique<\/strong><\/h2>\n\n\n\n<p><span style=\"font-weight: 400;\">Businesses use quantitative research to give a numerical value to problems. This type of research generates valuable statistical data. Enterprises use it to quantify behaviors, opinions, attitudes, and other variables. These variables relate to your business&#8217;s potential market. <\/span><\/p>\n\n\n\n<p><span style=\"font-weight: 400;\">Alternativement, les entreprises utilisent la recherche qualitative pour comprendre les opinions, les raisons et les motivations sous-jacentes. Il donne un aper\u00e7u des probl\u00e8mes rencontr\u00e9s par votre entreprise ou organisation. De cette mani\u00e8re, il propose de nouvelles id\u00e9es et des solutions possibles.<\/span><\/p>\n\n\n\n<p><span style=\"font-weight: 400;\">Market Research can greatly benefit Algorithmic trading firms as they navigate the complicated financial markets. It will help you to make better short- and long-term decisions for your company.&nbsp;<\/span><\/p>\n\n\n\n<h2 class=\"wp-block-heading\">Notre emplacement \u00e0 New York<\/h2>\n\n\n\n<p>  <iframe loading=\"lazy\" src=\"https:\/\/www.google.com\/maps\/embed?pb=!1m18!1m12!1m3!1d3022.976188376966!2d-73.99130312499956!3d40.740549471389315!2m3!1f0!2f0!3f0!3m2!1i1024!2i768!4f13.1!3m3!1m2!1s0x89c259a15798c731%3A0xd695d09bdd495f25!2s11%20E%2022nd%20St%20FL%202%2C%20New%20York%2C%20NY%2010010%2C%20USA!5e0!3m2!1sen!2spe!4v1726171763526!5m2!1sen!2spe\" width=\"600\" height=\"450\" allowfullscreen=\"allowfullscreen\" data-mce-fragment=\"1\"><\/iframe>  <\/p>\n\n\n\n<h3 class=\"wp-block-heading\">11 E 22nd Street, \u00e9tage 2, New York, NY 10010 T\u00e9l. : +1(212) 505-6805<\/h3>\n\n\n\n<hr class=\"wp-block-separator has-alpha-channel-opacity\"\/>\n\n\n\n<h2 class=\"wp-block-heading\"><span style=\"font-weight: 400;\">\u00c0 propos de SIS International<\/span><\/h2>\n\n\n\n<p><a href=\"https:\/\/www.sisinternational.com\/fr\/\"><span style=\"font-weight: 400;\">SIS International<\/span><\/a><span style=\"font-weight: 400;\"> propose des recherches quantitatives, qualitatives et strat\u00e9giques. Nous fournissons des donn\u00e9es, des outils, des strat\u00e9gies, des rapports et des informations pour la prise de d\u00e9cision. Nous menons \u00e9galement des entretiens, des enqu\u00eates, des groupes de discussion et d\u2019autres m\u00e9thodes et approches d\u2019\u00e9tudes de march\u00e9.<\/span><a href=\"https:\/\/www.sisinternational.com\/fr\/a-propos-de-la-recherche-internationale-sis\/contact-sis-international-market-research\/\"><span style=\"font-weight: 400;\"> Contactez nous<\/span><\/a><span style=\"font-weight: 400;\"> pour votre prochain projet d&#039;\u00e9tude de march\u00e9.<\/span><\/p>\n\n\n\n<p><\/p>\n\n\n\n<p><\/p>","protected":false},"excerpt":{"rendered":"<p>D\u00e9couvrez comment les \u00e9tudes de march\u00e9 sur le trading algorithmique peuvent d\u00e9couvrir des opportunit\u00e9s de cr\u00e9ation de valeur.<\/p>","protected":false},"author":1,"featured_media":62824,"parent":27462,"menu_order":21,"comment_status":"closed","ping_status":"closed","template":"","meta":{"footnotes":""},"class_list":["post-31852","page","type-page","status-publish","has-post-thumbnail"],"_links":{"self":[{"href":"https:\/\/www.sisinternational.com\/fr\/wp-json\/wp\/v2\/pages\/31852","targetHints":{"allow":["GET"]}}],"collection":[{"href":"https:\/\/www.sisinternational.com\/fr\/wp-json\/wp\/v2\/pages"}],"about":[{"href":"https:\/\/www.sisinternational.com\/fr\/wp-json\/wp\/v2\/types\/page"}],"author":[{"embeddable":true,"href":"https:\/\/www.sisinternational.com\/fr\/wp-json\/wp\/v2\/users\/1"}],"replies":[{"embeddable":true,"href":"https:\/\/www.sisinternational.com\/fr\/wp-json\/wp\/v2\/comments?post=31852"}],"version-history":[{"count":14,"href":"https:\/\/www.sisinternational.com\/fr\/wp-json\/wp\/v2\/pages\/31852\/revisions"}],"predecessor-version":[{"id":80556,"href":"https:\/\/www.sisinternational.com\/fr\/wp-json\/wp\/v2\/pages\/31852\/revisions\/80556"}],"up":[{"embeddable":true,"href":"https:\/\/www.sisinternational.com\/fr\/wp-json\/wp\/v2\/pages\/27462"}],"wp:featuredmedia":[{"embeddable":true,"href":"https:\/\/www.sisinternational.com\/fr\/wp-json\/wp\/v2\/media\/62824"}],"wp:attachment":[{"href":"https:\/\/www.sisinternational.com\/fr\/wp-json\/wp\/v2\/media?parent=31852"}],"curies":[{"name":"wp","href":"https:\/\/api.w.org\/{rel}","templated":true}]}}