{"id":31835,"date":"2019-06-09T22:18:46","date_gmt":"2019-06-09T22:18:46","guid":{"rendered":"https:\/\/www.sisinternational.com\/?page_id=31835"},"modified":"2026-01-24T18:12:13","modified_gmt":"2026-01-24T23:12:13","slug":"etude-de-marche-sur-la-securite-intelligente","status":"publish","type":"page","link":"https:\/\/www.sisinternational.com\/fr\/competence\/etude-de-marche-sur-la-securite-intelligente\/","title":{"rendered":"\u00c9tude de march\u00e9 sur la s\u00e9curit\u00e9 intelligente"},"content":{"rendered":"<h1 class=\"wp-block-heading\"><span style=\"font-weight: 400;\">\u00c9tude de march\u00e9 sur la s\u00e9curit\u00e9 intelligente<\/span><\/h1>\n\n\n\n<figure class=\"gb-block-image gb-block-image-a0f5460d\"><img loading=\"lazy\" decoding=\"async\" width=\"1456\" height=\"816\" class=\"gb-image gb-image-a0f5460d\" src=\"https:\/\/www.sisinternational.com\/wp-content\/uploads\/2025\/08\/Cibersecurity-security-5.jpg\" alt=\"\u00c9tudes de march\u00e9 et strat\u00e9gie internationales SIS\" title=\"Cibersecurity security (5)\" srcset=\"https:\/\/www.sisinternational.com\/wp-content\/uploads\/2025\/08\/Cibersecurity-security-5.jpg 1456w, https:\/\/www.sisinternational.com\/wp-content\/uploads\/2025\/08\/Cibersecurity-security-5-300x168.jpg 300w, https:\/\/www.sisinternational.com\/wp-content\/uploads\/2025\/08\/Cibersecurity-security-5-1024x574.jpg 1024w, https:\/\/www.sisinternational.com\/wp-content\/uploads\/2025\/08\/Cibersecurity-security-5-768x430.jpg 768w, https:\/\/www.sisinternational.com\/wp-content\/uploads\/2025\/08\/Cibersecurity-security-5-18x10.jpg 18w\" sizes=\"auto, (max-width: 1456px) 100vw, 1456px\"><\/figure>\n\n\n\n<p><\/p>\n\n\n\n<h2 class=\"wp-block-heading\"><span style=\"font-weight: 400;\">L\u2019\u00e9tude de march\u00e9 sur la s\u00e9curit\u00e9 intelligente est en plein essor<\/span><\/h2>\n\n\n\n<p><span style=\"font-weight: 400;\">Smart Security Solutions are new products and services that include Home Security Systems, Door sensors, wireless CCTV footage and Security Services that can be controlled from mobile devices.&nbsp; Leveraging the Internet of Things (IoT), this industry is growing rapidly.<\/span><\/p>\n\n\n\n<p><span style=\"font-weight: 400;\">Market research as a service is there to help any company. It helps organizations, service providers, and individuals make better-informed decisions. It should be more embedded in every firm&#8217;s strategic plan. Like their counterparts in other sectors, <a href=\"https:\/\/www.sisinternational.com\/fr\/cybersecurite-soins-de-sante\/\" title=\"\u00c9tude de march\u00e9 sur la cybers\u00e9curit\u00e9 dans le secteur de la sant\u00e9\"  data-wpil-monitor-id=\"1923\">Market Research can benefit smart security<\/a> companies. It equips these companies to deal with the environment in which they operate. It does so in the following ways: <\/span><\/p>\n\n\n\n<h2 class=\"wp-block-heading\"><span style=\"font-weight: 400;\">Identifier les opportunit\u00e9s<\/span><\/h2>\n\n\n\n<p><span style=\"font-weight: 400;\">R\u00e9aliser une \u00e9tude de march\u00e9 permet de vous fournir des informations claires sur vos clients cibles. Il vous indique leurs int\u00e9r\u00eats et vous montre vos canaux de marketing. Ces informations vous permettent de rep\u00e9rer une opportunit\u00e9 pour votre entreprise de s\u00e9curit\u00e9 intelligente. Dans cet esprit, vous pouvez trouver de nouveaux endroits o\u00f9 promouvoir votre service. Vous pouvez \u00e9galement proposer des mises \u00e0 niveau de commande rentables. Un autre avantage est que les \u00e9tudes de march\u00e9 vous permettent de nouer des partenariats avec d&#039;autres entreprises.<\/span><\/p>\n\n\n\n<h2 class=\"wp-block-heading\"><span style=\"font-weight: 400;\">Risques d&#039;investissement r\u00e9duits<\/span><\/h2>\n\n\n\n<p><span style=\"font-weight: 400;\">Un flux constant de clients et de ventes est ce qui garantit la p\u00e9rennit\u00e9 de votre entreprise. Ce qui garantit cela, ce sont les \u00e9tudes de march\u00e9. C&#039;est une \u00e9tude de march\u00e9 qui d\u00e9termine si vous r\u00e9pondez toujours aux besoins de vos clients actuels. <\/span><\/p>\n\n\n\n<p><span style=\"font-weight: 400;\">Il vous indiquera \u00e9galement comment attirer et fid\u00e9liser des clients potentiels. On peut appliquer ce principe en testant de nouveaux produits et conceptions avant de les lancer. Les \u00e9tudes de march\u00e9 trouvent \u00e9galement les raisons pour lesquelles les clients ne reviennent pas. Cela vous aide \u00e0 obtenir un aper\u00e7u des zones probl\u00e9matiques.<\/span><\/p>\n\n\n\n<h2 class=\"wp-block-heading\"><span style=\"font-weight: 400;\">D\u00e9velopper du mat\u00e9riel promotionnel pertinent<\/span><\/h2>\n\n\n\n<p><span style=\"font-weight: 400;\">Vous \u00eates-vous d\u00e9j\u00e0 demand\u00e9 quelles images ou quels textes mettre sur vos comptes de r\u00e9seaux sociaux, votre site Web ou vos d\u00e9pliants\u00a0? Si oui, une \u00e9tude de march\u00e9 vous montrera exactement quoi faire. Vous aurez d\u00e9j\u00e0 \u00e9tabli les frustrations, les besoins et les d\u00e9sirs de vos clients. Ainsi, vous savez exactement quoi aborder lorsque vous commencez \u00e0 \u00e9laborer vos supports marketing. Il serait utile que vous ayez \u00e9galement une id\u00e9e sur la mani\u00e8re de r\u00e9soudre ces probl\u00e8mes.<\/span><\/p>\n\n\n\n<h2 class=\"wp-block-heading\"><span style=\"font-weight: 400;\">Savoir o\u00f9 faire de la publicit\u00e9 <\/span><\/h2>\n\n\n\n<p><span style=\"font-weight: 400;\">Many smart security companies face budgetary constraints. You thus need to optimize your marketing budget to get the best returns possible. Market research helps find the best channels to reach your intended audience. It will tell you whether to use ads or to place posters and flyers in strategic locations. Ads on social media platforms might be the best way to reach potential customers. Market <a href=\"https:\/\/www.sisinternational.com\/fr\/sante-intelligente\/\" title=\"\u00c9tude de march\u00e9 sur la sant\u00e9 intelligente\"  data-wpil-monitor-id=\"1961\">recherche<\/a> will confirm whether this is the best route for a smart security company.<\/span><\/p>\n\n\n\n<h2 class=\"wp-block-heading\"><span style=\"font-weight: 400;\">Surperformer les concurrents<\/span><\/h2>\n\n\n\n<p><span style=\"font-weight: 400;\">Plus vous connaissez vos clients, mieux vous les servez. Vous souhaitez surpasser vos concurrents ? <\/span><\/p>\n\n\n\n<p><span style=\"font-weight: 400;\">Vous pouvez le faire en r\u00e9pondant de mani\u00e8re satisfaisante et en temps opportun aux besoins de vos clients. <\/span><\/p>\n\n\n\n<p><span style=\"font-weight: 400;\">Les \u00e9tudes de march\u00e9 vous aident \u00e0 en savoir plus sur la nature du march\u00e9. Gr\u00e2ce \u00e0 cela, vous pouvez cibler les clients insatisfaits et les segments mal desservis du march\u00e9. <\/span><\/p>\n\n\n\n<p><span style=\"font-weight: 400;\">Vous pouvez identifier leurs besoins non satisfaits et combler les lacunes. De cette fa\u00e7on, vous les gagnez et battez vos concurrents, haut la main.<\/span><\/p>\n\n\n\n<h2 class=\"wp-block-heading\"><span style=\"font-weight: 400;\">Am\u00e9liore la planification strat\u00e9gique<\/span><\/h2>\n\n\n\n<p><span style=\"font-weight: 400;\">Strategic market planning helps you set goals for your <a href=\"https:\/\/www.sisinternational.com\/fr\/competence\/les-industries\/etude-de-marche-sur-la-securite\/\" title=\"\u00c9tude de march\u00e9 sur la s\u00e9curit\u00e9\"  data-wpil-monitor-id=\"6532\">smart<\/a> security firm. <\/span>Gr\u00e2ce \u00e0 la recherche, vous pouvez d\u00e9couvrir si les objectifs sont r\u00e9alisables.&nbsp;<span style=\"font-weight: 400;\">La recherche vous aide \u00e9galement \u00e0 trouver des moyens d\u2019atteindre ces objectifs. Les \u00e9tudes de march\u00e9 vous fournissent des informations essentielles et pertinentes.&nbsp;<\/span><span style=\"font-weight: 400;\">Cela a un effet positif sur vos objectifs \u00e0 court et \u00e0 long terme.<\/span><\/p>\n\n\n\n<h2 class=\"wp-block-heading\"><span style=\"font-weight: 400;\">Facilite la prise de d\u00e9cision \u00e9clair\u00e9e<\/span><\/h2>\n\n\n\n<p><span style=\"font-weight: 400;\">Vous verrez l\u2019importance des \u00e9tudes de march\u00e9 lorsque vous devrez prendre des d\u00e9cisions critiques. Il s\u2019est av\u00e9r\u00e9 que l\u2019utilisation du rapport d\u2019\u00e9tude de march\u00e9 comme point de r\u00e9f\u00e9rence favorise de meilleurs choix. Cela fonctionne mieux que des crit\u00e8res de d\u00e9cision arbitraires. Cela rend \u00e9galement l\u2019ensemble du processus tr\u00e8s simple.<\/span><\/p>\n\n\n\n<h2 class=\"wp-block-heading\"><span style=\"font-weight: 400;\">\u00c0 propos de l\u2019\u00e9tude de march\u00e9 sur la s\u00e9curit\u00e9 intelligente<\/span><\/h2>\n\n\n\n<p><span style=\"font-weight: 400;\">Marketing security, particularly smart security, is not an easy thing. Luckily, market research promises to make it gain general acceptance. As a smart security company, you need to consider a market research service, and you will enjoy more profitability and a larger share of the market.&nbsp; We conduct Qualitative, Quantitative and Strategy Research.&nbsp; Our solutions include:<\/span><\/p>\n\n\n\n<ul class=\"wp-block-list\">\n<li>Groupes de discussion<\/li>\n\n\n\n<li>Entretiens clients<\/li>\n\n\n\n<li>Enqu\u00eates<\/li>\n\n\n\n<li>Analyse comp\u00e9titive<\/li>\n\n\n\n<li>Recherche et conseil en strat\u00e9gie<\/li>\n<\/ul>\n\n\n\n<p><\/p>","protected":false},"excerpt":{"rendered":"<p>Smart Security Solutions propose des syst\u00e8mes de s\u00e9curit\u00e9 domestique, des images de vid\u00e9osurveillance et des services accessibles via des appareils mobiles.<\/p>","protected":false},"author":1,"featured_media":64039,"parent":14514,"menu_order":51,"comment_status":"closed","ping_status":"closed","template":"","meta":{"footnotes":""},"class_list":["post-31835","page","type-page","status-publish","has-post-thumbnail"],"_links":{"self":[{"href":"https:\/\/www.sisinternational.com\/fr\/wp-json\/wp\/v2\/pages\/31835","targetHints":{"allow":["GET"]}}],"collection":[{"href":"https:\/\/www.sisinternational.com\/fr\/wp-json\/wp\/v2\/pages"}],"about":[{"href":"https:\/\/www.sisinternational.com\/fr\/wp-json\/wp\/v2\/types\/page"}],"author":[{"embeddable":true,"href":"https:\/\/www.sisinternational.com\/fr\/wp-json\/wp\/v2\/users\/1"}],"replies":[{"embeddable":true,"href":"https:\/\/www.sisinternational.com\/fr\/wp-json\/wp\/v2\/comments?post=31835"}],"version-history":[{"count":5,"href":"https:\/\/www.sisinternational.com\/fr\/wp-json\/wp\/v2\/pages\/31835\/revisions"}],"predecessor-version":[{"id":80115,"href":"https:\/\/www.sisinternational.com\/fr\/wp-json\/wp\/v2\/pages\/31835\/revisions\/80115"}],"up":[{"embeddable":true,"href":"https:\/\/www.sisinternational.com\/fr\/wp-json\/wp\/v2\/pages\/14514"}],"wp:featuredmedia":[{"embeddable":true,"href":"https:\/\/www.sisinternational.com\/fr\/wp-json\/wp\/v2\/media\/64039"}],"wp:attachment":[{"href":"https:\/\/www.sisinternational.com\/fr\/wp-json\/wp\/v2\/media?parent=31835"}],"curies":[{"name":"wp","href":"https:\/\/api.w.org\/{rel}","templated":true}]}}