{"id":31758,"date":"2019-06-03T04:41:36","date_gmt":"2019-06-03T04:41:36","guid":{"rendered":"https:\/\/www.sisinternational.com\/?page_id=31758"},"modified":"2025-09-13T21:36:22","modified_gmt":"2025-09-14T01:36:22","slug":"etude-de-marche-sur-la-gestion-des-dechets","status":"publish","type":"page","link":"https:\/\/www.sisinternational.com\/fr\/competence\/etude-de-marche-sur-la-gestion-des-dechets\/","title":{"rendered":"\u00c9tude de march\u00e9 sur la gestion des d\u00e9chets"},"content":{"rendered":"<h1 class=\"wp-block-heading\"><span style=\"font-weight: 400;\">\u00c9tude de march\u00e9 sur la gestion des d\u00e9chets<\/span><\/h1>\n\n\n\n<figure class=\"gb-block-image gb-block-image-c825edf6\"><img loading=\"lazy\" decoding=\"async\" width=\"1456\" height=\"816\" class=\"gb-image gb-image-c825edf6\" src=\"https:\/\/www.sisinternational.com\/wp-content\/uploads\/2025\/08\/Circular-economy-2.jpg\" alt=\"\u00c9tudes de march\u00e9 et strat\u00e9gie internationales SIS\" title=\"Circular economy (2)\" srcset=\"https:\/\/www.sisinternational.com\/wp-content\/uploads\/2025\/08\/Circular-economy-2.jpg 1456w, https:\/\/www.sisinternational.com\/wp-content\/uploads\/2025\/08\/Circular-economy-2-300x168.jpg 300w, https:\/\/www.sisinternational.com\/wp-content\/uploads\/2025\/08\/Circular-economy-2-1024x574.jpg 1024w, https:\/\/www.sisinternational.com\/wp-content\/uploads\/2025\/08\/Circular-economy-2-768x430.jpg 768w, https:\/\/www.sisinternational.com\/wp-content\/uploads\/2025\/08\/Circular-economy-2-18x10.jpg 18w\" sizes=\"auto, (max-width: 1456px) 100vw, 1456px\"><\/figure>\n\n\n\n<p><\/p>\n\n\n\n<h2 class=\"wp-block-heading\">Waste Management is an important and large industry that keeps societies moving and thriving.&nbsp; A city&#8217;s ability to grow depends on its ability to manage its waste.<\/h2>\n\n\n\n<p>Les \u00e9tudes de march\u00e9 et le conseil en strat\u00e9gie fournissent des donn\u00e9es, des informations, des outils et des strat\u00e9gies pour mieux g\u00e9rer les d\u00e9chets.<\/p>\n\n\n\n<h2 class=\"wp-block-heading\"><span style=\"font-weight: 400;\">L&#039;industrie de la gestion des d\u00e9chets est en plein essor<\/span><\/h2>\n\n\n\n<p>With stable economic growths, rising populations and new technologies, there is optimism in the industry.&nbsp; Societies and businesses benefit from strong Waste Management resources to control and maintain the production of waste.<\/p>\n\n\n\n<p>But, challenges exist&nbsp; Climate change, health concerns, Sustainable development, conservation of scarce resources, lack of available land, and ocean pollution are challenges.&nbsp; The business of Waste Management faces challenges as well.&nbsp; Competition, commoditization, supplier power, supply chain disruptions, and buyer power all impact and constrain industry profitability.<\/p>\n\n\n\n<p>La recherche permet d&#039;identifier de nouvelles sources d&#039;avantages et de rentabilit\u00e9.<\/p>\n\n\n\n<h2 class=\"wp-block-heading\"><span style=\"font-weight: 400;\">Pourquoi les entreprises de gestion des d\u00e9chets investissent dans les \u00e9tudes de march\u00e9<\/span><\/h2>\n\n\n\n<h2 class=\"wp-block-heading\"><span style=\"font-weight: 400;\">1.&nbsp; Enables you to maintain brand strength<\/span><\/h2>\n\n\n\n<p><span style=\"font-weight: 400;\">La domination de la marque est la cl\u00e9 pour augmenter les ventes dans des niches comp\u00e9titives telles que la gestion des d\u00e9chets. Pendant la recherche, vous interagissez avec vos prospects. Ici, vous obtenez des informations de premi\u00e8re main sur les services que vos clients souhaitent le plus. Cela vous aide \u00e9galement \u00e0 d\u00e9terminer le bon moment pour proposer certains services. Cela vous donne une id\u00e9e des bonus et des modules compl\u00e9mentaires dont ils pourraient avoir besoin afin que vous puissiez planifier les meilleurs moments pour proposer ces offres sp\u00e9ciales.<\/span><\/p>\n\n\n\n<h2 class=\"wp-block-heading\"><span style=\"font-weight: 400;\">2. Vous aide \u00e0 \u00e9viter les risques d\u2019investissement<\/span><\/h2>\n\n\n\n<p><span style=\"font-weight: 400;\">Like in any other businesses, you need to invest in workforce, machines, and equipment. <a href=\"https:\/\/www.sisinternational.com\/fr\/solutions\/ai-etudes-de-marche-et-conseil-en-strategie\/etude-de-marche-sur-la-detection-dobjets-par-ia\/\" title=\"\u00c9tude de march\u00e9 sur l\u2019IA de d\u00e9tection d\u2019objets\"  data-wpil-monitor-id=\"9321\">Market research will help you detect<\/a> the areas in your company that need improvement. After identifying the weak areas, you can now make informed decisions on how to improve them. In that way, you don&#8217;t risk losing revenues due to poor choices.<\/span><\/p>\n\n\n\n<h2 class=\"wp-block-heading\"><span style=\"font-weight: 400;\">3. Aide aux pr\u00e9visions de march\u00e9<\/span><\/h2>\n\n\n\n<p><span style=\"font-weight: 400;\">Vous voulez conna\u00eetre les meilleurs moments pour augmenter ou r\u00e9duire vos effectifs ? Utilisez des \u00e9tudes de march\u00e9 pour pr\u00e9voir le march\u00e9. Cela vous aidera \u00e0 pr\u00e9dire les saisons\/p\u00e9riodes pendant lesquelles vos clients auront le plus besoin de vos services. Ces informations seront essentielles pour vous aider \u00e0 prendre des d\u00e9cisions rentables concernant la projection des revenus. Cela vous aidera \u00e9galement \u00e0 identifier les march\u00e9s les plus lucratifs dans lesquels vous lancer.<\/span><\/p>\n\n\n\n<h2 class=\"wp-block-heading\"><span style=\"font-weight: 400;\">4. L&#039;\u00e9tude de march\u00e9 identifie les forces, les faiblesses, les opportunit\u00e9s et les menaces<\/span><\/h2>\n\n\n\n<p><span style=\"font-weight: 400;\">L&#039;\u00e9limination des d\u00e9chets est un cr\u00e9neau commercial tr\u00e8s comp\u00e9titif. La nature comp\u00e9titive de ce cr\u00e9neau exige que vous soyez au top de votre forme \u00e0 chaque fois pour battre la concurrence. Pour savoir comment g\u00e9rer vos activit\u00e9s, vous aurez besoin de recherches. Cela vous aidera \u00e0 identifier les techniques utilis\u00e9es par vos concurrents pour augmenter les ventes. Cela vous permet \u00e9galement de d\u00e9terminer o\u00f9 ils \u00e9chouent afin que vous puissiez renforcer ces domaines de votre entreprise pour les battre au jeu.&nbsp; <\/span><span style=\"font-weight: 400;\">Understanding your Strengths, Weaknesses Opportunities and Threats is powerful.&nbsp; You can boost your profits, performance and competitiveness.&nbsp;<\/span><\/p>\n\n\n\n<h2 class=\"wp-block-heading\">5. Les \u00e9tudes de march\u00e9 vous connectent avec les clients<\/h2>\n\n\n\n<p>Customer Interviews, Ethnography, and <a href=\"https:\/\/www.sisinternational.com\/fr\/focus-groups-that-deliver-real-voices-real-insight-real-advantage\/\" title=\"Focus Groups That Deliver Real Voices, Real Insight, Real Advantage\"  data-wpil-monitor-id=\"9323\">Focus Groups provide insights<\/a> into purchasing preferences of customers.&nbsp; Surveys quantify the extent of phenomenon.&nbsp; Spending more time with customers provides the ability to better serve their needs, and boost your profits.<\/p>\n\n\n\n<h2 class=\"wp-block-heading\">6.&nbsp; Market Research Creates Operational Efficiency<\/h2>\n\n\n\n<p><a href=\"https:\/\/www.sisinternational.com\/fr\/solutions\/ai-etudes-de-marche-et-conseil-en-strategie\/etude-de-marche-sur-le-traitement-du-langage-naturel-par-ia\/\" title=\"\u00c9tude de march\u00e9 sur l\u2019IA pour le traitement du langage naturel\"  data-wpil-monitor-id=\"9322\">Market Research identifies consumption processes<\/a> that can help you to build efficiency.&nbsp; With Strategy Research you can understand the processes that create the most value.&nbsp; You can identifies to prioritize processes and re-sequence others to boost profits.<\/p>\n\n\n\n<h2 class=\"wp-block-heading\"><span style=\"font-weight: 400;\">\u00c0 propos de l\u2019\u00e9tude de march\u00e9 sur la gestion des d\u00e9chets<\/span><\/h2>\n\n\n\n<p><span style=\"font-weight: 400;\"><a href=\"https:\/\/www.sisinternational.com\/fr\/couverture\/leurope-%ef%83%97\/etude-de-marche-liverpool-royaume-uni\/\" title=\"\u00c9tude de march\u00e9 \u00e0 Liverpool | Groupes de discussion et collecte de donn\u00e9es au Royaume-Uni\"  data-wpil-monitor-id=\"9320\">Market Research is the systematic collection<\/a> and analysis of data about the consumers a company is targeting. <a href=\"https:\/\/www.sisinternational.com\/fr\/competence\/cv-dexperience\/recherche-de-marque\/\" title=\"Soci\u00e9t\u00e9 de recherche de marque\"  data-wpil-monitor-id=\"9324\">Companies do this research<\/a> to understand what their audience needs. They then summarize this research data in a report. The business owner can use this report to make informed decisions for the company.<\/span><\/p>\n\n\n\n<p><span style=\"font-weight: 400;\">This type of undertaking uses two approaches; Qualitative and <a href=\"https:\/\/www.sisinternational.com\/fr\/top-5-benefits-of-conducting-quantitative-market-research\/\" title=\"Top 5 Benefits of Conducting Quantitative Market Research\"  data-wpil-monitor-id=\"9318\">\u00c9tude de march\u00e9 quantitative<\/a>. In Qualitative Research, the focus is on non-numerical data. For the Quantitative approach, researchers take real measurements. Here, they will use data collection methods like questionnaires, surveys, and polls. Quantitative Research also includes the use of mathematical numerical data analysis, and much more.<\/span><\/p>\n\n\n\n<p><span style=\"font-weight: 400;\"><a href=\"https:\/\/www.sisinternational.com\/fr\/contacter-sis-etude-de-marche-internationale\/\" title=\"Contactez-nous\"  data-wpil-monitor-id=\"9317\">Recherche internationale SIS<\/a> has been in the business for many years. We have the experience, coverage and <a href=\"https:\/\/www.sisinternational.com\/fr\/competence\/les-industries\/etude-de-marche-sur-les-ressources-naturelles\/\" title=\"\u00c9tude de march\u00e9 sur les ressources naturelles\"  data-wpil-monitor-id=\"9319\">resources to deliver the best research<\/a> services.&nbsp;<\/span><\/p>\n\n\n\n<h2 class=\"wp-block-heading\"><a href=\"https:\/\/www.sisinternational.com\/fr\/about-sis\/contact-sis-international-market-research\/\">Contactez-nous pour votre prochain projet d\u2019\u00e9tude de march\u00e9 sur la gestion des d\u00e9chets.<\/a><\/h2>\n\n\n\n<p><\/p>","protected":false},"excerpt":{"rendered":"<p>D\u00e9couvrez comment les \u00e9tudes de march\u00e9 sur la gestion des d\u00e9chets peuvent booster vos performances.<\/p>","protected":false},"author":1,"featured_media":64755,"parent":14514,"menu_order":50,"comment_status":"closed","ping_status":"closed","template":"","meta":{"footnotes":""},"class_list":["post-31758","page","type-page","status-publish","has-post-thumbnail"],"_links":{"self":[{"href":"https:\/\/www.sisinternational.com\/fr\/wp-json\/wp\/v2\/pages\/31758","targetHints":{"allow":["GET"]}}],"collection":[{"href":"https:\/\/www.sisinternational.com\/fr\/wp-json\/wp\/v2\/pages"}],"about":[{"href":"https:\/\/www.sisinternational.com\/fr\/wp-json\/wp\/v2\/types\/page"}],"author":[{"embeddable":true,"href":"https:\/\/www.sisinternational.com\/fr\/wp-json\/wp\/v2\/users\/1"}],"replies":[{"embeddable":true,"href":"https:\/\/www.sisinternational.com\/fr\/wp-json\/wp\/v2\/comments?post=31758"}],"version-history":[{"count":4,"href":"https:\/\/www.sisinternational.com\/fr\/wp-json\/wp\/v2\/pages\/31758\/revisions"}],"predecessor-version":[{"id":81559,"href":"https:\/\/www.sisinternational.com\/fr\/wp-json\/wp\/v2\/pages\/31758\/revisions\/81559"}],"up":[{"embeddable":true,"href":"https:\/\/www.sisinternational.com\/fr\/wp-json\/wp\/v2\/pages\/14514"}],"wp:featuredmedia":[{"embeddable":true,"href":"https:\/\/www.sisinternational.com\/fr\/wp-json\/wp\/v2\/media\/64755"}],"wp:attachment":[{"href":"https:\/\/www.sisinternational.com\/fr\/wp-json\/wp\/v2\/media?parent=31758"}],"curies":[{"name":"wp","href":"https:\/\/api.w.org\/{rel}","templated":true}]}}