{"id":31732,"date":"2019-05-27T04:16:46","date_gmt":"2019-05-27T04:16:46","guid":{"rendered":"https:\/\/www.sisinternational.com\/?page_id=31732"},"modified":"2026-03-12T12:41:27","modified_gmt":"2026-03-12T16:41:27","slug":"etude-de-marche-des-assistantes-infirmieres-virtuelles","status":"publish","type":"page","link":"https:\/\/www.sisinternational.com\/fr\/solutions\/etudes-de-marche-sur-les-biotechnologies-et-les-produits-pharmaceutiques-en-matiere-de-soins-de-sante-medicaux\/etude-de-marche-des-assistantes-infirmieres-virtuelles\/","title":{"rendered":"\u00c9tude de march\u00e9 sur les assistants infirmiers virtuels"},"content":{"rendered":"<h1 class=\"wp-block-heading\"><span style=\"font-weight: 400;\">\u00c9tude de march\u00e9 sur les assistants infirmiers virtuels<\/span><\/h1>\n\n\n\n<figure class=\"gb-block-image gb-block-image-4d96b787\"><img loading=\"lazy\" decoding=\"async\" width=\"1456\" height=\"816\" class=\"gb-image gb-image-4d96b787\" src=\"https:\/\/www.sisinternational.com\/wp-content\/uploads\/2025\/08\/Virtual-nurse-1.jpg\" alt=\"\u00c9tudes de march\u00e9 et strat\u00e9gie internationales SIS\" title=\"Virtual nurse (1)\" srcset=\"https:\/\/www.sisinternational.com\/wp-content\/uploads\/2025\/08\/Virtual-nurse-1.jpg 1456w, https:\/\/www.sisinternational.com\/wp-content\/uploads\/2025\/08\/Virtual-nurse-1-300x168.jpg 300w, https:\/\/www.sisinternational.com\/wp-content\/uploads\/2025\/08\/Virtual-nurse-1-1024x574.jpg 1024w, https:\/\/www.sisinternational.com\/wp-content\/uploads\/2025\/08\/Virtual-nurse-1-768x430.jpg 768w, https:\/\/www.sisinternational.com\/wp-content\/uploads\/2025\/08\/Virtual-nurse-1-18x10.jpg 18w\" sizes=\"auto, (max-width: 1456px) 100vw, 1456px\"><\/figure>\n\n\n\n<p><\/p>\n\n\n\n<h2 class=\"wp-block-heading\"><span style=\"font-weight: 400;\">Comment les \u00e9tudes de march\u00e9 profitent au secteur de la sant\u00e9<\/span><\/h2>\n\n\n\n<p><span style=\"font-weight: 400;\">La composante num\u00e9rique des soins de sant\u00e9 est en passe de devenir une sp\u00e9cialit\u00e9 technologique dans laquelle les m\u00e9decins, les infirmi\u00e8res et les aides-soignants jouent un r\u00f4le essentiel. L\u2019acc\u00e8s \u00e0 distance aux soins de sant\u00e9 ouvre de nombreuses opportunit\u00e9s. Les patients peuvent d\u00e9sormais g\u00e9rer leur sant\u00e9. Ils ont toujours besoin des conseils professionnels et du suivi des prestataires de soins de sant\u00e9. <\/span><\/p>\n\n\n\n<ul class=\"wp-block-list\">\n<li><span style=\"font-weight: 400;\">How exactly are these professionals presenting the <a href=\"https:\/\/www.sisinternational.com\/fr\/competence\/les-industries\/etude-de-marche-demographique\/\" title=\"\u00c9tude de march\u00e9 sur la d\u00e9mographie\"  data-wpil-monitor-id=\"10913\">market to the target demographic<\/a>? <\/span><\/li>\n\n\n\n<li><span style=\"font-weight: 400;\">Les patients connaissent-ils les services virtuels que vous proposez\u00a0? <\/span><\/li>\n\n\n\n<li><span style=\"font-weight: 400;\">Les patients savent-ils quels avantages une infirmi\u00e8re assistante virtuelle peut leur apporter ?&nbsp; <\/span><\/li>\n<\/ul>\n\n\n\n<p><span style=\"font-weight: 400;\">Les \u00e9tudes de march\u00e9 jouent un r\u00f4le crucial pour r\u00e9pondre \u00e0 ces questions.<\/span><\/p>\n\n\n\n<h2 class=\"wp-block-heading\"><span style=\"font-weight: 400;\">\u00c9laborer la bonne campagne marketing<\/span><\/h2>\n\n\n\n<p><span style=\"font-weight: 400;\"><a href=\"https:\/\/www.sisinternational.com\/fr\/competence\/les-industries\/etude-de-marche-sur-les-entretiens-telephoniques-assistes-par-ordinateur\/\" title=\"\u00c9tude de march\u00e9 sur les entretiens t\u00e9l\u00e9phoniques assist\u00e9s par ordinateur\"  data-wpil-monitor-id=\"5777\">Market research generates data for virtual<\/a> nurse assistants and other professionals, which they can use to craft an appropriate marketing campaign targeting a specific demographic. Accurate <a href=\"https:\/\/www.sisinternational.com\/fr\/competence\/les-industries\/etude-de-marche-sur-la-collecte-de-donnees\/\" title=\"\u00c9tude de march\u00e9 sur la collecte de donn\u00e9es\"  data-wpil-monitor-id=\"10907\">data collection<\/a> and analysis are essential for creating marketing or advertising strategies that reach the correct demographic. The focus has to be on the demographic that health care services will benefit. Data collection is particularly important if the advertising <a href=\"https:\/\/www.sisinternational.com\/fr\/strategie-marketing-integree-pour-une-plateforme-de-trading-en-ligne-innovante\/\" title=\"Campagne marketing pour une plateforme de trading en ligne innovante\"  data-wpil-monitor-id=\"10908\">campaign targets a niche market<\/a>. For example, the aim can be clients looking for the services of virtual nurse assistants. Without reliable research data, the wrong reports may drive the marketing campaign. This type of marketing could affect the efficacy of the campaign.<\/span><\/p>\n\n\n\n<h2 class=\"wp-block-heading\"><span style=\"font-weight: 400;\">Rendre les donn\u00e9es des fournisseurs plus cr\u00e9dibles<\/span><\/h2>\n\n\n\n<p><span style=\"font-weight: 400;\">Accurate <a href=\"https:\/\/www.sisinternational.com\/fr\/solutions\/recherche-de-conseil-en-strategie-fintech\/etude-de-marche-sur-lanalyse-des-donnees-bancaires\/\" title=\"\u00c9tude de march\u00e9 sur l\u2019analyse des donn\u00e9es bancaires\"  data-wpil-monitor-id=\"10916\">data comes from sound research<\/a> techniques. This principle also holds in the health care industry. In healthcare, wrong or inaccurate data can pose a danger to human lives. Health care businesses should avail themselves of vigorous and reliable market research. They should ensure that the market researchers that they hire can produce accurate data. By publishing the study, they put themselves in a credible, trusted position. This position makes them more attractive to potential customers. Reliable data makes for better advertising. For example, you can show how hiring a virtual nursing assistant reduces emergency room visits. &nbsp;Virtual nursing assistants can use such data for several other purposes, such as promoting their services to house-bound or senior patients.<\/span><\/p>\n\n\n\n<h2 class=\"wp-block-heading\"><span style=\"font-weight: 400;\">Cr\u00e9er des services de sant\u00e9 cibl\u00e9s qui r\u00e9pondent \u00e0 des besoins sp\u00e9cifiques<\/span><\/h2>\n\n\n\n<p><span style=\"font-weight: 400;\">Marketing research not only focuses on how to present and deliver services. Survey results can also determine what kind of services a target population needs. A population is always more receptive to a <a href=\"https:\/\/www.sisinternational.com\/fr\/solutions\/recherche-de-conseil-en-strategie-fintech\/etude-de-marche-sur-les-services-financiers\/\" title=\"\u00c9tude de march\u00e9 sur les services financiers\"  data-wpil-monitor-id=\"10909\">marketing campaign for a service<\/a> that they need. The reverse is also true. For example, it <a href=\"https:\/\/www.sisinternational.com\/fr\/solutions\/solutions-de-branding-et-de-recherche-client\/etude-de-marche-narrative\/\" title=\"\u00c9tude de march\u00e9 sur le storytelling\"  data-wpil-monitor-id=\"10911\">tells you where to market<\/a> senior home health care services. It also tells you that such a venture would not make sense in an area where the older population is less than 5%.<\/span><\/p>\n\n\n\n<h2 class=\"wp-block-heading\"><span style=\"font-weight: 400;\">Rester \u00e0 jour sur les tendances du march\u00e9<\/span><\/h2>\n\n\n\n<p><span style=\"font-weight: 400;\">Les \u00e9tudes de march\u00e9 recueillent des donn\u00e9es sur les produits et services recherch\u00e9s par la population cible. Il donne \u00e9galement des informations sur le meilleur type de prestation pour des donn\u00e9es d\u00e9mographiques sp\u00e9cifiques. Il vous indique quelle p\u00e9riode de l&#039;ann\u00e9e est la meilleure pour une campagne particuli\u00e8re, etc. Toutes ces donn\u00e9es peuvent aider \u00e0 \u00e9laborer des campagnes efficaces et efficientes. Ces campagnes apporteront le plus haut niveau d\u2019exposition \u00e0 un nouveau produit ou service.<\/span><\/p>\n\n\n\n<h2 class=\"wp-block-heading\">\u00c0 propos de l\u2019\u00e9tude de march\u00e9 sur les infirmi\u00e8res virtuelles<\/h2>\n\n\n\n<p><span style=\"font-weight: 400;\">Market research is crucial for any marketing campaign. We provide Qualitative, <a href=\"https:\/\/www.sisinternational.com\/fr\/how-to-design-effective-surveys-for-quantitative-research\/\" title=\"How to Design Effective Surveys for Quantitative Research\"  data-wpil-monitor-id=\"10912\">Quantitative and Strategy Research<\/a>.&nbsp; Research ensures campaign efficacy and better use of resources. It also gives you a better connection to the target demographic and assures the delivery of services to the demographic that needs it most. This information on the customers you&#8217;re advertising to is the reason why the best companies make market research a priority. They do due diligence before making important <a href=\"https:\/\/www.sisinternational.com\/fr\/publications\/etude-de-marche-sur-les-entreprises-evolutives-7-facons-de-creer-une-entreprise-evolutive\/\" title=\"\u00c9tude de march\u00e9 sur les entreprises \u00e9volutives\u00a0: 7 fa\u00e7ons de cr\u00e9er une entreprise \u00e9volutive\"  data-wpil-monitor-id=\"10914\">marketing and business<\/a> decisions. If businesses want to succeed in the health care industry, they should follow suit.<\/span><\/p>\n\n\n\n<h2 class=\"wp-block-heading\"><a href=\"https:\/\/www.sisinternational.com\/fr\/about-sis\/contact-sis-international-market-research\/\">Contactez-nous pour votre prochain <span style=\"font-weight: 400;\">Projet d\u2019\u00e9tude de march\u00e9 sur les assistants infirmiers virtuels.<\/span><\/a><\/h2>\n\n\n\n<p><\/p>","protected":false},"excerpt":{"rendered":"<p>D\u00e9couvrez comment les \u00e9tudes de march\u00e9 sur les assistants infirmiers virtuels peuvent augmenter votre productivit\u00e9.<\/p>","protected":false},"author":1,"featured_media":64912,"parent":11294,"menu_order":49,"comment_status":"closed","ping_status":"closed","template":"","meta":{"footnotes":""},"class_list":["post-31732","page","type-page","status-publish","has-post-thumbnail"],"_links":{"self":[{"href":"https:\/\/www.sisinternational.com\/fr\/wp-json\/wp\/v2\/pages\/31732","targetHints":{"allow":["GET"]}}],"collection":[{"href":"https:\/\/www.sisinternational.com\/fr\/wp-json\/wp\/v2\/pages"}],"about":[{"href":"https:\/\/www.sisinternational.com\/fr\/wp-json\/wp\/v2\/types\/page"}],"author":[{"embeddable":true,"href":"https:\/\/www.sisinternational.com\/fr\/wp-json\/wp\/v2\/users\/1"}],"replies":[{"embeddable":true,"href":"https:\/\/www.sisinternational.com\/fr\/wp-json\/wp\/v2\/comments?post=31732"}],"version-history":[{"count":6,"href":"https:\/\/www.sisinternational.com\/fr\/wp-json\/wp\/v2\/pages\/31732\/revisions"}],"predecessor-version":[{"id":81785,"href":"https:\/\/www.sisinternational.com\/fr\/wp-json\/wp\/v2\/pages\/31732\/revisions\/81785"}],"up":[{"embeddable":true,"href":"https:\/\/www.sisinternational.com\/fr\/wp-json\/wp\/v2\/pages\/11294"}],"wp:featuredmedia":[{"embeddable":true,"href":"https:\/\/www.sisinternational.com\/fr\/wp-json\/wp\/v2\/media\/64912"}],"wp:attachment":[{"href":"https:\/\/www.sisinternational.com\/fr\/wp-json\/wp\/v2\/media?parent=31732"}],"curies":[{"name":"wp","href":"https:\/\/api.w.org\/{rel}","templated":true}]}}