{"id":31724,"date":"2019-05-27T03:35:02","date_gmt":"2019-05-27T03:35:02","guid":{"rendered":"https:\/\/www.sisinternational.com\/?page_id=31724"},"modified":"2026-01-24T21:21:35","modified_gmt":"2026-01-25T02:21:35","slug":"etude-de-marche-sur-la-robotique","status":"publish","type":"page","link":"https:\/\/www.sisinternational.com\/fr\/competence\/etude-de-marche-sur-la-robotique\/","title":{"rendered":"\u00c9tude de march\u00e9 sur la robotique"},"content":{"rendered":"<h1 class=\"wp-block-heading\">\u00c9tude de march\u00e9 sur la robotique<\/h1>\n\n\n\n<figure class=\"gb-block-image gb-block-image-2b0bd51f\"><img loading=\"lazy\" decoding=\"async\" width=\"1456\" height=\"816\" class=\"gb-image gb-image-2b0bd51f\" src=\"https:\/\/www.sisinternational.com\/wp-content\/uploads\/2025\/08\/Industrial-2-1.jpg\" alt=\"\u00c9tudes de march\u00e9 et strat\u00e9gie internationales SIS\" title=\"Industrial (2)\" srcset=\"https:\/\/www.sisinternational.com\/wp-content\/uploads\/2025\/08\/Industrial-2-1.jpg 1456w, https:\/\/www.sisinternational.com\/wp-content\/uploads\/2025\/08\/Industrial-2-1-300x168.jpg 300w, https:\/\/www.sisinternational.com\/wp-content\/uploads\/2025\/08\/Industrial-2-1-1024x574.jpg 1024w, https:\/\/www.sisinternational.com\/wp-content\/uploads\/2025\/08\/Industrial-2-1-768x430.jpg 768w, https:\/\/www.sisinternational.com\/wp-content\/uploads\/2025\/08\/Industrial-2-1-18x10.jpg 18w\" sizes=\"auto, (max-width: 1456px) 100vw, 1456px\"><\/figure>\n\n\n\n<p><\/p>\n\n\n\n<h2 class=\"wp-block-heading\"><span style=\"font-weight: 400;\">La robotique peut transformer votre entreprise et votre industrie<\/span><\/h2>\n\n\n\n<p>The rise of Digital Transformation, Artificial Intelligence and advances in cloud computing have unleashed a tremendous amount of investment in Robotics.&nbsp; By automating processes, companies are witnessing large gains in productivity and boosts in performance.&nbsp; Competitors can gain advantages by incorporating robotics in their businesses, and Market Research uncovers how your company can benefit.<\/p>\n\n\n\n<h2 class=\"wp-block-heading\">Les principaux secteurs de croissance de la robotique comprennent\u00a0:<\/h2>\n\n\n\n<ul class=\"wp-block-list\">\n<li>Appareils robotiques<\/li>\n\n\n\n<li>V\u00e9hicules autonomes a\u00e9riens, maritimes et terrestres<\/li>\n\n\n\n<li>Exploration de l&#039;espace<\/li>\n\n\n\n<li>Syst\u00e8mes de contr\u00f4le<\/li>\n\n\n\n<li>Mod\u00e9lisation biomim\u00e9tique<\/li>\n\n\n\n<li>Robots de fabrication intelligents<\/li>\n\n\n\n<li>Robotique de sant\u00e9<\/li>\n\n\n\n<li>Robotique de livraison<\/li>\n<\/ul>\n\n\n\n<p><span style=\"font-weight: 400;\">A significant rise in the use of robots for manufacturing is expected over the next decade. Analysts also expect growth in related industries. For example, the <a href=\"https:\/\/www.sisinternational.com\/fr\/competence\/les-industries\/etude-de-marche-sur-lindustrie-du-caoutchouc\/\" title=\"\u00c9tude de march\u00e9 sur l\u2019industrie du caoutchouc\"  data-wpil-monitor-id=\"10835\">Rubber and Plastics industry<\/a> has projected an increase in the short term. The same goes for the Asian-Pacific technological markets.&nbsp;<\/span><\/p>\n\n\n\n<h2 class=\"wp-block-heading\">Avantages de la robotique<\/h2>\n\n\n\n<ul class=\"wp-block-list\">\n<li>Gains de productivit\u00e9<\/li>\n\n\n\n<li>Augmentation des meilleurs emplois<\/li>\n\n\n\n<li>Travail compl\u00e9mentaire<\/li>\n\n\n\n<li>Moins de risque<\/li>\n\n\n\n<li>Plus de disponibilit\u00e9<\/li>\n\n\n\n<li>Utilisation accrue des actifs<\/li>\n\n\n\n<li>Augmentation du retour sur investissement et du retour sur investissement<\/li>\n\n\n\n<li>Renforcement de la comp\u00e9titivit\u00e9 du march\u00e9<\/li>\n\n\n\n<li>Pr\u00e9cision accrue dans les processus<\/li>\n<\/ul>\n\n\n\n<h2 class=\"wp-block-heading\">Une \u00e9tude de march\u00e9 examine l&#039;impact de la robotique sur votre entreprise<\/h2>\n\n\n\n<h3 class=\"wp-block-heading\"><span style=\"font-weight: 400;\">1.&nbsp; It Offers Priceless Knowledge About Competitors<\/span><\/h3>\n\n\n\n<p><span style=\"font-weight: 400;\">Use of robots to aid humans in production and manufacturing has grown to notable levels. New entrants are making their way into the marketplace every other year. As a result, the market is becoming saturated. Established <a href=\"https:\/\/www.sisinternational.com\/fr\/competence\/les-industries\/solutions-detudes-de-marche-dans-le-domaine-de-la-sante\/\" title=\"Soci\u00e9t\u00e9 d&#039;\u00e9tudes de march\u00e9 dans le domaine de la sant\u00e9\"  data-wpil-monitor-id=\"10831\">firms have already conducted their research<\/a>. If you\u2019re a market entrant, you should go a step further and dig deeper so you can stay relevant and agile. Your <a href=\"https:\/\/www.sisinternational.com\/fr\/solutions\/conseil-en-strategie\/conseil-en-strategie-detude-de-marche-sur-laide-a-la-vente\/\" title=\"Etude de march\u00e9 et conseil en strat\u00e9gie sur l&#039;aide \u00e0 la vente\"  data-wpil-monitor-id=\"10854\">research will enable<\/a> you to make swift decisions. You can take advantage of loopholes and gaps that the competitor hasn\u2019t capitalized on, yet. You can then come up with faster and efficient robot-based machinery. With such innovation, you can <a href=\"https:\/\/www.sisinternational.com\/fr\/competence\/les-industries\/etude-de-marche-sur-lanalyse-meteorologique\/\" title=\"\u00c9tude de march\u00e9 sur l\u2019analyse m\u00e9t\u00e9orologique\"  data-wpil-monitor-id=\"10843\">weather the storm in the competitive market<\/a>.<\/span><\/p>\n\n\n\n<h3 class=\"wp-block-heading\"><span style=\"font-weight: 400;\">2.&nbsp; It Enables You to Test Your Products with Customers<\/span><\/h3>\n\n\n\n<p><span style=\"font-weight: 400;\">It is always wise to <a href=\"https:\/\/www.sisinternational.com\/fr\/solutions\/test-de-gout\/sparkling-water-taste-testing\/\" title=\"Sparkling Water Taste Testing\"  data-wpil-monitor-id=\"10859\">test the depth of the waters<\/a> before submerging your two feet. No one wants to enter into the robotics industry in full throttle and end up bankrupt after a year or two. Consistency is key. You can only achieve consistency via a series of well-thought out <a href=\"https:\/\/www.sisinternational.com\/fr\/solutions\/innovation\/comment-faire-evoluer-une-entreprise\/\" title=\"Comment faire \u00e9voluer une entreprise | Atteindre une croissance exponentielle\"  data-wpil-monitor-id=\"10862\">business<\/a> decisions. Qualitative <a href=\"https:\/\/www.sisinternational.com\/fr\/top-5-benefits-of-qualitative-market-research-for-businesses\/\" title=\"Top 5 Benefits of Qualitative Market Research for Businesses\"  data-wpil-monitor-id=\"10848\">recherche<\/a> can help you to maximize the benefits associated with the former and show you how to make the most of similar convergent technologies. It will be a pointer to why and how to invest.<\/span><\/p>\n\n\n\n<h3 class=\"wp-block-heading\"><span style=\"font-weight: 400;\">3.&nbsp; It Enables Business Growth<\/span><\/h3>\n\n\n\n<p><span style=\"font-weight: 400;\"><a href=\"https:\/\/www.sisinternational.com\/fr\/competence\/les-industries\/etude-de-marche-sur-les-robots-chirurgicaux\/\" title=\"\u00c9tude de march\u00e9 sur les robots chirurgicaux\"  data-wpil-monitor-id=\"6615\">Market Research enables your robotics<\/a> business to scale greater heights. However, it demands that you keep pace with the latest trends in the marketplace. You will also need to cultivate cutting edge knowledge crucial to your firm\u2019s expansion. Quantitative research is a handy tool for a more extensive theoretical experience. It is essential for the development of new robots. For example, you need it in mobile robotics. In this field, you must understand the interaction between robot, task, and environment. &nbsp;<\/span><\/p>\n\n\n\n<h2 class=\"wp-block-heading\"><span style=\"font-weight: 400;\">\u00c0 propos des \u00e9tudes de march\u00e9 sur la robotique<\/span><\/h2>\n\n\n\n<p><span style=\"font-weight: 400;\">March\u00e9 <a href=\"https:\/\/www.sisinternational.com\/fr\/solutions\/recherche-de-conseil-en-strategie-fintech\/etude-de-marche-du-capital-risque\/\" title=\"\u00c9tude de march\u00e9 du capital-risque\"  data-wpil-monitor-id=\"10839\">Recherche<\/a> is the prime catalyst for any successful business venture.&nbsp; It analyzes customers and competitors. The aim is to foster business growth. In a world of robots that are evolving, top-notch <a href=\"https:\/\/www.sisinternational.com\/fr\/competence\/les-industries\/etude-de-marche-sur-la-perte-auditive\/\" title=\"\u00c9tude de march\u00e9 sur la perte auditive\u00a0 \u00a0\"  data-wpil-monitor-id=\"3360\">market research will help you minimize losses<\/a>. It detects plenty of business opportunities. It also helps you to comprehend the needs of your customer. A blend of these yields business satisfaction.<\/span><\/p>\n\n\n\n<p><\/p>","protected":false},"excerpt":{"rendered":"<p>La transformation num\u00e9rique, l&#039;IA et le cloud computing ont d\u00e9clench\u00e9 d&#039;\u00e9normes investissements dans la robotique et les \u00e9tudes de march\u00e9 sur la robotique.<\/p>","protected":false},"author":1,"featured_media":63181,"parent":14514,"menu_order":48,"comment_status":"closed","ping_status":"closed","template":"","meta":{"footnotes":""},"class_list":["post-31724","page","type-page","status-publish","has-post-thumbnail"],"_links":{"self":[{"href":"https:\/\/www.sisinternational.com\/fr\/wp-json\/wp\/v2\/pages\/31724","targetHints":{"allow":["GET"]}}],"collection":[{"href":"https:\/\/www.sisinternational.com\/fr\/wp-json\/wp\/v2\/pages"}],"about":[{"href":"https:\/\/www.sisinternational.com\/fr\/wp-json\/wp\/v2\/types\/page"}],"author":[{"embeddable":true,"href":"https:\/\/www.sisinternational.com\/fr\/wp-json\/wp\/v2\/users\/1"}],"replies":[{"embeddable":true,"href":"https:\/\/www.sisinternational.com\/fr\/wp-json\/wp\/v2\/comments?post=31724"}],"version-history":[{"count":5,"href":"https:\/\/www.sisinternational.com\/fr\/wp-json\/wp\/v2\/pages\/31724\/revisions"}],"predecessor-version":[{"id":81779,"href":"https:\/\/www.sisinternational.com\/fr\/wp-json\/wp\/v2\/pages\/31724\/revisions\/81779"}],"up":[{"embeddable":true,"href":"https:\/\/www.sisinternational.com\/fr\/wp-json\/wp\/v2\/pages\/14514"}],"wp:featuredmedia":[{"embeddable":true,"href":"https:\/\/www.sisinternational.com\/fr\/wp-json\/wp\/v2\/media\/63181"}],"wp:attachment":[{"href":"https:\/\/www.sisinternational.com\/fr\/wp-json\/wp\/v2\/media?parent=31724"}],"curies":[{"name":"wp","href":"https:\/\/api.w.org\/{rel}","templated":true}]}}