{"id":31703,"date":"2019-05-22T01:57:37","date_gmt":"2019-05-22T01:57:37","guid":{"rendered":"https:\/\/www.sisinternational.com\/?page_id=31703"},"modified":"2025-09-13T21:44:44","modified_gmt":"2025-09-14T01:44:44","slug":"etude-de-marche-des-drones","status":"publish","type":"page","link":"https:\/\/www.sisinternational.com\/fr\/competence\/etude-de-marche-des-drones\/","title":{"rendered":"\u00c9tude de march\u00e9 sur les drones"},"content":{"rendered":"<h1 class=\"wp-block-heading\">\u00c9tude de march\u00e9 sur les drones<\/h1>\n\n\n\n<figure class=\"gb-block-image gb-block-image-f0d1028f\"><img loading=\"lazy\" decoding=\"async\" width=\"1456\" height=\"816\" class=\"gb-image gb-image-f0d1028f\" src=\"https:\/\/www.sisinternational.com\/wp-content\/uploads\/2025\/08\/Drone-11.jpg\" alt=\"\u00c9tudes de march\u00e9 et strat\u00e9gie internationales SIS\" title=\"Drone (11)\" srcset=\"https:\/\/www.sisinternational.com\/wp-content\/uploads\/2025\/08\/Drone-11.jpg 1456w, https:\/\/www.sisinternational.com\/wp-content\/uploads\/2025\/08\/Drone-11-300x168.jpg 300w, https:\/\/www.sisinternational.com\/wp-content\/uploads\/2025\/08\/Drone-11-1024x574.jpg 1024w, https:\/\/www.sisinternational.com\/wp-content\/uploads\/2025\/08\/Drone-11-768x430.jpg 768w, https:\/\/www.sisinternational.com\/wp-content\/uploads\/2025\/08\/Drone-11-18x10.jpg 18w\" sizes=\"auto, (max-width: 1456px) 100vw, 1456px\"><\/figure>\n\n\n\n<p><\/p>\n\n\n\n<h2 class=\"wp-block-heading\"><span style=\"font-weight: 400;\">Le march\u00e9 des drones est en croissance dans le monde entier&nbsp;&nbsp;<\/span><\/h2>\n\n\n\n<p><span style=\"font-weight: 400;\">Cette croissance est due \u00e0 une augmentation significative de la popularit\u00e9 de l\u2019utilisation commerciale des drones. Ces machines peuvent \u00eatre utilis\u00e9es dans plusieurs industries.<\/span><\/p>\n\n\n\n<p><span style=\"font-weight: 400;\">La forte demande et les faibles co\u00fbts de d\u00e9marrage ont encourag\u00e9 de nombreuses startups de drones. Plus il y a d\u2019acteurs, plus la concurrence s\u2019intensifie, ce qui rend plus difficile la gestion d\u2019une entreprise de drones.<\/span><\/p>\n\n\n\n<p><span style=\"font-weight: 400;\">To maintain a strong position in the drone market, startups rely on market research. It&#8217;s the best way to stay ahead of the competition. <a href=\"https:\/\/www.sisinternational.com\/fr\/competence\/les-industries\/etude-de-marche-sur-la-collecte-de-donnees\/\" title=\"\u00c9tude de march\u00e9 sur la collecte de donn\u00e9es\"  data-wpil-monitor-id=\"8040\">Market research is about collecting<\/a> and analyzing customer information. It helps you make your drone business the best it can be, which in turn enables you to increase revenue and sales.<\/span><\/p>\n\n\n\n<h2 class=\"wp-block-heading\">Etude de march\u00e9 dans l&#039;industrie des drones<\/h2>\n\n\n\n<p><span style=\"font-weight: 400;\"><a href=\"https:\/\/www.sisinternational.com\/fr\/top-5-benefits-of-conducting-quantitative-market-research\/\" title=\"Top 5 Benefits of Conducting Quantitative Market Research\"  data-wpil-monitor-id=\"8035\">Etude de march\u00e9 quantitative<\/a> analyzes hard facts and statistics. This type of research is necessary to improve your products and services. It involves the large-scale collection of numerical data and statistics. <a href=\"https:\/\/www.sisinternational.com\/fr\/quantitative-market-research-methods-and-techniques\/\" title=\"Quantitative Market Research Methods and Techniques\"  data-wpil-monitor-id=\"8043\">Quantitative researchers use methods<\/a> such as surveys, polls, and many short interviews. They also use experiments, telephone interviews, emails, and observational research.<\/span><\/p>\n\n\n\n<p><span style=\"font-weight: 400;\"><a href=\"https:\/\/www.sisinternational.com\/fr\/tools-and-resources-for-qualitative-market-research\/\" title=\"Tools and Resources for Qualitative Market Research\"  data-wpil-monitor-id=\"8037\">Etude de march\u00e9 qualitative<\/a> discovers your customers&#8217; needs. It also measures their activities, attitude, and reactions toward your products and services. It determines what your customers feel about your products. It tells you their expectations of your business. Research reveals their attitudes towards your competitors, and what influences their buying decisions. <a href=\"https:\/\/www.sisinternational.com\/fr\/sampling-techniques-in-qualitative-research-the-complete-guide-to-choosing-the-right-method\/\" title=\"Sampling Techniques in Qualitative Research: The Complete Guide to Choosing the Right Method\"  data-wpil-monitor-id=\"8044\">Qualitative researchers<\/a> use unstructured observation and review methods. For example, they use focus groups, group discussions, and in-depth interviews.<\/span><\/p>\n\n\n\n<p><span style=\"font-weight: 400;\"><a href=\"https:\/\/www.sisinternational.com\/fr\/competence\/les-industries\/etude-de-marche-industriel\/\" title=\"\u00c9tudes de march\u00e9 et strat\u00e9gie industrielle\"  data-wpil-monitor-id=\"8041\">Market research in the drone industry<\/a> offers you superior customer intelligence. It can help startups to project business growth and give them data-driven insights. Here are six reasons why you need market research for your drone enterprise:<\/span><\/p>\n\n\n\n<h2 class=\"wp-block-heading\">Cela vous aide \u00e0 trouver votre niche<\/h2>\n\n\n\n<p><span style=\"font-weight: 400;\">Une niche est un segment particulier sur lequel une entreprise se concentre. Ne faites pas d&#039;affaires sur le march\u00e9 des drones sans identifier votre niche. C&#039;est comme tirer dans le noir. Toutes les industries possibles utilisent des drones dans un large \u00e9ventail de r\u00f4les. Les gens les utilisent dans l\u2019agriculture, la construction, la surveillance, la photographie a\u00e9rienne et la vid\u00e9o. Ils sont \u00e9galement utiles pour la surveillance du trafic, l\u2019\u00e9nergie, les activit\u00e9s r\u00e9cr\u00e9atives et bien plus encore.<\/span><\/p>\n\n\n\n<p><span style=\"font-weight: 400;\">Vous devez avoir une id\u00e9e exacte des types de produits et services propos\u00e9s par votre entreprise. Par exemple, vous pourriez avoir de nombreux agriculteurs dans votre r\u00e9gion int\u00e9ress\u00e9s par une forme d\u2019agriculture plus scientifique. Alternativement, plusieurs agents immobiliers peuvent avoir besoin de photographies immobili\u00e8res.<\/span><\/p>\n\n\n\n<p><span style=\"font-weight: 400;\">L\u2019\u00e9tude de march\u00e9 sur les drones d\u00e9termine votre segment de march\u00e9 le plus rentable. Il teste vos produits pour identifier les causes de la douleur des clients, leurs probl\u00e8mes et leurs d\u00e9sirs. Cela vous aide \u00e0 voir quels probl\u00e8mes votre entreprise essaie de r\u00e9soudre. Vous d\u00e9couvrirez ce qui int\u00e9resse vos clients et v\u00e9rifierez la validit\u00e9 de votre march\u00e9 de niche.<\/span><\/p>\n\n\n\n<h2 class=\"wp-block-heading\">Il vous aide \u00e0 d\u00e9finir votre public cible<\/h2>\n\n\n\n<figure class=\"gb-block-image gb-block-image-20e69da2\"><img loading=\"lazy\" decoding=\"async\" width=\"1456\" height=\"816\" class=\"gb-image gb-image-20e69da2\" src=\"https:\/\/www.sisinternational.com\/wp-content\/uploads\/2025\/08\/Drone-8.jpg\" alt=\"\u00c9tudes de march\u00e9 et strat\u00e9gie internationales SIS\" title=\"Drone (8)\" srcset=\"https:\/\/www.sisinternational.com\/wp-content\/uploads\/2025\/08\/Drone-8.jpg 1456w, https:\/\/www.sisinternational.com\/wp-content\/uploads\/2025\/08\/Drone-8-300x168.jpg 300w, https:\/\/www.sisinternational.com\/wp-content\/uploads\/2025\/08\/Drone-8-1024x574.jpg 1024w, https:\/\/www.sisinternational.com\/wp-content\/uploads\/2025\/08\/Drone-8-768x430.jpg 768w, https:\/\/www.sisinternational.com\/wp-content\/uploads\/2025\/08\/Drone-8-18x10.jpg 18w\" sizes=\"auto, (max-width: 1456px) 100vw, 1456px\"><\/figure>\n\n\n\n<p><\/p>\n\n\n\n<p><span style=\"font-weight: 400;\">Votre public cible est l\u2019ensemble des clients que votre entreprise esp\u00e8re servir. Ce public a g\u00e9n\u00e9ralement des besoins similaires. La recherche qualitative peut identifier les consommateurs les plus int\u00e9ress\u00e9s par vos produits\/services. Il identifie les personnes sp\u00e9cifiques qui sont plus susceptibles d\u2019acheter chez vous que chez d\u2019autres entreprises du march\u00e9.<\/span><\/p>\n\n\n\n<p><span style=\"font-weight: 400;\">Vous pouvez cat\u00e9goriser les personnes les plus susceptibles d\u2019acheter vos produits. La plupart des sp\u00e9cialistes du marketing utilisent des facteurs tels que l&#039;emplacement, l&#039;\u00e2ge et le niveau de revenu. Ils examinent \u00e9galement le style de vie, les attitudes, les int\u00e9r\u00eats, les passe-temps et bien plus encore.<\/span><\/p>\n\n\n\n<p><span style=\"font-weight: 400;\">Identifying your target audience helps you to understand them better. Once you know your buyers, you can cater to their needs. You&#8217;ll see how your drones fit into your customers&#8217; life. You&#8217;ll also find out what they find appealing and how they will use the product. Furthermore, <a href=\"https:\/\/www.sisinternational.com\/fr\/etude-de-marche-americaine-chevronnee-2\/\" title=\"\u00c9tude de march\u00e9 sur les v\u00e9t\u00e9rans am\u00e9ricains\"  data-wpil-monitor-id=\"8034\">market research ensures you effective communication strategies<\/a> for your target market.<\/span><\/p>\n\n\n\n<h2 class=\"wp-block-heading\">Cela augmente votre part de march\u00e9<\/h2>\n\n\n\n<p><span style=\"font-weight: 400;\">La recherche vous aide \u00e0 trouver votre niche et votre march\u00e9 cible. Cela peut \u00e9galement vous aider \u00e0 \u00e9tablir un plan marketing efficace, vous permettant ainsi de gagner une part de march\u00e9 plus importante.<\/span><\/p>\n\n\n\n<p><span style=\"font-weight: 400;\">Votre plan marketing peut faire toute la diff\u00e9rence pour le succ\u00e8s de votre entreprise de drones. <\/span><\/p>\n\n\n\n<p><span style=\"font-weight: 400;\">Une \u00e9tude de march\u00e9 sur les drones peut vous aider \u00e0 \u00e9tablir des objectifs r\u00e9alisables et \u00e0 identifier toute nouvelle opportunit\u00e9 sur le march\u00e9. Cela vous permet \u00e9galement de discerner de nouveaux domaines d\u2019expansion.<\/span><\/p>\n\n\n\n<h2 class=\"wp-block-heading\">Il vous montre l\u2019\u00e9volution des tendances du march\u00e9 des drones<\/h2>\n\n\n\n<p><span style=\"font-weight: 400;\">La technologie des drones a connu des progr\u00e8s rapides. C\u2019est un exemple de l\u2019\u00e9volution des tendances du march\u00e9 dans l\u2019industrie. Les \u00e9tudes de march\u00e9 peuvent vous aider \u00e0 rep\u00e9rer les nouvelles tendances du march\u00e9. Il vous aide \u00e0 g\u00e9n\u00e9rer des id\u00e9es \u00e0 potentiel de profit avant vos concurrents.<\/span><\/p>\n\n\n\n<h2 class=\"wp-block-heading\">Il minimise les risques et les pertes<\/h2>\n\n\n\n<p><span style=\"font-weight: 400;\">In the current business climate, startups must protect themselves from loss. Qualitative and <a href=\"https:\/\/www.sisinternational.com\/fr\/top-5-benefits-of-qualitative-market-research-for-businesses\/\" title=\"Top 5 Benefits of Qualitative Market Research for Businesses\"  data-wpil-monitor-id=\"8038\">\u00e9tude de march\u00e9 qualitative<\/a> is a boon for business owners. It helps remove costly assumptions in your business.<\/span><\/p>\n\n\n\n<h2 class=\"wp-block-heading\">Il am\u00e9liore l&#039;analyse des concurrents<\/h2>\n\n\n\n<p><span style=\"font-weight: 400;\">The market research also involves competitive research (or competitive analysis). It consists of collecting and analyzing information about rival companies in the market. It helps you to create a competitive advantage. How? Because you will now know what your rivals are offering. You&#8217;ll also know how successful they are and which of their marketing efforts are failing. It pays to identify the strengths and weaknesses of your competitors&#8217; products. It helps you improve your products\/services to stand out from the rest.<\/span><\/p>\n\n\n\n<h2 class=\"wp-block-heading\">\u00c0 propos de l\u2019\u00e9tude de march\u00e9 sur les drones<\/h2>\n\n\n\n<p><span style=\"font-weight: 400;\">Le march\u00e9 des drones est un march\u00e9 passionnant et en pleine croissance. L\u2019\u00e9tude de march\u00e9 sur les drones est une excellente ressource qui fournit des recommandations sp\u00e9cifiques. Cela pour augmenter vos ventes et vos revenus. Cela vous aidera \u00e0 prendre des d\u00e9cisions \u00e9clair\u00e9es. Vous pourrez \u00e9galement garder une longueur d\u2019avance sur vos concurrents et avoir une entreprise de drones prosp\u00e8re.<\/span><\/p>\n\n\n\n<p><\/p>","protected":false},"excerpt":{"rendered":"<p>D\u00e9couvrez comment lancer votre prochain projet d\u2019\u00e9tude de march\u00e9 sur les drones.<\/p>","protected":false},"author":1,"featured_media":64467,"parent":14514,"menu_order":47,"comment_status":"closed","ping_status":"closed","template":"","meta":{"footnotes":""},"class_list":["post-31703","page","type-page","status-publish","has-post-thumbnail"],"_links":{"self":[{"href":"https:\/\/www.sisinternational.com\/fr\/wp-json\/wp\/v2\/pages\/31703","targetHints":{"allow":["GET"]}}],"collection":[{"href":"https:\/\/www.sisinternational.com\/fr\/wp-json\/wp\/v2\/pages"}],"about":[{"href":"https:\/\/www.sisinternational.com\/fr\/wp-json\/wp\/v2\/types\/page"}],"author":[{"embeddable":true,"href":"https:\/\/www.sisinternational.com\/fr\/wp-json\/wp\/v2\/users\/1"}],"replies":[{"embeddable":true,"href":"https:\/\/www.sisinternational.com\/fr\/wp-json\/wp\/v2\/comments?post=31703"}],"version-history":[{"count":4,"href":"https:\/\/www.sisinternational.com\/fr\/wp-json\/wp\/v2\/pages\/31703\/revisions"}],"predecessor-version":[{"id":68439,"href":"https:\/\/www.sisinternational.com\/fr\/wp-json\/wp\/v2\/pages\/31703\/revisions\/68439"}],"up":[{"embeddable":true,"href":"https:\/\/www.sisinternational.com\/fr\/wp-json\/wp\/v2\/pages\/14514"}],"wp:featuredmedia":[{"embeddable":true,"href":"https:\/\/www.sisinternational.com\/fr\/wp-json\/wp\/v2\/media\/64467"}],"wp:attachment":[{"href":"https:\/\/www.sisinternational.com\/fr\/wp-json\/wp\/v2\/media?parent=31703"}],"curies":[{"name":"wp","href":"https:\/\/api.w.org\/{rel}","templated":true}]}}