{"id":31498,"date":"2019-04-20T21:44:07","date_gmt":"2019-04-20T21:44:07","guid":{"rendered":"https:\/\/www.sisinternational.com\/?page_id=31498"},"modified":"2026-01-25T17:07:48","modified_gmt":"2026-01-25T22:07:48","slug":"etude-de-marche-agile","status":"publish","type":"page","link":"https:\/\/www.sisinternational.com\/fr\/solutions\/innovation\/etude-de-marche-agile\/","title":{"rendered":"\u00c9tude de march\u00e9 agile"},"content":{"rendered":"<h1 class=\"wp-block-heading\">\u00c9tude de march\u00e9 agile<\/h1>\n\n\n\n<figure class=\"gb-block-image gb-block-image-5cc6e708\"><img loading=\"lazy\" decoding=\"async\" width=\"1456\" height=\"816\" class=\"gb-image gb-image-5cc6e708\" src=\"https:\/\/www.sisinternational.com\/wp-content\/uploads\/2025\/08\/Strategy-consulting-36.jpg\" alt=\"\u00c9tudes de march\u00e9 et strat\u00e9gie internationales SIS\" title=\"Strategy consulting (36)\" srcset=\"https:\/\/www.sisinternational.com\/wp-content\/uploads\/2025\/08\/Strategy-consulting-36.jpg 1456w, https:\/\/www.sisinternational.com\/wp-content\/uploads\/2025\/08\/Strategy-consulting-36-300x168.jpg 300w, https:\/\/www.sisinternational.com\/wp-content\/uploads\/2025\/08\/Strategy-consulting-36-1024x574.jpg 1024w, https:\/\/www.sisinternational.com\/wp-content\/uploads\/2025\/08\/Strategy-consulting-36-768x430.jpg 768w, https:\/\/www.sisinternational.com\/wp-content\/uploads\/2025\/08\/Strategy-consulting-36-18x10.jpg 18w\" sizes=\"auto, (max-width: 1456px) 100vw, 1456px\"><\/figure>\n\n\n\n<p><\/p>\n\n\n\n<h2 class=\"wp-block-heading\"><span style=\"font-weight: 400;\">Agile is an approach to carrying out projects with speed and flexibility. <\/span><\/h2>\n\n\n\n<p><span style=\"font-weight: 400;\">It adapts to changes in market and sector conditions. It turns these changes into a competitive advantage. How can it do that? By chopping the project into small parts to deliver them little by little in a defined time. All companies increasingly need to be flexible since they are in a constant state of uncertainty. A global economy, digital disruption,<\/span> and new technologies are constantly changing the business landscape.\u00a0 Companies must be able to react and adapt to an unexpected change <span style=\"font-weight: 400;\">quickly and efficiently. \u00a0<\/span><\/p>\n\n\n\n<h2 class=\"wp-block-heading\"><span style=\"font-weight: 400;\"><strong>Rendre votre entreprise agile<\/strong><\/span><\/h2>\n\n\n\n<p><span style=\"font-weight: 400;\">Companies are now taking a comprehensive Agile approach. They are implementing their principles and techniques throughout their organizations. They are also employing business agility in groups outside of information technology (IT). Many companies are currently expanding Agile into three main areas. These areas are product development, human resources, and portfolio management. <\/span><\/p>\n\n\n\n<p><span style=\"font-weight: 400;\">Toute entreprise fera bien de se transformer en approche et en pratiques Agile. Pour les ressources humaines, cela aura un impact positif sur les pratiques d\u2019embauche, les parcours de carri\u00e8re et les r\u00f4les. Il am\u00e9liore \u00e9galement la gestion des performances culturelles et la formation. Tous les domaines peuvent n\u00e9cessiter une mise \u00e0 jour pour s&#039;aligner sur les principes et les valeurs d&#039;Agile.<\/span><\/p>\n\n\n\n<p><span style=\"font-weight: 400;\">Avec la gestion de portefeuille Lean, certaines pratiques peuvent \u00eatre nouvelles pour l\u2019entreprise. Ces pratiques incluent la planification, la transparence et l\u2019alignement. Ils incluent \u00e9galement la collaboration et la mesure des r\u00e9sultats align\u00e9s avec l\u2019approche. L\u2019entreprise doit donner \u00e0 son personnel les moyens de prendre des d\u00e9cisions sur la mani\u00e8re de mettre en place ces pratiques. Ainsi, l\u2019entreprise devrait rationaliser ses processus. Il devrait \u00e9liminer des \u00e9l\u00e9ments tels que les longues cha\u00eenes d\u2019approbation et autres goulots d\u2019\u00e9tranglement.<\/span><\/p>\n\n\n\n<p><span style=\"font-weight: 400;\">Agile montre aux entreprises comment la fourniture de la valeur la plus \u00e9lev\u00e9e se traduira par la plus grande satisfaction. Cela permettra \u00e9galement une boucle de r\u00e9troaction plus serr\u00e9e. Des techniques telles que \u00ab\u00a0Google Design Sprint\u00a0\u00bb permettent \u00e0 la gestion de produits de r\u00e9aliser des prototypes. Cela leur permet \u00e9galement de v\u00e9rifier diff\u00e9rentes id\u00e9es plus t\u00f4t avec les clients.<\/span><\/p>\n\n\n\n<h2 class=\"wp-block-heading\">Comment \u00eatre plus agile<\/h2>\n\n\n\n<p><span style=\"font-weight: 400;\">The Agile approach is flexible and easier to learn. A unique feature is that it uses multidisciplinary teams. It brings together <a href=\"https:\/\/www.sisinternational.com\/fr\/competence\/les-industries\/etude-de-marche-sur-le-design-industriel\/\" title=\"\u00c9tude de march\u00e9 sur le design industriel\"  data-wpil-monitor-id=\"10834\">marketing people and designers<\/a>. It also includes those involved in the development and the business side of the company. Together, they provide the most realistic vision possible for the end user.<\/span><\/p>\n\n\n\n<p><span style=\"font-weight: 400;\">The Agile <a href=\"https:\/\/www.sisinternational.com\/fr\/solutions\/etude-de-marche-des-produits-de-beaute\/\" title=\"Conseil en innovation dans le domaine de la beaut\u00e9 et \u00e9tude du march\u00e9 de la beaut\u00e9\"  data-wpil-monitor-id=\"10852\">marketing concept is innovative<\/a>. It is of special interest to those who work with online applications, because companies need to respond faster to consumer interactions in the digital environment. <\/span><\/p>\n\n\n\n<p><span style=\"font-weight: 400;\">Agile <a href=\"https:\/\/www.sisinternational.com\/fr\/couverture\/etude-de-marche-en-asie\/etude-de-marche-philippin\/\" title=\"\u00c9tude de march\u00e9 philippin\"  data-wpil-monitor-id=\"4009\">marketers or researchers<\/a> have a significant amount of data at their fingertips. For example, social media analytics provide insight into clients who use these platforms. Agile market researchers can interact with customers using social content. Companies can use this valuable information for the <a href=\"https:\/\/www.sisinternational.com\/fr\/competence\/les-industries\/etude-de-marche-sur-loptimisation-des-menus-des-restaurants\/\" title=\"\u00c9tude de march\u00e9 sur l\u2019optimisation des menus de restaurants et de produits alimentaires\"  data-wpil-monitor-id=\"10842\">optimization of their marketing<\/a> campaigns. They can also use it to engage with existing clients and reduce churn rates.<\/span><\/p>\n\n\n\n<h2 class=\"wp-block-heading\">\u00c0 propos des \u00e9tudes de march\u00e9 agiles<\/h2>\n\n\n\n<p><span style=\"font-weight: 400;\">The role of <a href=\"https:\/\/www.sisinternational.com\/fr\/packagings-role-in-brand-trust-why-your-box-matters-more-than-you-think\/\" title=\"Packaging&#8217;s Role in Brand Trust: Why Your Box Matters More Than You Think\"  data-wpil-monitor-id=\"1492\">\u00e9tude de march\u00e9<\/a> is to generate information in time to create or align brand strategies. These strategies must be consumer-focused. Agility in this process, often seen as a differential, begins to be a need. Some research models must have a time for <a href=\"https:\/\/www.sisinternational.com\/fr\/couverture\/leurope-%ef%83%97\/etude-de-marche-liverpool-royaume-uni\/\" title=\"\u00c9tude de march\u00e9 \u00e0 Liverpool | Groupes de discussion et collecte de donn\u00e9es au Royaume-Uni\"  data-wpil-monitor-id=\"10857\">data<\/a> collection and analysis. This set time must be greater than what the market needs. Thus, incorporating new business models for the segment becomes essential. <\/span><\/p>\n\n\n\n<h2 class=\"wp-block-heading\"><span style=\"font-weight: 400;\"><strong>\u00c9tude de march\u00e9 sur le sprint agile<\/strong><\/span><\/h2>\n\n\n\n<p><span style=\"font-weight: 400;\">Scrum est une m\u00e9thode Agile sp\u00e9cifique et un processus de d\u00e9veloppement incr\u00e9mental. Un Sprint est une p\u00e9riode d\u00e9finie pendant laquelle les d\u00e9veloppeurs doivent terminer leur travail et le pr\u00e9senter pour r\u00e9vision. La planification de sprint fait r\u00e9f\u00e9rence \u00e0 un processus collaboratif impliquant le Scrum Master qui facilite la r\u00e9union. Il inclut \u00e9galement le propri\u00e9taire du produit. Les gestionnaires peuvent clarifier les d\u00e9tails des \u00e9l\u00e9ments du backlog du produit et leurs crit\u00e8res d&#039;acceptation. Cela implique \u00e9galement une \u00e9quipe Agile. L&#039;\u00e9quipe doit d\u00e9finir le travail et les efforts essentiels pour respecter son engagement Sprint.<\/span><\/p>\n\n\n\n<p>Agile Sprints are helpful in IT <a href=\"https:\/\/www.sisinternational.com\/fr\/solutions\/solutions-de-branding-et-de-recherche-client\/etude-de-marche-sur-les-tests-de-produits\/\" title=\"\u00c9tude de march\u00e9 sur les tests de produits\"  data-wpil-monitor-id=\"10838\">product and advertising testing<\/a>.&nbsp; Companies can test a <a href=\"https:\/\/www.sisinternational.com\/fr\/solutions\/conseil-en-strategie\/etude-de-marche-de-produits-minimum-viables\/\" title=\"\u00c9tude de march\u00e9 sur les produits minimum viables\"  data-wpil-monitor-id=\"10829\">Minimum Viable Product<\/a> or prototype with a small number of interviews, make changes, and then test again in several phases.&nbsp; This allows a better, cheaper and faster product development process.<\/p>\n\n\n\n<h2 class=\"wp-block-heading\">Avantages de l\u2019\u00e9tude de march\u00e9 agile<\/h2>\n\n\n\n<p><span style=\"font-weight: 400;\">Une \u00e9tude de march\u00e9 agile est n\u00e9cessaire car elle permet aux entreprises de\u00a0:<\/span><\/p>\n\n\n\n<ul class=\"wp-block-list\">\n<li><span style=\"font-weight: 400;\"><a href=\"https:\/\/www.sisinternational.com\/fr\/ameliorer-la-penetration-du-marche-grace-a-un-plan-marketing-complet\/\" title=\"Am\u00e9liorer la p\u00e9n\u00e9tration du march\u00e9 gr\u00e2ce \u00e0 un plan marketing complet\"  data-wpil-monitor-id=\"10847\">Plan their marketing<\/a> efforts.<\/span><\/li>\n\n\n\n<li><span style=\"font-weight: 400;\">Donnez la priorit\u00e9 aux choses essentielles pour \u00eatre ainsi plus productif.<\/span><\/li>\n\n\n\n<li><span style=\"font-weight: 400;\">Avoir une meilleure r\u00e9ponse aux opportunit\u00e9s qui se pr\u00e9sentent.<\/span><\/li>\n\n\n\n<li><span style=\"font-weight: 400;\">Am\u00e9liorer la satisfaction des salari\u00e9s au travail.<\/span><\/li>\n\n\n\n<li><span style=\"font-weight: 400;\">Conduire et inventer de nouvelles id\u00e9es.<\/span><\/li>\n\n\n\n<li><span style=\"font-weight: 400;\">Avoir des cycles de d\u00e9veloppement de produits plus rapides.<\/span><\/li>\n\n\n\n<li><span style=\"font-weight: 400;\">Am\u00e9liorer la communication et augmenter le flux d\u2019id\u00e9es et d\u2019informations.<\/span><\/li>\n\n\n\n<li><span style=\"font-weight: 400;\">Int\u00e9grer l&#039;\u00e9quipe au processus de vente.<\/span><\/li>\n<\/ul>\n\n\n\n<p><span style=\"font-weight: 400;\">Agile approaches allow businesses to understand the consumer faster. <a href=\"https:\/\/www.sisinternational.com\/fr\/solutions\/conseil-en-strategie\/analyse-des-donnees\/\" title=\"Soci\u00e9t\u00e9 d&#039;analyse de donn\u00e9es\"  data-wpil-monitor-id=\"10863\">Companies can map their demands through data<\/a> extraction solutions in less time. Second, brands can communicate with consumers, also in a much shorter time. For this to happen, companies need to reconfigure their market research efforts. An excellent example to follow comes from startups: agility, low cost, innovation, and quality.<\/span><\/p>\n\n\n\n<p><\/p>","protected":false},"excerpt":{"rendered":"<p>D\u00e9couvrez comment rendre votre entreprise plus agile gr\u00e2ce \u00e0 la recherche et aux donn\u00e9es.<\/p>","protected":false},"author":1,"featured_media":62523,"parent":14459,"menu_order":4,"comment_status":"closed","ping_status":"closed","template":"","meta":{"footnotes":""},"class_list":["post-31498","page","type-page","status-publish","has-post-thumbnail"],"_links":{"self":[{"href":"https:\/\/www.sisinternational.com\/fr\/wp-json\/wp\/v2\/pages\/31498","targetHints":{"allow":["GET"]}}],"collection":[{"href":"https:\/\/www.sisinternational.com\/fr\/wp-json\/wp\/v2\/pages"}],"about":[{"href":"https:\/\/www.sisinternational.com\/fr\/wp-json\/wp\/v2\/types\/page"}],"author":[{"embeddable":true,"href":"https:\/\/www.sisinternational.com\/fr\/wp-json\/wp\/v2\/users\/1"}],"replies":[{"embeddable":true,"href":"https:\/\/www.sisinternational.com\/fr\/wp-json\/wp\/v2\/comments?post=31498"}],"version-history":[{"count":5,"href":"https:\/\/www.sisinternational.com\/fr\/wp-json\/wp\/v2\/pages\/31498\/revisions"}],"predecessor-version":[{"id":81777,"href":"https:\/\/www.sisinternational.com\/fr\/wp-json\/wp\/v2\/pages\/31498\/revisions\/81777"}],"up":[{"embeddable":true,"href":"https:\/\/www.sisinternational.com\/fr\/wp-json\/wp\/v2\/pages\/14459"}],"wp:featuredmedia":[{"embeddable":true,"href":"https:\/\/www.sisinternational.com\/fr\/wp-json\/wp\/v2\/media\/62523"}],"wp:attachment":[{"href":"https:\/\/www.sisinternational.com\/fr\/wp-json\/wp\/v2\/media?parent=31498"}],"curies":[{"name":"wp","href":"https:\/\/api.w.org\/{rel}","templated":true}]}}