{"id":31485,"date":"2019-04-18T03:22:00","date_gmt":"2019-04-18T03:22:00","guid":{"rendered":"https:\/\/www.sisinternational.com\/?page_id=31485"},"modified":"2025-09-13T23:23:13","modified_gmt":"2025-09-14T03:23:13","slug":"sur-les-meilleures-etudes-de-marche-sur-les-medias-ott","status":"publish","type":"page","link":"https:\/\/www.sisinternational.com\/fr\/competence\/sur-les-meilleures-etudes-de-marche-sur-les-medias-ott\/","title":{"rendered":"\u00c9tude de march\u00e9 sur les m\u00e9dias sup\u00e9rieurs (OTT)"},"content":{"rendered":"<h1 class=\"wp-block-heading\">\u00c9tude de march\u00e9 sur les m\u00e9dias sup\u00e9rieurs (OTT)<\/h1>\n\n\n\n<figure class=\"gb-block-image gb-block-image-e0c99258\"><img loading=\"lazy\" decoding=\"async\" width=\"1456\" height=\"816\" class=\"gb-image gb-image-e0c99258\" src=\"https:\/\/www.sisinternational.com\/wp-content\/uploads\/2025\/08\/Video-and-Music-Streaming-2.jpg\" alt=\"\u00c9tudes de march\u00e9 et strat\u00e9gie internationales SIS\" title=\"Video and Music Streaming (2)\" srcset=\"https:\/\/www.sisinternational.com\/wp-content\/uploads\/2025\/08\/Video-and-Music-Streaming-2.jpg 1456w, https:\/\/www.sisinternational.com\/wp-content\/uploads\/2025\/08\/Video-and-Music-Streaming-2-300x168.jpg 300w, https:\/\/www.sisinternational.com\/wp-content\/uploads\/2025\/08\/Video-and-Music-Streaming-2-1024x574.jpg 1024w, https:\/\/www.sisinternational.com\/wp-content\/uploads\/2025\/08\/Video-and-Music-Streaming-2-768x430.jpg 768w, https:\/\/www.sisinternational.com\/wp-content\/uploads\/2025\/08\/Video-and-Music-Streaming-2-18x10.jpg 18w\" sizes=\"auto, (max-width: 1456px) 100vw, 1456px\"><\/figure>\n\n\n\n<p><\/p>\n\n\n\n<h2 class=\"wp-block-heading\"><span style=\"font-weight: 400;\">L\u2019une des plus grandes transformations m\u00e9diatiques depuis une g\u00e9n\u00e9ration<\/span><\/h2>\n\n\n\n<p><span style=\"font-weight: 400;\">Over-the-top media, also known as OTT, refers to the delivery of audio, video, and other media over the internet. This delivery takes place without the direct involvement of a telecommunication company. At first, this term was only used to describe the distribution of audio and video. It has since expanded to cover any service that is available over the internet. A subscriber for OTT services is free to access his or her subscribed media from anywhere in the world at any time. Soon, subscribers will be able to stream media using any form of access technology.<\/span><\/p>\n\n\n\n<h2 class=\"wp-block-heading\"><span style=\"font-weight: 400;\">L&#039;avenir des m\u00e9dias OTT<\/span><\/h2>\n\n\n\n<p><span style=\"font-weight: 400;\">Les d\u00e9veloppements technologiques r\u00e9cents ont cr\u00e9\u00e9 un environnement favorable au progr\u00e8s de l\u2019OTT. L&#039;Internet abordable a jou\u00e9 un r\u00f4le important dans son d\u00e9veloppement. L\u2019\u00e9cart de nombreux millennials par rapport aux programmes t\u00e9l\u00e9vis\u00e9s traditionnels a \u00e9galement contribu\u00e9 \u00e0 cette situation. Les Millennials pr\u00e9f\u00e8rent choisir ce qu\u2019ils veulent regarder et quand le regarder. De plus, comme il n\u2019y a pas de frais d\u2019annulation, de plus en plus de personnes pr\u00e9f\u00e8rent ces services.<\/span><\/p>\n\n\n\n<p><span style=\"font-weight: 400;\"><a href=\"https:\/\/www.sisinternational.com\/fr\/solutions\/conseil-en-strategie\/etude-de-marche-sur-la-prevision-de-la-demande\/\" title=\"Demand Forecasting Market Consulting\"  data-wpil-monitor-id=\"8014\">Forecasters expect the OTT market<\/a> to grow rapidly over the next few years. Examples of OTT services are Apple, Amazon, Netflix, and Hulu. Skype, Facebook, and Twitter are also considered OTT.<\/span><\/p>\n\n\n\n<h2 class=\"wp-block-heading\"><span style=\"font-weight: 400;\">Strat\u00e9gie concurrentielle dans le secteur OTT<\/span><\/h2>\n\n\n\n<p><span style=\"font-weight: 400;\">Netflix still dominates the streaming market. However, more and more content owners are publishing their content across various platforms. Somehow, all the competitors want their apps on the home screen of a smartphone. As the competition increases within this field, it will become harder to get noticed.<\/span><\/p>\n\n\n\n<h2 class=\"wp-block-heading\"><span style=\"font-weight: 400;\">Pourquoi une \u00e9tude de march\u00e9 est-elle n\u00e9cessaire pour les fournisseurs de services multim\u00e9dias OTT\u00a0?<\/span><\/h2>\n\n\n\n<p><span style=\"font-weight: 400;\"><a href=\"https:\/\/www.sisinternational.com\/fr\/solutions\/recherche-de-conseil-en-strategie-fintech\/etude-de-marche-sur-les-services-financiers\/\" title=\"\u00c9tude de march\u00e9 sur les services financiers\"  data-wpil-monitor-id=\"7995\">Market research shows service<\/a> providers the challenges presented by the clients they target. The provider will also be able to collect users&#8217; opinions. For example, let&#8217;s say the provider wanted to launch a free ad-supported service. He or she can use <a href=\"https:\/\/www.sisinternational.com\/fr\/solutions\/test-de-gout\/etude-de-marche-sur-les-tests-de-gout-comparatifs\/\" title=\"\u00c9tude de march\u00e9 sur les tests de go\u00fbt comparatifs\"  data-wpil-monitor-id=\"8005\">market research to compare<\/a> it with an expensive option that has no advertisements. Clients may also have specific ideas about how they want to pay for the services they receive. This situation would create more opportunities for service providers to monetize their service.<\/span><\/p>\n\n\n\n<h2 class=\"wp-block-heading\"><span style=\"font-weight: 400;\">Qualitatif&nbsp;<\/span><span style=\"font-weight: 400;\">M\u00e9thodes d&#039;\u00e9tude de march\u00e9<\/span><\/h2>\n\n\n\n<p><span style=\"font-weight: 400;\">Researchers use this method to collect and analyze non-numerical data. For example, they collect reasons, ideas, and opinions. <a href=\"https:\/\/www.sisinternational.com\/fr\/tendances-futures-des-etudes-de-marche-qualitatives\/\" title=\"Tendances futures en mati\u00e8re d&#039;\u00e9tudes de march\u00e9 qualitatives\"  data-wpil-monitor-id=\"8012\">Qualitative Research can identify rising trends<\/a> in opinions and thoughts. It is also used to find out how people become conscious of their social realities. Qualitative Researchers use a wide array of methods, including online ethnography, unstructured interviews, and focus groups. <a href=\"https:\/\/www.sisinternational.com\/fr\/solutions\/societe-detudes-de-marche-par-echantillonnage-et-sondage-en-ligne\/\" title=\"Enqu\u00eate en ligne \u00c9chantillonnage Soci\u00e9t\u00e9 d&#039;\u00e9tudes de march\u00e9\"  data-wpil-monitor-id=\"7999\">Researchers also use online surveys<\/a> with open-ended questions. <\/span><\/p>\n\n\n\n<p><span style=\"font-weight: 400;\">La recherche qualitative offre des r\u00e9ponses approfondies sur les raisons pour lesquelles un consommateur s&#039;abonne \u00e0 un service. Cela donne \u00e9galement un aper\u00e7u de ce qui pousse un consommateur \u00e0 s&#039;abonner \u00e0 un service et \u00e0 en rejeter un autre. La recherche qualitative peut identifier le processus de r\u00e9flexion derri\u00e8re l&#039;opinion exprim\u00e9e par le consommateur. Cette m\u00e9thode permet \u00e0 un utilisateur d&#039;obtenir des informations riches et descriptives aupr\u00e8s des consommateurs.<\/span><\/p>\n\n\n\n<h2 class=\"wp-block-heading\"><span style=\"font-weight: 400;\">Quantitatif&nbsp;<\/span><span style=\"font-weight: 400;\">M\u00e9thodes d&#039;\u00e9tude de march\u00e9<\/span><\/h2>\n\n\n\n<p><span style=\"font-weight: 400;\">This method uses numerical, measurable data to develop facts and identify patterns. The data is in the form of numbers and statistics, often arranged in graphs, charts, and other non-textual forms. This <a href=\"https:\/\/www.sisinternational.com\/fr\/quantitative-market-research-methods-and-techniques\/\" title=\"Quantitative Market Research Methods and Techniques\"  data-wpil-monitor-id=\"8009\">research method<\/a> includes a range of data-extracting techniques such as online polls. It also includes mobile and app surveys, kiosk surveys, and systematic observations.<\/span><\/p>\n\n\n\n<p><span style=\"font-weight: 400;\">Quantitative research has the advantage of collecting reliable data. When it comes to acquiring data from a large population, it&#8217;s easier to measure the outcome of this <a href=\"https:\/\/www.sisinternational.com\/fr\/sampling-techniques-in-qualitative-research-the-complete-guide-to-choosing-the-right-method\/\" title=\"Sampling Techniques in Qualitative Research: The Complete Guide to Choosing the Right Method\"  data-wpil-monitor-id=\"8002\">research compared with the qualitative method<\/a>. Another advantage is the ability to convert its result into highly-accurate predictions.<\/span><\/p>\n\n\n\n<h2 class=\"wp-block-heading\"><span style=\"font-weight: 400;\">Recherche strat\u00e9gique<\/span><\/h2>\n\n\n\n<p><span style=\"font-weight: 400;\">We provide Advanced Strategy <a href=\"https:\/\/www.sisinternational.com\/fr\/etude-de-marche-sur-la-maison-intelligente\/\" title=\"\u00c9tude de march\u00e9 sur la maison intelligente\"  data-wpil-monitor-id=\"7993\">solutions such as Market<\/a> Opportunity Analysis, Market Assessments, and Go-To-Market Strategy.\u00a0 Key methods include Primary Research, Secondary Research, and Subject Matter Expert research.\u00a0 Desk Research refers to an accumulation of data that already exists. Data sources may exist as published government reports, company records, databases, periodicals, newspapers and magazines.\u00a0<\/span><\/p>\n\n\n\n<p><\/p>","protected":false},"excerpt":{"rendered":"<p>D\u00e9couvrez de nouvelles fa\u00e7ons de tirer parti de l\u2019\u00e9tude de march\u00e9 Over the Top Media.<\/p>","protected":false},"author":1,"featured_media":63637,"parent":14514,"menu_order":45,"comment_status":"closed","ping_status":"closed","template":"","meta":{"footnotes":""},"class_list":["post-31485","page","type-page","status-publish","has-post-thumbnail"],"_links":{"self":[{"href":"https:\/\/www.sisinternational.com\/fr\/wp-json\/wp\/v2\/pages\/31485","targetHints":{"allow":["GET"]}}],"collection":[{"href":"https:\/\/www.sisinternational.com\/fr\/wp-json\/wp\/v2\/pages"}],"about":[{"href":"https:\/\/www.sisinternational.com\/fr\/wp-json\/wp\/v2\/types\/page"}],"author":[{"embeddable":true,"href":"https:\/\/www.sisinternational.com\/fr\/wp-json\/wp\/v2\/users\/1"}],"replies":[{"embeddable":true,"href":"https:\/\/www.sisinternational.com\/fr\/wp-json\/wp\/v2\/comments?post=31485"}],"version-history":[{"count":4,"href":"https:\/\/www.sisinternational.com\/fr\/wp-json\/wp\/v2\/pages\/31485\/revisions"}],"predecessor-version":[{"id":81350,"href":"https:\/\/www.sisinternational.com\/fr\/wp-json\/wp\/v2\/pages\/31485\/revisions\/81350"}],"up":[{"embeddable":true,"href":"https:\/\/www.sisinternational.com\/fr\/wp-json\/wp\/v2\/pages\/14514"}],"wp:featuredmedia":[{"embeddable":true,"href":"https:\/\/www.sisinternational.com\/fr\/wp-json\/wp\/v2\/media\/63637"}],"wp:attachment":[{"href":"https:\/\/www.sisinternational.com\/fr\/wp-json\/wp\/v2\/media?parent=31485"}],"curies":[{"name":"wp","href":"https:\/\/api.w.org\/{rel}","templated":true}]}}