{"id":31479,"date":"2019-04-18T03:07:51","date_gmt":"2019-04-18T03:07:51","guid":{"rendered":"https:\/\/www.sisinternational.com\/?page_id=31479"},"modified":"2025-09-13T23:24:52","modified_gmt":"2025-09-14T03:24:52","slug":"etude-de-marche-sur-lapprentissage-profond-2","status":"publish","type":"page","link":"https:\/\/www.sisinternational.com\/fr\/competence\/etude-de-marche-sur-lapprentissage-profond-2\/","title":{"rendered":"\u00c9tude de march\u00e9 sur l\u2019apprentissage profond"},"content":{"rendered":"<h1 class=\"wp-block-heading\"><span style=\"font-weight: 400;\">\u00c9tude de march\u00e9 sur l\u2019apprentissage profond<\/span><\/h1>\n\n\n\n<figure class=\"gb-block-image gb-block-image-700b69b5\"><img loading=\"lazy\" decoding=\"async\" width=\"1456\" height=\"816\" class=\"gb-image gb-image-700b69b5\" src=\"https:\/\/www.sisinternational.com\/wp-content\/uploads\/2025\/08\/Deep-learning-machine-learning-42.jpg\" alt=\"\u00c9tudes de march\u00e9 et strat\u00e9gie internationales SIS\" title=\"Deep learning machine learning (42)\" srcset=\"https:\/\/www.sisinternational.com\/wp-content\/uploads\/2025\/08\/Deep-learning-machine-learning-42.jpg 1456w, https:\/\/www.sisinternational.com\/wp-content\/uploads\/2025\/08\/Deep-learning-machine-learning-42-300x168.jpg 300w, https:\/\/www.sisinternational.com\/wp-content\/uploads\/2025\/08\/Deep-learning-machine-learning-42-1024x574.jpg 1024w, https:\/\/www.sisinternational.com\/wp-content\/uploads\/2025\/08\/Deep-learning-machine-learning-42-768x430.jpg 768w, https:\/\/www.sisinternational.com\/wp-content\/uploads\/2025\/08\/Deep-learning-machine-learning-42-18x10.jpg 18w\" sizes=\"auto, (max-width: 1456px) 100vw, 1456px\"><\/figure>\n\n\n\n<p><\/p>\n\n\n\n<h2 class=\"wp-block-heading\"><span style=\"font-weight: 400;\">For your business to grow, you must understand your customers. <\/span><\/h2>\n\n\n\n<p><span style=\"font-weight: 400;\">Vous devez r\u00e9pondre \u00e0 leurs attentes et leur apporter le meilleur soutien possible. C\u2019est l\u00e0 que le besoin de Deep Learning et d\u2019\u00e9tudes de march\u00e9 entre en jeu.<\/span><\/p>\n\n\n\n<h2 class=\"wp-block-heading\"><span style=\"font-weight: 400;\">Qu\u2019est-ce que l\u2019apprentissage profond ?<\/span><\/h2>\n\n\n\n<p><span style=\"font-weight: 400;\">Il existe plusieurs fa\u00e7ons de faire apprendre un processus \u00e0 une machine. L&#039;apprentissage profond est l&#039;une de ces m\u00e9thodes. Le concept de Deep Learning est \u00e9galement connu sous le nom d\u2019apprentissage hi\u00e9rarchique ou d\u2019apprentissage structur\u00e9 en profondeur. Contrairement aux autres processus, la m\u00e9thode Deep Learning se concentre sur les repr\u00e9sentations de donn\u00e9es. Vous pouvez superviser le processus d\u2019apprentissage, ou il peut \u00eatre non supervis\u00e9 ou semi-supervis\u00e9. De nombreux domaines et industries appliquent d\u00e9j\u00e0 certaines architectures de Deep Learning, telles que les r\u00e9seaux de neurones r\u00e9currents, les r\u00e9seaux de croyance profonde et les r\u00e9seaux de neurones profonds. Ils utilisent les r\u00e9seaux de neurones pour promouvoir l&#039;apprentissage. Ils peuvent apprendre des t\u00e2ches complexes et traiter de nombreuses donn\u00e9es qui ne seraient pas possibles pour un humain.<\/span><\/p>\n\n\n\n<h2 class=\"wp-block-heading\"><span style=\"font-weight: 400;\">Le march\u00e9 est en croissance<\/span><\/h2>\n\n\n\n<p><span style=\"font-weight: 400;\">Popular neural networks have around eight layers and 60 million parameters. The Deep Learning neural networks go up to 200 or 400 million settings. The great thing is that the market is growing. Businesses need Deep Learning to study business data, see problems, and identify solutions. Many companies are already accessing their benefits. Deep Learning continues to be very popular in the business world.<\/span><\/p>\n\n\n\n<h2 class=\"wp-block-heading\"><span style=\"font-weight: 400;\">Avantages de l&#039;apprentissage profond<\/span><\/h2>\n\n\n\n<p><span style=\"font-weight: 400;\">One of the main benefits of Deep Learning is that it transforms companies. Based on company data, it\u2019s a lot easier to figure out what\u2019s wrong, what customers expect, and what you need to change. The transformation process is comprehensive and meaningful. It can have a positive <a href=\"https:\/\/www.sisinternational.com\/fr\/leffet-des-cultures-de-marche-nigerianes-sur-les-affaires\/\" title=\"Le march\u00e9 nig\u00e9rian\u00a0: l&#039;effet de la culture sur les affaires\"  data-wpil-monitor-id=\"11293\">effect on your business<\/a>. By studying company data, <a href=\"https:\/\/www.sisinternational.com\/fr\/solutions\/innovation\/etude-de-marche-sur-lapprentissage-profond-2\/\" title=\"\u00c9tude de march\u00e9 sur l\u2019apprentissage profond\"  data-wpil-monitor-id=\"4760\">Deep Learning also allows markets<\/a> to be more efficient. It helps a lot, and it delivers a resounding <a href=\"https:\/\/www.sisinternational.com\/fr\/retour-sur-investissement-dans-les-etudes-de-marche\/\" title=\"Retour sur investissement dans les \u00e9tudes de march\u00e9\"  data-wpil-monitor-id=\"11295\">return on investment<\/a> every time.<\/span><\/p>\n\n\n\n<p><span style=\"font-weight: 400;\">De nombreuses entreprises utilisent le Deep Learning pour comprendre leurs donn\u00e9es. Ils l&#039;utilisent \u00e9galement pour cibler des client\u00e8les sp\u00e9cifiques. De nombreuses entreprises l&#039;utilisent \u00e9galement pour la vision par ordinateur, le r\u00e9glage et l&#039;optimisation.<\/span><\/p>\n\n\n\n<h2 class=\"wp-block-heading\"><span style=\"font-weight: 400;\">Comment les entreprises appliquent-elles le Deep Learning ?<\/span><\/h2>\n\n\n\n<p><span style=\"font-weight: 400;\">Le <a href=\"https:\/\/www.sisinternational.com\/fr\/competence\/les-industries\/etude-de-marche-du-petrole-et-du-gaz\/\" title=\"\u00c9tudes de march\u00e9 sur le p\u00e9trole et le gaz\"  data-wpil-monitor-id=\"11289\">oil and gas<\/a> industry uses Deep Learning to lower its extraction costs. This industry also uses it for locating, delivering, and processing the oil. The construction industry uses Deep Learning to create step-by-step project simulations. With deep learning, it&#8217;s easy for builders to see what can go wrong. Also, for cybersecurity, Deep Learning can improve the detection rate for malware. Social media, finance, transportation, healthcare, and many other industries use Deep Learning.<\/span><\/p>\n\n\n\n<p><span style=\"font-weight: 400;\">Deep learning will help you understand your business and uncover new opportunities. This method processes a vast amount of data. You can use this data to figure out what approach and system will work for you. You can generate new business opportunities. You may also see some challenges that can arise from your competition. Once you have all that info, you can start speaking to decision makers. They can analyze the data and recommend changes.<\/span><\/p>\n\n\n\n<p><span style=\"font-weight: 400;\">While information is everywhere, the main issue is finding the right insights. <a href=\"https:\/\/www.sisinternational.com\/fr\/solutions\/conseil-en-strategie\/analyse-des-donnees\/\" title=\"Soci\u00e9t\u00e9 d&#039;analyse de donn\u00e9es\"  data-wpil-monitor-id=\"11287\">Companies also need to use data<\/a> correctly. With help from SIS International, you will find it a lot easier to access deep learning and reach data scientists. You also get <a href=\"https:\/\/www.sisinternational.com\/fr\/solutions\/etude-de-marche-de-consommation\/\" title=\"Consumer Market Research Services for Smarter Business Decisions\"  data-wpil-monitor-id=\"11282\">consumer research and many other services<\/a> in a very affordable package. Don\u2019t hesitate! Talk to <a href=\"https:\/\/www.sisinternational.com\/fr\/saint-valentin-comment-votre-entreprise-peut-ressentir-lamour\/\" title=\"\u00c9tude de march\u00e9 pour la Saint-Valentin\u00a0: comment votre entreprise peut ressentir l&#039;amour\"  data-wpil-monitor-id=\"11280\">SIS<\/a> International today to harness the power of deep learning for your business.<\/span><\/p>\n\n\n\n<h2 class=\"wp-block-heading\">\u00c0 propos des \u00e9tudes de march\u00e9 sur l\u2019apprentissage profond<\/h2>\n\n\n\n<p>SIS is a leading <a class=\"wpil_keyword_link\" href=\"https:\/\/www.sisinternational.com\/fr\/couverture\/\"   title=\"Couverture des \u00e9tudes de march\u00e9\" data-wpil-keyword-link=\"linked\"  data-wpil-monitor-id=\"759\">\u00c9tude de march\u00e9 mondiale<\/a> and Strategy Consulting company. We provide data, <a href=\"https:\/\/www.sisinternational.com\/fr\/focus-groups-that-deliver-real-voices-real-insight-real-advantage\/\" title=\"Focus Groups That Deliver Real Voices, Real Insight, Real Advantage\"  data-wpil-monitor-id=\"11291\">insights and strategies to gain advantage<\/a> in today&#8217;s fast-paced business landscape.&nbsp; With data and strategy, companies can better identify opportunities and advantages. Examples of our work include:<\/p>\n\n\n\n<ul class=\"wp-block-list\">\n<li><strong>Recherche qualitative<\/strong>: <a href=\"https:\/\/www.sisinternational.com\/fr\/couverture\/leurope-%ef%83%97\/etude-de-marche-liverpool-royaume-uni\/\" title=\"\u00c9tude de march\u00e9 \u00e0 Liverpool | Groupes de discussion et collecte de donn\u00e9es au Royaume-Uni\"  data-wpil-monitor-id=\"11285\">Focus Groups with Data<\/a> Scientists and Customers<\/li>\n\n\n\n<li><strong>Recherche quantitative<\/strong>: Enqu\u00eates et collecte de donn\u00e9es pour algorithmes et traitement de donn\u00e9es<\/li>\n\n\n\n<li><strong>Conseil en strat\u00e9gie<\/strong>: Market Sizing, Go-To-Market Strategy, Technology Acquisition, and Competitive Analysis<\/li>\n<\/ul>","protected":false},"excerpt":{"rendered":"<p>D\u00e9couvrez de nouvelles fa\u00e7ons de transformer votre entreprise gr\u00e2ce aux \u00e9tudes de march\u00e9 sur le Deep Learning.<\/p>","protected":false},"author":1,"featured_media":64419,"parent":14514,"menu_order":44,"comment_status":"closed","ping_status":"closed","template":"","meta":{"footnotes":""},"class_list":["post-31479","page","type-page","status-publish","has-post-thumbnail"],"_links":{"self":[{"href":"https:\/\/www.sisinternational.com\/fr\/wp-json\/wp\/v2\/pages\/31479","targetHints":{"allow":["GET"]}}],"collection":[{"href":"https:\/\/www.sisinternational.com\/fr\/wp-json\/wp\/v2\/pages"}],"about":[{"href":"https:\/\/www.sisinternational.com\/fr\/wp-json\/wp\/v2\/types\/page"}],"author":[{"embeddable":true,"href":"https:\/\/www.sisinternational.com\/fr\/wp-json\/wp\/v2\/users\/1"}],"replies":[{"embeddable":true,"href":"https:\/\/www.sisinternational.com\/fr\/wp-json\/wp\/v2\/comments?post=31479"}],"version-history":[{"count":6,"href":"https:\/\/www.sisinternational.com\/fr\/wp-json\/wp\/v2\/pages\/31479\/revisions"}],"predecessor-version":[{"id":81842,"href":"https:\/\/www.sisinternational.com\/fr\/wp-json\/wp\/v2\/pages\/31479\/revisions\/81842"}],"up":[{"embeddable":true,"href":"https:\/\/www.sisinternational.com\/fr\/wp-json\/wp\/v2\/pages\/14514"}],"wp:featuredmedia":[{"embeddable":true,"href":"https:\/\/www.sisinternational.com\/fr\/wp-json\/wp\/v2\/media\/64419"}],"wp:attachment":[{"href":"https:\/\/www.sisinternational.com\/fr\/wp-json\/wp\/v2\/media?parent=31479"}],"curies":[{"name":"wp","href":"https:\/\/api.w.org\/{rel}","templated":true}]}}