{"id":31453,"date":"2019-04-14T22:33:04","date_gmt":"2019-04-14T22:33:04","guid":{"rendered":"https:\/\/www.sisinternational.com\/?page_id=31453"},"modified":"2025-09-13T23:19:07","modified_gmt":"2025-09-14T03:19:07","slug":"etude-de-marche-devops","status":"publish","type":"page","link":"https:\/\/www.sisinternational.com\/fr\/competence\/etude-de-marche-devops\/","title":{"rendered":"\u00c9tude de march\u00e9 DevOps"},"content":{"rendered":"<h1 class=\"wp-block-heading\"><span style=\"font-weight: 400;\">\u00c9tude de march\u00e9 DevOps<\/span><\/h1>\n\n\n\n<figure class=\"gb-block-image gb-block-image-45134c7a\"><img loading=\"lazy\" decoding=\"async\" width=\"1456\" height=\"816\" class=\"gb-image gb-image-45134c7a\" src=\"https:\/\/www.sisinternational.com\/wp-content\/uploads\/2025\/08\/Tech-19.jpg\" alt=\"\u00c9tudes de march\u00e9 et strat\u00e9gie internationales SIS\" title=\"Tech (19)\" srcset=\"https:\/\/www.sisinternational.com\/wp-content\/uploads\/2025\/08\/Tech-19.jpg 1456w, https:\/\/www.sisinternational.com\/wp-content\/uploads\/2025\/08\/Tech-19-300x168.jpg 300w, https:\/\/www.sisinternational.com\/wp-content\/uploads\/2025\/08\/Tech-19-1024x574.jpg 1024w, https:\/\/www.sisinternational.com\/wp-content\/uploads\/2025\/08\/Tech-19-768x430.jpg 768w, https:\/\/www.sisinternational.com\/wp-content\/uploads\/2025\/08\/Tech-19-18x10.jpg 18w\" sizes=\"auto, (max-width: 1456px) 100vw, 1456px\"><\/figure>\n\n\n\n<p><\/p>\n\n\n\n<p><span style=\"font-weight: 400;\">DevOps est un ensemble de processus de d\u00e9veloppement logiciel qui combine le d\u00e9veloppement logiciel et les op\u00e9rations informatiques pour acc\u00e9l\u00e9rer le cycle de vie du d\u00e9veloppement des syst\u00e8mes. DevOps est une fusion de deux mots : D\u00e9veloppement et Op\u00e9rations. Les deux \u00e9quipes ont des responsabilit\u00e9s diff\u00e9rentes dans le cycle de gestion des versions d\u2019applications. Il est davantage associ\u00e9 \u00e0 la communication, \u00e0 la collaboration et aux commentaires entre les diff\u00e9rentes parties prenantes, notamment les d\u00e9veloppeurs, les testeurs et les \u00e9quipes d&#039;infrastructure, de gestion de la configuration et de d\u00e9ploiement.<\/span><\/p>\n\n\n\n<h2 class=\"wp-block-heading\">Avantages du DevOps<\/h2>\n\n\n\n<p><span style=\"font-weight: 400;\">DevOps has made it easy to cut out all the small hurdles that used to keep developers glued to their seats for days at a time. It has also removed the problems faced by the developer and operation team. Both parties had problems while communicating the project. It has bought reliability between the groups by increasing efficiency and consistency. The <a href=\"https:\/\/www.sisinternational.com\/fr\/solutions\/recherche-de-conseil-en-strategie-fintech\/conseil-en-acquisition-de-clients-dans-le-domaine-des-services-financiers\/\" title=\"Conseil en acquisition de clients dans le domaine des services financiers\"  data-wpil-monitor-id=\"8022\">customers can now receive better service<\/a>, and the development and operation team can meet their goals in a much more efficient manner.<\/span><\/p>\n\n\n\n<h2 class=\"wp-block-heading\"><span style=\"font-weight: 400;\">Pourquoi DevOps est-il bon pour la croissance des entreprises ?<\/span><\/h2>\n\n\n\n<p><span style=\"font-weight: 400;\">Deux mots d\u00e9crivent DevOps\u00a0: flexibilit\u00e9 et mobilit\u00e9. Les tests et les commentaires des clients sont essentiels pour cr\u00e9er un bon produit. Le r\u00e9sultat souhait\u00e9 est que votre produit dure plus longtemps que l\u2019\u00e9claboussure initiale. Il est donc logique de s\u2019adapter si vous souhaitez que le produit reste pertinent et capable de faire son travail. L\u2019adaptation n\u2019est pas exactement la chose la plus simple \u00e0 r\u00e9aliser. Les entreprises ont parfois de longs cycles d\u2019it\u00e9ration. Ils doivent \u00e9galement faire \u00e9voluer de grandes \u00e9quipes.<\/span><\/p>\n\n\n\n<p><span style=\"font-weight: 400;\">La t\u00e2che principale d&#039;un ing\u00e9nieur ou d&#039;un sp\u00e9cialiste DevOps est de s&#039;assurer que le logiciel fonctionne. Cela doit fonctionner \u00e0 la fois du point de vue des d\u00e9veloppeurs et de celui de l&#039;infrastructure.<\/span><\/p>\n\n\n\n<p><span style=\"font-weight: 400;\">When you put a DevOps culture in place, it enables you to make effective, prompt changes.&nbsp; The result is better <a href=\"https:\/\/www.sisinternational.com\/fr\/competence\/cv-dexperience\/etude-de-marche-sur-les-produits-de-soins-personnels\/\" title=\"\u00c9tude de march\u00e9 sur les produits de soins personnels\"  data-wpil-monitor-id=\"8019\">products that perform better in the market<\/a>.<\/span><\/p>\n\n\n\n<h2 class=\"wp-block-heading\"><span style=\"font-weight: 400;\">Quels sont les principaux avantages du DevOps ?<\/span><\/h2>\n\n\n\n<p><span style=\"font-weight: 400;\">Les entreprises qui adoptent DevOps signalent des am\u00e9liorations notables. Certaines des am\u00e9liorations incluent\u00a0:<\/span><\/p>\n\n\n\n<ul class=\"wp-block-list\">\n<li><span style=\"font-weight: 400;\"><strong>Une mise sur le march\u00e9 plus rapide<\/strong>. DevOps raccourcit le d\u00e9lai entre la conception d&#039;une id\u00e9e et le temps n\u00e9cessaire pour passer en production et devenir disponible \u00e0 la vente<\/span><\/li>\n\n\n\n<li><strong>R\u00e9ductions de co\u00fbts<\/strong><\/li>\n\n\n\n<li><span style=\"font-weight: 400;\"><strong>Productivit\u00e9 accrue<\/strong> avec une livraison continue, des d\u00e9veloppeurs et des testeurs. Cette am\u00e9lioration permet de gagner du temps dans la cr\u00e9ation et la maintenance des environnements de travail. Cela conduit \u00e0 des d\u00e9ploiements plus rapides<\/span><\/li>\n\n\n\n<li><strong>Commentaires plus rapides des utilisateurs<\/strong><\/li>\n\n\n\n<li><span style=\"font-weight: 400;\"><strong>Meilleure qualit\u00e9 du produit<\/strong>. De nombreuses entreprises signalent une baisse marqu\u00e9e des bogues ouverts et d&#039;autres probl\u00e8mes<\/span><\/li>\n\n\n\n<li><span style=\"font-weight: 400;\"><strong>Versions fiables<\/strong>. Lorsque les entreprises publient r\u00e9guli\u00e8rement des versions, cela signifie \u00e9galement moins de bugs introduits et un impact moindre sur les utilisateurs.<\/span><\/li>\n\n\n\n<li><strong>Plus de satisfaction client<\/strong><\/li>\n<\/ul>\n\n\n\n<h2 class=\"wp-block-heading\"><span style=\"font-weight: 400;\">Comment fonctionne DevOps ?<\/span><\/h2>\n\n\n\n<p><span style=\"font-weight: 400;\">Les entreprises qui utilisent le mod\u00e8le DevOps ne \u00ab cloisonnent \u00bb pas leurs \u00e9quipes de d\u00e9veloppement et d\u2019exploitation. Au lieu de cela, ils fusionnent en une seule unit\u00e9. Les ing\u00e9nieurs r\u00e9alisent ensuite l\u2019ensemble du cycle de vie de l\u2019application. Ils commencent par le d\u00e9veloppement et les tests et passent au d\u00e9ploiement et aux op\u00e9rations. Ce faisant, ils d\u00e9veloppent plusieurs comp\u00e9tences qui ne se limitent pas \u00e0 une seule fonction.<\/span><\/p>\n\n\n\n<p><span style=\"font-weight: 400;\">Les \u00e9quipes d&#039;assurance qualit\u00e9 et de s\u00e9curit\u00e9 peuvent \u00e9galement fusionner avec le d\u00e9veloppement et les op\u00e9rations. Ces fusions se produisent tout au long du cycle de vie des applications. Lorsque la s\u00e9curit\u00e9 est au centre d\u2019une \u00e9quipe DevOps, les chercheurs l\u2019appellent parfois DevSecOps.<\/span><\/p>\n\n\n\n<p><span style=\"font-weight: 400;\">Ces \u00e9quipes ont trouv\u00e9 des moyens d&#039;automatiser des processus qui \u00e9taient auparavant manuels et lents. Ce processus les aide \u00e0 innover et \u00e0 cr\u00e9er de nouvelles applications. Ces outils permettent \u00e9galement aux ing\u00e9nieurs d&#039;effectuer des t\u00e2ches qui auraient auparavant n\u00e9cessit\u00e9 l&#039;aide d&#039;autres \u00e9quipes. Par exemple, le d\u00e9ploiement de code ou le provisionnement d\u2019une infrastructure deviennent plus faciles.<\/span><\/p>\n\n\n\n<h2 class=\"wp-block-heading\"><span style=\"font-weight: 400;\">Pourquoi les \u00e9tudes de march\u00e9 sont-elles importantes pour DevOps ?<\/span><\/h2>\n\n\n\n<p><span style=\"font-weight: 400;\">Market Research is a comprehensive, organized process that involves the gathering of relevant and informative data for a product, service, or market. <a href=\"https:\/\/www.sisinternational.com\/fr\/solutions\/conseil-en-strategie\/analyse-des-donnees\/\" title=\"Soci\u00e9t\u00e9 d&#039;analyse de donn\u00e9es\"  data-wpil-monitor-id=\"8024\">Companies use this data<\/a> to examine and analyze the prevailing market scenario. They also make projections for use in business <a href=\"https:\/\/www.sisinternational.com\/fr\/solutions\/croissance-mondiale\/conseil-en-planification-strategique\/\" title=\"Conseil en planification strat\u00e9gique\"  data-wpil-monitor-id=\"8020\">planning and strategic<\/a> moves.<\/span><\/p>\n\n\n\n<p><span style=\"font-weight: 400;\">Here are some <a href=\"https:\/\/www.sisinternational.com\/fr\/competence\/les-industries\/responsable-des-prestations-pharmaceutiques-etude-de-marche-pbm\/\" title=\"\u00c9tude de march\u00e9 sur les gestionnaires de prestations pharmaceutiques (PBM)\"  data-wpil-monitor-id=\"8018\">benefits of Market Research<\/a>:<\/span><\/p>\n\n\n\n<ul class=\"wp-block-list\">\n<li><span style=\"font-weight: 400;\">Aide \u00e0 la planification future de l&#039;entreprise, par exemple\u00a0:<\/span>\n<ul class=\"wp-block-list\">\n<li><span style=\"font-weight: 400;\">L\u2019entreprise doit-elle \u00e9tendre sa gamme de produits ?<\/span><\/li>\n\n\n\n<li><span style=\"font-weight: 400;\">La nouvelle marchandise g\u00e9n\u00e9rera-t-elle des b\u00e9n\u00e9fices ?<\/span><\/li>\n<\/ul>\n<\/li>\n\n\n\n<li><span style=\"font-weight: 400;\">Facilite le processus de prise de d\u00e9cision<\/span><\/li>\n\n\n\n<li><span style=\"font-weight: 400;\">Fournit des donn\u00e9es pr\u00e9cises (d\u00e9mystifiant ainsi les mythes commerciaux et les jugements personnels).<\/span><\/li>\n\n\n\n<li><span style=\"font-weight: 400;\">Cela r\u00e9duit les risques.<\/span><\/li>\n\n\n\n<li><span style=\"font-weight: 400;\">Aide \u00e0 reconna\u00eetre l\u2019avantage concurrentiel de l\u2019entreprise.<\/span><\/li>\n<\/ul>\n\n\n\n<h2 class=\"wp-block-heading\"><span style=\"font-weight: 400;\">\u00c9tude de march\u00e9 quantitative<\/span><\/h2>\n\n\n\n<p><span style=\"font-weight: 400;\">This process generates numerical data, which <a href=\"https:\/\/www.sisinternational.com\/fr\/solutions\/conseil-en-strategie\/etude-devaluation-du-marche\/\" title=\"Recherche d&#039;\u00e9valuation du march\u00e9\"  data-wpil-monitor-id=\"8021\">assesses the market&#8217;s<\/a> events and needs. <a href=\"https:\/\/www.sisinternational.com\/fr\/societe-danalyse-industrielle-de-premier-plan-a-new-york\/\" title=\"Meilleure soci\u00e9t\u00e9 d&#039;analyse industrielle \u00e0 New York\"  data-wpil-monitor-id=\"8023\">Companies use it for statistical analysis<\/a> using different mathematical and computational methods. It quantifies attitudes, opinions, and behavior of a section of the user base. The researcher then extrapolates the data for the complete sample. We provide questionnaire development and surveys among DevOps professionals.<\/span><\/p>\n\n\n\n<h2 class=\"wp-block-heading\"><span style=\"font-weight: 400;\">\u00c9tude de march\u00e9 qualitative<\/span><\/h2>\n\n\n\n<p><span style=\"font-weight: 400;\">This type of research explores a variety of options and collects opinions. <a href=\"https:\/\/www.sisinternational.com\/fr\/couverture\/leurope-%ef%83%97\/etude-de-marche-liverpool-royaume-uni\/\" title=\"\u00c9tude de march\u00e9 \u00e0 Liverpool | Groupes de discussion et collecte de donn\u00e9es au Royaume-Uni\"  data-wpil-monitor-id=\"8017\">Researchers collect qualitative data through group<\/a> discussions, interviews, and so on. The company uses insights gleaned to examine different business decisions. We often conduct research interviews with DevOps professionals.&nbsp; We connect you with DevOps professionals and engineers.<\/span><\/p>\n\n\n\n<p><\/p>","protected":false},"excerpt":{"rendered":"<p>Nous fournissons des \u00e9tudes de march\u00e9 DevOps pour vous mettre en contact avec des professionnels de la technologie de haut niveau.<\/p>","protected":false},"author":1,"featured_media":62736,"parent":14514,"menu_order":43,"comment_status":"closed","ping_status":"closed","template":"","meta":{"footnotes":""},"class_list":["post-31453","page","type-page","status-publish","has-post-thumbnail"],"_links":{"self":[{"href":"https:\/\/www.sisinternational.com\/fr\/wp-json\/wp\/v2\/pages\/31453","targetHints":{"allow":["GET"]}}],"collection":[{"href":"https:\/\/www.sisinternational.com\/fr\/wp-json\/wp\/v2\/pages"}],"about":[{"href":"https:\/\/www.sisinternational.com\/fr\/wp-json\/wp\/v2\/types\/page"}],"author":[{"embeddable":true,"href":"https:\/\/www.sisinternational.com\/fr\/wp-json\/wp\/v2\/users\/1"}],"replies":[{"embeddable":true,"href":"https:\/\/www.sisinternational.com\/fr\/wp-json\/wp\/v2\/comments?post=31453"}],"version-history":[{"count":3,"href":"https:\/\/www.sisinternational.com\/fr\/wp-json\/wp\/v2\/pages\/31453\/revisions"}],"predecessor-version":[{"id":81351,"href":"https:\/\/www.sisinternational.com\/fr\/wp-json\/wp\/v2\/pages\/31453\/revisions\/81351"}],"up":[{"embeddable":true,"href":"https:\/\/www.sisinternational.com\/fr\/wp-json\/wp\/v2\/pages\/14514"}],"wp:featuredmedia":[{"embeddable":true,"href":"https:\/\/www.sisinternational.com\/fr\/wp-json\/wp\/v2\/media\/62736"}],"wp:attachment":[{"href":"https:\/\/www.sisinternational.com\/fr\/wp-json\/wp\/v2\/media?parent=31453"}],"curies":[{"name":"wp","href":"https:\/\/api.w.org\/{rel}","templated":true}]}}