{"id":31447,"date":"2019-04-14T22:09:37","date_gmt":"2019-04-14T22:09:37","guid":{"rendered":"https:\/\/www.sisinternational.com\/?page_id=31447"},"modified":"2026-01-26T17:17:20","modified_gmt":"2026-01-26T22:17:20","slug":"etude-de-marche-de-decouverte-de-clients","status":"publish","type":"page","link":"https:\/\/www.sisinternational.com\/fr\/solutions\/solutions-de-branding-et-de-recherche-client\/etude-de-marche-de-decouverte-de-clients\/","title":{"rendered":"\u00c9tude de march\u00e9 sur la d\u00e9couverte de clients"},"content":{"rendered":"<h1 class=\"wp-block-heading\"><span style=\"font-weight: 400;\">\u00c9tude de march\u00e9 sur la d\u00e9couverte de clients<\/span><\/h1>\n\n\n\n<figure class=\"gb-block-image gb-block-image-289d7016\"><img loading=\"lazy\" decoding=\"async\" width=\"1456\" height=\"816\" class=\"gb-image gb-image-289d7016\" src=\"https:\/\/www.sisinternational.com\/wp-content\/uploads\/2025\/08\/Customer-shopping-1.jpg\" alt=\"\u00c9tudes de march\u00e9 et strat\u00e9gie internationales SIS\" title=\"Customer shopping (1)\" srcset=\"https:\/\/www.sisinternational.com\/wp-content\/uploads\/2025\/08\/Customer-shopping-1.jpg 1456w, https:\/\/www.sisinternational.com\/wp-content\/uploads\/2025\/08\/Customer-shopping-1-300x168.jpg 300w, https:\/\/www.sisinternational.com\/wp-content\/uploads\/2025\/08\/Customer-shopping-1-1024x574.jpg 1024w, https:\/\/www.sisinternational.com\/wp-content\/uploads\/2025\/08\/Customer-shopping-1-768x430.jpg 768w, https:\/\/www.sisinternational.com\/wp-content\/uploads\/2025\/08\/Customer-shopping-1-18x10.jpg 18w\" sizes=\"auto, (max-width: 1456px) 100vw, 1456px\"><\/figure>\n\n\n\n<p><\/p>\n\n\n\n<h2 class=\"wp-block-heading\"><span style=\"font-weight: 400;\">Les clients sont au c\u0153ur de chaque entreprise. Nous vous aidons \u00e0 les trouver.<\/span><\/h2>\n\n\n\n<p><span style=\"font-weight: 400;\">It&#8217;s not enough to have an innovative product idea or to charge reasonable prices for everything. You still need a potential market to target. Of course, it\u2019s essential to optimize product development. Even more important is getting the right experts to help you <a href=\"https:\/\/www.sisinternational.com\/fr\/solutions\/recherche-de-conseil-en-strategie-fintech\/acheter-maintenant-payer-plus-tard-etude-de-marche-bnpl\/\" title=\"Buy Now Pay Later Market Research\"  data-wpil-monitor-id=\"5125\">pay attention to Customer Discovery Market Research<\/a>. Businesses should spend the time and money needed to optimize <a href=\"https:\/\/www.sisinternational.com\/fr\/solutions\/recherche-de-conseil-en-strategie-fintech\/etude-de-marche-anti-blanchiment-dargent\/\" title=\"Anti Money Laundering Market Research\"  data-wpil-monitor-id=\"5188\">\u00c9tude de march\u00e9 sur la d\u00e9couverte de clients<\/a>. This analysis will help you to understand your customers. <\/span><\/p>\n\n\n\n<p><span style=\"font-weight: 400;\">Rather than seeing the big picture, Customer Discovery looks at the issue at the micro level. It\u2019s better to do this type of research in person. The researcher interviews those involved and asks them how they deal with specific tasks. He or she will also find out if they have any challenges. This type of research is about discovering the customer\u2019s needs and problems when trying to do a task.<\/span><\/p>\n\n\n\n<h2 class=\"wp-block-heading\"><span style=\"font-weight: 400;\">M\u00e9thodes d\u2019\u00e9tude de march\u00e9 sur la d\u00e9couverte de clients<\/span><\/h2>\n\n\n\n<p><span style=\"font-weight: 400;\">Voici quelques m\u00e9thodes pour r\u00e9aliser une \u00e9tude de march\u00e9 sur la d\u00e9couverte de clients\u00a0:<\/span><\/p>\n\n\n\n<h2 class=\"wp-block-heading\"><span style=\"font-weight: 400;\">Ethnographie<\/span><\/h2>\n\n\n\n<p><span style=\"font-weight: 400;\">Ethnography is the perfect tool for <a href=\"https:\/\/www.sisinternational.com\/fr\/competence\/cv-dexperience\/cv-dexperience-en-etudes-ethnographiques\/\" title=\"Exp\u00e9rience d\u2019\u00e9tude de march\u00e9 ethnographique\"  data-wpil-monitor-id=\"6358\">\u00c9tude de march\u00e9 sur la d\u00e9couverte de clients<\/a>. The term \u201cethnography\u201d describes any qualitative <a href=\"https:\/\/www.sisinternational.com\/fr\/solutions\/solutions-de-recherche-qualitative-et-quantitative\/ethnographie\/\" title=\"\u00c9tude de march\u00e9 sur l\u2019ethnographie\"  data-wpil-monitor-id=\"6461\">recherche<\/a> project that provides an in-depth, detailed description of the everyday life and practice of an ethnic group. The insights you&#8217;ll get can give you a comprehensive view of the market and customers. Business organizations can get complete strategic directions to various aspects of corporate planning. Some market players perceive ethnography as an inefficient or time-consuming tool. Still, it can provide useful insights. The process helps companies to understand the requirements and needs of their consumers.<\/span><\/p>\n\n\n\n<h2 class=\"wp-block-heading\"><span style=\"font-weight: 400;\">Chasse cool<\/span><\/h2>\n\n\n\n<p><span style=\"font-weight: 400;\">Coolhunting is the simplest market research method because of its concept, and many companies consider it the secret of their success. Some people refer to this new technique as trend-spotting. For coolhunting, the <a href=\"https:\/\/www.sisinternational.com\/fr\/couverture\/etude-de-marche-en-asie\/etude-de-marche-philippin\/\" title=\"\u00c9tude de march\u00e9 philippin\"  data-wpil-monitor-id=\"4012\">researcher observes the market<\/a> relative to your business needs. They then make predictions based on their analysis. You can use cool hunting as a subset of trend analysis to make better decisions. &nbsp;&nbsp;<\/span><\/p>\n\n\n\n<h2 class=\"wp-block-heading\"><span style=\"font-weight: 400;\">Entretiens de rue et exp\u00e9ditions de rue<\/span><\/h2>\n\n\n\n<p><span style=\"font-weight: 400;\">The Street Expeditions technique, where the researchers do a complete analysis of different streets, is one of the best. It can provide you with complete information about the market. This analysis tells them what the customers are seeking. You will get information about the location of your target customers. This information will help you to increase your sales.<\/span><\/p>\n\n\n\n<h2 class=\"wp-block-heading\"><span style=\"font-weight: 400;\">Chasse aux tendances<\/span><\/h2>\n\n\n\n<p><span style=\"font-weight: 400;\">Trend Hunting is the perfect way to understand what is on the mind of the public. It helps organizations to understand current cultural trends around the world. It also helps them to forecast what is going to happen in the market in the future. Businesses can use Trend Hunting to research their customers. It will assist them in discovering the market based on the latest trends.<\/span><\/p>\n\n\n\n<h2 class=\"wp-block-heading\"><span style=\"font-weight: 400;\">Aper\u00e7u de la communaut\u00e9<\/span><\/h2>\n\n\n\n<p><span style=\"font-weight: 400;\">Les informations sur la communaut\u00e9 peuvent \u00eatre le meilleur moyen de r\u00e9aliser une \u00e9tude de march\u00e9 de d\u00e9couverte de clients. Vous pouvez rassembler et utiliser les informations de la communaut\u00e9 provenant de diverses ressources pour vous fournir des donn\u00e9es mises \u00e0 jour et pertinentes pour les march\u00e9s cibles de votre organisation. Cela vous aide \u00e0 comprendre les consommateurs. Cela vous aide \u00e9galement \u00e0 d\u00e9velopper de meilleures strat\u00e9gies pour d\u00e9couvrir vos nouveaux clients.<\/span><\/p>\n\n\n\n<h2 class=\"wp-block-heading\"><span style=\"font-weight: 400;\">\u00c0 propos de l\u2019\u00e9tude de march\u00e9 sur la d\u00e9couverte de clients<\/span><\/h2>\n\n\n\n<p><span style=\"font-weight: 400;\">You need customers who are willing to buy your products. Without them, your innovative ideas can never provide you with any benefit. You need to <a href=\"https:\/\/www.sisinternational.com\/fr\/couverture\/etude-de-marche-en-afrique\/etude-de-marche-au-mozambique\/\" title=\"\u00c9tude de march\u00e9 au Mozambique\"  data-wpil-monitor-id=\"4014\">research your potential market<\/a> to enhance your customer development. That is the only way to achieve success in the market. The methods mentioned above are beneficial for market research. They help you to understand the consumers around you. When you use them, you can make better decisions for your organization.<\/span><\/p>\n\n\n\n<p><\/p>","protected":false},"excerpt":{"rendered":"<p>Nous proposons des \u00e9tudes de march\u00e9 de d\u00e9couverte de clients pour vous aider \u00e0 trouver de nouveaux clients et \u00e0 augmenter vos ventes.<\/p>","protected":false},"author":1,"featured_media":62654,"parent":14650,"menu_order":13,"comment_status":"closed","ping_status":"closed","template":"","meta":{"_uag_custom_page_level_css":"","footnotes":""},"class_list":["post-31447","page","type-page","status-publish","has-post-thumbnail"],"uagb_featured_image_src":{"full":["https:\/\/www.sisinternational.com\/wp-content\/uploads\/2025\/08\/Customer-shopping-1.jpg",1456,816,false],"thumbnail":["https:\/\/www.sisinternational.com\/wp-content\/uploads\/2025\/08\/Customer-shopping-1-150x150.jpg",150,150,true],"medium":["https:\/\/www.sisinternational.com\/wp-content\/uploads\/2025\/08\/Customer-shopping-1-300x168.jpg",300,168,true],"medium_large":["https:\/\/www.sisinternational.com\/wp-content\/uploads\/2025\/08\/Customer-shopping-1-768x430.jpg",768,430,true],"large":["https:\/\/www.sisinternational.com\/wp-content\/uploads\/2025\/08\/Customer-shopping-1-1024x574.jpg",1024,574,true],"1536x1536":["https:\/\/www.sisinternational.com\/wp-content\/uploads\/2025\/08\/Customer-shopping-1.jpg",1456,816,false],"2048x2048":["https:\/\/www.sisinternational.com\/wp-content\/uploads\/2025\/08\/Customer-shopping-1.jpg",1456,816,false],"trp-custom-language-flag":["https:\/\/www.sisinternational.com\/wp-content\/uploads\/2025\/08\/Customer-shopping-1-18x10.jpg",18,10,true]},"uagb_author_info":{"display_name":"Ruth Stanat","author_link":"https:\/\/www.sisinternational.com\/fr\/author\/expert\/"},"uagb_comment_info":0,"uagb_excerpt":"We provide Customer Discovery Market Research to help you find new customers and boost sales.","_links":{"self":[{"href":"https:\/\/www.sisinternational.com\/fr\/wp-json\/wp\/v2\/pages\/31447","targetHints":{"allow":["GET"]}}],"collection":[{"href":"https:\/\/www.sisinternational.com\/fr\/wp-json\/wp\/v2\/pages"}],"about":[{"href":"https:\/\/www.sisinternational.com\/fr\/wp-json\/wp\/v2\/types\/page"}],"author":[{"embeddable":true,"href":"https:\/\/www.sisinternational.com\/fr\/wp-json\/wp\/v2\/users\/1"}],"replies":[{"embeddable":true,"href":"https:\/\/www.sisinternational.com\/fr\/wp-json\/wp\/v2\/comments?post=31447"}],"version-history":[{"count":8,"href":"https:\/\/www.sisinternational.com\/fr\/wp-json\/wp\/v2\/pages\/31447\/revisions"}],"predecessor-version":[{"id":80043,"href":"https:\/\/www.sisinternational.com\/fr\/wp-json\/wp\/v2\/pages\/31447\/revisions\/80043"}],"up":[{"embeddable":true,"href":"https:\/\/www.sisinternational.com\/fr\/wp-json\/wp\/v2\/pages\/14650"}],"wp:featuredmedia":[{"embeddable":true,"href":"https:\/\/www.sisinternational.com\/fr\/wp-json\/wp\/v2\/media\/62654"}],"wp:attachment":[{"href":"https:\/\/www.sisinternational.com\/fr\/wp-json\/wp\/v2\/media?parent=31447"}],"curies":[{"name":"wp","href":"https:\/\/api.w.org\/{rel}","templated":true}]}}