{"id":31437,"date":"2019-04-14T21:33:30","date_gmt":"2019-04-14T21:33:30","guid":{"rendered":"https:\/\/www.sisinternational.com\/?page_id=31437"},"modified":"2026-01-24T19:00:08","modified_gmt":"2026-01-25T00:00:08","slug":"etude-de-marche-de-produits-minimum-viables","status":"publish","type":"page","link":"https:\/\/www.sisinternational.com\/fr\/solutions\/conseil-en-strategie\/etude-de-marche-de-produits-minimum-viables\/","title":{"rendered":"\u00c9tude de march\u00e9 sur les produits minimum viables"},"content":{"rendered":"<h1 class=\"wp-block-heading\"><span style=\"font-weight: 400;\">\u00c9tude de march\u00e9 sur les produits minimum viables<\/span><\/h1>\n\n\n\n<figure class=\"gb-block-image gb-block-image-58638728\"><img loading=\"lazy\" decoding=\"async\" width=\"1456\" height=\"816\" class=\"gb-image gb-image-58638728\" src=\"https:\/\/www.sisinternational.com\/wp-content\/uploads\/2025\/08\/Qualitative-research-1.jpg\" alt=\"\u00c9tudes de march\u00e9 et strat\u00e9gie internationales SIS\" title=\"Qualitative research (1)\" srcset=\"https:\/\/www.sisinternational.com\/wp-content\/uploads\/2025\/08\/Qualitative-research-1.jpg 1456w, https:\/\/www.sisinternational.com\/wp-content\/uploads\/2025\/08\/Qualitative-research-1-300x168.jpg 300w, https:\/\/www.sisinternational.com\/wp-content\/uploads\/2025\/08\/Qualitative-research-1-1024x574.jpg 1024w, https:\/\/www.sisinternational.com\/wp-content\/uploads\/2025\/08\/Qualitative-research-1-768x430.jpg 768w, https:\/\/www.sisinternational.com\/wp-content\/uploads\/2025\/08\/Qualitative-research-1-18x10.jpg 18w\" sizes=\"auto, (max-width: 1456px) 100vw, 1456px\"><\/figure>\n\n\n\n<p><\/p>\n\n\n\n<p><span style=\"font-weight: 400;\">Le produit minimum viable (MVP) est au c\u0153ur des pr\u00e9occupations des start-ups. Il traite de l\u2019analyse qualitative du march\u00e9 des produits utilis\u00e9s par les clients potentiels. Dans le vrai sens du terme, MVP vise \u00e0 emp\u00eacher les entreprises de cr\u00e9er des produits dont les clients n\u2019auront pas besoin. C&#039;est un peu comme le mod\u00e8le \u00e9conomique \u00ab Lean \u00bb, qui s&#039;efforce d&#039;\u00e9liminer le gaspillage dans les produits et les processus. Le \u00ab Lean \u00bb le fait tout en satisfaisant les d\u00e9sirs des clients.<\/span><\/p>\n\n\n\n<h2 class=\"wp-block-heading\">Qu&#039;est-ce qu&#039;un MVP ?<\/h2>\n\n\n\n<p><span style=\"font-weight: 400;\">The term describes a version of a new product, which allows a team to collect the maximum amount of validated learning about customers with the least effort.&nbsp; MVPs are used in innovation approaches that encourage Rapid Experimentation in fast-paced industries. An MVP can be developed and tested with the assistance of Market Research.<\/span><\/p>\n\n\n\n<p><span style=\"font-weight: 400;\">Cette nouvelle version a fait ressortir de nombreuses propositions de d\u00e9finitions. Cela a \u00e9galement amen\u00e9 les experts en \u00e9tudes de march\u00e9 \u00e0 concevoir de nouvelles m\u00e9thodologies. Pour mieux comprendre les m\u00e9thodes, les \u00e9tudes de march\u00e9 peuvent aider les MVP \u00e0 se d\u00e9velopper.<\/span><\/p>\n\n\n\n<h2 class=\"wp-block-heading\">Comment d\u00e9velopper des MVP<\/h2>\n\n\n\n<p><span style=\"font-weight: 400;\">Les \u00e9tapes simples suivantes peuvent aider \u00e0 d\u00e9velopper un produit minimum viable\u00a0:<\/span><\/p>\n\n\n\n<ul class=\"wp-block-list\">\n<li><span style=\"font-weight: 400;\">Faites une \u00e9tude de march\u00e9 approfondie.<\/span><\/li>\n\n\n\n<li><span style=\"font-weight: 400;\">Posez-vous des questions importantes telles que \u00ab\u00a0quel probl\u00e8me votre produit r\u00e9sout-il\u00a0?\u00a0\u00bb \u00ab\u00a0quel est son march\u00e9 cible\u00a0?\u00a0\u00bb \u00ab\u00a0Pourquoi les consommateurs voudraient-ils acheter votre produit\u00a0?\u00a0\u00bb<\/span><\/li>\n\n\n\n<li><span style=\"font-weight: 400;\">Concevoir un flux utilisateur et une UX \u2013 d\u00e9finir les \u00e9tapes du processus.<\/span><\/li>\n\n\n\n<li><span style=\"font-weight: 400;\">Listez toutes les fonctionnalit\u00e9s souhait\u00e9es.<\/span><\/li>\n\n\n\n<li><span style=\"font-weight: 400;\">Passez au d\u00e9veloppement de votre MVP<\/span><\/li>\n<\/ul>\n\n\n\n<p><span style=\"font-weight: 400;\">MVP et Lean deviennent populaires dans l&#039;environnement commercial en \u00e9volution rapide d&#039;aujourd&#039;hui. L\u2019un des avantages des startups est qu\u2019elles montrent aux entrepreneurs comment cr\u00e9er une entreprise durable. Ils peuvent v\u00e9rifier scientifiquement cet apprentissage en r\u00e9alisant diverses exp\u00e9riences. MVP est une m\u00e9thode pour mesurer les progr\u00e8s dans un contexte d\u2019incertitude.<\/span><\/p>\n\n\n\n<h2 class=\"wp-block-heading\">Comment les \u00e9tudes de march\u00e9 peuvent-elles vous aider \u00e0 d\u00e9velopper des MVP\u00a0?<\/h2>\n\n\n\n<p><span style=\"font-weight: 400;\">Les entrepreneurs doivent d\u2019abord tester leurs id\u00e9es et leurs concepts de mani\u00e8re approfondie en effectuant des \u00e9tudes et des analyses de march\u00e9.<\/span><\/p>\n\n\n\n<p><span style=\"font-weight: 400;\">Market Researchers look for data about people or competitive on markets and companies. They then analyze it to understand the needs of your potential customers better. They use methods such as market surveys to study the needs of your customers. <a href=\"https:\/\/www.sisinternational.com\/fr\/etiquetage-des-produits-nutritionnels-en-asie\/\" title=\"\u00c9tude de march\u00e9 sur l\u2019\u00e9tiquetage et les produits nutritionnels en Asie\"  data-wpil-monitor-id=\"2489\">Market research ensures that your product<\/a> fulfills customers&#8217; needs.<\/span><\/p>\n\n\n\n<h2 class=\"wp-block-heading\">M\u00e9thodes de recherche qualitative<\/h2>\n\n\n\n<p><span style=\"font-weight: 400;\">La m\u00e9thode qualitative est une recherche approfondie sur les clients cibles. Il ne s\u2019agit pas seulement des besoins des gens ou de ce qu\u2019ils pensent ; il s\u2019agit plut\u00f4t de \u00ab\u00a0pourquoi ils pensent\u00a0\u00bb. <\/span><\/p>\n\n\n\n<p><span style=\"font-weight: 400;\">Il est essentiel de se concentrer sur le \u00ab pourquoi \u00bb du comportement des clients lors d\u2019une \u00e9tude de march\u00e9. C&#039;est la premi\u00e8re chose \u00e0 faire lorsque vous avez envie de lancer un produit. Vous pouvez d\u00e9ployer des entretiens en face-\u00e0-face et des discussions de groupe avec des personnes. Ce sont les meilleurs moyens d\u2019obtenir des commentaires approfondis. Posez des questions telles que\u00a0:<\/span><\/p>\n\n\n\n<ul class=\"wp-block-list\">\n<li><span style=\"font-weight: 400;\">Est-il facile \u00e0 utiliser?<\/span><\/li>\n\n\n\n<li><span style=\"font-weight: 400;\">Le design est-il s\u00e9duisant ?<\/span><\/li>\n\n\n\n<li><span style=\"font-weight: 400;\">Que pensez-vous de l\u2019emballage ?<\/span><\/li>\n\n\n\n<li><span style=\"font-weight: 400;\">Est-ce que le prix est correct ?<\/span><\/li>\n<\/ul>\n\n\n\n<h2 class=\"wp-block-heading\">M\u00e9thodes de recherche quantitative<\/h2>\n\n\n\n<p><span style=\"font-weight: 400;\">La m\u00e9thode de recherche quantitative utilise des enqu\u00eates et des questionnaires clients. C\u2019est utile pour obtenir les commentaires de clients potentiels. Il est important que les chercheurs soient prudents lors de la s\u00e9lection des questions de l&#039;enqu\u00eate. Les r\u00e9sultats doivent fournir des donn\u00e9es significatives. Posez des questions telles que \u00ab\u00a0\u00e0 quelle fr\u00e9quence visitez-vous un magasin de d\u00e9tail\u00a0\u00bb\u00a0? \u00ab\u00a0Quels produits achetez-vous\u00a0\u00bb\u00a0? &quot;Pourquoi les ach\u00e8tes-tu?&quot; \u00ab\u00a0Dans quel endroit faites-vous vos achats\u00a0?\u00a0\u00bb <\/span><\/p>\n\n\n\n<p><span style=\"font-weight: 400;\">La recherche quantitative peut donner une id\u00e9e plus claire du comportement des consommateurs. Les donn\u00e9es obtenues peuvent \u00e9galement servir de guide appropri\u00e9 pour prendre vos d\u00e9cisions commerciales.<\/span><\/p>\n\n\n\n<h2 class=\"wp-block-heading\">Recherche de concurrents<\/h2>\n\n\n\n<p><span style=\"font-weight: 400;\"><a class=\"wpil_keyword_link\" href=\"https:\/\/www.sisinternational.com\/fr\/competence\/les-industries\/recherche-de-concurrents\/\"   title=\"Recherche de concurrents\" data-wpil-keyword-link=\"linked\"  data-wpil-monitor-id=\"454\">Competitor research<\/a> analyzes the strengths and weaknesses of your existing and prospective competitors. Additionally, it provides strategies to identify potential opportunities and threats. <\/span><\/p>\n\n\n\n<p><span style=\"font-weight: 400;\">Ensuite, il vous suffit de cr\u00e9er de nouvelles fonctionnalit\u00e9s et strat\u00e9gies qui fonctionneraient. Assurez-vous qu\u2019ils seraient utiles pour attirer des clients plus rapidement que vos concurrents. Oui, c&#039;est possible ! Nous vous recommandons de d\u00e9ployer l\u2019analyse SWOT \u2013 Analyse des forces, des faiblesses, des opportunit\u00e9s et des menaces.<\/span><\/p>\n\n\n\n<h2 class=\"wp-block-heading\">Avantages d&#039;un produit minimum viable<\/h2>\n\n\n\n<p><span style=\"font-weight: 400;\">Il y a plusieurs autres avantages \u00e0 cr\u00e9er un MVP\u00a0:<\/span><\/p>\n\n\n\n<ul class=\"wp-block-list\">\n<li><span style=\"font-weight: 400;\">Il teste le produit dans des conditions r\u00e9elles de march\u00e9.<\/span><\/li>\n\n\n\n<li><span style=\"font-weight: 400;\">Cela aide les entreprises \u00e0 se concentrer sur les principales fonctionnalit\u00e9s du produit.<\/span><\/li>\n\n\n\n<li><span style=\"font-weight: 400;\">Cela r\u00e9duit le co\u00fbt du produit et le temps.<\/span><\/li>\n\n\n\n<li><span style=\"font-weight: 400;\">Cela acc\u00e9l\u00e8re la courbe d\u2019apprentissage de l\u2019\u00e9quipe.<\/span><\/li>\n\n\n\n<li><span style=\"font-weight: 400;\">Cela cr\u00e9e un processus agile et it\u00e9ratif.<\/span><\/li>\n\n\n\n<li><span style=\"font-weight: 400;\">Cela sauve l\u2019entreprise d\u2019un \u00e9chec viable.<\/span><\/li>\n<\/ul>\n\n\n\n<h2 class=\"wp-block-heading\">\u00c0 propos de l\u2019\u00e9tude de march\u00e9 sur les produits minimum viables<\/h2>\n\n\n\n<p>SIS is a leading <a class=\"wpil_keyword_link\" href=\"https:\/\/www.sisinternational.com\/fr\/couverture\/\"   title=\"Couverture des \u00e9tudes de march\u00e9\" data-wpil-keyword-link=\"linked\"  data-wpil-monitor-id=\"455\">\u00c9tude de march\u00e9 mondiale<\/a> and Strategy Consulting company.&nbsp; We provide research, data, analysis and strategy to enhance your product development process.&nbsp; Key tools we use:<\/p>\n\n\n\n<ul class=\"wp-block-list\">\n<li>Groupes de discussion et entretiens avec les clients<\/li>\n\n\n\n<li>Co-cr\u00e9ation<\/li>\n\n\n\n<li>Enqu\u00eates<\/li>\n\n\n\n<li>Tests de produits agiles<\/li>\n\n\n\n<li>Sprint agile<\/li>\n\n\n\n<li>Communaut\u00e9s Insight en ligne<\/li>\n<\/ul>\n\n\n\n<p><\/p>","protected":false},"excerpt":{"rendered":"<p>Nous fournissons une \u00e9tude et une strat\u00e9gie de march\u00e9 pour les produits minimum viables.<\/p>","protected":false},"author":1,"featured_media":65095,"parent":14567,"menu_order":12,"comment_status":"closed","ping_status":"closed","template":"","meta":{"footnotes":""},"class_list":["post-31437","page","type-page","status-publish","has-post-thumbnail"],"_links":{"self":[{"href":"https:\/\/www.sisinternational.com\/fr\/wp-json\/wp\/v2\/pages\/31437","targetHints":{"allow":["GET"]}}],"collection":[{"href":"https:\/\/www.sisinternational.com\/fr\/wp-json\/wp\/v2\/pages"}],"about":[{"href":"https:\/\/www.sisinternational.com\/fr\/wp-json\/wp\/v2\/types\/page"}],"author":[{"embeddable":true,"href":"https:\/\/www.sisinternational.com\/fr\/wp-json\/wp\/v2\/users\/1"}],"replies":[{"embeddable":true,"href":"https:\/\/www.sisinternational.com\/fr\/wp-json\/wp\/v2\/comments?post=31437"}],"version-history":[{"count":5,"href":"https:\/\/www.sisinternational.com\/fr\/wp-json\/wp\/v2\/pages\/31437\/revisions"}],"predecessor-version":[{"id":76833,"href":"https:\/\/www.sisinternational.com\/fr\/wp-json\/wp\/v2\/pages\/31437\/revisions\/76833"}],"up":[{"embeddable":true,"href":"https:\/\/www.sisinternational.com\/fr\/wp-json\/wp\/v2\/pages\/14567"}],"wp:featuredmedia":[{"embeddable":true,"href":"https:\/\/www.sisinternational.com\/fr\/wp-json\/wp\/v2\/media\/65095"}],"wp:attachment":[{"href":"https:\/\/www.sisinternational.com\/fr\/wp-json\/wp\/v2\/media?parent=31437"}],"curies":[{"name":"wp","href":"https:\/\/api.w.org\/{rel}","templated":true}]}}