{"id":31367,"date":"2019-03-26T22:22:47","date_gmt":"2019-03-26T22:22:47","guid":{"rendered":"https:\/\/www.sisinternational.com\/?page_id=31367"},"modified":"2026-01-26T14:21:56","modified_gmt":"2026-01-26T19:21:56","slug":"etude-de-marche-sur-les-casinos-de-paris-sportifs-sur-les-jeux-en-ligne","status":"publish","type":"page","link":"https:\/\/www.sisinternational.com\/fr\/competence\/etude-de-marche-sur-les-casinos-de-paris-sportifs-sur-les-jeux-en-ligne\/","title":{"rendered":"\u00c9tude de march\u00e9 sur les jeux en ligne, les paris sportifs et les casinos"},"content":{"rendered":"<h1 class=\"wp-block-heading\">\u00c9tude de march\u00e9 sur les jeux en ligne, les paris sportifs et les casinos<\/h1>\n\n\n\n<figure class=\"gb-block-image gb-block-image-ada045c6\"><img loading=\"lazy\" decoding=\"async\" width=\"1456\" height=\"816\" class=\"gb-image gb-image-ada045c6\" src=\"https:\/\/www.sisinternational.com\/wp-content\/uploads\/2025\/08\/esports-gaming-e-sports9.jpg\" alt=\"\u00c9tudes de march\u00e9 et strat\u00e9gie internationales SIS\" title=\"esports gaming e-sports(9)\" srcset=\"https:\/\/www.sisinternational.com\/wp-content\/uploads\/2025\/08\/esports-gaming-e-sports9.jpg 1456w, https:\/\/www.sisinternational.com\/wp-content\/uploads\/2025\/08\/esports-gaming-e-sports9-300x168.jpg 300w, https:\/\/www.sisinternational.com\/wp-content\/uploads\/2025\/08\/esports-gaming-e-sports9-1024x574.jpg 1024w, https:\/\/www.sisinternational.com\/wp-content\/uploads\/2025\/08\/esports-gaming-e-sports9-768x430.jpg 768w, https:\/\/www.sisinternational.com\/wp-content\/uploads\/2025\/08\/esports-gaming-e-sports9-18x10.jpg 18w\" sizes=\"auto, (max-width: 1456px) 100vw, 1456px\"><\/figure>\n\n\n\n<p><\/p>\n\n\n\n<p>Sports gambling is now legal in most US states. In May 2018 the Supreme Court ruled 6:3 to strike down the Professional and Amateur Sports Protection Act. This was a federal law that barred online gaming. It had made Nevada the only state where a person could bet on the results of a single game. By striking it down, the Court gave states the go-ahead to legalize <a href=\"https:\/\/www.sisinternational.com\/fr\/competence\/les-industries\/etude-de-marche-sur-les-paris-sportifs\/\" title=\"\u00c9tude de march\u00e9 sur les paris sportifs\"  data-wpil-monitor-id=\"3984\">betting on sports<\/a>.<\/p>\n\n\n\n<h2 class=\"wp-block-heading\">Opportunit\u00e9s dans les paiements en ligne<\/h2>\n\n\n\n<p>La l\u00e9galisation signifie que les paris sportifs, les casinos en ligne et les jeux convergeront. Le gouvernement f\u00e9d\u00e9ral a restreint les paiements lorsqu&#039;il a interdit les jeux d&#039;argent en ligne en 2007. Cette interdiction a entra\u00een\u00e9 l&#039;effondrement de nombreuses op\u00e9rations en ligne.<\/p>\n\n\n\n<p>Les analystes \u00e9mettent l\u2019hypoth\u00e8se que de nombreux changements se produiront au fil du temps et qu\u2019\u00e0 terme, les diff\u00e9rentes plates-formes fonctionneront dans le m\u00eame contr\u00f4le r\u00e9glementaire et dans le m\u00eame cadre juridique. Des opportunit\u00e9s existent pour les plateformes de jeux en ligne ainsi que pour les processeurs de paiement. Le moment est venu de profiter de ce march\u00e9 en plein essor.<\/p>\n\n\n\n<h2 class=\"wp-block-heading\">Pourquoi les \u00e9tudes de march\u00e9 sont-elles importantes ?<\/h2>\n\n\n\n<p>It would be best if you never underrated the benefits of a good market research exercise. Online gaming and sports betting are now moving to the mainstream. If you don\u2019t do research, it\u2019s sure to affect the bottom line. Research helps with the testing and promoting of new gaming products. A proper analysis also assists marketers in finding out consumer response to their product offerings. <a href=\"https:\/\/www.sisinternational.com\/fr\/competence\/les-industries\/etude-de-marche-sur-les-applications-de-rencontres-en-ligne\/\" title=\"\u00c9tude de march\u00e9 sur les applications de rencontres en ligne\"  data-wpil-monitor-id=\"5946\">Market research can help online<\/a> platforms to identify opportunities in the marketplace.<\/p>\n\n\n\n<h2 class=\"wp-block-heading\">\u00c9tude de march\u00e9 qualitative<\/h2>\n\n\n\n<p>Les \u00e9tudes de march\u00e9 qualitatives observent le comportement des consommateurs. Le chercheur peut tester des sujets et des probl\u00e8mes en profondeur \u00e0 mesure qu\u2019il acquiert de nouvelles informations. Chez SIS Research, nous utilisons plusieurs outils pour collecter des donn\u00e9es qualitatives :<\/p>\n\n\n\n<ul class=\"wp-block-list\">\n<li><strong>Groupes de discussion: <\/strong>Cette technique de recherche implique un petit groupe de personnes. Ce type de groupe partage un ensemble standard de caract\u00e9ristiques. Un mod\u00e9rateur les guide dans une discussion sur des sujets pr\u00e9d\u00e9termin\u00e9s.<\/li>\n\n\n\n<li><strong>Entretiens clients\u00a0: <\/strong>Cette m\u00e9thode est utile pour les prestataires qui souhaitent des informations d\u00e9taill\u00e9es. Cela leur donne un aper\u00e7u des pens\u00e9es et des comportements de leurs clients. Chaque r\u00e9pondant fournira \u00e0 l\u2019intervieweur des points uniques. D&#039;autres personnes ne pourront pas influencer leurs r\u00e9ponses, comme cela arrive souvent dans les groupes de discussion.<\/li>\n\n\n\n<li><strong>Ethnographie: <\/strong>Ce type de recherche est utile au d\u00e9but d&#039;un projet. En effet, il peut prendre en charge les futures d\u00e9cisions de conception. De nouvelles plateformes en ligne peuvent l\u2019utiliser pour identifier et analyser des probl\u00e8mes inattendus. Il est important de conna\u00eetre l\u2019ethnographie de votre public cible lorsque vous vous installez sur Internet.<\/li>\n<\/ul>\n\n\n\n<h2 class=\"wp-block-heading\">\u00c9tude de march\u00e9 quantitative<\/h2>\n\n\n\n<figure class=\"gb-block-image gb-block-image-2a513069\"><img loading=\"lazy\" decoding=\"async\" width=\"1456\" height=\"816\" class=\"gb-image gb-image-2a513069\" src=\"https:\/\/www.sisinternational.com\/wp-content\/uploads\/2025\/08\/Gaming-gamer-16.jpg\" alt=\"\u00c9tudes de march\u00e9 et strat\u00e9gie internationales SIS\" title=\"Gaming gamer (16)\" srcset=\"https:\/\/www.sisinternational.com\/wp-content\/uploads\/2025\/08\/Gaming-gamer-16.jpg 1456w, https:\/\/www.sisinternational.com\/wp-content\/uploads\/2025\/08\/Gaming-gamer-16-300x168.jpg 300w, https:\/\/www.sisinternational.com\/wp-content\/uploads\/2025\/08\/Gaming-gamer-16-1024x574.jpg 1024w, https:\/\/www.sisinternational.com\/wp-content\/uploads\/2025\/08\/Gaming-gamer-16-768x430.jpg 768w, https:\/\/www.sisinternational.com\/wp-content\/uploads\/2025\/08\/Gaming-gamer-16-18x10.jpg 18w\" sizes=\"auto, (max-width: 1456px) 100vw, 1456px\"><\/figure>\n\n\n\n<p><\/p>\n\n\n\n<p>Nous utilisons des sondages, des enqu\u00eates et des questionnaires pour nos efforts d\u2019\u00e9tudes de march\u00e9 quantitatives. Nous analysons ensuite les r\u00e9ponses, qui vous montreront comment vous pouvez am\u00e9liorer votre plateforme. Cela augmentera \u00e0 son tour les niveaux de satisfaction de vos clients. La recherche quantitative vous aide \u00e0 devenir \u00ab centr\u00e9 sur le client \u00bb.<\/p>\n\n\n\n<p>L&#039;une de nos questions r\u00e9volutionnaires est la suivante\u00a0:\u00a0\u00ab\u00a0Sur une \u00e9chelle de 1 \u00e0 10, quelle est la probabilit\u00e9 que vous nous recommandiez \u00e0 un ami ou un coll\u00e8gue\u00a0?\u00a0\u00bb Les plateformes de jeux peuvent utiliser cette question pour d\u00e9terminer combien elles doivent d\u00e9penser de plus (ou de moins). Cette simple question les aide \u00e0 \u00e9tablir un budget pour les promotions et la publicit\u00e9 payantes. Cela leur indique \u00e9galement \u00e0 quel point leurs efforts de bouche \u00e0 oreille fonctionnent. Ils peuvent l&#039;utiliser pour d\u00e9terminer quels domaines de la qualit\u00e9 de leur service n\u00e9cessitent des am\u00e9liorations.<\/p>\n\n\n\n<h2 class=\"wp-block-heading\">Recherche strat\u00e9gique<\/h2>\n\n\n\n<p>Nous proposons des recherches strat\u00e9giques, qui peuvent aider votre plateforme \u00e0 identifier et explorer les opportunit\u00e9s. Si n\u00e9cessaire, vous pouvez donner la priorit\u00e9 \u00e0 ces opportunit\u00e9s. Les jeux et paris sportifs en ligne sont nouveaux pour la plupart des \u00c9tats. De nombreux entrepreneurs sont entr\u00e9s dans cet espace parce qu&#039;ils ont fait de la recherche strat\u00e9gique. Cela permet aux entreprises d\u2019\u00e9valuer de mani\u00e8re impartiale si leurs op\u00e9rations sont susceptibles d\u2019\u00eatre rentables.<\/p>\n\n\n\n<p>L\u2019\u00e9tude de march\u00e9 est un outil pr\u00e9cieux qui peut sembler lent et co\u00fbteux, mais c\u2019est un investissement. Lorsque vous vous adressez directement au public cible, vous d\u00e9couvrirez les v\u00e9ritables sentiments de votre public. N\u2019oubliez pas que ces personnes sont moins attach\u00e9es \u00e0 votre service de jeu que vous. Que choisiriez-vous\u00a0: rester mal inform\u00e9 avec uniquement vos hypoth\u00e8ses\u00a0? Ou pr\u00e9f\u00e9rez-vous obtenir des informations aupr\u00e8s d\u2019un \u00e9chantillon repr\u00e9sentatif de vos clients ?<\/p>\n\n\n\n<h2 class=\"wp-block-heading\"><a href=\"https:\/\/www.sisinternational.com\/fr\/about-sis\/contact-sis-international-market-research\/\">Contact us for your next&nbsp;Online Gaming, Sports Betting and Casino Market Research project.<\/a><\/h2>","protected":false},"excerpt":{"rendered":"<p>D\u00e9couvrez de nouvelles opportunit\u00e9s gr\u00e2ce \u00e0 la recherche commerciale et aux solutions strat\u00e9giques dans le secteur des paris sportifs en ligne.<\/p>","protected":false},"author":1,"featured_media":64496,"parent":14514,"menu_order":42,"comment_status":"closed","ping_status":"closed","template":"","meta":{"footnotes":""},"class_list":["post-31367","page","type-page","status-publish","has-post-thumbnail"],"_links":{"self":[{"href":"https:\/\/www.sisinternational.com\/fr\/wp-json\/wp\/v2\/pages\/31367","targetHints":{"allow":["GET"]}}],"collection":[{"href":"https:\/\/www.sisinternational.com\/fr\/wp-json\/wp\/v2\/pages"}],"about":[{"href":"https:\/\/www.sisinternational.com\/fr\/wp-json\/wp\/v2\/types\/page"}],"author":[{"embeddable":true,"href":"https:\/\/www.sisinternational.com\/fr\/wp-json\/wp\/v2\/users\/1"}],"replies":[{"embeddable":true,"href":"https:\/\/www.sisinternational.com\/fr\/wp-json\/wp\/v2\/comments?post=31367"}],"version-history":[{"count":4,"href":"https:\/\/www.sisinternational.com\/fr\/wp-json\/wp\/v2\/pages\/31367\/revisions"}],"predecessor-version":[{"id":79618,"href":"https:\/\/www.sisinternational.com\/fr\/wp-json\/wp\/v2\/pages\/31367\/revisions\/79618"}],"up":[{"embeddable":true,"href":"https:\/\/www.sisinternational.com\/fr\/wp-json\/wp\/v2\/pages\/14514"}],"wp:featuredmedia":[{"embeddable":true,"href":"https:\/\/www.sisinternational.com\/fr\/wp-json\/wp\/v2\/media\/64496"}],"wp:attachment":[{"href":"https:\/\/www.sisinternational.com\/fr\/wp-json\/wp\/v2\/media?parent=31367"}],"curies":[{"name":"wp","href":"https:\/\/api.w.org\/{rel}","templated":true}]}}