{"id":31308,"date":"2019-03-23T23:55:17","date_gmt":"2019-03-23T23:55:17","guid":{"rendered":"https:\/\/www.sisinternational.com\/?page_id=31308"},"modified":"2026-01-25T19:27:52","modified_gmt":"2026-01-26T00:27:52","slug":"etude-de-marche-sur-la-banque-de-detail","status":"publish","type":"page","link":"https:\/\/www.sisinternational.com\/fr\/solutions\/recherche-de-conseil-en-strategie-fintech\/etude-de-marche-sur-la-banque-de-detail\/","title":{"rendered":"\u00c9tude de march\u00e9 sur la banque de d\u00e9tail"},"content":{"rendered":"<h1 class=\"gb-headline gb-headline-1ec0a759 gb-headline-text\">\u00c9tude de march\u00e9 sur la banque de d\u00e9tail<\/h1>\n\n\n\n<figure class=\"gb-block-image gb-block-image-7a1522d2\"><img loading=\"lazy\" decoding=\"async\" width=\"1456\" height=\"816\" class=\"gb-image gb-image-7a1522d2\" src=\"https:\/\/www.sisinternational.com\/wp-content\/uploads\/2025\/08\/Bank-6-1.jpg\" alt=\"\u00c9tudes de march\u00e9 et strat\u00e9gie internationales SIS\" title=\"Bank (6)\" srcset=\"https:\/\/www.sisinternational.com\/wp-content\/uploads\/2025\/08\/Bank-6-1.jpg 1456w, https:\/\/www.sisinternational.com\/wp-content\/uploads\/2025\/08\/Bank-6-1-300x168.jpg 300w, https:\/\/www.sisinternational.com\/wp-content\/uploads\/2025\/08\/Bank-6-1-1024x574.jpg 1024w, https:\/\/www.sisinternational.com\/wp-content\/uploads\/2025\/08\/Bank-6-1-768x430.jpg 768w, https:\/\/www.sisinternational.com\/wp-content\/uploads\/2025\/08\/Bank-6-1-18x10.jpg 18w\" sizes=\"auto, (max-width: 1456px) 100vw, 1456px\"><\/figure>\n\n\n\n<hr class=\"wp-block-separator has-alpha-channel-opacity is-style-dots\"\/>\n\n\n\n<p><span style=\"font-weight: 400;\">Retail banking has mass-market appeal. It is also known as consumer banking. Under this model, the local branches of large commercial banks set up special units to meet the needs of their clients. <a href=\"https:\/\/www.sisinternational.com\/fr\/mystery-shopping-for-retail\/\" title=\"Mystery Shopping for Retail\"  data-wpil-monitor-id=\"1228\">Retail banking<\/a> units are designed to be the one-stop shop for as many financial services as possible.<\/span><\/p>\n\n\n\n<h2 class=\"wp-block-heading\"><strong>Qu\u2019est-ce que l\u2019\u00e9tude de march\u00e9 sur la banque de d\u00e9tail ?<\/strong><\/h2>\n\n\n\n<p><span style=\"font-weight: 400;\">Vente au d\u00e9tail <a href=\"https:\/\/sisaisolutions.com\/application-of-ai-in-banking\/\" target=\"_blank\" rel=\"noopener\">banking market research<\/a> analyzes consumer behaviors, market trends, and the competitive landscape, aiming to furnish stakeholders with profound insights of the retail market. It delves deep into customer satisfaction metrics, service delivery efficiency, and the burgeoning suite of financial products, ensuring that banks are proactive in their market strategies<\/span><\/p>\n\n\n\n<h2 class=\"wp-block-heading\"><strong>Pourquoi les entreprises ont besoin d\u2019une \u00e9tude de march\u00e9 sur la banque de d\u00e9tail<\/strong><\/h2>\n\n\n\n<p><span style=\"font-weight: 400;\"><a href=\"https:\/\/www.sisinternational.com\/fr\/etude-de-marche-de-vente-au-detail-intelligente\/\" title=\"\u00c9tude de march\u00e9 de vente au d\u00e9tail intelligente\" data-wpil-monitor-id=\"2540\">Retail banking market research<\/a> is instrumental in risk management. This <a href=\"https:\/\/www.sisinternational.com\/fr\/couverture\/les-ameriques\/etude-de-marche-canadienne\/etude-de-marche-nouveau-brunswick-canada\/\" title=\"\u00c9tude de march\u00e9 au Nouveau-Brunswick, Canada\" data-wpil-monitor-id=\"4018\">research offers insights into market<\/a> trends, potential threats, and opportunities, allowing banks to position themselves in a way that balances risk and return effectively.<\/span><\/p>\n\n\n\n<p><span style=\"font-weight: 400;\">It is also key in product development and innovation. <a href=\"https:\/\/www.sisinternational.com\/fr\/marche-de-detail-asiatique\/\" title=\"\u00c9tude du march\u00e9 de d\u00e9tail asiatique\" data-wpil-monitor-id=\"2664\">Retail banking market research<\/a> provides a clear understanding of customer needs and preferences, driving the development of products and services that exceed customer expectations. It&#8217;s about aligning innovation with market demand, ensuring that every new offering is a strategic step towards greater market share and customer loyalty.<\/span><\/p>\n\n\n\n<p><span style=\"font-weight: 400;\">Furthermore, retail <a href=\"https:\/\/www.sisinternational.com\/fr\/mise-a-jour-des-tendances-bancaires-et-financieres-islamiques\/\" title=\"\u00c9tude de march\u00e9 sur la banque islamique\" data-wpil-monitor-id=\"2857\">banking market research<\/a> provides a granular view of customer satisfaction, loyalty drivers, and switching behaviors, enabling banks to craft targeted strategies that bolster customer retention and attract new clients.<\/span><\/p>\n\n\n\n<h2 class=\"wp-block-heading\"><strong>Fonctions de la banque de d\u00e9tail<\/strong><\/h2>\n\n\n\n<figure class=\"gb-block-image gb-block-image-b6ce74af\"><img loading=\"lazy\" decoding=\"async\" width=\"1456\" height=\"816\" class=\"gb-image gb-image-b6ce74af\" src=\"https:\/\/www.sisinternational.com\/wp-content\/uploads\/2025\/08\/Bank-9-1.jpg\" alt=\"\u00c9tudes de march\u00e9 et strat\u00e9gie internationales SIS\" title=\"Bank (9)\" srcset=\"https:\/\/www.sisinternational.com\/wp-content\/uploads\/2025\/08\/Bank-9-1.jpg 1456w, https:\/\/www.sisinternational.com\/wp-content\/uploads\/2025\/08\/Bank-9-1-300x168.jpg 300w, https:\/\/www.sisinternational.com\/wp-content\/uploads\/2025\/08\/Bank-9-1-1024x574.jpg 1024w, https:\/\/www.sisinternational.com\/wp-content\/uploads\/2025\/08\/Bank-9-1-768x430.jpg 768w, https:\/\/www.sisinternational.com\/wp-content\/uploads\/2025\/08\/Bank-9-1-18x10.jpg 18w\" sizes=\"auto, (max-width: 1456px) 100vw, 1456px\"><\/figure>\n\n\n\n<p><\/p>\n\n\n\n<p><span style=\"font-weight: 400;\">Les trois principales fonctions de la banque de d\u00e9tail sont :<\/span><\/p>\n\n\n\n<ol class=\"wp-block-list\">\n<li><b>Pour pr\u00eater de l\u2019argent : <\/b><span style=\"font-weight: 400;\">Les unit\u00e9s de banque de d\u00e9tail proposent des pr\u00eats hypoth\u00e9caires et d&#039;autres types de pr\u00eats \u00e0 leurs clients<\/span><\/li>\n\n\n\n<li><b>Pour accepter les d\u00e9p\u00f4ts\u00a0:<\/b><span style=\"font-weight: 400;\"> Une banque de d\u00e9tail est un lieu s\u00e9curis\u00e9 pour ceux qui souhaitent d\u00e9poser leur \u00e9pargne<\/span><\/li>\n\n\n\n<li><b>Pour g\u00e9rer les fonds\u00a0:<\/b><span style=\"font-weight: 400;\"> La banque de d\u00e9tail propose \u00e0 ses clients diff\u00e9rents types de comptes et de cartes. Ces instruments leur permettent de contr\u00f4ler leurs d\u00e9penses<\/span><\/li>\n<\/ol>\n\n\n\n<h2 class=\"wp-block-heading\"><strong>Caract\u00e9ristiques de la banque de d\u00e9tail<\/strong><\/h2>\n\n\n\n<p><span style=\"font-weight: 400;\">La banque de d\u00e9tail est consacr\u00e9e aux produits de services financiers. Ces produits comprennent des comptes ch\u00e8ques et d&#039;\u00e9pargne, des instruments du march\u00e9 mon\u00e9taire et des pr\u00eats immobiliers et commerciaux. Ce type de banque se concentre sur les besoins des consommateurs. Les titulaires de comptes individuels re\u00e7oivent plus d\u2019attention que les clients commerciaux. La banque de d\u00e9tail utilise \u00e9galement l\u2019int\u00e9rieur et l\u2019ext\u00e9rieur des succursales pour promouvoir et vendre des services.<\/span><\/p>\n\n\n\n<h2 class=\"wp-block-heading\"><strong>Objectifs de la banque de d\u00e9tail<\/strong><\/h2>\n\n\n\n<p><span style=\"font-weight: 400;\"><a href=\"https:\/\/www.sisinternational.com\/fr\/le-commerce-de-detail-physique-et-la-revolution-mobile\/\" title=\"\u00c9tude de march\u00e9 sur la vente au d\u00e9tail mobile\" data-wpil-monitor-id=\"2665\">Retail banking adapts services to meet consumer<\/a> needs. For example, most banks are parties to the Zelle cash app. This app enables consumers to transfer funds to their peers in a few clicks. It is a quick, convenient way to make payments, and is very popular among retail banking customers. <\/span><\/p>\n\n\n\n<p><span style=\"font-weight: 400;\">La banque de d\u00e9tail tente \u00e9galement de satisfaire tous les besoins bancaires des clients. Les banques tentent de fid\u00e9liser leurs clients en leur proposant les m\u00eames produits et services que leurs concurrents.<\/span><\/p>\n\n\n\n<h2 class=\"wp-block-heading\"><strong>Avantages de la banque de d\u00e9tail<\/strong><\/h2>\n\n\n\n<p><span style=\"font-weight: 400;\">Le principal avantage de la banque de d\u00e9tail est qu\u2019elle augmente l\u2019activit\u00e9 d\u2019une banque. Cela contribue \u00e9galement \u00e0 am\u00e9liorer la reconnaissance de la marque. Un autre avantage est que les consommateurs de d\u00e9tail ne menacent pas la solvabilit\u00e9 d&#039;une banque. Les pr\u00eats aux particuliers p\u00e8sent rarement sur les bilans des banques. Le troisi\u00e8me avantage est que les clients de d\u00e9tail ont tendance \u00e0 \u00eatre plus fid\u00e8les \u00e0 la marque. Une fois que la banque offre un excellent service client et que leurs fonds sont en s\u00e9curit\u00e9, ils ne changeront plus. Au contraire, ils resteront des clients fid\u00e8les pendant des ann\u00e9es.<\/span><\/p>\n\n\n\n<h2 class=\"wp-block-heading\"><strong>Qui utilise les \u00e9tudes de march\u00e9 sur la banque de d\u00e9tail<\/strong><\/h2>\n\n\n\n<p><span style=\"font-weight: 400;\"><a href=\"https:\/\/www.sisinternational.com\/fr\/solutions\/solutions-de-branding-et-de-recherche-client\/etude-de-marche-de-detail\/\" title=\"\u00c9tude de march\u00e9 de d\u00e9tail | \u00c9tude de march\u00e9 en magasin\" data-wpil-monitor-id=\"6727\">Retail banking market research<\/a> is a crucial tool that serves a diverse array of stakeholders within the financial ecosystem. Its comprehensive insights and strategic implications extend far beyond a bank\u2019s executive boardroom.<\/span><\/p>\n\n\n\n<p><b>Institutions financi\u00e8res<\/b><span style=\"font-weight: 400;\"> sont les principaux bienfaiteurs des \u00e9tudes de march\u00e9 sur la banque de d\u00e9tail. Pour ces entit\u00e9s, les informations tir\u00e9es de la recherche constituent des atouts strat\u00e9giques qui \u00e9clairent les d\u00e9cisions critiques. Des dirigeants qui formulent des strat\u00e9gies d\u2019entreprise aux chefs de produits qui con\u00e7oivent le prochain grand produit financier, cette recherche fournit une base de connaissances qui guide les actions et fa\u00e7onne l\u2019avenir des services bancaires.<\/span><\/p>\n\n\n\n<p><b>Responsables de la gestion des risques et de la conformit\u00e9<\/b><span style=\"font-weight: 400;\"> also find great value in <a href=\"https:\/\/www.sisinternational.com\/fr\/competence\/les-industries\/directeur-de-linformation-cio-etudes-de-marche\/\" title=\"\u00c9tude de march\u00e9 du directeur de l\u2019information (CIO)\" data-wpil-monitor-id=\"5673\">\u00e9tude de march\u00e9 sur la banque de d\u00e9tail<\/a>. The financial sector is fraught with risks ranging from credit defaults to regulatory non-compliance. This <a href=\"https:\/\/www.sisinternational.com\/fr\/solutions\/innovation\/etude-de-marche-sur-la-genetique\/\" title=\"\u00c9tude de march\u00e9 sur la g\u00e9n\u00e9tique\" data-wpil-monitor-id=\"5028\">recherche<\/a> offers a panoramic view of the market landscape, helping these professionals anticipate and mitigate risks before they materialize into significant threats.<\/span><\/p>\n\n\n\n<p><span style=\"font-weight: 400;\">En plus, <\/span><b>d\u00e9partements de service \u00e0 la client\u00e8le<\/b><span style=\"font-weight: 400;\"> utiliser les informations issues des \u00e9tudes de march\u00e9 sur la banque de d\u00e9tail pour am\u00e9liorer l\u2019exp\u00e9rience client. En comprenant les besoins, les probl\u00e8mes et les facteurs de satisfaction des clients, ces services peuvent affiner leur prestation de services, garantissant que chaque interaction client est \u00e0 la fois efficace et agr\u00e9able.<\/span><\/p>\n\n\n\n<p><span style=\"font-weight: 400;\">Derni\u00e8rement, <\/span><b>entreprises et startups fintech<\/b><span style=\"font-weight: 400;\"> tirer parti de cette recherche pour se tailler une place dans le secteur des services financiers. En comprenant les lacunes et les opportunit\u00e9s du march\u00e9, ces innovateurs peuvent d\u00e9velopper des solutions qui r\u00e9pondent aux besoins non satisfaits des clients, perturbant et faisant ainsi progresser le secteur.<\/span><\/p>\n\n\n\n<h2 class=\"wp-block-heading\"><strong>Comment est men\u00e9e l\u2019\u00e9tude de march\u00e9 sur la banque de d\u00e9tail ?<\/strong><\/h2>\n\n\n\n<p><b>M\u00e9thodes de recherche quantitatives<\/b><span style=\"font-weight: 400;\"> are a cornerstone of <a href=\"https:\/\/www.sisinternational.com\/fr\/couverture\/etude-de-marche-en-asie\/etude-de-marche-aux-samoa\/\" title=\"\u00c9tude de march\u00e9 aux Samoa\" data-wpil-monitor-id=\"4045\">retail banking<\/a> market research. Surveys and questionnaires are extensively used to collect a vast amount of data directly from customers. This data is statistically analyzed to understand customer preferences, behaviors, and trends on a broad scale.<\/span><\/p>\n\n\n\n<p><b>D\u2019un autre c\u00f4t\u00e9, les m\u00e9thodes de recherche qualitatives<\/b><span style=\"font-weight: 400;\"> ajouter de la profondeur aux informations recueillies. Des techniques telles que les groupes de discussion et les entretiens approfondis offrent une compr\u00e9hension nuanc\u00e9e des attitudes, des motivations et des sentiments des clients. Ces informations sont particuli\u00e8rement pr\u00e9cieuses pour comprendre le \u00ab\u00a0pourquoi\u00a0\u00bb derri\u00e8re les comportements des clients, fournissant un contexte riche aux donn\u00e9es quantitatives.<\/span><\/p>\n\n\n\n<p><b>Segmentation du march\u00e9<\/b><span style=\"font-weight: 400;\"> est un autre aspect essentiel des \u00e9tudes de march\u00e9 sur la banque de d\u00e9tail. Cette approche consiste \u00e0 diviser le march\u00e9 plus large en segments plus petits en fonction de certains crit\u00e8res tels que des facteurs d\u00e9mographiques, g\u00e9ographiques, psychographiques et comportementaux. Il permet aux banques d&#039;adapter leurs produits, services et efforts de marketing pour r\u00e9pondre aux besoins sp\u00e9cifiques de chaque segment, garantissant ainsi une pertinence et un engagement plus \u00e9lev\u00e9s.<\/span><\/p>\n\n\n\n<p><b>Analyse de la concurrence<\/b><span style=\"font-weight: 400;\"> fait \u00e9galement partie int\u00e9grante de cette recherche. Cela implique d\u2019\u00e9valuer les strat\u00e9gies, les produits, les services, les forces et les faiblesses des concurrents. Cette analyse fournit aux banques une vision comparative du march\u00e9, les aidant \u00e0 identifier les opportunit\u00e9s de diff\u00e9renciation et d&#039;avantage strat\u00e9gique.<\/span><\/p>\n\n\n\n<h2 class=\"wp-block-heading\"><strong>Expected Results from Retail Banking Market Research.<\/strong><\/h2>\n\n\n\n<p><b> \u2022 Comprehensive&nbsp; Market Understanding: <\/b><span style=\"font-weight: 400;\">Les \u00e9tudes de march\u00e9 sur la banque de d\u00e9tail offrent une vue panoramique du paysage du march\u00e9. Cela englobe la taille du march\u00e9, les tendances de croissance et les principaux moteurs, dressant un tableau complet du sc\u00e9nario actuel du march\u00e9 et de ses orientations futures potentielles.<\/span><\/p>\n\n\n\n<p><b> \u2022 Analyse concurrentielle approfondie\u00a0:<\/b><span style=\"font-weight: 400;\"> Les \u00e9tudes de march\u00e9 sur la banque de d\u00e9tail d\u00e9cortiquent minutieusement l\u2019environnement concurrentiel. Il met en \u00e9vidence les strat\u00e9gies, les offres de produits et le positionnement sur le march\u00e9 des principaux acteurs, offrant un aper\u00e7u de leurs forces et de leurs faiblesses. Cette veille concurrentielle est essentielle pour permettre aux banques de se tailler une niche et de rester en t\u00eate dans le jeu.<\/span><\/p>\n\n\n\n<p><b> \u2022 Optimisation des produits et services\u00a0:<\/b><span style=\"font-weight: 400;\"> Les entreprises peuvent s\u2019attendre \u00e0 ce que cette recherche fasse la lumi\u00e8re sur l\u2019efficacit\u00e9 et l\u2019accueil de divers produits et services bancaires. Il identifie les lacunes des offres actuelles et identifie les opportunit\u00e9s d&#039;innovation, aidant ainsi les banques \u00e0 affiner leur portefeuille de produits pour mieux r\u00e9pondre aux besoins des clients.<\/span><\/p>\n\n\n\n<p><b> \u2022 Conformit\u00e9 et impact r\u00e9glementaires\u00a0:<\/b><span style=\"font-weight: 400;\"> Le secteur bancaire \u00e9tant l\u2019un des secteurs les plus r\u00e9glement\u00e9s, cette recherche offre un aper\u00e7u des changements r\u00e9glementaires et de leur impact potentiel sur le march\u00e9. Comprendre ces dynamiques r\u00e9glementaires est crucial pour que les banques puissent garantir leur conformit\u00e9 et adapter leurs strat\u00e9gies en cons\u00e9quence.<\/span><\/p>\n\n\n\n<h2 class=\"wp-block-heading\"><strong>Tendances actuelles des \u00e9tudes de march\u00e9 sur la banque de d\u00e9tail<\/strong><\/h2>\n\n\n\n<figure class=\"gb-block-image gb-block-image-cd7ec263\"><img loading=\"lazy\" decoding=\"async\" width=\"1456\" height=\"816\" class=\"gb-image gb-image-cd7ec263\" src=\"https:\/\/www.sisinternational.com\/wp-content\/uploads\/2025\/09\/Quantitative-research-12.jpg\" alt=\"\u00c9tudes de march\u00e9 et strat\u00e9gie internationales SIS\" title=\"Quantitative research (12)\" srcset=\"https:\/\/www.sisinternational.com\/wp-content\/uploads\/2025\/09\/Quantitative-research-12.jpg 1456w, https:\/\/www.sisinternational.com\/wp-content\/uploads\/2025\/09\/Quantitative-research-12-300x168.jpg 300w, https:\/\/www.sisinternational.com\/wp-content\/uploads\/2025\/09\/Quantitative-research-12-1024x574.jpg 1024w, https:\/\/www.sisinternational.com\/wp-content\/uploads\/2025\/09\/Quantitative-research-12-768x430.jpg 768w, https:\/\/www.sisinternational.com\/wp-content\/uploads\/2025\/09\/Quantitative-research-12-18x10.jpg 18w\" sizes=\"auto, (max-width: 1456px) 100vw, 1456px\"><\/figure>\n\n\n\n<p><\/p>\n\n\n\n<p><span style=\"font-weight: 400;\">Les \u00e9tudes de march\u00e9 sur la banque de d\u00e9tail \u00e9voluent continuellement. Il est donc essentiel de comprendre ces tendances pour que les banques et les institutions financi\u00e8res restent comp\u00e9titives et pertinentes.&nbsp;<\/span><\/p>\n\n\n\n<p><b> \u2022 Transformation num\u00e9rique\u00a0:<\/b><span style=\"font-weight: 400;\"> L&#039;accent est de plus en plus mis sur la compr\u00e9hension de l&#039;adoption des services bancaires num\u00e9riques, de l&#039;exp\u00e9rience utilisateur sur les plateformes num\u00e9riques et de l&#039;int\u00e9gration de technologies telles que l&#039;IA et la blockchain. La recherche \u00e9tudie la mani\u00e8re dont ces technologies peuvent optimiser les op\u00e9rations, am\u00e9liorer l\u2019exp\u00e9rience client et ouvrir de nouvelles sources de revenus.<\/span><\/p>\n\n\n\n<p><b> \u2022 Exp\u00e9rience client et personnalisation\u00a0: <\/b><span style=\"font-weight: 400;\">Les banques reconnaissent de plus en plus l\u2019importance de l\u2019exp\u00e9rience client comme facteur de diff\u00e9renciation cl\u00e9. Les \u00e9tudes de march\u00e9 sur la banque de d\u00e9tail se concentrent sur la compr\u00e9hension des parcours clients, des probl\u00e8mes et des attentes vis-\u00e0-vis des services bancaires.<\/span><\/p>\n\n\n\n<p><b> \u2022 Durabilit\u00e9 et responsabilit\u00e9 sociale\u00a0:<\/b><span style=\"font-weight: 400;\"> Il existe une tendance croissante \u00e0 comprendre l&#039;impact des services bancaires sur la soci\u00e9t\u00e9 et l&#039;environnement. Les \u00e9tudes de march\u00e9 \u00e9tudient les attitudes des clients \u00e0 l\u2019\u00e9gard des pratiques bancaires durables et la mani\u00e8re dont les banques peuvent aligner leurs op\u00e9rations sur des objectifs sociaux et environnementaux plus larges.<\/span><\/p>\n\n\n\n<p><b> \u2022 Fintech et disruption\u00a0: <\/b><span style=\"font-weight: 400;\">La mont\u00e9e en puissance des soci\u00e9t\u00e9s fintech a boulevers\u00e9 le mod\u00e8le bancaire traditionnel. Les \u00e9tudes de march\u00e9 sur la banque de d\u00e9tail observent attentivement cette tendance, analysent le paysage concurrentiel et \u00e9valuent les menaces et les opportunit\u00e9s pos\u00e9es par ces nouveaux entrants.<\/span><\/p>\n\n\n\n<h2 class=\"wp-block-heading\">Questions courantes<\/h2>\n\n\n\n<h3 class=\"wp-block-heading\"><span style=\"font-weight: 400;\">Quels sont les types de banque de d\u00e9tail ?<\/span><\/h3>\n\n\n\n<p><span style=\"font-weight: 400;\">Il existe deux principaux types de banque de d\u00e9tail. Le premier se trouve dans <\/span><b>les banques commerciales<\/b><span style=\"font-weight: 400;\">. Ces banques profitent des spreads de taux d\u2019int\u00e9r\u00eat et des frais de transaction. Le spread est la diff\u00e9rence entre ce que la banque facture pour les pr\u00eats et le montant qu\u2019elle paie pour les d\u00e9p\u00f4ts. L&#039;autre type de banque de d\u00e9tail est <\/span><b>les coop\u00e9ratives de cr\u00e9dit<\/b><span style=\"font-weight: 400;\">. Ce type d&#039;institution offre les m\u00eames services que les banques commerciales mais \u00e0 plus petite \u00e9chelle.<\/span><\/p>\n\n\n\n<h3 class=\"wp-block-heading\"><span style=\"font-weight: 400;\">Quelle est la diff\u00e9rence entre la banque de d\u00e9tail et la banque commerciale ?<\/span><\/h3>\n\n\n\n<p><span style=\"font-weight: 400;\">Les gens utilisent souvent les termes banque \u00ab de d\u00e9tail \u00bb et \u00ab banque commerciale \u00bb de mani\u00e8re interchangeable. La banque de d\u00e9tail fait r\u00e9f\u00e9rence \u00e0 une division au sein d&#039;une banque commerciale qui s&#039;occupe des clients individuels. Mais les banques commerciales ne s\u2019adressent pas uniquement aux particuliers. Ils fournissent \u00e9galement des services \u00e0 un large \u00e9ventail d\u2019entreprises de diff\u00e9rentes tailles. <\/span><\/p>\n\n\n\n<h3 class=\"wp-block-heading\"><span style=\"font-weight: 400;\">Quelle est la diff\u00e9rence entre la banque de d\u00e9tail et la banque d\u2019investissement ?<\/span><\/h3>\n\n\n\n<p><span style=\"font-weight: 400;\">Une banque d\u2019investissement gagne de l\u2019argent en vendant des titres aux entreprises et au gouvernement. Ces banques proposent \u00e9galement des services de conseil aux grandes entreprises. Les entreprises les consultent au sujet des rachats et des fusions. Morgan Stanley est l&#039;une des plus grandes banques d&#039;investissement aux \u00c9tats-Unis. Goldman Sachs est une autre grande banque d\u2019investissement. En revanche, la banque de d\u00e9tail propose des services financiers plus banals aux particuliers. <\/span><\/p>\n\n\n\n<h3 class=\"wp-block-heading\"><span style=\"font-weight: 400;\">Pourquoi les \u00e9tudes de march\u00e9 sur la banque de d\u00e9tail sont-elles importantes ?<\/span><\/h3>\n\n\n\n<p><span style=\"font-weight: 400;\">Il existe un r\u00e9el besoin d&#039;\u00e9tudes de march\u00e9 dans le secteur de la banque de d\u00e9tail. Les \u00e9tudes de march\u00e9 aident les banques \u00e0 rep\u00e9rer les opportunit\u00e9s commerciales. Par exemple, ils peuvent s&#039;associer avec d&#039;autres banques. Ils peuvent \u00e9galement cr\u00e9er de nouveaux produits ou am\u00e9liorer ceux qu\u2019ils poss\u00e8dent d\u00e9j\u00e0. S\u2019ils ont besoin de se d\u00e9velopper, les \u00e9tudes de march\u00e9 les aident \u00e0 trouver de nouveaux emplacements. Cela leur permet de r\u00e9duire les risques commerciaux. Cela leur permet \u00e9galement de cr\u00e9er du mat\u00e9riel promotionnel pour vendre leurs produits et services.<\/span><\/p>\n\n\n\n<h2 class=\"wp-block-heading\">Notre emplacement \u00e0 New York<\/h2>\n\n\n\n<p>\n\n\n\n<iframe loading=\"lazy\" src=\"https:\/\/www.google.com\/maps\/embed?pb=!1m18!1m12!1m3!1d3022.976188376966!2d-73.99130312499956!3d40.740549471389315!2m3!1f0!2f0!3f0!3m2!1i1024!2i768!4f13.1!3m3!1m2!1s0x89c259a15798c731%3A0xd695d09bdd495f25!2s11%20E%2022nd%20St%20FL%202%2C%20New%20York%2C%20NY%2010010%2C%20USA!5e0!3m2!1sen!2spe!4v1726171763526!5m2!1sen!2spe\" width=\"600\" height=\"450\" allowfullscreen=\"allowfullscreen\" data-mce-fragment=\"1\"><\/iframe>\n\n\n\n<\/p>\n\n\n\n<h3 class=\"wp-block-heading\">11 E 22nd Street, \u00e9tage 2, New York, NY 10010 T\u00e9l. : +1(212) 505-6805<\/h3>\n\n\n\n<hr class=\"wp-block-separator has-alpha-channel-opacity\"\/>\n\n\n\n<h2 class=\"wp-block-heading\"><span style=\"font-weight: 400;\">\u00c0 propos de SIS International<\/span><\/h2>\n\n\n\n<p><a href=\"https:\/\/www.sisinternational.com\/fr\/\"><span style=\"font-weight: 400;\">SIS International<\/span><\/a><span style=\"font-weight: 400;\"> propose des recherches quantitatives, qualitatives et strat\u00e9giques. Nous fournissons des donn\u00e9es, des outils, des strat\u00e9gies, des rapports et des informations pour la prise de d\u00e9cision. Nous menons \u00e9galement des entretiens, des enqu\u00eates, des groupes de discussion et d\u2019autres m\u00e9thodes et approches d\u2019\u00e9tudes de march\u00e9.<\/span><a href=\"https:\/\/www.sisinternational.com\/fr\/a-propos-de-la-recherche-internationale-sis\/contact-sis-international-market-research\/\"><span style=\"font-weight: 400;\"> Contactez nous<\/span><\/a><span style=\"font-weight: 400;\"> pour votre prochain projet d&#039;\u00e9tude de march\u00e9.<\/span><\/p>\n\n\n\n<p><\/p>\n\n\n\n<p><\/p>","protected":false},"excerpt":{"rendered":"<p>D\u00e9couvrez de nouvelles perspectives issues des \u00e9tudes de march\u00e9 sur la banque de d\u00e9tail.<\/p>","protected":false},"author":1,"featured_media":63033,"parent":27462,"menu_order":18,"comment_status":"closed","ping_status":"closed","template":"","meta":{"footnotes":""},"class_list":["post-31308","page","type-page","status-publish","has-post-thumbnail"],"_links":{"self":[{"href":"https:\/\/www.sisinternational.com\/fr\/wp-json\/wp\/v2\/pages\/31308","targetHints":{"allow":["GET"]}}],"collection":[{"href":"https:\/\/www.sisinternational.com\/fr\/wp-json\/wp\/v2\/pages"}],"about":[{"href":"https:\/\/www.sisinternational.com\/fr\/wp-json\/wp\/v2\/types\/page"}],"author":[{"embeddable":true,"href":"https:\/\/www.sisinternational.com\/fr\/wp-json\/wp\/v2\/users\/1"}],"replies":[{"embeddable":true,"href":"https:\/\/www.sisinternational.com\/fr\/wp-json\/wp\/v2\/comments?post=31308"}],"version-history":[{"count":16,"href":"https:\/\/www.sisinternational.com\/fr\/wp-json\/wp\/v2\/pages\/31308\/revisions"}],"predecessor-version":[{"id":80308,"href":"https:\/\/www.sisinternational.com\/fr\/wp-json\/wp\/v2\/pages\/31308\/revisions\/80308"}],"up":[{"embeddable":true,"href":"https:\/\/www.sisinternational.com\/fr\/wp-json\/wp\/v2\/pages\/27462"}],"wp:featuredmedia":[{"embeddable":true,"href":"https:\/\/www.sisinternational.com\/fr\/wp-json\/wp\/v2\/media\/63033"}],"wp:attachment":[{"href":"https:\/\/www.sisinternational.com\/fr\/wp-json\/wp\/v2\/media?parent=31308"}],"curies":[{"name":"wp","href":"https:\/\/api.w.org\/{rel}","templated":true}]}}