{"id":31135,"date":"2019-03-04T01:52:13","date_gmt":"2019-03-04T01:52:13","guid":{"rendered":"https:\/\/www.sisinternational.com\/?page_id=31135"},"modified":"2025-09-14T00:33:25","modified_gmt":"2025-09-14T04:33:25","slug":"etude-de-marche-sur-le-score-deffort-client","status":"publish","type":"page","link":"https:\/\/www.sisinternational.com\/fr\/solutions\/solutions-de-recherche-qualitative-et-quantitative\/etude-de-marche-sur-le-score-deffort-client\/","title":{"rendered":"\u00c9tude de march\u00e9 sur le score d\u2019effort client"},"content":{"rendered":"<h1 class=\"gb-headline gb-headline-032b2b06 gb-headline-text\">\u00c9tude de march\u00e9 sur le score d\u2019effort client<\/h1>\n\n\n\n<figure class=\"gb-block-image gb-block-image-d5183733\"><img loading=\"lazy\" decoding=\"async\" width=\"1024\" height=\"574\" class=\"gb-image gb-image-d5183733\" src=\"https:\/\/www.sisinternational.com\/wp-content\/uploads\/2025\/08\/Consumer-electronics-4-1024x574.jpg\" srcset=\"https:\/\/www.sisinternational.com\/wp-content\/uploads\/2025\/08\/Consumer-electronics-4-1024x574.jpg 1024w, https:\/\/www.sisinternational.com\/wp-content\/uploads\/2025\/08\/Consumer-electronics-4-300x168.jpg 300w, https:\/\/www.sisinternational.com\/wp-content\/uploads\/2025\/08\/Consumer-electronics-4-768x430.jpg 768w, https:\/\/www.sisinternational.com\/wp-content\/uploads\/2025\/08\/Consumer-electronics-4-18x10.jpg 18w, https:\/\/www.sisinternational.com\/wp-content\/uploads\/2025\/08\/Consumer-electronics-4.jpg 1456w\" sizes=\"auto, (max-width: 1024px) 100vw, 1024px\" alt=\"\u00c9tudes de march\u00e9 et strat\u00e9gie internationales SIS\"><\/figure>\n\n\n\n<hr class=\"wp-block-separator has-alpha-channel-opacity is-style-dots\"\/>\n\n\n\n<h2 class=\"wp-block-heading\"><span style=\"font-weight: 400;\">Qu&#039;est-ce que le score d&#039;effort client ?<\/span><\/h2>\n\n\n\n<p><span style=\"font-weight: 400;\">Customer Effort Score (CES) is a favored survey method that ranks the ease of a consumer&#8217;s experience with a company. It asks customers about the effort they put into using a product or service. This metric evaluates how likely it is for that customer to continue using and paying for the product or service.<\/span><\/p>\n\n\n\n<p><span style=\"font-weight: 400;\">Service organizations should try to be low-effort. Why? Because effort has the most reliable connection to consumer loyalty. By tracking CES, organizations can make <a href=\"https:\/\/www.sisinternational.com\/fr\/recherche-qualitative-pour-ameliorer-lexperience-client\/\" title=\"Recherche qualitative pour am\u00e9liorer l&#039;exp\u00e9rience client\"  data-wpil-monitor-id=\"11275\">enhancements that improve the customer experience<\/a>. If they reduce customer effort, service organizations can provide higher-quality interactions and lower costs. They can also use CES to uncover high-effort pain points in customer interactions.<\/span><\/p>\n\n\n\n<p><span style=\"font-weight: 400;\">What does it mean to reduce customer effort? In simple terms, it means to eliminate obstacles. Customers dislike having to reach out to a company over and over again to resolve an issue. They hate having to rehash a problem to several people and switching between service channels. For example, they don&#8217;t want to call after trying to address an issue on the company\u2019s website. <a href=\"https:\/\/www.sisinternational.com\/fr\/solutions\/recherche-de-conseil-en-strategie-fintech\/conseil-en-acquisition-de-clients-dans-le-domaine-des-services-financiers\/\" title=\"Conseil en acquisition de clients dans le domaine des services financiers\"  data-wpil-monitor-id=\"11277\">Customers punish bad service<\/a> more often than they reward a delightful experience.<\/span><\/p>\n\n\n\n<h2 class=\"wp-block-heading\"><span style=\"font-weight: 400;\">Types d&#039;enqu\u00eates CES<\/span><\/h2>\n\n\n\n<p><span style=\"font-weight: 400;\">Companies can use different metrics to measure Customer Effort Score. However, the chosen metric can change the way the <a href=\"https:\/\/www.sisinternational.com\/fr\/couverture\/etude-de-marche-en-asie\/market-research-in-china-2\/enquete-sur-une-societe-detudes-de-marche-en-chine\/\" title=\"Soci\u00e9t\u00e9 d\u2019\u00e9tudes de march\u00e9 par sondage en Chine\"  data-wpil-monitor-id=\"11284\">company calculates and scores surveys<\/a>. The survey types include:<\/span><\/p>\n\n\n\n<ol class=\"wp-block-list\">\n<li><b>L&#039;\u00e9chelle 1-10 - <\/b><span style=\"font-weight: 400;\">les r\u00e9pondants proposent une r\u00e9ponse comprise entre 1 et 10 \u00e0 une question. Le segment 7-10 comporte g\u00e9n\u00e9ralement des r\u00e9ponses positives.<\/span><\/li>\n\n\n\n<li><b>L&#039;\u00e9chelle de Likert \u2013<\/b><span style=\"font-weight: 400;\"> cette m\u00e9thode implique une \u00e9chelle avec une gamme de r\u00e9ponses. Ces r\u00e9ponses vont souvent de \u00ab\u00a0pas du tout d\u2019accord\u00a0\u00bb \u00e0 \u00ab\u00a0tout \u00e0 fait d\u2019accord\u00a0\u00bb.<\/span><\/li>\n\n\n\n<li><b>\u00c9motic\u00f4nes \u2013<\/b><span style=\"font-weight: 400;\"> cette m\u00e9trique est simple. Il utilise un visage triste, un visage neutre et un visage heureux pour \u00e9valuer l&#039;exp\u00e9rience client.<\/span><\/li>\n\n\n\n<li><b>L&#039;\u00e9chelle 1-5 -<\/b><span style=\"font-weight: 400;\"> les options de r\u00e9ponse dans ce cas sont les suivantes : Tr\u00e8s difficile \u2013 Difficile \u2013 Ni difficile ni facile \u2013 Facile \u2013 Tr\u00e8s facile. Les entreprises peuvent \u00e9galement inverser l\u2019ordre.<\/span><\/li>\n<\/ol>\n\n\n\n<h2 class=\"wp-block-heading\"><span style=\"font-weight: 400;\">Pourquoi le CES est-il important ?<\/span><\/h2>\n\n\n\n<figure class=\"gb-block-image gb-block-image-83279558\"><img loading=\"lazy\" decoding=\"async\" width=\"1024\" height=\"574\" class=\"gb-image gb-image-83279558\" src=\"https:\/\/www.sisinternational.com\/wp-content\/uploads\/2025\/08\/Point-of-sale-point-of-purchase-1-1024x574.jpg\" srcset=\"https:\/\/www.sisinternational.com\/wp-content\/uploads\/2025\/08\/Point-of-sale-point-of-purchase-1-1024x574.jpg 1024w, https:\/\/www.sisinternational.com\/wp-content\/uploads\/2025\/08\/Point-of-sale-point-of-purchase-1-300x168.jpg 300w, https:\/\/www.sisinternational.com\/wp-content\/uploads\/2025\/08\/Point-of-sale-point-of-purchase-1-768x430.jpg 768w, https:\/\/www.sisinternational.com\/wp-content\/uploads\/2025\/08\/Point-of-sale-point-of-purchase-1-18x10.jpg 18w, https:\/\/www.sisinternational.com\/wp-content\/uploads\/2025\/08\/Point-of-sale-point-of-purchase-1.jpg 1456w\" sizes=\"auto, (max-width: 1024px) 100vw, 1024px\" alt=\"\u00c9tudes de march\u00e9 et strat\u00e9gie internationales SIS\"><\/figure>\n\n\n\n<p><\/p>\n\n\n\n<p><span style=\"font-weight: 400;\">The modern idea of Omnichannel <a href=\"https:\/\/www.sisinternational.com\/fr\/solutions\/recherche-de-conseil-en-strategie-fintech\/conseil-en-fidelisation-de-la-clientele-des-services-financiers\/\" title=\"Conseil en fid\u00e9lisation de la client\u00e8le des services financiers\"  data-wpil-monitor-id=\"11278\">service is all about reducing customer<\/a> effort. It&#8217;s also about lessening conflict between service channels. CES gives companies a whole new layer of customer feedback. This additional context allows the company to identify deficient channels and processes. It can then take steps to improve them.<\/span><\/p>\n\n\n\n<p><span style=\"font-weight: 400;\">Customers want to find what they need easily, and as fast as possible. They want to buy something, perform a task, or get some service. They\u2019re not looking to establish a relationship with a brand. However, they will do so if they have an excellent customer experience. If the website is easy to navigate, they\u2019re likely to buy more products. They will sign up for a new <a href=\"https:\/\/www.sisinternational.com\/fr\/financial-services-consulting\/robotic-process-automation-in-financial-services\/\" title=\"Robotic Process Automation in Financial Services\"  data-wpil-monitor-id=\"11288\">service if the process<\/a> is simple. Moreover, if a company does an excellent job in resolving issues, they\u2019re likely to recommend it to others.<\/span><\/p>\n\n\n\n<h2 class=\"wp-block-heading\"><span style=\"font-weight: 400;\">Quand devriez-vous utiliser le CES\u00a0?<\/span><\/h2>\n\n\n\n<p><span style=\"font-weight: 400;\">The CES <a href=\"https:\/\/www.sisinternational.com\/fr\/how-to-design-effective-surveys-for-quantitative-research\/\" title=\"How to Design Effective Surveys for Quantitative Research\"  data-wpil-monitor-id=\"11281\">survey is most effective<\/a> when used after specific customer service checkpoints. For example, companies can use it after a customer resolves an issue via an online help desk. Alternatively, they can deploy it after the customer speaks to a call center attendant. These micro touchpoints show how easily a company makes life for its customers. Companies can use information from the responses to make future interactions easier, thus improving customer loyalty in the process.<\/span><\/p>\n\n\n\n<p><span style=\"font-weight: 400;\">Customers are busy. They want and expect fast, uncomplicated interactions with a company\u2019s <a href=\"https:\/\/www.sisinternational.com\/fr\/solutions\/test-de-gout\/services-de-test-de-produits-a-new-york\/\" title=\"Services de test de produits \u00e0 New York\"  data-wpil-monitor-id=\"11290\">products and services<\/a>. Companies should use CES to ensure they\u2019re meeting their customers\u2019 expectations. It can also pinpoint new opportunities that will improve their experience. Why should they provide measures that decrease their customers\u2019 level of effort? It will pay off in the things that matter the most to their business, like customer retention.<\/span><\/p>\n\n\n\n<h2 class=\"wp-block-heading\">Notre emplacement \u00e0 New York<\/h2>\n\n\n\n<p>\n\n\n\n<iframe loading=\"lazy\" src=\"https:\/\/www.google.com\/maps\/embed?pb=!1m18!1m12!1m3!1d3022.976188376966!2d-73.99130312499956!3d40.740549471389315!2m3!1f0!2f0!3f0!3m2!1i1024!2i768!4f13.1!3m3!1m2!1s0x89c259a15798c731%3A0xd695d09bdd495f25!2s11%20E%2022nd%20St%20FL%202%2C%20New%20York%2C%20NY%2010010%2C%20USA!5e0!3m2!1sen!2spe!4v1726171763526!5m2!1sen!2spe\" width=\"600\" height=\"450\" allowfullscreen=\"allowfullscreen\" data-mce-fragment=\"1\"><\/iframe>\n\n\n\n<\/p>\n\n\n\n<h3 class=\"wp-block-heading\">11 E 22nd Street, \u00e9tage 2, New York, NY 10010 T\u00e9l. : +1(212) 505-6805<\/h3>\n\n\n\n<hr class=\"wp-block-separator has-alpha-channel-opacity\"\/>\n\n\n\n<h2 class=\"wp-block-heading\"><span style=\"font-weight: 400;\">\u00c0 propos de SIS International<\/span><\/h2>\n\n\n\n<p><a href=\"https:\/\/www.sisinternational.com\/fr\/\"><span style=\"font-weight: 400;\">SIS International<\/span><\/a><span style=\"font-weight: 400;\"> offers Quantitative, Qualitative, and Strategy Research. We provide data, tools, strategies, reports, and insights for decision-making. We also conduct interviews, surveys, focus groups, and other <a href=\"https:\/\/www.sisinternational.com\/fr\/quantitative-market-research-methods-and-techniques\/\" title=\"Quantitative Market Research Methods and Techniques\"  data-wpil-monitor-id=\"11273\">Market Research methods<\/a> and approaches.<\/span><a href=\"https:\/\/www.sisinternational.com\/fr\/a-propos-de-la-recherche-internationale-sis\/contact-sis-international-market-research\/\"><span style=\"font-weight: 400;\"> Contactez nous<\/span><\/a><span style=\"font-weight: 400;\"> pour votre prochain projet d&#039;\u00e9tude de march\u00e9.<\/span><\/p>\n\n\n\n<p><\/p>","protected":false},"excerpt":{"rendered":"<p>D\u00e9couvrez comment les \u00e9tudes de march\u00e9 sur le score d&#039;effort client peuvent am\u00e9liorer les performances de votre entreprise.<\/p>","protected":false},"author":1,"featured_media":64247,"parent":14660,"menu_order":15,"comment_status":"closed","ping_status":"closed","template":"","meta":{"footnotes":""},"class_list":["post-31135","page","type-page","status-publish","has-post-thumbnail"],"_links":{"self":[{"href":"https:\/\/www.sisinternational.com\/fr\/wp-json\/wp\/v2\/pages\/31135","targetHints":{"allow":["GET"]}}],"collection":[{"href":"https:\/\/www.sisinternational.com\/fr\/wp-json\/wp\/v2\/pages"}],"about":[{"href":"https:\/\/www.sisinternational.com\/fr\/wp-json\/wp\/v2\/types\/page"}],"author":[{"embeddable":true,"href":"https:\/\/www.sisinternational.com\/fr\/wp-json\/wp\/v2\/users\/1"}],"replies":[{"embeddable":true,"href":"https:\/\/www.sisinternational.com\/fr\/wp-json\/wp\/v2\/comments?post=31135"}],"version-history":[{"count":9,"href":"https:\/\/www.sisinternational.com\/fr\/wp-json\/wp\/v2\/pages\/31135\/revisions"}],"predecessor-version":[{"id":81841,"href":"https:\/\/www.sisinternational.com\/fr\/wp-json\/wp\/v2\/pages\/31135\/revisions\/81841"}],"up":[{"embeddable":true,"href":"https:\/\/www.sisinternational.com\/fr\/wp-json\/wp\/v2\/pages\/14660"}],"wp:featuredmedia":[{"embeddable":true,"href":"https:\/\/www.sisinternational.com\/fr\/wp-json\/wp\/v2\/media\/64247"}],"wp:attachment":[{"href":"https:\/\/www.sisinternational.com\/fr\/wp-json\/wp\/v2\/media?parent=31135"}],"curies":[{"name":"wp","href":"https:\/\/api.w.org\/{rel}","templated":true}]}}