{"id":30131,"date":"2019-02-10T01:07:39","date_gmt":"2019-02-10T01:07:39","guid":{"rendered":"https:\/\/www.sisinternational.com\/?page_id=30131"},"modified":"2025-09-14T00:14:31","modified_gmt":"2025-09-14T04:14:31","slug":"etude-de-marche-dun-conseiller-financier-independant","status":"publish","type":"page","link":"https:\/\/www.sisinternational.com\/fr\/solutions\/recherche-de-conseil-en-strategie-fintech\/etude-de-marche-dun-conseiller-financier-independant\/","title":{"rendered":"\u00c9tude de march\u00e9 sur les conseillers financiers ind\u00e9pendants"},"content":{"rendered":"<h1 class=\"wp-block-heading\">\u00c9tude de march\u00e9 sur les conseillers financiers ind\u00e9pendants<\/h1>\n\n\n\n<p><\/p>\n\n\n\n<figure class=\"gb-block-image gb-block-image-bc339ea3\"><img loading=\"lazy\" decoding=\"async\" width=\"1456\" height=\"816\" class=\"gb-image gb-image-bc339ea3\" src=\"https:\/\/www.sisinternational.com\/wp-content\/uploads\/2025\/08\/Finance-13.jpg\" alt=\"\u00c9tudes de march\u00e9 et strat\u00e9gie internationales SIS\" title=\"Finance (13)\" srcset=\"https:\/\/www.sisinternational.com\/wp-content\/uploads\/2025\/08\/Finance-13.jpg 1456w, https:\/\/www.sisinternational.com\/wp-content\/uploads\/2025\/08\/Finance-13-300x168.jpg 300w, https:\/\/www.sisinternational.com\/wp-content\/uploads\/2025\/08\/Finance-13-1024x574.jpg 1024w, https:\/\/www.sisinternational.com\/wp-content\/uploads\/2025\/08\/Finance-13-768x430.jpg 768w, https:\/\/www.sisinternational.com\/wp-content\/uploads\/2025\/08\/Finance-13-18x10.jpg 18w\" sizes=\"auto, (max-width: 1456px) 100vw, 1456px\"><\/figure>\n\n\n\n<hr class=\"wp-block-separator has-alpha-channel-opacity is-style-dots\"\/>\n\n\n\n<p>As investors demand more personalized, transparent, and conflict-free financial advice, the independent financial advisor market is experiencing rapid growth. Understanding the latest independent financial advisor market research trends is essential for firms looking to stay ahead in this evolving landscape.<\/p>\n\n\n\n<p>\u00c0 <a href=\"https:\/\/www.linkedin.com\/company\/sisinternationalresearch\/\" target=\"_blank\" rel=\"noopener\"><strong>Recherche internationale SIS<\/strong><\/a>, we provide in-depth insights into the&nbsp;<span style=\"box-sizing: border-box; margin: 0px; padding: 0px;\">independent financial advisor market&#8217;s key drivers, challenges, and opportunities<\/span><strong>.<\/strong><\/p>\n\n\n\n<h2 class=\"wp-block-heading\">Qui sont les conseillers financiers ind\u00e9pendants (IFA)\u00a0?<\/h2>\n\n\n\n<figure class=\"gb-block-image gb-block-image-a9682b2f\"><img loading=\"lazy\" decoding=\"async\" width=\"1456\" height=\"816\" class=\"gb-image gb-image-a9682b2f\" src=\"https:\/\/www.sisinternational.com\/wp-content\/uploads\/2025\/08\/Finance-11.jpg\" alt=\"\u00c9tudes de march\u00e9 et strat\u00e9gie internationales SIS\" title=\"Finance (11)\" srcset=\"https:\/\/www.sisinternational.com\/wp-content\/uploads\/2025\/08\/Finance-11.jpg 1456w, https:\/\/www.sisinternational.com\/wp-content\/uploads\/2025\/08\/Finance-11-300x168.jpg 300w, https:\/\/www.sisinternational.com\/wp-content\/uploads\/2025\/08\/Finance-11-1024x574.jpg 1024w, https:\/\/www.sisinternational.com\/wp-content\/uploads\/2025\/08\/Finance-11-768x430.jpg 768w, https:\/\/www.sisinternational.com\/wp-content\/uploads\/2025\/08\/Finance-11-18x10.jpg 18w\" sizes=\"auto, (max-width: 1456px) 100vw, 1456px\"><\/figure>\n\n\n\n<p><\/p>\n\n\n\n<p>Independent Financial Advisors are professionals who provide financial recommendations, advisory, and financial services to consumers.\u00a0 They are not part of global banking networks and therefore, considered independent.<\/p>\n\n\n\n<p><span style=\"font-weight: 400;\">The financial services industry has undergone sweeping changes over the last few years. The current landscape constantly refers to the maturity and siloed nature of technology applications that reside within many financial services organizations. <\/span><\/p>\n\n\n\n<p><span style=\"font-weight: 400;\">Furthermore, as financial institutions assimilate legacy systems through M&amp;A, add new <a href=\"https:\/\/www.sisinternational.com\/fr\/competence\/les-industries\/etude-de-marche-sur-les-boissons-alimentaires-et-la-voix-du-client\/\" title=\"\u00c9tude de march\u00e9 sur la voix du client dans le secteur des aliments et des boissons\" data-wpil-monitor-id=\"11076\">customers in new markets<\/a>, and begin to offer a wider array of new products, such as brokerage and insurance services, they (in particular the larger players) are reevaluating how they manage customer relationships and taking an integrated look at customer value.<\/span><\/p>\n\n\n\n<h2 class=\"wp-block-heading\"><strong>Why Independent Financial Advisor Market Research Matters<\/strong><\/h2>\n\n\n\n<p>Independent financial advisors operate outside traditional banks and wirehouses, offering <strong>fee-based, fiduciary-driven<\/strong> services that prioritize clients&#8217; best interests. As regulations shift and investors become more financially literate, <a href=\"https:\/\/www.sisinternational.com\/fr\/competence\/les-industries\/etude-de-marche-sur-les-essentiels-de-cuisine\/\" title=\"\u00c9tude de march\u00e9 sur les essentiels de cuisine\" data-wpil-monitor-id=\"11074\">market research is essential<\/a> for:<\/p>\n\n\n\n<ul class=\"wp-block-list\">\n<li><p><strong>Understanding investor behavior<\/strong> and evolving financial planning needs.<\/p><\/li>\n\n\n\n<li><p><strong>Tracking competitive dynamics<\/strong> in the IFA space.<\/p><\/li>\n\n\n\n<li><p><strong>Identifying key regulatory changes<\/strong> impacting fiduciary responsibilities.<\/p><\/li>\n\n\n\n<li><p><strong>Exploring technological innovations<\/strong> that enhance advisor-client interactions.<\/p><\/li>\n<\/ul>\n\n\n\n<h2 class=\"wp-block-heading\">Petites et moyennes entreprises<\/h2>\n\n\n\n<p><span style=\"font-weight: 400;\">Small and medium-sized organizations (SMBs) such as general insurance brokers, life and pensions brokers, fund managers, and foreign banks are under increasing pressure to remain viable as large banks and insurance companies continue to make inroads into their markets. <\/span><\/p>\n\n\n\n<p><span style=\"font-weight: 400;\">Furthermore, demanding compliance requirements and increasing competition from within their ranks are placing additional pressure on these organizations to remain viable. Their overarching goal is to maintain their appeal as the local <a href=\"https:\/\/www.sisinternational.com\/fr\/competence\/les-industries\/etude-de-marche-pour-une-entreprise-de-design\/\" title=\"\u00c9tude de march\u00e9 des entreprises de conception\" data-wpil-monitor-id=\"11077\">market alternative to upper-tier firms<\/a>, and in order to do this, they need to be proactive in how they manage their customer relationships and also how they can derive more accurate customer value.<\/span><\/p>\n\n\n\n<h2 class=\"wp-block-heading\">Gestion de la relation client avec une \u00e9tude de march\u00e9 d&#039;un conseiller financier ind\u00e9pendant<\/h2>\n\n\n\n<figure class=\"gb-block-image gb-block-image-a978df35\"><img loading=\"lazy\" decoding=\"async\" width=\"1456\" height=\"816\" class=\"gb-image gb-image-a978df35\" src=\"https:\/\/www.sisinternational.com\/wp-content\/uploads\/2025\/08\/Finance-17.jpg\" alt=\"\u00c9tudes de march\u00e9 et strat\u00e9gie internationales SIS\" title=\"Finance (17)\" srcset=\"https:\/\/www.sisinternational.com\/wp-content\/uploads\/2025\/08\/Finance-17.jpg 1456w, https:\/\/www.sisinternational.com\/wp-content\/uploads\/2025\/08\/Finance-17-300x168.jpg 300w, https:\/\/www.sisinternational.com\/wp-content\/uploads\/2025\/08\/Finance-17-1024x574.jpg 1024w, https:\/\/www.sisinternational.com\/wp-content\/uploads\/2025\/08\/Finance-17-768x430.jpg 768w, https:\/\/www.sisinternational.com\/wp-content\/uploads\/2025\/08\/Finance-17-18x10.jpg 18w\" sizes=\"auto, (max-width: 1456px) 100vw, 1456px\"><\/figure>\n\n\n\n<p><\/p>\n\n\n\n<p><span style=\"font-weight: 400;\">A logical solution for the two aforementioned issues comes from Customer Relationship Management (CRM) systems.&nbsp; Effective and efficient CRM solutions specifically created for and targeted at the SMB space, can help smaller financial organizations increase revenue while maintaining their forte of superior customer service.<\/span><\/p>\n\n\n\n<h2 class=\"wp-block-heading\">Opportunit\u00e9s et d\u00e9fis sur les march\u00e9s matures<\/h2>\n\n\n\n<p><span style=\"font-weight: 400;\"><a href=\"https:\/\/www.sisinternational.com\/fr\/publications\/comportement-de-lacheteur-apres-le-nouveau-consommateur-du-coronavirus\/\" title=\"Comportement des acheteurs apr\u00e8s le coronavirus \u2013 \u00c9tude de march\u00e9 de consommation\" data-wpil-monitor-id=\"11078\">Consumers in mature markets<\/a> such as the UK, US, and Western Europe are running out of steam. American and British spenders have weak balance sheets &#8211; low savings, high debts, and fear of rising interest rates. Independent financial advice suggests that we are shopped out. However, the Asian consumer has built up high savings and has little or no debt, while the credit card culture is in its infancy. They&#8217;ve been putting money away since the late 1990s Asian debt crisis, but they will want to spend it sometime.<\/span><\/p>\n\n\n\n<h2 class=\"wp-block-heading\">Innovation num\u00e9rique et rupture<\/h2>\n\n\n\n<p><span style=\"font-weight: 400;\">La technologie sera un enjeu cl\u00e9 dans la course \u00e0 l\u2019am\u00e9lioration de la rentabilit\u00e9. Bien que le secteur des IFA ait suivi les principales tendances technologiques consistant \u00e0 accro\u00eetre la vitesse et \u00e0 faciliter l&#039;acc\u00e8s aux donn\u00e9es, il existe un sentiment g\u00e9n\u00e9ral selon lequel les fournisseurs n&#039;ont pas r\u00e9ussi \u00e0 am\u00e9liorer la technologie pour faciliter la t\u00e2che des conseillers et se font plut\u00f4t concurrence les uns contre les autres au d\u00e9triment des secteur du conseil.<\/span><\/p>\n\n\n\n<p><span style=\"font-weight: 400;\">However, if administration is improved, the income IFAs derive through sales will have a higher impact, enabling them to achieve high levels of repeat business by enhancing their communications and information systems.<\/span><\/p>\n\n\n\n<p><span style=\"font-weight: 400;\">Another key issue affecting the long-term future of the business is the problem of an aging profession. Not enough new advisors are coming into the market, which seriously threatens the industry&#8217;s future. Because the average IFA is much nearer to 55 than 25, their perspectives tend to be narrower and their goals more short-term, making them less responsive to change and less keen to take advantage of new products such as wraps, which require a long-term view.<\/span><\/p>\n\n\n\n<p><span style=\"font-weight: 400;\">However, some fear that technology may eventually reduce the need for financial advice. With the rise of Robo Advisors and Artificial Intelligence, the Financial Advisory and Wealth Management industries are being disrupted. &nbsp;On some insurance websites, for example, the entire term assurance application can now be completed online, removing the need for an advisor.<\/span><\/p>\n\n\n\n<h2 class=\"wp-block-heading\">Paysage concurrentiel<\/h2>\n\n\n\n<p><span style=\"font-weight: 400;\">A more competitive and complex landscape for financial services providers is forcing many organizations to reevaluate their existing channel strategies. This is especially true of small and medium-sized organizations that want to remain viable alternatives to their larger counterparts.<\/span><\/p>\n\n\n\n<p><span style=\"font-weight: 400;\">Strategic investments\/upgrades in CRM systems can help smaller financial organizations such as independent financial advisors, life and pension brokers, general insurance companies, building societies, and similar <a href=\"https:\/\/www.sisinternational.com\/fr\/solutions\/conseil-en-strategie\/techniques-de-generation-de-leads\/\" title=\"Entreprise de g\u00e9n\u00e9ration de leads\" data-wpil-monitor-id=\"11079\">firms improve revenue generation<\/a> while reducing costs and maintaining superior customer service advantages.<\/span><\/p>\n\n\n\n<h2 class=\"wp-block-heading\">Informations sur les canaux<\/h2>\n\n\n\n<p><span style=\"font-weight: 400;\">Even though the Internet is a significant and cost-effective sales and service delivery channel, fund managers, IFAs, and other smaller players cannot afford to rely only on one channel over another because this would limit functionality and product options and, hence, customer service. With customers using any combination of the channels available to them, SMBS must form a coherent multi-channel strategy. While offering a range of channels may be seen as a positive attribute, if they remain siloed and are not fully coordinated, they can have a negative impact on customer experience and, ultimately, on the financial organization itself.<\/span><\/p>\n\n\n\n<h2 class=\"wp-block-heading\"><strong>The Future of Independent Financial Advisor Market Research<\/strong><\/h2>\n\n\n\n<p>Looking ahead, the IFA market will be shaped by:<\/p>\n\n\n\n<ul class=\"wp-block-list\">\n<li><p><strong>AI-driven financial planning and predictive analytics.<\/strong><\/p><\/li>\n\n\n\n<li><p><strong>A hybrid model of human + robo-advisory services.<\/strong><\/p><\/li>\n\n\n\n<li><p><strong>Enhanced client education tools and digital onboarding processes.<\/strong><\/p><\/li>\n\n\n\n<li><p><strong>Stronger regulatory oversight and increased transparency.<\/strong><\/p><\/li>\n<\/ul>\n\n\n\n<h2 class=\"wp-block-heading\"><strong>Final Thoughts from Ruth Stanat, CEO of SIS International Research<\/strong><\/h2>\n\n\n\n<p>The independent financial advisor market is evolving faster than ever. Success in this industry requires deep market intelligence, strategic foresight, and a commitment to innovation.<\/p>\n\n\n\n<p>\u00c0 <strong><a href=\"https:\/\/www.sisinternational.com\/fr\/contacter-sis-etude-de-marche-internationale\/\" title=\"Contactez-nous\" data-wpil-monitor-id=\"11070\">Recherche internationale SIS<\/a><\/strong>, we provide <strong>real-time insights, competitive analysis, and data-driven strategies<\/strong> to help financial advisors stay ahead of the curve.&nbsp;<\/p>\n\n\n\n<h2 class=\"wp-block-heading\">\u00c0 propos de l\u2019\u00e9tude de march\u00e9 des conseillers financiers ind\u00e9pendants<\/h2>\n\n\n\n<p>Independent Financial Advisors are important decision-makers who influence the decision to purchase or trade securities.\u00a0 They can influence decision-making on a large number of assets, and their opinions matter.\u00a0 <a href=\"https:\/\/www.sisinternational.com\/fr\/solutions\/ai-etudes-de-marche-et-conseil-en-strategie\/etude-de-marche-sur-le-traitement-du-langage-naturel-par-ia\/\" title=\"\u00c9tude de march\u00e9 sur l\u2019IA pour le traitement du langage naturel\" data-wpil-monitor-id=\"11075\">Market Research uncovers the decision-making processes<\/a> of IFAs.\u00a0 Research also reveals insights into consumers seeking Financial Advisory services.<\/p>\n\n\n\n<h2 class=\"wp-block-heading\">Notre emplacement \u00e0 New York<\/h2>\n\n\n\n<p>\n\n\n\n<iframe loading=\"lazy\" src=\"https:\/\/www.google.com\/maps\/embed?pb=!1m18!1m12!1m3!1d3022.976188376966!2d-73.99130312499956!3d40.740549471389315!2m3!1f0!2f0!3f0!3m2!1i1024!2i768!4f13.1!3m3!1m2!1s0x89c259a15798c731%3A0xd695d09bdd495f25!2s11%20E%2022nd%20St%20FL%202%2C%20New%20York%2C%20NY%2010010%2C%20USA!5e0!3m2!1sen!2spe!4v1726171763526!5m2!1sen!2spe\" width=\"600\" height=\"450\" allowfullscreen=\"allowfullscreen\" data-mce-fragment=\"1\"><\/iframe>\n\n\n\n<\/p>\n\n\n\n<h3 class=\"wp-block-heading\">11 E 22nd Street, \u00e9tage 2, New York, NY 10010 T\u00e9l. : +1(212) 505-6805<\/h3>\n\n\n\n<hr class=\"wp-block-separator has-alpha-channel-opacity\"\/>\n\n\n\n<h2 class=\"wp-block-heading\"><strong>\u00c0 propos de SIS International<\/strong><\/h2>\n\n\n\n<p><a href=\"https:\/\/www.sisinternational.com\/fr\/\"><span style=\"font-weight: 400;\">SIS International<\/span><\/a><span style=\"font-weight: 400;\"> offers Quantitative, Qualitative, and Strategy Research. We provide data, tools, strategies, reports, and insights for decision-making. We also conduct interviews, surveys, focus groups, and other <a href=\"https:\/\/www.sisinternational.com\/fr\/quantitative-market-research-methods-and-techniques\/\" title=\"Quantitative Market Research Methods and Techniques\" data-wpil-monitor-id=\"11073\">Market Research methods<\/a> and approaches.<\/span><a href=\"https:\/\/www.sisinternational.com\/fr\/a-propos-de-la-recherche-internationale-sis\/contact-sis-international-market-research\/\"><span style=\"font-weight: 400;\"> Contactez nous<\/span><\/a><span style=\"font-weight: 400;\"> pour votre prochain projet d&#039;\u00e9tude de march\u00e9.<\/span><\/p>\n\n\n\n<p><span style=\"font-weight: 400;\">&nbsp;<\/span><\/p>","protected":false},"excerpt":{"rendered":"<p>SIS est une soci\u00e9t\u00e9 leader en \u00e9tudes de march\u00e9. D\u00e9couvrez des opportunit\u00e9s gr\u00e2ce \u00e0 l\u2019\u00e9tude de march\u00e9 des conseillers financiers ind\u00e9pendants.<\/p>","protected":false},"author":1,"featured_media":62823,"parent":27462,"menu_order":16,"comment_status":"closed","ping_status":"closed","template":"","meta":{"footnotes":""},"class_list":["post-30131","page","type-page","status-publish","has-post-thumbnail"],"_links":{"self":[{"href":"https:\/\/www.sisinternational.com\/fr\/wp-json\/wp\/v2\/pages\/30131","targetHints":{"allow":["GET"]}}],"collection":[{"href":"https:\/\/www.sisinternational.com\/fr\/wp-json\/wp\/v2\/pages"}],"about":[{"href":"https:\/\/www.sisinternational.com\/fr\/wp-json\/wp\/v2\/types\/page"}],"author":[{"embeddable":true,"href":"https:\/\/www.sisinternational.com\/fr\/wp-json\/wp\/v2\/users\/1"}],"replies":[{"embeddable":true,"href":"https:\/\/www.sisinternational.com\/fr\/wp-json\/wp\/v2\/comments?post=30131"}],"version-history":[{"count":10,"href":"https:\/\/www.sisinternational.com\/fr\/wp-json\/wp\/v2\/pages\/30131\/revisions"}],"predecessor-version":[{"id":81811,"href":"https:\/\/www.sisinternational.com\/fr\/wp-json\/wp\/v2\/pages\/30131\/revisions\/81811"}],"up":[{"embeddable":true,"href":"https:\/\/www.sisinternational.com\/fr\/wp-json\/wp\/v2\/pages\/27462"}],"wp:featuredmedia":[{"embeddable":true,"href":"https:\/\/www.sisinternational.com\/fr\/wp-json\/wp\/v2\/media\/62823"}],"wp:attachment":[{"href":"https:\/\/www.sisinternational.com\/fr\/wp-json\/wp\/v2\/media?parent=30131"}],"curies":[{"name":"wp","href":"https:\/\/api.w.org\/{rel}","templated":true}]}}