{"id":29698,"date":"2019-01-06T00:50:32","date_gmt":"2019-01-06T00:50:32","guid":{"rendered":"https:\/\/www.sisinternational.com\/?page_id=29698"},"modified":"2025-09-14T00:06:30","modified_gmt":"2025-09-14T04:06:30","slug":"etude-de-marche-sur-les-soins-capillaires","status":"publish","type":"page","link":"https:\/\/www.sisinternational.com\/fr\/solutions\/etude-de-marche-des-produits-de-beaute\/etude-de-marche-sur-les-soins-capillaires\/","title":{"rendered":"\u00c9tude de march\u00e9 sur les soins capillaires"},"content":{"rendered":"<h1 class=\"wp-block-heading\">\u00c9tude de march\u00e9 sur les soins capillaires<\/h1>\n\n\n\n<figure class=\"gb-block-image gb-block-image-388899fa\"><img loading=\"lazy\" decoding=\"async\" width=\"1456\" height=\"816\" class=\"gb-image gb-image-388899fa\" src=\"https:\/\/www.sisinternational.com\/wp-content\/uploads\/2025\/08\/Eyecare-2.jpg\" alt=\"\u00c9tudes de march\u00e9 et strat\u00e9gie internationales SIS\" title=\"Eyecare (2)\" srcset=\"https:\/\/www.sisinternational.com\/wp-content\/uploads\/2025\/08\/Eyecare-2.jpg 1456w, https:\/\/www.sisinternational.com\/wp-content\/uploads\/2025\/08\/Eyecare-2-300x168.jpg 300w, https:\/\/www.sisinternational.com\/wp-content\/uploads\/2025\/08\/Eyecare-2-1024x574.jpg 1024w, https:\/\/www.sisinternational.com\/wp-content\/uploads\/2025\/08\/Eyecare-2-768x430.jpg 768w, https:\/\/www.sisinternational.com\/wp-content\/uploads\/2025\/08\/Eyecare-2-18x10.jpg 18w\" sizes=\"auto, (max-width: 1456px) 100vw, 1456px\"><\/figure>\n\n\n\n<p><\/p>\n\n\n\n<p><span style=\"font-weight: 400;\">Les produits de soins capillaires sont la premi\u00e8re \u00e9tape pour r\u00e9aliser un look ou une coiffure pr\u00e9f\u00e9r\u00e9e. L\u2019un des principaux produits produits par ce secteur est le shampoing. Il existe de nombreux types de shampoings diff\u00e9rents, par exemple clarifiants, volumateurs et lissants. Le revitalisant capillaire est un autre produit de base qui se pr\u00e9sente sous de nombreuses formes. Par exemple, les acheteurs peuvent trouver des revitalisants sans rin\u00e7age, \u00e0 rincer et en profondeur. Les autres produits de soins capillaires comprennent les huiles capillaires, les s\u00e9rums, les pommades et la cire capillaire. Ils comprennent \u00e9galement des mousses, des sprays et des gels.<\/span><\/p>\n\n\n\n<h2 class=\"wp-block-heading\"><span style=\"font-weight: 400;\">Pourquoi le soin des cheveux est important<\/span><\/h2>\n\n\n\n<p><span style=\"font-weight: 400;\">Les cheveux sont l\u2019une des choses auxquelles les gens pr\u00eatent attention lorsqu\u2019ils se rencontrent pour la premi\u00e8re fois. Les cheveux peuvent \u00eatre un indicateur de l\u2019\u00e2ge, du statut social et m\u00eame des habitudes d\u2019hygi\u00e8ne d\u2019une personne. Un bon soin des cheveux est essentiel. Des tresses ou des bobines brillantes et belles laissent toujours une bonne impression. Des soins appropri\u00e9s jouent \u00e9galement un r\u00f4le essentiel pour avoir des cheveux sains. Il \u00e9vite les dommages importants pouvant entra\u00eener la chute des cheveux. Des cheveux robustes et brillants n\u00e9cessitent un r\u00e9gime quotidien.<\/span><\/p>\n\n\n\n<h2 class=\"wp-block-heading\"><span style=\"font-weight: 400;\">Opportunit\u00e9s dans le secteur des soins capillaires<\/span><\/h2>\n\n\n\n<p><span style=\"font-weight: 400;\">Les march\u00e9s \u00e9mergents, tels que le mouvement naissant des cheveux naturels, stimulent la croissance des soins capillaires. Le Br\u00e9sil, la Chine et l\u2019Inde contribuent largement au secteur. De nouveaux march\u00e9s de premi\u00e8re ligne, comme l\u2019Indon\u00e9sie et la Turquie, enregistrent \u00e9galement de solides gains. Ces gains sont le r\u00e9sultat d\u2019une p\u00e9n\u00e9tration plus forte du shampooing. M\u00eame les zones rurales en Inde sont le moteur de la croissance. Ces zones repr\u00e9sentent les deux tiers de la population indienne. Les consommateurs asiatiques s\u2019habituent aux routines de soins capillaires de style occidental. Beaucoup ont commenc\u00e9 \u00e0 remplacer le savon par du shampoing.<\/span><\/p>\n\n\n\n<h2 class=\"wp-block-heading\"><span style=\"font-weight: 400;\">L\u2019essor de l\u2019omnicanal et de la disruption num\u00e9rique<\/span><\/h2>\n\n\n\n<p><span style=\"font-weight: 400;\">Marketers and retailers are implementing omnichannel strategies. These strategies enable a uniform shopping experience for consumers. <a href=\"https:\/\/www.sisinternational.com\/fr\/solutions\/solutions-de-branding-et-de-recherche-client\/quest-ce-que-le-marketing-dinfluence\/\" title=\"Qu\u2019est-ce que le marketing d\u2019influence ? Marketing des m\u00e9dias sociaux?\"  data-wpil-monitor-id=\"9080\">Marketing and retail channels include social media<\/a>, the Internet, direct mail, and surveys. They also include emails and phone calls. Review and rating sites and <a href=\"https:\/\/www.sisinternational.com\/fr\/solutions\/solutions-de-branding-et-de-recherche-client\/etude-de-marche-de-detail\/\" title=\"\u00c9tude de march\u00e9 de d\u00e9tail | \u00c9tude de march\u00e9 en magasin\"  data-wpil-monitor-id=\"9082\">in-store experiences are also marketing and retail<\/a> channels. Haircare industry players have to deliver a consistent brand experience across these channels. In that way, consumers can maintain a favorable view of their brand identity.<\/span><\/p>\n\n\n\n<p><span style=\"font-weight: 400;\">Emerging haircare <a href=\"https:\/\/www.sisinternational.com\/fr\/etude-de-marche-sur-les-parfums-de-luxe\/\" title=\"\u00c9tude de march\u00e9 sur les parfums de luxe\"  data-wpil-monitor-id=\"9072\">brands are using new outlets and marketing<\/a> channels. That is how they capitalize on the changes within the industry. With digital disruption comes the rise in influencer marketing. Online magazine readers can watch videos of stylists creating hairdos using certain products. This advertising technique is far more effective than traditional print. It also works better than TV commercials, since it engages the consumer more.<\/span><\/p>\n\n\n\n<h2 class=\"wp-block-heading\"><span style=\"font-weight: 400;\">Comment la recherche qualitative aide<\/span><\/h2>\n\n\n\n<p><span style=\"font-weight: 400;\">Managers have several <a href=\"https:\/\/www.sisinternational.com\/fr\/tools-and-resources-for-qualitative-market-research\/\" title=\"Tools and Resources for Qualitative Market Research\"  data-wpil-monitor-id=\"9070\">\u00e9tude de march\u00e9 qualitative<\/a> methods at their disposal. They can use <strong>Groupes de discussion<\/strong>, qui leur donne les avis des utilisateurs r\u00e9els du produit. Ils peuvent utiliser des entretiens avec des clients. Ces entretiens engagent les consommateurs et donnent un aper\u00e7u formidable de leurs produits et services. L\u2019ethnographie est un autre outil pr\u00e9cieux. Cette m\u00e9thode offre une orientation strat\u00e9gique \u00e0 plusieurs facettes de la planification d\u2019entreprise.<\/span><\/p>\n\n\n\n<p><a href=\"https:\/\/www.sisinternational.com\/fr\/paque-de-paques-et-linevitable-lapin-en-chocolat\/\" title=\"\u00c9tude de march\u00e9 de P\u00e2ques\"  data-wpil-monitor-id=\"9074\">SIS conducts Qualitative Research<\/a> including Focus Groups, <strong>En personne<\/strong> et <strong>Ethnographie mobile<\/strong>, <strong>Entretiens clients<\/strong>, <strong>Recherche d&#039;acheteurs<\/strong>, et <strong>Communaut\u00e9s Insight en ligne<\/strong>.&nbsp; We interview customers as well as Hair Salon professionals, distributors, store purchasing decision makers, Beauty bloggers, Influencers, and Beauty Industry Executives<\/p>\n\n\n\n<h2 class=\"wp-block-heading\"><span style=\"font-weight: 400;\">Comment la recherche quantitative aide<\/span><\/h2>\n\n\n\n<figure class=\"gb-block-image gb-block-image-fe882623\"><img loading=\"lazy\" decoding=\"async\" width=\"1456\" height=\"816\" class=\"gb-image gb-image-fe882623\" src=\"https:\/\/www.sisinternational.com\/wp-content\/uploads\/2025\/08\/K-beauty-korean-2.jpg\" alt=\"\u00c9tudes de march\u00e9 et strat\u00e9gie internationales SIS\" title=\"K beauty korean (2)\" srcset=\"https:\/\/www.sisinternational.com\/wp-content\/uploads\/2025\/08\/K-beauty-korean-2.jpg 1456w, https:\/\/www.sisinternational.com\/wp-content\/uploads\/2025\/08\/K-beauty-korean-2-300x168.jpg 300w, https:\/\/www.sisinternational.com\/wp-content\/uploads\/2025\/08\/K-beauty-korean-2-1024x574.jpg 1024w, https:\/\/www.sisinternational.com\/wp-content\/uploads\/2025\/08\/K-beauty-korean-2-768x430.jpg 768w, https:\/\/www.sisinternational.com\/wp-content\/uploads\/2025\/08\/K-beauty-korean-2-18x10.jpg 18w\" sizes=\"auto, (max-width: 1456px) 100vw, 1456px\"><\/figure>\n\n\n\n<p><\/p>\n\n\n\n<p><span style=\"font-weight: 400;\">It\u2019s easy to use surveys to <a href=\"https:\/\/www.sisinternational.com\/fr\/top-5-benefits-of-conducting-quantitative-market-research\/\" title=\"Top 5 Benefits of Conducting Quantitative Market Research\"  data-wpil-monitor-id=\"9069\">conduct quantitative market research<\/a> online. This method helps managers in the haircare industry to access demographic information. With demographics, they can find out about almost anything. They can use <strong>Enqu\u00eates<\/strong> pour mesurer ce que les clients aiment de leur marque. Les enqu\u00eates leur indiqueront \u00e9galement de quel type de produit leur march\u00e9 a besoin. <strong>Recherche sur le suivi oculaire<\/strong> peut fournir des donn\u00e9es sur l\u2019emballage, l\u2019image de marque et la messagerie.<\/span><\/p>\n\n\n\n<p>SIS m\u00e8ne <strong>Tests d&#039;utilisation \u00e0 domicile (IHUT)<\/strong> et <strong>Tests de produits<\/strong>.&nbsp; We have a <a href=\"https:\/\/www.sisinternational.com\/fr\/solutions\/groupes-de-discussion\/installations-de-groupe-de-discussion-a-new-york\/\" title=\"Installations des groupes de discussion de la ville de New York\"  data-wpil-monitor-id=\"9076\">Focus Group Facility<\/a> in NYC, and have conducted many studies where consumers pick up products and conduct surveys.<\/p>\n\n\n\n<p>SIS a \u00e9galement men\u00e9 <strong>Entretiens avec des salons de coiffure<\/strong> avec des coiffeurs et des clients \u00e0 New York, en testant un nouveau shampooing et en menant ensuite une enqu\u00eate aupr\u00e8s des clients et des professionnels du salon. Pour ce projet, nous avons d\u00fb recruter des femmes avec diff\u00e9rents types de cheveux et origines ethniques afin de garantir un \u00e9chantillon repr\u00e9sentatif.<\/p>\n\n\n\n<h2 class=\"wp-block-heading\"><span style=\"font-weight: 400;\">L\u2019importance de la recherche strat\u00e9gique<\/span><\/h2>\n\n\n\n<p><span style=\"font-weight: 400;\">La recherche strat\u00e9gique peut vous aider de plusieurs mani\u00e8res. Par exemple, <strong><a href=\"https:\/\/www.sisinternational.com\/fr\/couverture\/etude-de-marche-en-asie\/evaluations-des-opportunites-du-marche-asiatique\/\" title=\"\u00c9valuations des opportunit\u00e9s du march\u00e9 asiatique\"  data-wpil-monitor-id=\"9078\">\u00c9valuations des opportunit\u00e9s de march\u00e9<\/a><\/strong> identify favorable circumstances and risks. Haircare businesses can understand the market before building or expanding an offering.&nbsp; They can also use <strong>Analyse comp\u00e9titive<\/strong>. This analysis helps them determine what makes their products and services unique.&nbsp; They will learn what attributes they should play up to attract their target market.<\/span><\/p>\n\n\n\n<p><span style=\"font-weight: 400;\">Un autre outil est <strong>Dimensionnement du march\u00e9<\/strong>, qui aide les managers \u00e0 estimer le potentiel d\u2019un march\u00e9. Enfin, les managers peuvent utiliser <strong>Suivi de l&#039;industrie<\/strong> et <strong>Analyse de tendance<\/strong>. Trend Analysis identifies the drivers of rising trends, and recommends ways to capitalize on them. It tells companies the direction in which the market is moving. Trend analysis goes deeper than just identifying where the market is moving. It shows managers whether the market is trending up or down, or what it means for your business. This information is vital for strategic and marketing decision-making.<\/span><\/p>\n\n\n\n<p><\/p>","protected":false},"excerpt":{"rendered":"<p>Nous fournissons des tests de produits de soins capillaires, des informations qualitatives, des donn\u00e9es quantitatives et des recherches strat\u00e9giques sur les produits capillaires.<\/p>","protected":false},"author":1,"featured_media":64498,"parent":27176,"menu_order":5,"comment_status":"closed","ping_status":"closed","template":"","meta":{"footnotes":""},"class_list":["post-29698","page","type-page","status-publish","has-post-thumbnail"],"_links":{"self":[{"href":"https:\/\/www.sisinternational.com\/fr\/wp-json\/wp\/v2\/pages\/29698","targetHints":{"allow":["GET"]}}],"collection":[{"href":"https:\/\/www.sisinternational.com\/fr\/wp-json\/wp\/v2\/pages"}],"about":[{"href":"https:\/\/www.sisinternational.com\/fr\/wp-json\/wp\/v2\/types\/page"}],"author":[{"embeddable":true,"href":"https:\/\/www.sisinternational.com\/fr\/wp-json\/wp\/v2\/users\/1"}],"replies":[{"embeddable":true,"href":"https:\/\/www.sisinternational.com\/fr\/wp-json\/wp\/v2\/comments?post=29698"}],"version-history":[{"count":5,"href":"https:\/\/www.sisinternational.com\/fr\/wp-json\/wp\/v2\/pages\/29698\/revisions"}],"predecessor-version":[{"id":81519,"href":"https:\/\/www.sisinternational.com\/fr\/wp-json\/wp\/v2\/pages\/29698\/revisions\/81519"}],"up":[{"embeddable":true,"href":"https:\/\/www.sisinternational.com\/fr\/wp-json\/wp\/v2\/pages\/27176"}],"wp:featuredmedia":[{"embeddable":true,"href":"https:\/\/www.sisinternational.com\/fr\/wp-json\/wp\/v2\/media\/64498"}],"wp:attachment":[{"href":"https:\/\/www.sisinternational.com\/fr\/wp-json\/wp\/v2\/media?parent=29698"}],"curies":[{"name":"wp","href":"https:\/\/api.w.org\/{rel}","templated":true}]}}