{"id":29689,"date":"2019-01-06T00:10:18","date_gmt":"2019-01-06T00:10:18","guid":{"rendered":"https:\/\/www.sisinternational.com\/?page_id=29689"},"modified":"2026-01-25T17:09:36","modified_gmt":"2026-01-25T22:09:36","slug":"etude-de-marche-sur-la-manutention-des-materiaux","status":"publish","type":"page","link":"https:\/\/www.sisinternational.com\/fr\/competence\/etude-de-marche-sur-la-manutention-des-materiaux\/","title":{"rendered":"\u00c9tude de march\u00e9 sur la manutention des mat\u00e9riaux"},"content":{"rendered":"<h1 class=\"wp-block-heading\">\u00c9tude de march\u00e9 sur la manutention des mat\u00e9riaux<\/h1>\n\n\n\n<figure class=\"gb-block-image gb-block-image-6abdb51f\"><img loading=\"lazy\" decoding=\"async\" width=\"1456\" height=\"816\" class=\"gb-image gb-image-6abdb51f\" src=\"https:\/\/www.sisinternational.com\/wp-content\/uploads\/2025\/08\/machine-tools-2.jpg\" alt=\"\u00c9tudes de march\u00e9 et strat\u00e9gie internationales SIS\" title=\"machine tools (2)\" srcset=\"https:\/\/www.sisinternational.com\/wp-content\/uploads\/2025\/08\/machine-tools-2.jpg 1456w, https:\/\/www.sisinternational.com\/wp-content\/uploads\/2025\/08\/machine-tools-2-300x168.jpg 300w, https:\/\/www.sisinternational.com\/wp-content\/uploads\/2025\/08\/machine-tools-2-1024x574.jpg 1024w, https:\/\/www.sisinternational.com\/wp-content\/uploads\/2025\/08\/machine-tools-2-768x430.jpg 768w, https:\/\/www.sisinternational.com\/wp-content\/uploads\/2025\/08\/machine-tools-2-18x10.jpg 18w\" sizes=\"auto, (max-width: 1456px) 100vw, 1456px\"><\/figure>\n\n\n\n<p><\/p>\n\n\n\n<h2 class=\"wp-block-heading\">Qu\u2019est-ce que la manutention des mat\u00e9riaux ?<\/h2>\n\n\n\n<p>La manutention concerne le mouvement des mati\u00e8res premi\u00e8res et des produits finis. Il s&#039;occupe \u00e9galement du stockage, de la protection et du contr\u00f4le de ces objets. La manutention des mat\u00e9riaux commence d\u00e8s la phase de fabrication. Il passe ensuite par les phases d\u2019entreposage, de distribution et de consommation, pour finir par son \u00e9limination.<\/p>\n\n\n\n<p>Les entreprises mettent en place des processus et des syst\u00e8mes de manutention pour r\u00e9duire les stocks. Ces processus am\u00e9liorent \u00e9galement le service client et raccourcissent les d\u00e9lais de livraison. La manutention des mat\u00e9riaux r\u00e9duit \u00e9galement les co\u00fbts de manutention dans la fabrication, la distribution et le transport. Les d\u00e9cideurs en mati\u00e8re de manutention comprennent le personnel d&#039;exploitation, les directeurs et les responsables des achats.<\/p>\n\n\n\n<h2 class=\"wp-block-heading\">Pourquoi la manutention des mat\u00e9riaux est-elle importante ?<\/h2>\n\n\n\n<p>Material handling is important because it impacts customer service. When it&#8217;s easy for employees to locate products, they can deliver them to consumers faster. Good material handling procedures also prevent product loss or damage. A well-organized warehouse with modern material handling tools will have fewer misplaced items. <a href=\"https:\/\/www.sisinternational.com\/fr\/etude-de-marche-sur-la-fabrication-intelligente\/\" title=\"\u00c9tude de march\u00e9 sur la fabrication intelligente\"  data-wpil-monitor-id=\"11065\">Smart storage solutions<\/a> also create a safe place for employees to operate.<\/p>\n\n\n\n<p>Les analystes s\u2019attendent \u00e0 une croissance du secteur de la manutention au cours des prochaines ann\u00e9es. L\u2019un des moteurs de cette croissance est la p\u00e9n\u00e9tration croissante de technologies sophistiqu\u00e9es. Des outils tels que l&#039;IoT, la RFID et l&#039;identification automatique et la capture de donn\u00e9es deviennent populaires. Ces outils am\u00e9liorent l\u2019ex\u00e9cution des commandes. Ils contribuent \u00e9galement \u00e0 am\u00e9liorer la productivit\u00e9 tout au long de la cha\u00eene d\u2019approvisionnement. Un autre facteur d\u00e9terminant est l\u2019augmentation des capacit\u00e9s d\u2019automatisation dans le secteur de la fabrication.<\/p>\n\n\n\n<h2 class=\"wp-block-heading\">\u00c9tude de march\u00e9 qualitative<\/h2>\n\n\n\n<p><a href=\"https:\/\/www.sisinternational.com\/fr\/societe-de-recherche-qualitative-de-premier-plan-a-lechelle-mondiale\/\" title=\"Entreprise de recherche qualitative de premier plan \u00e0 l&#039;\u00e9chelle mondiale\"  data-wpil-monitor-id=\"11066\">Companies need to do qualitative research<\/a>. This type of research allows them to get inside their customers\u2019 minds. Qualitative research is about finding out not only what people think, but why they think it. <a href=\"https:\/\/www.sisinternational.com\/fr\/societe-de-premier-plan-au-niveau-mondial\/\" title=\"Entreprise de premier plan au niveau mondial\"  data-wpil-monitor-id=\"11067\">Companies can use focus group<\/a> discussions and face-to-face interviews to get in-depth feedback. Qualitative market research is valuable for businesses that are developing new marketing initiatives. It also works well for those developing new products. This type of research allows companies to check reactions and hone their tactics.<\/p>\n\n\n\n<p><a href=\"https:\/\/www.sisinternational.com\/fr\/contacter-sis-etude-de-marche-internationale\/\" title=\"Contactez-nous\"  data-wpil-monitor-id=\"11064\">Recherche internationale SIS<\/a> conducts focus groups and interviews with decision makers. Focus groups help us to find out what is working in the material handling industry and how companies can improve. This type of market research identifies how consumers feel about a particular product. Interviews provide helpful perspectives, which can be beneficial for innovation.<\/p>\n\n\n\n<h2 class=\"wp-block-heading\">\u00c9tude de march\u00e9 quantitative<\/h2>\n\n\n\n<p>We conduct surveys with decision makers in material handling. Surveys measure <a href=\"https:\/\/www.sisinternational.com\/fr\/publications\/comportement-de-lacheteur-apres-le-nouveau-consommateur-du-coronavirus\/\" title=\"Comportement des acheteurs apr\u00e8s le coronavirus \u2013 \u00c9tude de march\u00e9 de consommation\"  data-wpil-monitor-id=\"11071\">market phenomena such as competitor and consumer<\/a> behavior. We ask people their views in an organized manner so that companies have data to guide them. <a href=\"https:\/\/www.sisinternational.com\/fr\/societe-mondiale-de-recherche-quantitative-de-marche-de-premier-plan\/\" title=\"Soci\u00e9t\u00e9 mondiale de recherche quantitative sur le march\u00e9 de premier plan\"  data-wpil-monitor-id=\"11068\">Quantitative research can help small companies<\/a> to develop their products and services. This type of research empowers them to make educated choices based on hard facts.<\/p>\n\n\n\n<p>Les entreprises op\u00e9rant sur de grands march\u00e9s ne peuvent pas s\u2019appuyer sur des approches intuitives pour prendre des d\u00e9cisions. Les \u00e9tudes de march\u00e9 quantitatives reconnaissent diff\u00e9rents groupes de clients. Les entreprises peuvent s\u2019adresser \u00e0 chaque groupe individuellement au lieu de les traiter tous de la m\u00eame mani\u00e8re. Les \u00e9tudes de march\u00e9 \u00e9valuent \u00e9galement les nouveaux produits et concepts. Il le fait pour garantir que les entreprises puissent lancer des produits avec succ\u00e8s et r\u00e9pondre aux besoins des gens.<\/p>\n\n\n\n<h2 class=\"wp-block-heading\">Recherche sur les strat\u00e9gies de manutention des mat\u00e9riaux<\/h2>\n\n\n\n<p>Companies that want to enter new markets must understand the scale of opportunities. This is also true for companies that want to increase their share in existing markets. We conduct <a href=\"https:\/\/www.sisinternational.com\/fr\/competence\/les-industries\/etude-de-marche-sur-les-materiaux-de-construction-ecologiques\/\" title=\"\u00c9tude de march\u00e9 sur les mat\u00e9riaux de construction \u00e9cologiques\"  data-wpil-monitor-id=\"3347\">recherche d&#039;opportunit\u00e9s de march\u00e9<\/a>. We do concept testing, which allows marketers to <a href=\"https:\/\/www.sisinternational.com\/fr\/product-testing-that-turns-ideas-into-market-ready-success\/\" title=\"Product Testing That Turns Ideas into Market-Ready Success\"  data-wpil-monitor-id=\"11069\">test their best product ideas<\/a>. We also do <a href=\"https:\/\/www.sisinternational.com\/fr\/couverture\/les-ameriques\/etude-de-marche-canadienne\/etude-de-marche-nouveau-brunswick-canada\/\" title=\"\u00c9tude de march\u00e9 au Nouveau-Brunswick, Canada\"  data-wpil-monitor-id=\"4026\">market sizing research<\/a>. This research measures the <a href=\"https:\/\/www.sisinternational.com\/fr\/competence\/les-industries\/etude-de-marche-sur-les-points-de-vente-2\/\" title=\"\u00c9tude de march\u00e9 sur les points de vente\"  data-wpil-monitor-id=\"11072\">sales and profit potential of new markets<\/a> and innovations.<\/p>\n\n\n\n<p>Nous effectuons \u00e9galement des analyses concurrentielles. Ce type d&#039;analyse est un \u00e9nonc\u00e9 de la strat\u00e9gie commerciale et de son rapport avec la concurrence. Nous effectuons \u00e9galement l\u2019identification des tendances et le suivi de l\u2019industrie. Nous utilisons ces outils pour comparer les donn\u00e9es de l&#039;industrie sur une p\u00e9riode donn\u00e9e. Ce type d\u2019\u00e9tude de march\u00e9 reconna\u00eet toute tendance ou r\u00e9sultat coh\u00e9rent. Les entreprises peuvent utiliser ces donn\u00e9es pour cartographier leur strat\u00e9gie commerciale. Ils peuvent alors aligner leur strat\u00e9gie sur la direction g\u00e9n\u00e9rale dans laquelle \u00e9volue l\u2019industrie.<\/p>\n\n\n\n<p><\/p>","protected":false},"excerpt":{"rendered":"<p>Le secteur de la manutention se d\u00e9veloppe gr\u00e2ce aux technologies avanc\u00e9es telles que l&#039;IoT, la RFID, l&#039;identification automatique et la capture de donn\u00e9es.<\/p>","protected":false},"author":1,"featured_media":64819,"parent":14514,"menu_order":40,"comment_status":"closed","ping_status":"closed","template":"","meta":{"footnotes":""},"class_list":["post-29689","page","type-page","status-publish","has-post-thumbnail"],"_links":{"self":[{"href":"https:\/\/www.sisinternational.com\/fr\/wp-json\/wp\/v2\/pages\/29689","targetHints":{"allow":["GET"]}}],"collection":[{"href":"https:\/\/www.sisinternational.com\/fr\/wp-json\/wp\/v2\/pages"}],"about":[{"href":"https:\/\/www.sisinternational.com\/fr\/wp-json\/wp\/v2\/types\/page"}],"author":[{"embeddable":true,"href":"https:\/\/www.sisinternational.com\/fr\/wp-json\/wp\/v2\/users\/1"}],"replies":[{"embeddable":true,"href":"https:\/\/www.sisinternational.com\/fr\/wp-json\/wp\/v2\/comments?post=29689"}],"version-history":[{"count":6,"href":"https:\/\/www.sisinternational.com\/fr\/wp-json\/wp\/v2\/pages\/29689\/revisions"}],"predecessor-version":[{"id":81810,"href":"https:\/\/www.sisinternational.com\/fr\/wp-json\/wp\/v2\/pages\/29689\/revisions\/81810"}],"up":[{"embeddable":true,"href":"https:\/\/www.sisinternational.com\/fr\/wp-json\/wp\/v2\/pages\/14514"}],"wp:featuredmedia":[{"embeddable":true,"href":"https:\/\/www.sisinternational.com\/fr\/wp-json\/wp\/v2\/media\/64819"}],"wp:attachment":[{"href":"https:\/\/www.sisinternational.com\/fr\/wp-json\/wp\/v2\/media?parent=29689"}],"curies":[{"name":"wp","href":"https:\/\/api.w.org\/{rel}","templated":true}]}}