{"id":29366,"date":"2018-12-24T21:50:23","date_gmt":"2018-12-24T21:50:23","guid":{"rendered":"https:\/\/www.sisinternational.com\/?page_id=29366"},"modified":"2026-03-24T18:21:42","modified_gmt":"2026-03-24T22:21:42","slug":"etude-de-marche-sur-le-streaming-video-et-musical","status":"publish","type":"page","link":"https:\/\/www.sisinternational.com\/fr\/competence\/etude-de-marche-sur-le-streaming-video-et-musical\/","title":{"rendered":"\u00c9tude de march\u00e9 sur le streaming vid\u00e9o et musical"},"content":{"rendered":"<h1 class=\"wp-block-heading\"><span style=\"font-weight: 400;\">\u00c9tude de march\u00e9 sur le streaming vid\u00e9o et musical<\/span><\/h1>\n\n\n\n<p><\/p>\n\n\n\n<figure class=\"gb-block-image gb-block-image-5780a4d0\"><img loading=\"lazy\" decoding=\"async\" width=\"1456\" height=\"816\" class=\"gb-image gb-image-5780a4d0\" src=\"https:\/\/www.sisinternational.com\/wp-content\/uploads\/2025\/08\/Video-and-Music-Streaming-5.jpg\" alt=\"\u00c9tudes de march\u00e9 et strat\u00e9gie internationales SIS\" title=\"Video and Music Streaming (5)\" srcset=\"https:\/\/www.sisinternational.com\/wp-content\/uploads\/2025\/08\/Video-and-Music-Streaming-5.jpg 1456w, https:\/\/www.sisinternational.com\/wp-content\/uploads\/2025\/08\/Video-and-Music-Streaming-5-300x168.jpg 300w, https:\/\/www.sisinternational.com\/wp-content\/uploads\/2025\/08\/Video-and-Music-Streaming-5-1024x574.jpg 1024w, https:\/\/www.sisinternational.com\/wp-content\/uploads\/2025\/08\/Video-and-Music-Streaming-5-768x430.jpg 768w, https:\/\/www.sisinternational.com\/wp-content\/uploads\/2025\/08\/Video-and-Music-Streaming-5-18x10.jpg 18w\" sizes=\"auto, (max-width: 1456px) 100vw, 1456px\"><\/figure>\n\n\n\n<p><\/p>\n\n\n\n<h2 class=\"wp-block-heading\"><span style=\"font-weight: 400;\">Le streaming vid\u00e9o est une s\u00e9quence vid\u00e9o compress\u00e9e pr\u00e9sent\u00e9e sur Internet pour \u00eatre visualis\u00e9e en temps r\u00e9el. <\/span><\/h2>\n\n\n\n<p><span style=\"font-weight: 400;\">Les utilisateurs n&#039;ont pas besoin de t\u00e9l\u00e9charger du contenu diffus\u00e9 pour le voir. Au lieu de cela, le fournisseur de contenu envoie un flux continu de donn\u00e9es. Le t\u00e9l\u00e9spectateur peut regarder le flux imm\u00e9diatement.<\/span><\/p>\n\n\n\n<p><span style=\"font-weight: 400;\">Music Streaming pr\u00e9sente l&#039;audio, le son et la musique sur Internet. Les utilisateurs n&#039;ont pas besoin de t\u00e9l\u00e9charger de fichiers pour \u00e9couter ce contenu. L&#039;utilisateur n&#039;a pas besoin de sauvegarder une copie de la musique sur son disque dur. La plupart des utilisateurs peuvent acc\u00e9der \u00e0 ces services sur un site Internet, un abonnement ou une application. Ces applications permettent aux clients de profiter du contenu diffus\u00e9 en streaming depuis leurs smartphones ou tablettes lors de leurs d\u00e9placements.<\/span><\/p>\n\n\n\n<h2 class=\"wp-block-heading\"><span style=\"font-weight: 400;\">Nouvelles opportunit\u00e9s dans le streaming en ligne<\/span><\/h2>\n\n\n\n<p><span style=\"font-weight: 400;\">Industry analysts have written a lot about the rise in online streaming services. One point of contention is their possible effects on traditional TV and radio. Researchers are finding two distinct groups of content streamers. The first group <a href=\"https:\/\/www.sisinternational.com\/fr\/etude-du-marche-de-la-diffusion-musicale-en-continu\/\" title=\"\u00c9tude de march\u00e9 sur l&#039;\u00e9coute de musique en continu\"  data-wpil-monitor-id=\"2556\">streams movies and music<\/a> to supplement what\u2019s on cable or the radio. The second group has canceled their cable subscription (cord cutters). Alternatively, they may have never had a subscription (cord nevers). Online streaming is growing, and it\u2019s changing the way people view and listen to content.<\/span><\/p>\n\n\n\n<p><span style=\"font-weight: 400;\">Certains fournisseurs de contenu, tels que Netflix et iTunes, se sont d\u00e9j\u00e0 mondialis\u00e9s. Les t\u00e9l\u00e9spectateurs de Netflix paient une petite redevance mensuelle pour un acc\u00e8s illimit\u00e9 \u00e0 leur biblioth\u00e8que d&#039;\u00e9missions de t\u00e9l\u00e9vision et de films. Netflix est disponible dans 190 pays \u00e0 travers le monde. iTunes est \u00e9galement disponible dans la plupart des pays \u00e0 peu pr\u00e8s au m\u00eame prix que Netflix. Comme Netflix, le service offre aux utilisateurs un acc\u00e8s illimit\u00e9 \u00e0 la biblioth\u00e8que musicale iTunes.<\/span><\/p>\n\n\n\n<p><span style=\"font-weight: 400;\">Le streaming de contenu offre une opportunit\u00e9 extraordinaire pour la t\u00e9l\u00e9vision et la radio en direct. Ces formes traditionnelles de m\u00e9dias doivent d\u00e9sormais passer aux appareils connect\u00e9s. Les t\u00e9l\u00e9spectateurs peuvent d\u00e9sormais se rendre sur YouTube ou Facebook pour regarder leurs programmes t\u00e9l\u00e9vis\u00e9s pr\u00e9f\u00e9r\u00e9s. De m\u00eame, les stations de radio exhortent d\u00e9sormais leurs auditeurs \u00e0 t\u00e9l\u00e9charger des applications gratuites. Les auditeurs peuvent utiliser ces applications pour diffuser du contenu sur leurs appareils mobiles. C&#039;est aussi une opportunit\u00e9 pour les t\u00e9l\u00e9spectateurs et les auditeurs, qui peuvent d\u00e9sormais exiger des types de contenus nouveaux et diversifi\u00e9s.<\/span><\/p>\n\n\n\n<p><span style=\"font-weight: 400;\">Established content providers are not the only ones producing videos as audio recordings. Houses of worship are already live-streaming their services on social media. Analysts expect this trend to continue. Another trend is brands using live <a href=\"https:\/\/www.sisinternational.com\/fr\/la-publicite-televisee-et-imprimee-cede-la-place-aux-videos-virales-et-aux-medias-sociaux-emergents\/\" title=\"\u00c9tude de march\u00e9 sur la vid\u00e9o virale\"  data-wpil-monitor-id=\"1805\">video as an essential marketing<\/a> tool. The third trend is companies using live video in business relations. These videos help reinforce their corporate culture and build stable relationships among employees.<\/span><\/p>\n\n\n\n<h2 class=\"wp-block-heading\"><span style=\"font-weight: 400;\">Les d\u00e9fis du streaming de films et de musique&nbsp;&nbsp;<\/span><\/h2>\n\n\n\n<p><span style=\"font-weight: 400;\">Les perturbateurs num\u00e9riques comme Netflix et iTunes sont confront\u00e9s \u00e0 une pression croissante. Le terrain de jeu devient de plus en plus encombr\u00e9. Les fournisseurs de t\u00e9l\u00e9vision par c\u00e2ble proposent \u00e9galement des forfaits plus petits avec moins de cha\u00eenes. Ces offres group\u00e9es \u00ab maigres \u00bb sont moins ch\u00e8res que les offres r\u00e9guli\u00e8res. Les consommateurs se retrouveront avec une surabondance d\u2019options, ce qui peut s\u2019av\u00e9rer fastidieux. Cela peut \u00e9galement inciter les consommateurs \u00e0 revenir \u00e0 la t\u00e9l\u00e9vision payante, qui propose un assortiment de contenus dans un seul endroit convivial et pratique.<\/span><\/p>\n\n\n\n<h2 class=\"wp-block-heading\"><span style=\"font-weight: 400;\">\u00c9tude de march\u00e9 sur le streaming en ligne<\/span><\/h2>\n\n\n\n<p><span style=\"font-weight: 400;\"><a href=\"https:\/\/www.sisinternational.com\/fr\/competence\/etudes-de-marche-sur-les-licences-de-films-musicaux-et-de-medias\/\" title=\"\u00c9tude de march\u00e9 sur les licences pour les films musicaux et les m\u00e9dias\"  data-wpil-monitor-id=\"11420\">Movie and music<\/a> streaming will continue to grow and change. The two will also merge, as is evident with Spotify. The music content provider partnered with Hulu to offer TV and movies along with its music. Focus groups can test opportunities such as these before they reach the end consumer. Usability and Product Testing can strengthen brands\u2019 offerings so consumers can have a better user experience.<\/span><\/p>\n\n\n\n<p><strong>SIS Market Research provides Qualitative, Quantitative, and Strategy Research to Online Streaming providers.<\/strong>\u00a0 Nos solutions incluent :<\/p>\n\n\n\n<ul class=\"wp-block-list\">\n<li><b>Tests d&#039;utilisation:&nbsp;<\/b><span style=\"font-weight: 400;\">Les fournisseurs de streaming peuvent avoir un aper\u00e7u de l\u2019utilisabilit\u00e9 et de la convivialit\u00e9 des plateformes de streaming en ligne.<\/span><\/li>\n\n\n\n<li><b>La connaissance des consommateurs:<\/b><span style=\"font-weight: 400;\">\u00a0Focus Groups can give valuable insight into content and programming. We can also test new programming and TV show concepts.<\/span><\/li>\n\n\n\n<li><b>Analyse comp\u00e9titive:<\/b><span style=\"font-weight: 400;\">\u00a0Streaming providers can use Focus Groups to test their competitors\u2019 strategies. These insights will enable them to come up with counter-strategies.<\/span><\/li>\n\n\n\n<li><b>Aper\u00e7u des opportunit\u00e9s de march\u00e9\u00a0:&nbsp;<\/b><span style=\"font-weight: 400;\">Les groupes de discussion peuvent aider les prestataires \u00e0 d\u00e9couvrir des domaines d&#039;opportunit\u00e9. Market Opportunity examine les domaines potentiels d\u2019espace de march\u00e9 incontest\u00e9. Cette d\u00e9couverte les aidera \u00e0 nouer de nouveaux partenariats et de nouvelles opportunit\u00e9s de contenu.<\/span><\/li>\n\n\n\n<li><strong>D\u00e9veloppement de la communaut\u00e9 en ligne\u00a0:<\/strong> SIS can build an active Online Insight Community where engaged customers can give feedback on new concepts and test products.<\/li>\n<\/ul>\n\n\n\n<h2 class=\"wp-block-heading\"><a href=\"https:\/\/www.sisinternational.com\/fr\/about-sis\/contact-sis-international-market-research\/\">Contactez-nous pour votre prochain projet d\u2019\u00e9tude de march\u00e9 sur le streaming.<\/a><\/h2>\n\n\n\n<p><\/p>","protected":false},"excerpt":{"rendered":"<p>D\u00e9couvrez comment notre recherche et notre strat\u00e9gie cr\u00e9ent un avantage pour les soci\u00e9t\u00e9s de streaming.<\/p>","protected":false},"author":1,"featured_media":63640,"parent":14514,"menu_order":39,"comment_status":"closed","ping_status":"closed","template":"","meta":{"footnotes":""},"class_list":["post-29366","page","type-page","status-publish","has-post-thumbnail"],"_links":{"self":[{"href":"https:\/\/www.sisinternational.com\/fr\/wp-json\/wp\/v2\/pages\/29366","targetHints":{"allow":["GET"]}}],"collection":[{"href":"https:\/\/www.sisinternational.com\/fr\/wp-json\/wp\/v2\/pages"}],"about":[{"href":"https:\/\/www.sisinternational.com\/fr\/wp-json\/wp\/v2\/types\/page"}],"author":[{"embeddable":true,"href":"https:\/\/www.sisinternational.com\/fr\/wp-json\/wp\/v2\/users\/1"}],"replies":[{"embeddable":true,"href":"https:\/\/www.sisinternational.com\/fr\/wp-json\/wp\/v2\/comments?post=29366"}],"version-history":[{"count":6,"href":"https:\/\/www.sisinternational.com\/fr\/wp-json\/wp\/v2\/pages\/29366\/revisions"}],"predecessor-version":[{"id":85007,"href":"https:\/\/www.sisinternational.com\/fr\/wp-json\/wp\/v2\/pages\/29366\/revisions\/85007"}],"up":[{"embeddable":true,"href":"https:\/\/www.sisinternational.com\/fr\/wp-json\/wp\/v2\/pages\/14514"}],"wp:featuredmedia":[{"embeddable":true,"href":"https:\/\/www.sisinternational.com\/fr\/wp-json\/wp\/v2\/media\/63640"}],"wp:attachment":[{"href":"https:\/\/www.sisinternational.com\/fr\/wp-json\/wp\/v2\/media?parent=29366"}],"curies":[{"name":"wp","href":"https:\/\/api.w.org\/{rel}","templated":true}]}}