{"id":29354,"date":"2018-12-24T20:48:22","date_gmt":"2018-12-24T20:48:22","guid":{"rendered":"https:\/\/www.sisinternational.com\/?page_id=29354"},"modified":"2026-01-25T17:09:37","modified_gmt":"2026-01-25T22:09:37","slug":"etude-de-marche-au-texas","status":"publish","type":"page","link":"https:\/\/www.sisinternational.com\/fr\/couverture\/north-america\/couverture-des-etats-unis\/etude-de-marche-au-texas\/","title":{"rendered":"\u00c9tude de march\u00e9 au Texas"},"content":{"rendered":"<h1 class=\"wp-block-heading\">\u00c9tude de march\u00e9 au Texas<\/h1>\n\n\n\n<figure class=\"gb-block-image gb-block-image-200e2e07\"><img loading=\"lazy\" decoding=\"async\" width=\"1456\" height=\"816\" class=\"gb-image gb-image-200e2e07\" src=\"https:\/\/www.sisinternational.com\/wp-content\/uploads\/2025\/09\/Austin-Texas-4-3.jpg\" alt=\"\u00c9tudes de march\u00e9 et strat\u00e9gie internationales SIS\" title=\"Austin Texas 4 (3)\" srcset=\"https:\/\/www.sisinternational.com\/wp-content\/uploads\/2025\/09\/Austin-Texas-4-3.jpg 1456w, https:\/\/www.sisinternational.com\/wp-content\/uploads\/2025\/09\/Austin-Texas-4-3-300x168.jpg 300w, https:\/\/www.sisinternational.com\/wp-content\/uploads\/2025\/09\/Austin-Texas-4-3-1024x574.jpg 1024w, https:\/\/www.sisinternational.com\/wp-content\/uploads\/2025\/09\/Austin-Texas-4-3-768x430.jpg 768w, https:\/\/www.sisinternational.com\/wp-content\/uploads\/2025\/09\/Austin-Texas-4-3-18x10.jpg 18w\" sizes=\"auto, (max-width: 1456px) 100vw, 1456px\"><\/figure>\n\n\n\n<p><\/p>\n\n\n\n<h2 class=\"wp-block-heading\"><span style=\"font-weight: 400;\">L&#039;importance de l&#039;\u00e9conomie du Texas<\/span><\/h2>\n\n\n\n<p><span style=\"font-weight: 400;\">L\u2019\u00e9conomie moderne du Texas est dynamique, diversifi\u00e9e et massive. Si l\u2019\u00c9tat \u00e9tait un pays ind\u00e9pendant, il aurait la dixi\u00e8me \u00e9conomie mondiale. Il deviendrait devant la R\u00e9publique de Cor\u00e9e, le Br\u00e9sil et l&#039;Inde, et juste derri\u00e8re le Canada et l&#039;Espagne. <\/span><\/p>\n\n\n\n<p><span style=\"font-weight: 400;\">Les villes du Texas ressemblaient autrefois \u00e0 celles repr\u00e9sent\u00e9es dans les vieux westerns. Puis vint la d\u00e9couverte de grandes quantit\u00e9s de p\u00e9trole. Cette d\u00e9couverte a d\u00e9clench\u00e9 la premi\u00e8re d\u2019une s\u00e9rie de transformations dramatiques. S\u2019ensuit le d\u00e9veloppement des chemins de fer, puis l\u2019essor de l\u2019industrie cotonni\u00e8re. Ces changements ont fait du Lone Star State la puissance \u00e9conomique qu\u2019il est aujourd\u2019hui.<\/span><\/p>\n\n\n\n<p>Interestingly, Texas is promoting itself as a <a href=\"https:\/\/www.sisinternational.com\/fr\/solutions\/conseil-en-tourisme-de-voyage-et-en-hotellerie\/conseil-en-tourisme-culturel\/\" title=\"Conseil en tourisme culturel\"  data-wpil-monitor-id=\"9389\">Tourism destination and exporting its culture<\/a>.&nbsp; Now in other global cities, Texas steakhouses and Barbecue restaurants can be found.&nbsp; Austin has positioned itself as a cool, hip city for millennials.<\/p>\n\n\n\n<p><span style=\"font-weight: 400;\">Texas is increasing its importance in the US national economy. The state has mineral wealth and other resources. &nbsp;It has a large technology industry, and its service economy is growing. The state\u2019s location is also important. It is situated on the southern coast of the US and borders several Mexican states.<\/span><\/p>\n\n\n\n<h2 class=\"wp-block-heading\"><span style=\"font-weight: 400;\">Grandes villes et centres \u00e9conomiques<\/span><\/h2>\n\n\n\n<p><span style=\"font-weight: 400;\">The largest city in Texas is Houston, with a population of approximately 2.3 million. San Antonio is the second largest city with a population of 1.5 million. The third largest is Dallas, with a population of 1.3 million. Texas\u2019 capital city, Austin, has approximately 950,000 citizens. It is the state\u2019s fourth-largest city. The fifth largest is Fort Worth, with a population of 854,000.<\/span><\/p>\n\n\n\n<h2 class=\"wp-block-heading\"><span style=\"font-weight: 400;\">5 plus grandes industries<\/span><\/h2>\n\n\n\n<ul class=\"wp-block-list\">\n<li><b><a href=\"https:\/\/www.sisinternational.com\/fr\/competence\/les-industries\/etude-de-marche-sur-le-gaz-de-petrole-liquefie\/\" title=\"\u00c9tude de march\u00e9 sur le gaz de p\u00e9trole liqu\u00e9fi\u00e9\"  data-wpil-monitor-id=\"9386\">P\u00e9trole et gaz naturel.<\/a> <\/b>Les travailleurs de ce domaine extraient le gaz et le p\u00e9trole utilis\u00e9s pour alimenter les v\u00e9hicules. Les r\u00e9sidents et les entreprises l\u2019utilisent \u00e9galement pour chauffer les maisons et fabriquer des produits.<\/span><\/li>\n\n\n\n<li><b>Agriculture.<\/b><span style=\"font-weight: 400;\"> Les deux principaux produits agricoles du Texas sont le coton et le b\u00e9tail.<\/span><\/li>\n\n\n\n<li><b>Acier.<\/b><span style=\"font-weight: 400;\"> Les fabricants produisent ce m\u00e9tal pour diverses utilisations. Il s\u2019agit notamment de la construction de ponts, de la fabrication de v\u00e9hicules, de la fabrication de pipelines, du renforcement des b\u00e2timents et de la production d\u2019appareils \u00e9lectrom\u00e9nagers.<\/span><\/li>\n\n\n\n<li><b>Bancaire.<\/b><span style=\"font-weight: 400;\"> Le Texas abrite plusieurs banques commerciales. Il compte \u00e9galement de nombreuses coop\u00e9ratives de cr\u00e9dit et associations d\u2019\u00e9pargne et de cr\u00e9dit.<\/span><\/li>\n\n\n\n<li><b>Tourisme.<\/b><span style=\"font-weight: 400;\"> En raison de sa beaut\u00e9 naturelle et de sa c\u00e9l\u00e8bre histoire, le Texas conna\u00eet une \u00e9conomie touristique en plein essor.<\/span><\/li>\n<\/ul>\n\n\n\n<h2 class=\"wp-block-heading\"><span style=\"font-weight: 400;\">Influence mondiale<\/span><\/h2>\n\n\n\n<p><span style=\"font-weight: 400;\">Texas is a world dominator in the energy industry. Many sources cite Houston as the \u201cenergy capital of the world.\u201d The state also dominates the field of healthcare. The Texas Medical Centre, located in the southwest, is the largest in the world. It is home to the University of Texas Health Science Center. This center trains medical students and residents. It also includes the University of Texas M.D. Anderson Cancer Center. This Center is a <a href=\"https:\/\/www.sisinternational.com\/fr\/transporteurs-low-cost-dans-lindustrie-aeronautique\/\" title=\"\u00c9tude de march\u00e9 sur les compagnies a\u00e9riennes \u00e0 bas prix\"  data-wpil-monitor-id=\"9378\">global leader in cancer treatment and research<\/a>.<\/span><\/p>\n\n\n\n<h2 class=\"wp-block-heading\"><span style=\"font-weight: 400;\">Avantages d\u2019investir au Texas<\/span><\/h2>\n\n\n\n<p><span style=\"font-weight: 400;\">Texas, often and consistently, claims top rankings as one of the best states for business in the <a href=\"https:\/\/www.sisinternational.com\/fr\/couverture\/les-ameriques\/couverture-des-etats-unis\/\" title=\"Etude de march\u00e9 aux \u00c9tats-Unis\"  data-wpil-monitor-id=\"9382\">United<\/a> States. Texas also received the top score in infrastructure and economy. The state is also known for its economic strength and fair legal system. The taxes are low, and the quality of life high. Texas also has a skilled workforce.<\/span><\/p>\n\n\n\n<h2 class=\"wp-block-heading\"><span style=\"font-weight: 400;\">Opportunit\u00e9s et tendances de l\u2019\u00e9conomie du Texas<\/span><\/h2>\n\n\n\n<p><span style=\"font-weight: 400;\">The Texas economy is expanding, and the energy sector continues to boom. Jobs are increasing, with the most substantial increases in the energy sector. Small <a href=\"https:\/\/www.sisinternational.com\/fr\/solutions\/innovation\/comment-faire-evoluer-une-entreprise\/\" title=\"Comment faire \u00e9voluer une entreprise | Atteindre une croissance exponentielle\"  data-wpil-monitor-id=\"9390\">business owners have reported healthy growth<\/a>. This growth is especially strong in Austin, Houston, Dallas, and Fort Worth. Entrepreneurs claim that their biggest challenge is finding enough skilled workers. They need workers to keep up with the fast pace of growth. Another problem is accessing capital to fund their investments.<\/span><\/p>\n\n\n\n<h2 class=\"wp-block-heading\"><span style=\"font-weight: 400;\">Pourquoi les \u00e9tudes de march\u00e9 sont importantes<\/span><\/h2>\n\n\n\n<p><span style=\"font-weight: 400;\">Conducting Market Research helps companies gain competitive insights. It also helps them understand consumer preferences, expectations and pain points. Market Research provides detailed insights into demographics, consumer tastes and economic shifts. It shows <a href=\"https:\/\/www.sisinternational.com\/fr\/publications\/comportement-de-lacheteur-apres-le-nouveau-consommateur-du-coronavirus\/\" title=\"Comportement des acheteurs apr\u00e8s le coronavirus \u2013 \u00c9tude de march\u00e9 de consommation\"  data-wpil-monitor-id=\"9384\">market trends and consumer<\/a> buying patterns. <a href=\"https:\/\/www.sisinternational.com\/fr\/couverture\/les-ameriques\/etude-de-marche-canadienne\/etude-de-marche-nouveau-brunswick-canada\/\" title=\"\u00c9tude de march\u00e9 au Nouveau-Brunswick, Canada\"  data-wpil-monitor-id=\"4032\">Recherche d&#039;opportunit\u00e9s de march\u00e9<\/a> uncovers new business opportunities and areas of uncontested marketshare.&nbsp;<\/span><\/p>\n\n\n\n<h2 class=\"wp-block-heading\">\u00c0 propos des \u00e9tudes de march\u00e9 SIS<\/h2>\n\n\n\n<p>We have over 40+ years experience in conducting Market Research in Texas.&nbsp; <a href=\"https:\/\/www.sisinternational.com\/fr\/paque-de-paques-et-linevitable-lapin-en-chocolat\/\" title=\"\u00c9tude de march\u00e9 de P\u00e2ques\"  data-wpil-monitor-id=\"9380\">SIS conducts research<\/a> often in Austin, Dallas, Houston, San Antonio, El Paso, and Fort Worth.&nbsp; We provide:<\/p>\n\n\n\n<ul class=\"wp-block-list\">\n<li>Groupes de discussion<\/li>\n\n\n\n<li>Entretiens clients<\/li>\n\n\n\n<li><a href=\"https:\/\/www.sisinternational.com\/fr\/solutions\/societe-detudes-de-marche-communautaire-en-ligne-b2b\/\" title=\"Soci\u00e9t\u00e9 d&#039;\u00e9tudes de march\u00e9 sur les communaut\u00e9s en ligne B2B\"  data-wpil-monitor-id=\"9388\">Communaut\u00e9s Insight en ligne<\/a><\/li>\n\n\n\n<li>Enqu\u00eates<\/li>\n\n\n\n<li>Analyse comp\u00e9titive<\/li>\n\n\n\n<li>Recherche strat\u00e9gique<\/li>\n\n\n\n<li>\u00c9valuations des opportunit\u00e9s de march\u00e9, du dimensionnement et de l\u2019entr\u00e9e<\/li>\n<\/ul>\n\n\n\n<h2 class=\"wp-block-heading\">&nbsp;<\/h2>","protected":false},"excerpt":{"rendered":"<p>Nous menons des \u00e9tudes de march\u00e9 qualitatives, quantitatives et strat\u00e9giques au Texas. Apprendre encore plus.<\/p>","protected":false},"author":1,"featured_media":66507,"parent":19303,"menu_order":17,"comment_status":"closed","ping_status":"closed","template":"","meta":{"footnotes":""},"class_list":["post-29354","page","type-page","status-publish","has-post-thumbnail"],"_links":{"self":[{"href":"https:\/\/www.sisinternational.com\/fr\/wp-json\/wp\/v2\/pages\/29354","targetHints":{"allow":["GET"]}}],"collection":[{"href":"https:\/\/www.sisinternational.com\/fr\/wp-json\/wp\/v2\/pages"}],"about":[{"href":"https:\/\/www.sisinternational.com\/fr\/wp-json\/wp\/v2\/types\/page"}],"author":[{"embeddable":true,"href":"https:\/\/www.sisinternational.com\/fr\/wp-json\/wp\/v2\/users\/1"}],"replies":[{"embeddable":true,"href":"https:\/\/www.sisinternational.com\/fr\/wp-json\/wp\/v2\/comments?post=29354"}],"version-history":[{"count":6,"href":"https:\/\/www.sisinternational.com\/fr\/wp-json\/wp\/v2\/pages\/29354\/revisions"}],"predecessor-version":[{"id":81567,"href":"https:\/\/www.sisinternational.com\/fr\/wp-json\/wp\/v2\/pages\/29354\/revisions\/81567"}],"up":[{"embeddable":true,"href":"https:\/\/www.sisinternational.com\/fr\/wp-json\/wp\/v2\/pages\/19303"}],"wp:featuredmedia":[{"embeddable":true,"href":"https:\/\/www.sisinternational.com\/fr\/wp-json\/wp\/v2\/media\/66507"}],"wp:attachment":[{"href":"https:\/\/www.sisinternational.com\/fr\/wp-json\/wp\/v2\/media?parent=29354"}],"curies":[{"name":"wp","href":"https:\/\/api.w.org\/{rel}","templated":true}]}}