{"id":28410,"date":"2018-11-11T22:57:09","date_gmt":"2018-11-11T22:57:09","guid":{"rendered":"https:\/\/www.sisinternational.com\/?page_id=28410"},"modified":"2026-01-25T18:56:34","modified_gmt":"2026-01-25T23:56:34","slug":"etude-de-marche-sur-les-cryptomonnaies","status":"publish","type":"page","link":"https:\/\/www.sisinternational.com\/fr\/solutions\/recherche-de-conseil-en-strategie-fintech\/etude-de-marche-sur-les-cryptomonnaies\/","title":{"rendered":"\u00c9tude de march\u00e9 sur les crypto-monnaies"},"content":{"rendered":"<h1 class=\"wp-block-heading\">\u00c9tude de march\u00e9 sur les crypto-monnaies<\/h1>\n\n\n\n<p><span style=\"font-weight: 400;\"><\/span><\/p>\n\n\n\n<figure class=\"gb-block-image gb-block-image-e3d051d2\"><img loading=\"lazy\" decoding=\"async\" width=\"1456\" height=\"816\" class=\"gb-image gb-image-e3d051d2\" src=\"https:\/\/www.sisinternational.com\/wp-content\/uploads\/2025\/08\/Fintech-16.jpg\" alt=\"\u00c9tudes de march\u00e9 et strat\u00e9gie internationales SIS\" title=\"Fintech (16)\" srcset=\"https:\/\/www.sisinternational.com\/wp-content\/uploads\/2025\/08\/Fintech-16.jpg 1456w, https:\/\/www.sisinternational.com\/wp-content\/uploads\/2025\/08\/Fintech-16-300x168.jpg 300w, https:\/\/www.sisinternational.com\/wp-content\/uploads\/2025\/08\/Fintech-16-1024x574.jpg 1024w, https:\/\/www.sisinternational.com\/wp-content\/uploads\/2025\/08\/Fintech-16-768x430.jpg 768w, https:\/\/www.sisinternational.com\/wp-content\/uploads\/2025\/08\/Fintech-16-18x10.jpg 18w\" sizes=\"auto, (max-width: 1456px) 100vw, 1456px\"><\/figure>\n\n\n\n<hr class=\"wp-block-separator has-alpha-channel-opacity is-style-dots\"\/>\n\n\n\n<p><span style=\"font-weight: 400;\">La crypto-monnaie a r\u00e9volutionn\u00e9 notre fa\u00e7on de concevoir la finance et l\u2019investissement, pr\u00e9sentant \u00e0 la fois des opportunit\u00e9s sans pr\u00e9c\u00e9dent et des risques importants. Pour ceux qui cherchent \u00e0 naviguer sur ce march\u00e9 naissant, une \u00e9tude de march\u00e9 compl\u00e8te sur les cryptomonnaies n\u2019est pas seulement b\u00e9n\u00e9fique ; il est essentiel.<\/span><\/p>\n\n\n\n<h2 class=\"wp-block-heading\"><strong>Comprendre les \u00e9tudes de march\u00e9 sur les crypto-monnaies<\/strong><\/h2>\n\n\n\n<p><span style=\"font-weight: 400;\">Les \u00e9tudes de march\u00e9 sur les crypto-monnaies analysent les tendances du march\u00e9, les comportements des investisseurs, les progr\u00e8s technologiques, les paysages r\u00e9glementaires et le sentiment g\u00e9n\u00e9ral \u00e0 l\u2019\u00e9gard des crypto-monnaies.<\/span><\/p>\n\n\n\n<p><span style=\"font-weight: 400;\">At its core, cryptocurrency market research seeks to decode the intricacies of these digital assets, providing stakeholders with data-driven intelligence to make informed decisions. Unlike traditional financial markets, the crypto space is driven by a unique blend of technological innovation and community ethos, making specialized research methodologies critical.&nbsp;<\/span><\/p>\n\n\n\n<h2 class=\"wp-block-heading\"><strong>Pourquoi les entreprises ont besoin d\u2019une \u00e9tude de march\u00e9 sur les crypto-monnaies<\/strong><\/h2>\n\n\n\n<p><span style=\"font-weight: 400;\">Cryptocurrency market research empowers businesses with the knowledge required to make strategic decisions. It offers insights into emerging trends, potential regulatory changes, and technological breakthroughs that could reshape the market.&nbsp;<\/span><\/p>\n\n\n\n<p><span style=\"font-weight: 400;\">De plus, avec l\u2019int\u00e9r\u00eat croissant des investisseurs institutionnels et l\u2019int\u00e9gration des actifs num\u00e9riques, les \u00e9tudes de march\u00e9 sur les cryptomonnaies deviennent essentielles pour \u00e9valuer le sentiment et la liquidit\u00e9 du march\u00e9. Il guide les entreprises dans l\u2019identification du bon moment pour les investissements et les lancements de produits, la gestion des risques et l\u2019optimisation de leurs offres pour r\u00e9pondre aux besoins d\u2019un public crypto diversifi\u00e9 et croissant.<\/span><\/p>\n\n\n\n<p><span style=\"font-weight: 400;\">Cependant, cette recherche offre plusieurs avantages suppl\u00e9mentaires, notamment\u00a0:<\/span><\/p>\n\n\n\n<p><b> \u2022 Att\u00e9nuation des risques: <\/b><span style=\"font-weight: 400;\">Les \u00e9tudes de march\u00e9 sur les crypto-monnaies aident \u00e0 identifier les risques potentiels sur le march\u00e9 volatil des crypto-monnaies, permettant aux investisseurs et aux entreprises de prendre des d\u00e9cisions plus prudentes et \u00e9clair\u00e9es.<\/span><\/p>\n\n\n\n<p><b> \u2022 Planification strat\u00e9gique\u00a0: <\/b><span style=\"font-weight: 400;\">Gr\u00e2ce aux informations issues des \u00e9tudes de march\u00e9 sur les crypto-monnaies, les entreprises peuvent d\u00e9velopper des strat\u00e9gies robustes qui s\u2019alignent sur les mouvements du march\u00e9 et la demande des consommateurs dans l\u2019espace crypto.<\/span><\/p>\n\n\n\n<p><b> \u2022 Optimisation des investissements\u00a0:<\/b><span style=\"font-weight: 400;\"> En analysant les donn\u00e9es historiques, les tendances actuelles et les projections futures, les \u00e9tudes de march\u00e9 sur les cryptomonnaies aident \u00e0 optimiser les portefeuilles d&#039;investissement, am\u00e9liorant potentiellement les rendements tout en g\u00e9rant l&#039;exposition au risque.<\/span><\/p>\n\n\n\n<p><b> \u2022 D\u00e9veloppement de produits\u00a0:<\/b><span style=\"font-weight: 400;\"> Pour les entreprises d\u00e9veloppant des produits ou des services li\u00e9s \u00e0 la cryptographie, les \u00e9tudes de march\u00e9 sur la cryptomonnaie offrent des informations pr\u00e9cieuses sur ce dont le march\u00e9 a besoin, ce qu\u2019il d\u00e9sire et ce qu\u2019il est pr\u00eat \u00e0 adopter, guidant ainsi le d\u00e9veloppement de produits et l\u2019innovation.<\/span><\/p>\n\n\n\n<p><b> \u2022 Conformit\u00e9 r\u00e9glementaire\u00a0: <\/b><span style=\"font-weight: 400;\">\u00c0 mesure que les r\u00e9glementations autour des cryptomonnaies \u00e9voluent, les \u00e9tudes de march\u00e9 tiennent les entreprises inform\u00e9es des exigences l\u00e9gales, les aidant ainsi \u00e0 rester en conformit\u00e9 et \u00e0 \u00e9viter des poursuites judiciaires co\u00fbteuses.<\/span><\/p>\n\n\n\n<h2 class=\"wp-block-heading\"><b>Qui utilise les \u00e9tudes de march\u00e9 sur les crypto-monnaies<\/b><\/h2>\n\n\n\n<p><span style=\"font-weight: 400;\">Cryptocurrency market research is not limited to a single type of stakeholder within the financial ecosystem. Instead, it serves various participants, each with unique objectives and requirements.<\/span><\/p>\n\n\n\n<p><b>Investisseurs<\/b><span style=\"font-weight: 400;\">, both retail and institutional, form a significant segment of the cryptocurrency market research audience. Retail investors, often newer to the space and with less capital at risk, seek to understand the basics of market dynamics and identify which cryptocurrencies might offer the best growth potential.&nbsp;<\/span><\/p>\n\n\n\n<p><b>Entrepreneurs et startups<\/b><span style=\"font-weight: 400;\"> dans le secteur de la fintech, tirez parti des \u00e9tudes de march\u00e9 sur les cryptomonnaies pour se tailler des niches au sein de l\u2019industrie. Pour eux, comprendre les lacunes du march\u00e9, les progr\u00e8s technologiques et les mod\u00e8les d\u2019adoption par les utilisateurs est vital pour l\u2019innovation et pour garantir le financement.<\/span><\/p>\n\n\n\n<p><b>Organismes de r\u00e9glementation<\/b><span style=\"font-weight: 400;\"> and policymakers turn to cryptocurrency market research to inform legislation and frameworks that aim to protect investors while fostering innovation. They must keep abreast of market developments to ensure their policies remain relevant and practical.<\/span><\/p>\n\n\n\n<h2 class=\"wp-block-heading\">Qui est impliqu\u00e9 dans la crypto-monnaie ?<\/h2>\n\n\n\n<p><\/p>\n\n\n\n<figure class=\"gb-block-image gb-block-image-2a7f27a2\"><img loading=\"lazy\" decoding=\"async\" width=\"1456\" height=\"816\" class=\"gb-image gb-image-2a7f27a2\" src=\"https:\/\/www.sisinternational.com\/wp-content\/uploads\/2025\/08\/Fintech-12.jpg\" alt=\"\u00c9tudes de march\u00e9 et strat\u00e9gie internationales SIS\" title=\"Fintech (12)\" srcset=\"https:\/\/www.sisinternational.com\/wp-content\/uploads\/2025\/08\/Fintech-12.jpg 1456w, https:\/\/www.sisinternational.com\/wp-content\/uploads\/2025\/08\/Fintech-12-300x168.jpg 300w, https:\/\/www.sisinternational.com\/wp-content\/uploads\/2025\/08\/Fintech-12-1024x574.jpg 1024w, https:\/\/www.sisinternational.com\/wp-content\/uploads\/2025\/08\/Fintech-12-768x430.jpg 768w, https:\/\/www.sisinternational.com\/wp-content\/uploads\/2025\/08\/Fintech-12-18x10.jpg 18w\" sizes=\"auto, (max-width: 1456px) 100vw, 1456px\"><\/figure>\n\n\n\n<p><\/p>\n\n\n\n<p><span style=\"font-weight: 400;\">Top investment banks have taken an interest in cryptocurrencies. These banks include Barclays, BMO Financial Group, and Credit Suisse. Australia\u2019s Commonwealth Bank, HSBC, and Natixis are also part of the crypto space. Other banks include UBS, Royal Bank of Scotland, Wells Fargo, TD Bank, and UniCredit. Other titans like Bank of America and Citi may also be on board.<\/span><\/p>\n\n\n\n<p><span style=\"font-weight: 400;\">The number of celebrity crypto-enthusiasts is also growing at a rapid pace. Stars can play the influencer card. They can encourage large audiences to learn more about cryptocurrency. Stars like football sensation Lionel Messi are getting involved. Boxing champion Floyd Mayweather and Hollywood actor Ashton Kutcher are also players in the crypto space.<\/span>&nbsp;<\/p>\n\n\n\n<h2 class=\"wp-block-heading\">Utilisations de la crypto-monnaie<\/h2>\n\n\n\n<p><span style=\"font-weight: 400;\">People will have the chance to use cryptocurrencies for a vast number of transactions. The possibilities rise as more merchants accept them. Travel transactions are one category. Online travel agencies started taking crypto in 2013. Travelers and business owners can use crypto to avoid foreign exchange risk. Cryptocurrencies are especially valuable for use in developing economies with volatile currencies.<\/span><\/p>\n\n\n\n<h2 class=\"wp-block-heading\"><b>Tendances actuelles des \u00e9tudes de march\u00e9 sur les crypto-monnaies<\/b><\/h2>\n\n\n\n<p><span style=\"font-weight: 400;\">The field of cryptocurrency market research is ever-evolving, with new trends emerging as the market matures and technology advances. Here is an overview of some current trends that are shaping <a href=\"https:\/\/www.sisinternational.com\/fr\/couverture\/etude-de-marche-en-afrique\/etude-de-marche-en-mauritanie-afrique\/\" title=\"\u00c9tude de march\u00e9 en Mauritanie, Afrique \u2013 un aper\u00e7u\"  data-wpil-monitor-id=\"5296\">\u00e9tude de march\u00e9 sur les cryptomonnaies<\/a>:<\/span><\/p>\n\n\n\n<p><b> \u2022 Int\u00e9gration de l&#039;intelligence artificielle et de l&#039;apprentissage automatique\u00a0:<\/b><span style=\"font-weight: 400;\"> Ces technologies sont de plus en plus utilis\u00e9es pour analyser de grands ensembles de donn\u00e9es sur le march\u00e9 de la cryptographie, fournissant des informations pr\u00e9dictives et identifiant des mod\u00e8les qu\u2019il serait impossible pour les humains de discerner manuellement.<\/span><\/p>\n\n\n\n<p><b> \u2022 Accent accru sur les changements r\u00e9glementaires\u00a0: <\/b><span style=\"font-weight: 400;\">As governments worldwide grapple with how to regulate cryptocurrencies, market research is placing greater emphasis on monitoring and predicting regulatory shifts and understanding their potential impacts on the market.<\/span><\/p>\n\n\n\n<p><b> \u2022 Analyse de la finance d\u00e9centralis\u00e9e (DeFi)\u00a0:<\/b><span style=\"font-weight: 400;\"> The rise of DeFi has created a new area of interest within cryptocurrency market research. Researchers are exploring its implications for traditional finance, its risks, and its long-term viability.<\/span><\/p>\n\n\n\n<p><b> \u2022 \u00c9tudes cross-chain et interop\u00e9rabilit\u00e9\u00a0:<\/b><span style=\"font-weight: 400;\"> With multiple blockchain platforms, research into how these different chains can interoperate is gaining traction, which could lead to a more integrated and efficient cryptocurrency ecosystem.<\/span><\/p>\n\n\n\n<p><b> \u2022 Recherche sur les NFT et la tokenisation<\/b><span style=\"font-weight: 400;\">: Les jetons non fongibles (NFT) et le concept plus large de tokenisation des actifs du monde r\u00e9el sont devenus des sujets br\u00fblants. Les \u00e9tudes de march\u00e9 se concentrent sur la compr\u00e9hension de la dynamique \u00e9conomique des NFT, de leur valeur \u00e0 long terme et de la mani\u00e8re dont ils s\u2019int\u00e8grent dans le march\u00e9 plus large de la cryptographie.<\/span><\/p>\n\n\n\n<h2 class=\"wp-block-heading\"><b>Opportunit\u00e9s sur le march\u00e9 des crypto-monnaies&nbsp;<\/b><\/h2>\n\n\n\n<figure class=\"gb-block-image gb-block-image-aaf30524\"><img loading=\"lazy\" decoding=\"async\" width=\"1456\" height=\"816\" class=\"gb-image gb-image-aaf30524\" src=\"https:\/\/www.sisinternational.com\/wp-content\/uploads\/2025\/08\/Fintech-18.jpg\" alt=\"\u00c9tudes de march\u00e9 et strat\u00e9gie internationales SIS\" title=\"Fintech (18)\" srcset=\"https:\/\/www.sisinternational.com\/wp-content\/uploads\/2025\/08\/Fintech-18.jpg 1456w, https:\/\/www.sisinternational.com\/wp-content\/uploads\/2025\/08\/Fintech-18-300x168.jpg 300w, https:\/\/www.sisinternational.com\/wp-content\/uploads\/2025\/08\/Fintech-18-1024x574.jpg 1024w, https:\/\/www.sisinternational.com\/wp-content\/uploads\/2025\/08\/Fintech-18-768x430.jpg 768w, https:\/\/www.sisinternational.com\/wp-content\/uploads\/2025\/08\/Fintech-18-18x10.jpg 18w\" sizes=\"auto, (max-width: 1456px) 100vw, 1456px\"><\/figure>\n\n\n\n<p><\/p>\n\n\n\n<p><span style=\"font-weight: 400;\">Despite its volatility, the cryptocurrency market presents a myriad of opportunities for businesses willing to engage with it strategically. Here\u2019s an exploration of the potential avenues for business growth and innovation within this space:<\/span><\/p>\n\n\n\n<p><b> \u2022 Solutions de traitement des paiements\u00a0: <\/b><span style=\"font-weight: 400;\">L\u2019int\u00e9gration de la crypto-monnaie comme moyen de paiement peut ouvrir les entreprises \u00e0 de nouveaux march\u00e9s et segments de client\u00e8le. Il constitue \u00e9galement une alternative aux syst\u00e8mes bancaires et de paiement traditionnels, r\u00e9duisant potentiellement les frais et les d\u00e9lais de transaction.<\/span><\/p>\n\n\n\n<p><b> \u2022 Blockchain en tant que service (BaaS)\u00a0: <\/b><span style=\"font-weight: 400;\">Les entreprises peuvent proposer des solutions blockchain aux entreprises cherchant \u00e0 tirer parti des avantages de la technologie sans construire leur infrastructure. Cela inclut des services tels que des contrats intelligents, des applications d\u00e9centralis\u00e9es et des outils de gestion de la cha\u00eene d&#039;approvisionnement.<\/span><\/p>\n\n\n\n<p><b> \u2022 Produits de finance d\u00e9centralis\u00e9e (DeFi)\u00a0: <\/b>Businesses have significant potential<span style=\"font-weight: 400;\">&nbsp;to develop products that tap into the DeFi ecosystem, providing services such as lending, borrowing, yield farming, and insurance without the need for traditional financial intermediaries.<\/span><\/p>\n\n\n\n<p><b> \u2022 Services d&#039;\u00e9ducation et de conseil\u00a0: <\/b><span style=\"font-weight: 400;\">Compte tenu de la complexit\u00e9 du march\u00e9 des cryptomonnaies, il existe une demande croissante de ressources p\u00e9dagogiques et de services de conseil pour aider les individus et les organisations \u00e0 comprendre et \u00e0 naviguer efficacement dans ce domaine.<\/span><\/p>\n\n\n\n<p><b>\u2022 Solutions de s\u00e9curit\u00e9 et de conformit\u00e9\u00a0: <\/b><span style=\"font-weight: 400;\">As regulation in the crypto space increases, security and compliance solutions that help businesses adhere to legislative requirements while protecting against fraud and cyber threats will be needed.<\/span><\/p>\n\n\n\n<h2 class=\"wp-block-heading\">L&#039;avenir de la crypto-monnaie<\/h2>\n\n\n\n<p><span style=\"font-weight: 400;\">Un pirate informatique peut piller un coffre-fort virtuel, ou un crash informatique peut an\u00e9antir sa richesse num\u00e9rique. Ces limitations, ainsi que d\u2019autres, des crypto-monnaies pourraient \u00eatre surmont\u00e9es avec le temps. Les progr\u00e8s technologiques aideront \u00e0 aplanir leurs d\u00e9fauts. Le nombre de commer\u00e7ants acceptant les cryptomonnaies a d\u00e9j\u00e0 augment\u00e9. Ils restent cependant tr\u00e8s minoritaires. La crypto pourrait \u00e0 l\u2019avenir faire partie du syst\u00e8me financier traditionnel. Il doit d\u2019abord franchir plusieurs obstacles.<\/span><\/p>\n\n\n\n<p><span style=\"font-weight: 400;\">Une enqu\u00eate r\u00e9cente montre que les \u00e9tudiants adoptent la cryptographie. Leur adoption et leur utilisation de ces monnaies sont deux fois sup\u00e9rieures \u00e0 celles de la population g\u00e9n\u00e9rale. La d\u00e9mographie \u00e9tudiante est consid\u00e9r\u00e9e comme un indicateur du changement technologique et culturel. N\u00e9anmoins, les analystes du secteur estiment que l\u2019adoption massive des crypto-monnaies prendra un certain temps.<\/span><\/p>\n\n\n\n<h2 class=\"wp-block-heading\">\u00c0 propos de SIS FinTech Recherche et Conseil en Strat\u00e9gie<\/h2>\n\n\n\n<p><a href=\"https:\/\/www.linkedin.com\/company\/sisinternationalresearch\/posts\/?feedView=all\" target=\"_blank\" rel=\"noopener\">SIS FinTech<\/a> Research and Strategy consulting provides comprehensive data, insight, strategies and tools for the next frontier in Financial Services.&nbsp; Our solutions include:<\/p>\n\n\n\n<ul class=\"wp-block-list\">\n<li>Opportunit\u00e9 de march\u00e9 et strat\u00e9gie d\u2019entr\u00e9e<\/li>\n\n\n\n<li>\u00c9tude de march\u00e9<\/li>\n\n\n\n<li>Dimensionnement et \u00e9valuations du march\u00e9<\/li>\n\n\n\n<li>Analyse comp\u00e9titive<\/li>\n\n\n\n<li>Recherche sur les consommateurs<\/li>\n\n\n\n<li>Informations sur les fusions et acquisitions et \u00e9valuations des opportunit\u00e9s<\/li>\n<\/ul>\n\n\n\n<h2 class=\"wp-block-heading\">Notre emplacement \u00e0 New York<\/h2>\n\n\n\n<p>\n\n\n\n<iframe loading=\"lazy\" src=\"https:\/\/www.google.com\/maps\/embed?pb=!1m18!1m12!1m3!1d3022.976188376966!2d-73.99130312499956!3d40.740549471389315!2m3!1f0!2f0!3f0!3m2!1i1024!2i768!4f13.1!3m3!1m2!1s0x89c259a15798c731%3A0xd695d09bdd495f25!2s11%20E%2022nd%20St%20FL%202%2C%20New%20York%2C%20NY%2010010%2C%20USA!5e0!3m2!1sen!2spe!4v1726171763526!5m2!1sen!2spe\" width=\"600\" height=\"450\" allowfullscreen=\"allowfullscreen\" data-mce-fragment=\"1\"><\/iframe>\n\n\n\n<\/p>\n\n\n\n<h3 class=\"wp-block-heading\">11 E 22nd Street, \u00e9tage 2, New York, NY 10010 T\u00e9l. : +1(212) 505-6805<\/h3>\n\n\n\n<hr class=\"wp-block-separator has-alpha-channel-opacity\"\/>\n\n\n\n<h2 class=\"wp-block-heading\"><span style=\"font-weight: 400;\">\u00c0 propos de SIS International<\/span><\/h2>\n\n\n\n<p><a href=\"https:\/\/www.sisinternational.com\/fr\/\"><span style=\"font-weight: 400;\">SIS International<\/span><\/a><span style=\"font-weight: 400;\"> propose des recherches quantitatives, qualitatives et strat\u00e9giques. Nous fournissons des donn\u00e9es, des outils, des strat\u00e9gies, des rapports et des informations pour la prise de d\u00e9cision. Nous menons \u00e9galement des entretiens, des enqu\u00eates, des groupes de discussion et d\u2019autres m\u00e9thodes et approches d\u2019\u00e9tudes de march\u00e9.<\/span><a href=\"https:\/\/www.sisinternational.com\/fr\/a-propos-de-la-recherche-internationale-sis\/contact-sis-international-market-research\/\"><span style=\"font-weight: 400;\"> Contactez nous<\/span><\/a><span style=\"font-weight: 400;\"> pour votre prochain projet d&#039;\u00e9tude de march\u00e9.<\/span><\/p>\n\n\n\n<p><\/p>","protected":false},"excerpt":{"rendered":"<p>SIS FinTech Research and Strategy Consulting fournit des solutions de donn\u00e9es et d&#039;informations pour la prochaine fronti\u00e8re des crypto-monnaies et des services financiers. Apprendre encore plus.<\/p>","protected":false},"author":1,"featured_media":62402,"parent":27462,"menu_order":14,"comment_status":"closed","ping_status":"closed","template":"","meta":{"footnotes":""},"class_list":["post-28410","page","type-page","status-publish","has-post-thumbnail"],"_links":{"self":[{"href":"https:\/\/www.sisinternational.com\/fr\/wp-json\/wp\/v2\/pages\/28410","targetHints":{"allow":["GET"]}}],"collection":[{"href":"https:\/\/www.sisinternational.com\/fr\/wp-json\/wp\/v2\/pages"}],"about":[{"href":"https:\/\/www.sisinternational.com\/fr\/wp-json\/wp\/v2\/types\/page"}],"author":[{"embeddable":true,"href":"https:\/\/www.sisinternational.com\/fr\/wp-json\/wp\/v2\/users\/1"}],"replies":[{"embeddable":true,"href":"https:\/\/www.sisinternational.com\/fr\/wp-json\/wp\/v2\/comments?post=28410"}],"version-history":[{"count":7,"href":"https:\/\/www.sisinternational.com\/fr\/wp-json\/wp\/v2\/pages\/28410\/revisions"}],"predecessor-version":[{"id":79117,"href":"https:\/\/www.sisinternational.com\/fr\/wp-json\/wp\/v2\/pages\/28410\/revisions\/79117"}],"up":[{"embeddable":true,"href":"https:\/\/www.sisinternational.com\/fr\/wp-json\/wp\/v2\/pages\/27462"}],"wp:featuredmedia":[{"embeddable":true,"href":"https:\/\/www.sisinternational.com\/fr\/wp-json\/wp\/v2\/media\/62402"}],"wp:attachment":[{"href":"https:\/\/www.sisinternational.com\/fr\/wp-json\/wp\/v2\/media?parent=28410"}],"curies":[{"name":"wp","href":"https:\/\/api.w.org\/{rel}","templated":true}]}}