{"id":28329,"date":"2018-11-04T14:19:04","date_gmt":"2018-11-04T14:19:04","guid":{"rendered":"https:\/\/www.sisinternational.com\/?page_id=28329"},"modified":"2026-01-26T17:28:31","modified_gmt":"2026-01-26T22:28:31","slug":"etude-de-marche-sur-les-technologies-de-paiement","status":"publish","type":"page","link":"https:\/\/www.sisinternational.com\/fr\/solutions\/recherche-de-conseil-en-strategie-fintech\/etude-de-marche-sur-les-technologies-de-paiement\/","title":{"rendered":"\u00c9tude de march\u00e9 sur les technologies de paiement"},"content":{"rendered":"<h1 class=\"wp-block-heading\">\u00c9tude de march\u00e9 sur les technologies de paiement<\/h1>\n\n\n\n<figure class=\"gb-block-image gb-block-image-4f3c2873\"><img loading=\"lazy\" decoding=\"async\" width=\"1456\" height=\"816\" class=\"gb-image gb-image-4f3c2873\" src=\"https:\/\/www.sisinternational.com\/wp-content\/uploads\/2025\/08\/Multicultural-Advertising-Services-for-a-Famous-Peer-to-Peer-Payments-Technology-Company.jpg\" alt=\"\u00c9tudes de march\u00e9 et strat\u00e9gie internationales SIS\" title=\"Services de publicit\u00e9 multiculturelle pour une c\u00e9l\u00e8bre entreprise de technologie de paiement peer-to-peer\" srcset=\"https:\/\/www.sisinternational.com\/wp-content\/uploads\/2025\/08\/Multicultural-Advertising-Services-for-a-Famous-Peer-to-Peer-Payments-Technology-Company.jpg 1456w, https:\/\/www.sisinternational.com\/wp-content\/uploads\/2025\/08\/Multicultural-Advertising-Services-for-a-Famous-Peer-to-Peer-Payments-Technology-Company-300x168.jpg 300w, https:\/\/www.sisinternational.com\/wp-content\/uploads\/2025\/08\/Multicultural-Advertising-Services-for-a-Famous-Peer-to-Peer-Payments-Technology-Company-1024x574.jpg 1024w, https:\/\/www.sisinternational.com\/wp-content\/uploads\/2025\/08\/Multicultural-Advertising-Services-for-a-Famous-Peer-to-Peer-Payments-Technology-Company-768x430.jpg 768w, https:\/\/www.sisinternational.com\/wp-content\/uploads\/2025\/08\/Multicultural-Advertising-Services-for-a-Famous-Peer-to-Peer-Payments-Technology-Company-18x10.jpg 18w\" sizes=\"auto, (max-width: 1456px) 100vw, 1456px\"><\/figure>\n\n\n\n<hr class=\"wp-block-separator has-alpha-channel-opacity is-style-dots\"\/>\n\n\n\n<h2 class=\"wp-block-heading\"><strong>Augmentation des paiements et des FinTech<\/strong><\/h2>\n\n\n\n<p><span style=\"font-weight: 400;\">Chaque petite t\u00e2che qui se produisait autrefois dans une banque se d\u00e9roule d\u00e9sormais sur un \u00e9cran mobile. Ce changement est un symbole de l\u2019\u00e8re FinTech. De plus en plus d&#039;utilisateurs t\u00e9l\u00e9chargent des portefeuilles num\u00e9riques comme Samsung Pay et Apple Pay. Les gens les utilisent dans une plus grande mesure que leurs homologues des services bancaires mobiles.<\/span><span style=\"font-weight: 400;\"><br><\/span><\/p>\n\n\n\n<h2 class=\"wp-block-heading\"><strong>Comprendre les \u00e9tudes de march\u00e9 sur les technologies de paiement<\/strong><\/h2>\n\n\n\n<p><span style=\"font-weight: 400;\">Payment <a href=\"https:\/\/www.sisinternational.com\/fr\/marche-de-la-technologie-automobile\/\" title=\"\u00c9tude de march\u00e9 sur la technologie automobile\"  data-wpil-monitor-id=\"3578\">technology market research<\/a> leverages advanced tools and methodologies to unlock new potential, drive growth, and deliver a competitive edge in the world of payment technologies. It offers businesses valuable insights to adapt to current trends and anticipate future shifts in the industry.<\/span><\/p>\n\n\n\n<p><span style=\"font-weight: 400;\">One of the primary advantages of integrating payment <a href=\"https:\/\/www.sisinternational.com\/fr\/competence\/les-industries\/technologie-medicale-etude-de-marche-sur-les-technologies-medicales\/\" title=\"\u00c9tude de march\u00e9 sur la technologie m\u00e9dicale (Med Tech)\"  data-wpil-monitor-id=\"3776\">technology market research<\/a> is its capacity to understand and predict customer behavior. By harnessing artificial intelligence&#8217;s deep learning capabilities, this research equips businesses with the ability to analyze vast amounts of transactional data, thus unveiling insights about consumer preferences, usage patterns, and satisfaction levels.&nbsp;<\/span><\/p>\n\n\n\n<h2 class=\"wp-block-heading\"><strong>Avantages de l\u2019\u00e9tude de march\u00e9 sur les technologies de paiement<\/strong><\/h2>\n\n\n\n<p><span style=\"font-weight: 400;\">Payment <a href=\"https:\/\/www.sisinternational.com\/fr\/competence\/les-industries\/etude-de-marche-sur-les-technologies-de-la-mode\/\" title=\"\u00c9tude de march\u00e9 sur les technologies de la mode\"  data-wpil-monitor-id=\"5964\">technology market research<\/a> offers many benefits, guiding organizations toward success in the digital age. Here, we outline the key advantages of embracing payment <a href=\"https:\/\/www.sisinternational.com\/fr\/competence\/les-industries\/etude-de-marche-sur-les-technologies-du-voyage\/\" title=\"\u00c9tude de march\u00e9 sur la technologie du voyage\"  data-wpil-monitor-id=\"6221\">technology market research<\/a>:<\/span><\/p>\n\n\n\n<p><b> \u2022 Planification strat\u00e9gique\u00a0:<\/b><span style=\"font-weight: 400;\"> Research is a cornerstone of strategic planning. It equips businesses with insights into market dynamics, competitive landscapes, and growth opportunities, enabling them to formulate well-informed strategies that drive success.<\/span><\/p>\n\n\n\n<p><b> \u2022 Entr\u00e9e et expansion du march\u00e9<\/b>: For businesses eyeing new markets or seeking to expand their operations, payment technology market <a href=\"https:\/\/www.sisinternational.com\/fr\/exploiter-la-technologie-dans-le-commerce-de-detail\/\" title=\"\u00c9tude de march\u00e9 sur les technologies de vente au d\u00e9tail\"  data-wpil-monitor-id=\"2720\">research offers guidance on market entry strategies<\/a> and opportunities, reducing the risks associated with expansion.<\/span><\/p>\n\n\n\n<p><b> \u2022 Rapport co\u00fbt-efficacit\u00e9:<\/b><span style=\"font-weight: 400;\"> Informed decision-making and strategic planning reduce the risk of costly mistakes. Payment <a href=\"https:\/\/www.sisinternational.com\/fr\/solutions\/solutions-edtech-de-technologie-educative\/etude-de-marche-sur-les-technologies-educatives\/\" title=\"\u00c9tude de march\u00e9 sur les technologies \u00e9ducatives\"  data-wpil-monitor-id=\"6522\">technology market research<\/a> enables businesses to allocate resources efficiently and optimize their investment in payment technology.<\/span><\/p>\n\n\n\n<h2 class=\"wp-block-heading\"><strong>Qui utilise les \u00e9tudes de march\u00e9 sur les technologies de paiement ?<\/strong><\/h2>\n\n\n\n<figure class=\"gb-block-image gb-block-image-2e99f490\"><img loading=\"lazy\" decoding=\"async\" width=\"1456\" height=\"816\" class=\"gb-image gb-image-2e99f490\" src=\"https:\/\/www.sisinternational.com\/wp-content\/uploads\/2025\/08\/Fintech-7.jpg\" alt=\"\u00c9tudes de march\u00e9 et strat\u00e9gie internationales SIS\" title=\"Fintech (7)\" srcset=\"https:\/\/www.sisinternational.com\/wp-content\/uploads\/2025\/08\/Fintech-7.jpg 1456w, https:\/\/www.sisinternational.com\/wp-content\/uploads\/2025\/08\/Fintech-7-300x168.jpg 300w, https:\/\/www.sisinternational.com\/wp-content\/uploads\/2025\/08\/Fintech-7-1024x574.jpg 1024w, https:\/\/www.sisinternational.com\/wp-content\/uploads\/2025\/08\/Fintech-7-768x430.jpg 768w, https:\/\/www.sisinternational.com\/wp-content\/uploads\/2025\/08\/Fintech-7-18x10.jpg 18w\" sizes=\"auto, (max-width: 1456px) 100vw, 1456px\"><\/figure>\n\n\n\n<p><\/p>\n\n\n\n<p><span style=\"font-weight: 400;\">Les \u00e9tudes de march\u00e9 sur les technologies de paiement constituent une ressource cruciale pour un large \u00e9ventail de parties prenantes du paysage financier et commercial, telles que\u00a0:<\/span><\/p>\n\n\n\n<p><b> \u2022 Institutions financi\u00e8res:<\/b><span style=\"font-weight: 400;\"> Les banques, les coop\u00e9ratives de cr\u00e9dit et autres institutions financi\u00e8res tirent parti des \u00e9tudes de march\u00e9 sur les technologies de paiement pour rester comp\u00e9titives et proposer des solutions de paiement de pointe \u00e0 leurs clients. La recherche les aide \u00e0 s&#039;adapter \u00e0 l&#039;\u00e9volution des pr\u00e9f\u00e9rences des consommateurs et aux technologies \u00e9mergentes tout en garantissant le respect des exigences r\u00e9glementaires.<\/span><\/p>\n\n\n\n<p><b> \u2022 Start-ups Fintech\u00a0: <\/b>Emerging fintech startups turn to <a href=\"https:\/\/www.sisinternational.com\/fr\/couverture\/etude-de-marche-en-asie\/etudes-de-marche-aux-palaos\/\" title=\"Etude de march\u00e9 aux Palaos\"  data-wpil-monitor-id=\"4053\">research to gain insights into market<\/a> trends and identify gaps in the payment technology sector.&nbsp;<\/span><\/p>\n\n\n\n<p><b> \u2022 Fournisseurs de services de paiement\u00a0: <\/b><span style=\"font-weight: 400;\">Les entreprises sp\u00e9cialis\u00e9es dans le traitement des paiements utilisent la recherche pour optimiser leurs services, am\u00e9liorer les mesures de s\u00e9curit\u00e9 et r\u00e9pondre aux besoins changeants des entreprises et des consommateurs.<\/span><\/p>\n\n\n\n<p><b> \u2022 D\u00e9taillants et entreprises de commerce \u00e9lectronique\u00a0:<\/b><span style=\"font-weight: 400;\"> Les d\u00e9taillants et les entreprises de commerce \u00e9lectronique s&#039;appuient sur la recherche pour offrir des exp\u00e9riences de paiement fluides \u00e0 leurs clients. Ils recherchent des informations sur les m\u00e9thodes de paiement \u00e9mergentes, les techniques de pr\u00e9vention de la fraude et les interfaces conviviales pour am\u00e9liorer les taux de conversion.<\/span><\/p>\n\n\n\n<p><b> \u2022 Organismes gouvernementaux et de r\u00e9glementation\u00a0:<\/b><span style=\"font-weight: 400;\"> Les organismes de r\u00e9glementation et les agences gouvernementales utilisent les \u00e9tudes de march\u00e9 sur les technologies de paiement pour suivre les \u00e9volutions du secteur, \u00e9valuer l&#039;impact des r\u00e9glementations et garantir la stabilit\u00e9 et la s\u00e9curit\u00e9 des syst\u00e8mes de paiement.<\/span><\/p>\n\n\n\n<p><b> \u2022 Investisseurs et capital-risqueurs\u00a0:<\/b><span style=\"font-weight: 400;\"> Les investisseurs et les investisseurs en capital-risque s&#039;appuient sur la recherche pour identifier les startups prometteuses et les opportunit\u00e9s d&#039;investissement dans le secteur des technologies financi\u00e8res et des technologies de paiement. Des recherches approfondies les aident \u00e0 \u00e9valuer le potentiel de croissance et d\u2019innovation.<\/span><\/p>\n\n\n\n<h2 class=\"wp-block-heading\"><strong>Principaux acteurs du march\u00e9 des technologies de paiement<\/strong><\/h2>\n\n\n\n<p><span style=\"font-weight: 400;\">The payment technology market is a dynamic arena with diverse players, ranging from established financial institutions to innovative startups. It includes companies such as:<\/span><\/p>\n\n\n\n<ul class=\"wp-block-list\">\n<li><b> Visa:<\/b><span style=\"font-weight: 400;\"> Visa is a <a href=\"https:\/\/www.sisinternational.com\/fr\/europe-nouvelle-technologie-de-navigation-mondiale-gnss\/\" title=\"Qu\u2019est-ce que la technologie de navigation mondiale GNSS\u00a0?\"  data-wpil-monitor-id=\"1775\">global leader in payment technology<\/a>, facilitating secure and convenient electronic transactions. It offers various payment solutions and services to businesses and consumers worldwide.<\/span><\/li>\n\n\n\n<li><b> MasterCard:<\/b><span style=\"font-weight: 400;\"> Mastercard est un autre acteur de premier plan dans le secteur des technologies de paiement, fournissant des services de traitement des paiements, des cartes de cr\u00e9dit et de d\u00e9bit ainsi que des solutions de paiement num\u00e9rique innovantes.<\/span><\/li>\n\n\n\n<li><b> PayPal Holdings, Inc.\u00a0: <\/b><span style=\"font-weight: 400;\">PayPal is known for its online payment platform, which allows users to make payments and money transfers securely through the Internet. It has expanded its services to include digital wallets and payment processing solutions.<\/span><\/li>\n\n\n\n<li><b> Google SARL\u00a0: <\/b><span style=\"font-weight: 400;\">La plate-forme de paiement num\u00e9rique de Google, Google Pay, offre aux utilisateurs un moyen transparent d&#039;effectuer des paiements, de stocker des m\u00e9thodes de paiement et d&#039;effectuer des transactions sans contact via des smartphones et des appareils portables.<\/span><\/li>\n\n\n\n<li><b> Stripe, Inc.\u00a0:<\/b><span style=\"font-weight: 400;\"> Stripe is a fintech company offering online business payment processing solutions. It provides developers with tools and APIs for integrating payment functionality into websites and applications.<\/span><\/li>\n\n\n\n<li><b> Groupe Alibaba Holding Limit\u00e9e\u00a0:<\/b><span style=\"font-weight: 400;\"> Alibaba, a giant in e-commerce and technology, operates Alipay, a leading digital payment platform in China. Alipay offers various financial services, including mobile payments and digital wallets.<\/span><\/li>\n<\/ul>\n\n\n\n<h2 class=\"wp-block-heading\"><strong>Tendances des technologies de paiement<\/strong><\/h2>\n\n\n\n<figure class=\"gb-block-image gb-block-image-41fa8faa\"><img loading=\"lazy\" decoding=\"async\" width=\"1456\" height=\"816\" class=\"gb-image gb-image-41fa8faa\" src=\"https:\/\/www.sisinternational.com\/wp-content\/uploads\/2025\/08\/Fintech-17.jpg\" alt=\"\u00c9tudes de march\u00e9 et strat\u00e9gie internationales SIS\" title=\"Fintech (17)\" srcset=\"https:\/\/www.sisinternational.com\/wp-content\/uploads\/2025\/08\/Fintech-17.jpg 1456w, https:\/\/www.sisinternational.com\/wp-content\/uploads\/2025\/08\/Fintech-17-300x168.jpg 300w, https:\/\/www.sisinternational.com\/wp-content\/uploads\/2025\/08\/Fintech-17-1024x574.jpg 1024w, https:\/\/www.sisinternational.com\/wp-content\/uploads\/2025\/08\/Fintech-17-768x430.jpg 768w, https:\/\/www.sisinternational.com\/wp-content\/uploads\/2025\/08\/Fintech-17-18x10.jpg 18w\" sizes=\"auto, (max-width: 1456px) 100vw, 1456px\"><\/figure>\n\n\n\n<p><\/p>\n\n\n\n<p><span style=\"font-weight: 400;\">FinTech has led to increased competition in the financial services field. The next step was to develop a collaborative and open payments network. The system is also the result of heightened customer expectations for value-added services. Other contributing factors are the ever-changing regulatory backdrop and new payment-enabling technologies. The old-style payments-processing intermediary role will decline within this new environment. Intermediaries will merge or cooperate to stay relevant by opening up their systems. <\/span><\/p>\n\n\n\n<h3 class=\"wp-block-heading\"><span style=\"font-weight: 400;\">Paiements mobiles<\/span><\/h3>\n\n\n\n<p><span style=\"font-weight: 400;\">Mobile-first consumers are challenging banks to innovate faster than they ever have. Payments made through mobile phones are more secure than credit cards. Mobile payments can help businesses collect much more information on their clients. They\u2019re also an easy method of transferring funds, which is why the use of mobile payments has been growing so fast.<\/span><\/p>\n\n\n\n<h3 class=\"wp-block-heading\"><span style=\"font-weight: 400;\">Paiements B2B<\/span><\/h3>\n\n\n\n<p><span style=\"font-weight: 400;\">Companies are using more options than ever before to pay or get paid. Digital B2B payment solutions help companies to get paid faster. Prompt payment reduces cash flow problems. These solutions allow for one-click payments or automatic recurring payments. They are also safe since they use encrypted data.<\/span><\/p>\n\n\n\n<h3 class=\"wp-block-heading\"><span style=\"font-weight: 400;\">Syst\u00e8mes de paiement en ligne<\/span><\/h3>\n\n\n\n<p><span style=\"font-weight: 400;\">PayPal is the reigning champ when it comes to receiving payments. However, technology has opened the door for many competitors to challenge PayPal. Solutions such as Venmo, Stripe, and 2Checkout level the playing field. They are offering faster transactions, cheaper fees, and enhanced security.<\/span><\/p>\n\n\n\n<h3 class=\"wp-block-heading\"><span style=\"font-weight: 400;\">Paiements P2P grand public<\/span><\/h3>\n\n\n\n<p><span style=\"font-weight: 400;\">Mobile peer-to-peer payment services have transformed on-the-spot money transfers. Clients can now transfer money using tablets, smartphones, and even smart watches. One advantage is that consumers don\u2019t need to be tech-savvy to use a mobile P2P service. It\u2019s as simple as downloading a free app and creating a user profile.<\/span><\/p>\n\n\n\n<p>China is taking the lead in Peer-to-peer payments with the rise of Alipay by Alibaba Group.&nbsp; China has leapfrogged advanced economies with highly efficient P2P payment markets.<\/p>\n\n\n\n<h3 class=\"wp-block-heading\"><span style=\"font-weight: 400;\">D\u00e9fis de conformit\u00e9 dans le monde<\/span><\/h3>\n\n\n\n<p><span style=\"font-weight: 400;\">One of the challenges is privacy. Many consumers don&#8217;t know how mobile wallet providers use their data. Dispute resolution is another area of concern. A third compliance issue is that a mobile phone can become an access device once the consumer uses it for debit card transactions. Some wallet providers are not aware of the Reg. E requirements on access devices.<\/span><\/p>\n\n\n\n<h3 class=\"wp-block-heading\"><span style=\"font-weight: 400;\">Intelligence artificielle<\/span><\/h3>\n\n\n\n<p><span style=\"font-weight: 400;\">As it rises in popularity, AI is having a real effect on payment processes. For example, it is at the forefront of detecting and preventing fraud. AI has other advantages as well. It helps reduce payment processing time. It can also eradicate human error, saving precious time spent fixing those mistakes.<\/span><\/p>\n\n\n\n<p><span style=\"font-weight: 400;\">Digital payment solutions are becoming increasingly widespread, and smartphone apps are proliferating the payment space. Despite their widespread use, they are not likely to replace cash. Payment technology has already expanded into wearables such as smartwatches. Wearable payments will soon reach the next level. It&#8217;s only a matter of time before they become available in clothing and jewelry. That is when consumers will have the ultimate <a href=\"https:\/\/www.sisinternational.com\/fr\/the-future-of-retail\/\" title=\"The Future of Retail\"  data-wpil-monitor-id=\"1388\">retail experience of the future<\/a>.<\/span><\/p>\n\n\n\n<h2 class=\"wp-block-heading\"><strong>Opportunit\u00e9s sur le march\u00e9 des technologies de paiement&nbsp;<\/strong><\/h2>\n\n\n\n<p><span style=\"font-weight: 400;\">Sur le march\u00e9 des technologies de paiement en constante \u00e9volution, de nombreuses opportunit\u00e9s attendent les entreprises cherchant \u00e0 innover et \u00e0 prosp\u00e9rer. Certaines des perspectives les plus int\u00e9ressantes sur lesquelles les entreprises peuvent capitaliser sont les suivantes\u00a0:<\/span><\/p>\n\n\n\n<p><b> \u2022 Expanding Digital Payment Ecosystems: By expanding their offerings, businesses can take advantage of the growing demand for digital payment solutions<\/b><span style=\"font-weight: 400;\">.&nbsp;<\/span><\/p>\n\n\n\n<p><b> \u2022 Int\u00e9gration du commerce \u00e9lectronique\u00a0:<\/b><span style=\"font-weight: 400;\"> Avec l\u2019essor des achats en ligne, les entreprises peuvent saisir les opportunit\u00e9s offertes par les solutions de paiement du commerce \u00e9lectronique. Le d\u00e9veloppement de passerelles de paiement conviviales, de processus de paiement s\u00e9curis\u00e9s et d&#039;exp\u00e9riences d&#039;achat innovantes peuvent am\u00e9liorer la satisfaction et la fid\u00e9lisation des clients.<\/span><\/p>\n\n\n\n<p><b> \u2022 Solutions de paiement IoT\u00a0:<\/b><span style=\"font-weight: 400;\"> As the Internet of Things (IoT) expands, businesses can explore IoT payment solutions. These include enabling devices to make autonomous payments for consumables or services and creating new revenue streams.<\/span><\/p>\n\n\n\n<p><b>\u2022 Solutions Regtech et conformit\u00e9\u00a0:<\/b><span style=\"font-weight: 400;\"> Les entreprises peuvent explorer les opportunit\u00e9s li\u00e9es aux technologies r\u00e9glementaires (regtech) et aux solutions de conformit\u00e9. Fournir des outils qui rationalisent la conformit\u00e9 r\u00e9glementaire pour d\u2019autres entreprises peut constituer un cr\u00e9neau pr\u00e9cieux.<\/span><\/p>\n\n\n\n<h2 class=\"wp-block-heading\">\u00c9tude de march\u00e9 sur les technologies de paiement<\/h2>\n\n\n\n<p>SIS FinTech Research and Strategy Consulting propose :<\/p>\n\n\n\n<ul class=\"wp-block-list\">\n<li>Analyse comp\u00e9titive<\/li>\n\n\n\n<li><a href=\"https:\/\/www.sisinternational.com\/fr\/couverture\/etude-de-marche-en-asie\/etude-de-marche-en-nouvelle-caledonie\/\" title=\"Etude de march\u00e9 en Nouvelle-Cal\u00e9donie\"  data-wpil-monitor-id=\"4073\">Recherche d\u2019opportunit\u00e9s de march\u00e9 et d\u2019entr\u00e9e<\/a><\/li>\n\n\n\n<li>Groupes de discussion<\/li>\n\n\n\n<li>Entretiens clients<\/li>\n\n\n\n<li>Recherche de conception<\/li>\n\n\n\n<li>Recherche d&#039;utilisabilit\u00e9<\/li>\n<\/ul>\n\n\n\n<h2 class=\"wp-block-heading\">Notre emplacement \u00e0 New York<\/h2>\n\n\n\n<p>  <iframe loading=\"lazy\" src=\"https:\/\/www.google.com\/maps\/embed?pb=!1m18!1m12!1m3!1d3022.976188376966!2d-73.99130312499956!3d40.740549471389315!2m3!1f0!2f0!3f0!3m2!1i1024!2i768!4f13.1!3m3!1m2!1s0x89c259a15798c731%3A0xd695d09bdd495f25!2s11%20E%2022nd%20St%20FL%202%2C%20New%20York%2C%20NY%2010010%2C%20USA!5e0!3m2!1sen!2spe!4v1726171763526!5m2!1sen!2spe\" width=\"600\" height=\"450\" allowfullscreen=\"allowfullscreen\" data-mce-fragment=\"1\"><\/iframe>  <\/p>\n\n\n\n<h3 class=\"wp-block-heading\">11 E 22nd Street, \u00e9tage 2, New York, NY 10010 T\u00e9l. : +1(212) 505-6805<\/h3>\n\n\n\n<hr class=\"wp-block-separator has-alpha-channel-opacity\"\/>\n\n\n\n<h2 class=\"wp-block-heading\"><span style=\"font-weight: 400;\">\u00c0 propos de SIS International<\/span><\/h2>\n\n\n\n<p><a href=\"https:\/\/www.sisinternational.com\/fr\/\"><span style=\"font-weight: 400;\">SIS International<\/span><\/a><span style=\"font-weight: 400;\"> propose des recherches quantitatives, qualitatives et strat\u00e9giques. Nous fournissons des donn\u00e9es, des outils, des strat\u00e9gies, des rapports et des informations pour la prise de d\u00e9cision. Nous menons \u00e9galement des entretiens, des enqu\u00eates, des groupes de discussion et d\u2019autres m\u00e9thodes et approches d\u2019\u00e9tudes de march\u00e9.<\/span><a href=\"https:\/\/www.sisinternational.com\/fr\/a-propos-de-la-recherche-internationale-sis\/contact-sis-international-market-research\/\"><span style=\"font-weight: 400;\"> Contactez nous<\/span><\/a><span style=\"font-weight: 400;\"> pour votre prochain projet d&#039;\u00e9tude de march\u00e9.<\/span><\/p>\n\n\n\n<p><\/p>","protected":false},"excerpt":{"rendered":"<p>SIS FinTech Research and Strategy propose des solutions compl\u00e8tes d\u2019\u00e9tudes de march\u00e9 sur les technologies de paiement. Apprenez-en davantage sur la recherche sur les technologies de paiement.<\/p>","protected":false},"author":1,"featured_media":64890,"parent":27462,"menu_order":11,"comment_status":"closed","ping_status":"closed","template":"","meta":{"footnotes":""},"class_list":["post-28329","page","type-page","status-publish","has-post-thumbnail"],"_links":{"self":[{"href":"https:\/\/www.sisinternational.com\/fr\/wp-json\/wp\/v2\/pages\/28329","targetHints":{"allow":["GET"]}}],"collection":[{"href":"https:\/\/www.sisinternational.com\/fr\/wp-json\/wp\/v2\/pages"}],"about":[{"href":"https:\/\/www.sisinternational.com\/fr\/wp-json\/wp\/v2\/types\/page"}],"author":[{"embeddable":true,"href":"https:\/\/www.sisinternational.com\/fr\/wp-json\/wp\/v2\/users\/1"}],"replies":[{"embeddable":true,"href":"https:\/\/www.sisinternational.com\/fr\/wp-json\/wp\/v2\/comments?post=28329"}],"version-history":[{"count":14,"href":"https:\/\/www.sisinternational.com\/fr\/wp-json\/wp\/v2\/pages\/28329\/revisions"}],"predecessor-version":[{"id":80105,"href":"https:\/\/www.sisinternational.com\/fr\/wp-json\/wp\/v2\/pages\/28329\/revisions\/80105"}],"up":[{"embeddable":true,"href":"https:\/\/www.sisinternational.com\/fr\/wp-json\/wp\/v2\/pages\/27462"}],"wp:featuredmedia":[{"embeddable":true,"href":"https:\/\/www.sisinternational.com\/fr\/wp-json\/wp\/v2\/media\/64890"}],"wp:attachment":[{"href":"https:\/\/www.sisinternational.com\/fr\/wp-json\/wp\/v2\/media?parent=28329"}],"curies":[{"name":"wp","href":"https:\/\/api.w.org\/{rel}","templated":true}]}}