{"id":28164,"date":"2018-10-21T02:45:07","date_gmt":"2018-10-21T02:45:07","guid":{"rendered":"https:\/\/www.sisinternational.com\/?page_id=28164"},"modified":"2026-01-27T15:25:26","modified_gmt":"2026-01-27T20:25:26","slug":"etude-de-marche-sur-les-energies-renouvelables","status":"publish","type":"page","link":"https:\/\/www.sisinternational.com\/fr\/competence\/etude-de-marche-sur-les-energies-renouvelables\/","title":{"rendered":"\u00c9tude de march\u00e9 sur les \u00e9nergies renouvelables"},"content":{"rendered":"<h1 class=\"wp-block-heading\"><span style=\"font-weight: 400;\">\u00c9tude de march\u00e9 sur les \u00e9nergies renouvelables<\/span><\/h1>\n\n\n\n<figure class=\"gb-block-image gb-block-image-6e18c778\"><img loading=\"lazy\" decoding=\"async\" width=\"1456\" height=\"816\" class=\"gb-image gb-image-6e18c778\" src=\"https:\/\/www.sisinternational.com\/wp-content\/uploads\/2025\/08\/Renewable-energy-2.jpg\" alt=\"\u00c9tudes de march\u00e9 et strat\u00e9gie internationales SIS\" title=\"Renewable energy (2)\" srcset=\"https:\/\/www.sisinternational.com\/wp-content\/uploads\/2025\/08\/Renewable-energy-2.jpg 1456w, https:\/\/www.sisinternational.com\/wp-content\/uploads\/2025\/08\/Renewable-energy-2-300x168.jpg 300w, https:\/\/www.sisinternational.com\/wp-content\/uploads\/2025\/08\/Renewable-energy-2-1024x574.jpg 1024w, https:\/\/www.sisinternational.com\/wp-content\/uploads\/2025\/08\/Renewable-energy-2-768x430.jpg 768w, https:\/\/www.sisinternational.com\/wp-content\/uploads\/2025\/08\/Renewable-energy-2-18x10.jpg 18w\" sizes=\"auto, (max-width: 1456px) 100vw, 1456px\"><\/figure>\n\n\n\n<p><\/p>\n\n\n\n<h2 class=\"wp-block-heading\">The renewable energy market is one of the fastest-growing industries in the United States and in many parts of the world.<\/h2>\n\n\n\n<h2 class=\"wp-block-heading\">\u00c9tude de march\u00e9 sur l\u2019\u00e9nergie solaire<\/h2>\n\n\n\n<p>SIS actively conducts B2B and B2C interviews regarding installations, new product concepts, and attitude, behavior, and usage tests.\u00a0 We have conduct Solar Energy Market Research across the United States, Europe, the Middle East and Asia.<\/p>\n\n\n\n<h2 class=\"wp-block-heading\">\u00c9tude de march\u00e9 sur l\u2019\u00e9nergie nucl\u00e9aire<\/h2>\n\n\n\n<figure class=\"gb-block-image gb-block-image-a7b99f9d\"><img loading=\"lazy\" decoding=\"async\" width=\"1456\" height=\"816\" class=\"gb-image gb-image-a7b99f9d\" src=\"https:\/\/www.sisinternational.com\/wp-content\/uploads\/2025\/08\/NUclear-plant-nuclear-power-3.jpg\" srcset=\"https:\/\/www.sisinternational.com\/wp-content\/uploads\/2025\/08\/NUclear-plant-nuclear-power-3.jpg 1456w, https:\/\/www.sisinternational.com\/wp-content\/uploads\/2025\/08\/NUclear-plant-nuclear-power-3-300x168.jpg 300w, https:\/\/www.sisinternational.com\/wp-content\/uploads\/2025\/08\/NUclear-plant-nuclear-power-3-1024x574.jpg 1024w, https:\/\/www.sisinternational.com\/wp-content\/uploads\/2025\/08\/NUclear-plant-nuclear-power-3-768x430.jpg 768w, https:\/\/www.sisinternational.com\/wp-content\/uploads\/2025\/08\/NUclear-plant-nuclear-power-3-18x10.jpg 18w\" sizes=\"auto, (max-width: 1456px) 100vw, 1456px\" alt=\"\u00c9tudes de march\u00e9 et strat\u00e9gie internationales SIS\"><\/figure>\n\n\n\n<p><\/p>\n\n\n\n<p>SIS conducts expert interviews in the Nuclear Energy Market.\u00a0 We have conducted Expert and Policy Research interviews across the United States for companies interested in understanding the changing opinions regarding Nuclear Energy.<\/p>\n\n\n\n<p>Our senior research team conducts high-level discussions and interviews in the Nuclear Energy industry to engage and explore decision-making processes, policy responses, and other nuances.<\/p>\n\n\n\n<h2 class=\"wp-block-heading\">\u00c9tude de march\u00e9 sur l\u2019\u00e9nergie \u00e9olienne<\/h2>\n\n\n\n<p><span style=\"font-weight: 400;\">SIS International Research conducted telephone interviews with turbine experts, including\u00a0Procurement Directors, Wind Turbine Engineers, Wind Farm Owners, and Third Party Turbine Engineers. \u00a0Through these interviews, we discovered various trends in the power sector. These trends range from the communication habits of turbine industry professions to the recent growth of the industry, to the impacts of domestic policy and international trade.\u00a0 The following is a recent case study in which we spoke with Wind Energy Experts and Engineers worldwide to develop new messaging campaigns for our clients.<\/span><\/p>\n\n\n\n<h3 class=\"wp-block-heading\">4 points cl\u00e9s \u00e0 retenir\u00a0:<\/h3>\n\n\n\n<ul class=\"wp-block-list\">\n<li>L&#039;industrie des turbines conna\u00eet actuellement une croissance importante<\/li>\n\n\n\n<li>L\u2019incertitude concernant le commerce international et la politique int\u00e9rieure affectera consid\u00e9rablement l\u2019industrie.<\/li>\n\n\n\n<li>Les experts du secteur des \u00e9oliennes partagent de nombreux traits, notamment la ponctualit\u00e9, de lourdes charges de travail et une profonde passion pour leur travail.<\/li>\n\n\n\n<li><a href=\"https:\/\/www.sisinternational.com\/fr\/comment-elaborer-des-recherches-sur-la-culture-japonaise\/\" title=\"Comment cr\u00e9er des recherches pour le Japon\u00a0; La culture, \u00e7a compte !\"  data-wpil-monitor-id=\"7361\">Cultural differences make gathering research in Asia<\/a> difficult.<\/li>\n<\/ul>\n\n\n\n<h2 class=\"wp-block-heading\">L\u2019industrie \u00e9olienne<\/h2>\n\n\n\n<p><span style=\"font-weight: 400;\">Through our <a class=\"wpil_keyword_link\" href=\"https:\/\/www.sisinternational.com\/fr\/comment-mener-une-recherche-documentaire-efficace\/\"   title=\"Comment mener une recherche documentaire efficace\" data-wpil-keyword-link=\"linked\"  data-wpil-monitor-id=\"765\">recherche documentaire<\/a>, we discovered that wind energy has been enjoying exceptional growth in recent years.&nbsp; F<\/span><span style=\"font-weight: 400;\">Les armateurs et les \u00e9leveurs aux \u00c9tats-Unis ont re\u00e7u des centaines de millions de dollars en loyers pour l&#039;h\u00e9bergement des \u00e9oliennes. Il s\u2019agit d\u2019une industrie qui est pr\u00eate \u00e0 conna\u00eetre une croissance importante, car de nombreux \u00c9tats comme l\u2019Iowa, le Kansas, le Dakota du Sud et l\u2019Oklahoma d\u00e9pendent d\u00e9j\u00e0 largement de l\u2019\u00e9nergie \u00e9olienne \u2013 chacun de ces \u00c9tats g\u00e9n\u00e8re d\u00e9sormais plus d\u2019un quart de toute son \u00e9lectricit\u00e9 \u00e0 partir de l\u2019\u00e9nergie \u00e9olienne. &nbsp;<\/span><\/p>\n\n\n\n<p><span style=\"font-weight: 400;\">Nous avons \u00e9galement explor\u00e9 l&#039;avenir de l&#039;industrie et la fa\u00e7on dont elle r\u00e9agira aux<\/span><span style=\"font-weight: 400;\"> le gouvernement am\u00e9ricain<\/span><span style=\"font-weight: 400;\">&nbsp;push for more LNG (Liquified Natural Gas) turbines. &nbsp;Europe is currently becoming a massive buyer of US LNG. In a recent meeting aimed at averting a transatlantic trade war, the head of the European Commission told the United States that Europe currently has a plan in place to build more terminals to import U.S. LNG.&nbsp; &nbsp;LNG imports to Europe are set to increase substantially, though political shifts can quickly impact the energy market. &nbsp;It will be very interesting to follow this industry and observe how it reacts to changes in international trade, as well as policy developments in the US and elsewhere. <\/span><\/p>\n\n\n\n<h2 class=\"wp-block-heading\"><span style=\"font-weight: 400;\"><figure><span style=\"font-family: inherit; font-style: inherit; background-color: rgb(255, 255, 255);\">Nos entretiens ont r\u00e9v\u00e9l\u00e9 de nombreuses tendances int\u00e9ressantes concernant les personnes travaillant dans l&#039;industrie des \u00e9oliennes. <\/span><\/figure><\/span><\/h2>\n\n\n\n<figure class=\"gb-block-image gb-block-image-43942e5d\"><img loading=\"lazy\" decoding=\"async\" width=\"1456\" height=\"816\" class=\"gb-image gb-image-43942e5d\" src=\"https:\/\/www.sisinternational.com\/wp-content\/uploads\/2025\/08\/Renewable-energy-3.jpg\" alt=\"\u00c9tudes de march\u00e9 et strat\u00e9gie internationales SIS\" title=\"Renewable energy (3)\" srcset=\"https:\/\/www.sisinternational.com\/wp-content\/uploads\/2025\/08\/Renewable-energy-3.jpg 1456w, https:\/\/www.sisinternational.com\/wp-content\/uploads\/2025\/08\/Renewable-energy-3-300x168.jpg 300w, https:\/\/www.sisinternational.com\/wp-content\/uploads\/2025\/08\/Renewable-energy-3-1024x574.jpg 1024w, https:\/\/www.sisinternational.com\/wp-content\/uploads\/2025\/08\/Renewable-energy-3-768x430.jpg 768w, https:\/\/www.sisinternational.com\/wp-content\/uploads\/2025\/08\/Renewable-energy-3-18x10.jpg 18w\" sizes=\"auto, (max-width: 1456px) 100vw, 1456px\"><\/figure>\n\n\n\n<p><\/p>\n\n\n\n<p><span style=\"font-weight: 400;\">Le premier \u00e9tait le grand nombre de r\u00e9pondants qui souhaitaient participer, mais ne pouvaient pas sacrifier le temps n\u00e9cessaire pour terminer les entretiens. Cela refl\u00e8te la demande de l\u2019industrie ainsi que le d\u00e9vouement de ceux qui y travaillent. Le fil conducteur parmi ceux qui ont pu participer \u00e9tait une passion incroyable. Chaque r\u00e9pondant \u00e9tait tr\u00e8s passionn\u00e9 par son travail dans l&#039;industrie des \u00e9oliennes, ce qui les a amen\u00e9s \u00e0 nous fournir de nombreuses informations pr\u00e9cieuses. <\/span><\/p>\n\n\n\n<p><span style=\"font-weight: 400;\">The second trend we observed was stark cultural differences. It was much more difficult to engage respondents from Asia, specifically China.&nbsp; Relationship building was more important in communicating with experts and engineers in China than in other countries. This more personal method of contact seemed to alleviate many concerns.&nbsp; In contrast, professionals in both the United Kingdom and the United States were easier to contact and more forthcoming in their responses. <\/span><\/p>\n\n\n\n<p><span style=\"font-weight: 400;\">The third trend we observed was similar behavior and habits among the engineers we contacted. Many were very structured in their personal habits, priding themselves particularly on punctuality. &nbsp;They also followed protocols extremely well. This manifested in our research through exceptionally smooth interviews. Normal minor issues such as technical difficulties with the teleconference were eliminated, giving our respondents more time to respond to our inquiries in extensive detail.<\/span><\/p>\n\n\n\n<h2 class=\"wp-block-heading\">Comment atteindre les d\u00e9cideurs \u00e9nerg\u00e9tiques<\/h2>\n\n\n\n<p><span style=\"font-weight: 400;\">Atteindre des experts qualifi\u00e9s dans ce secteur peut \u00eatre un d\u00e9fi. Il est int\u00e9ressant de noter que les ing\u00e9nieurs tiers en turbines \u00e9taient les plus dispos\u00e9s \u00e0 parler avec nous, tandis que les experts les plus difficiles \u00e0 joindre \u00e9taient ceux des achats.<\/span><\/p>\n\n\n\n<p><span style=\"font-weight: 400;\">With the rise of calls to curb greenhouse gas emissions, concerns of Fossil Fuel supply and demand, and climate change, primes the wind turbine industry has seen explosive growth. Companies should ensure that relatively short-term changes in the political environment that affect the industry do not cloud this long-term outlook. <\/span><\/p>\n\n\n\n<p><span style=\"font-weight: 400;\">Based on our research, we believe the industry as a whole is well-positioned to take advantage of the growth opportunities available. Experts in the field are exceptionally passionate, hardworking, and efficient. Companies should take steps to ensure that their employees continue to work at an optimal level to avoid burnout. Additionally, as we found many industry professionals to be adept at executing formal protocols, companies should make sure that their processes are as efficient as possible. <\/span><\/p>\n\n\n\n<p><span style=\"font-weight: 400;\">Finally, given the large number<\/span> of respondents who cited confidentiality concerns when speaking to us, we believe players in this industry should evaluate having more open communication and cooperation. Cooperative relationships could help companies to hedge against short-term risks, while promoting innovation and fueling long-term<span style=\"font-weight: 400;\"> gains. <\/span><\/p>\n\n\n\n<p><span style=\"font-weight: 400;\">Many factors including the current geopolitical climate are generating a lot of uncertainty across many industries, including the wind turbine industry. However, we firmly believe the long-term growth prospects strongly outweigh the short-term tumult. It is an exciting time to be involved in wind power. <\/span><\/p>\n\n\n\n<h2 class=\"wp-block-heading\">\u00c0 propos de l\u2019\u00e9tude de march\u00e9 SIS sur les \u00e9nergies renouvelables<\/h2>\n\n\n\n<p>SIS International Research is a leading <a class=\"wpil_keyword_link\" href=\"https:\/\/www.sisinternational.com\/fr\/\"   title=\"Accueil\" data-wpil-keyword-link=\"linked\"  data-wpil-monitor-id=\"461\">\u00e9tude de march\u00e9 mondiale<\/a> firm.&nbsp; We provide Consumer and B2B <a class=\"wpil_keyword_link\" href=\"https:\/\/www.sisinternational.com\/fr\/couverture\/les-ameriques\/couverture-des-etats-unis\/etude-de-marche-aux-etats-unis\/\"   title=\"Etude de march\u00e9 aux \u00c9tats-Unis\" data-wpil-keyword-link=\"linked\"  data-wpil-monitor-id=\"459\">Etude de march\u00e9 aux \u00c9tats-Unis<\/a>, Europe, the Middle East, Asia and Africa.&nbsp; SIS also has a leading Strategy Research team that provides Market Opportunity\/Entry\/Sizing, Competitive Analysis, Trend Tracking, Industry Intelligence, <a class=\"wpil_keyword_link\" href=\"https:\/\/www.sisinternational.com\/fr\/solutions\/innovation\/\"   title=\"Innovation Recherche\" data-wpil-keyword-link=\"linked\"  data-wpil-monitor-id=\"460\">Innovation Recherche<\/a> and Go To Market Strategy.<\/p>\n\n\n\n<h2 class=\"wp-block-heading\"><a href=\"https:\/\/www.sisinternational.com\/fr\/about-sis\/contact-sis-international-market-research\/\">Contactez-nous pour votre prochain projet d\u2019\u00e9tude de march\u00e9 sur les \u00e9nergies renouvelables.<\/a><\/h2>\n\n\n\n<p><\/p>","protected":false},"excerpt":{"rendered":"<p>Les \u00e9nergies renouvelables, solaires et \u00e9oliennes connaissent une croissance rapide dans de nombreuses r\u00e9gions du monde. Apprenez-en davantage sur les \u00e9tudes de march\u00e9 sur les \u00e9nergies renouvelables.<\/p>","protected":false},"author":1,"featured_media":64867,"parent":14514,"menu_order":37,"comment_status":"closed","ping_status":"closed","template":"","meta":{"footnotes":""},"class_list":["post-28164","page","type-page","status-publish","has-post-thumbnail"],"_links":{"self":[{"href":"https:\/\/www.sisinternational.com\/fr\/wp-json\/wp\/v2\/pages\/28164","targetHints":{"allow":["GET"]}}],"collection":[{"href":"https:\/\/www.sisinternational.com\/fr\/wp-json\/wp\/v2\/pages"}],"about":[{"href":"https:\/\/www.sisinternational.com\/fr\/wp-json\/wp\/v2\/types\/page"}],"author":[{"embeddable":true,"href":"https:\/\/www.sisinternational.com\/fr\/wp-json\/wp\/v2\/users\/1"}],"replies":[{"embeddable":true,"href":"https:\/\/www.sisinternational.com\/fr\/wp-json\/wp\/v2\/comments?post=28164"}],"version-history":[{"count":6,"href":"https:\/\/www.sisinternational.com\/fr\/wp-json\/wp\/v2\/pages\/28164\/revisions"}],"predecessor-version":[{"id":81005,"href":"https:\/\/www.sisinternational.com\/fr\/wp-json\/wp\/v2\/pages\/28164\/revisions\/81005"}],"up":[{"embeddable":true,"href":"https:\/\/www.sisinternational.com\/fr\/wp-json\/wp\/v2\/pages\/14514"}],"wp:featuredmedia":[{"embeddable":true,"href":"https:\/\/www.sisinternational.com\/fr\/wp-json\/wp\/v2\/media\/64867"}],"wp:attachment":[{"href":"https:\/\/www.sisinternational.com\/fr\/wp-json\/wp\/v2\/media?parent=28164"}],"curies":[{"name":"wp","href":"https:\/\/api.w.org\/{rel}","templated":true}]}}