{"id":27891,"date":"2018-09-12T18:18:12","date_gmt":"2018-09-12T18:18:12","guid":{"rendered":"https:\/\/www.sisinternational.com\/?page_id=27891"},"modified":"2025-09-11T23:56:17","modified_gmt":"2025-09-12T03:56:17","slug":"traduction-et-transcription","status":"publish","type":"page","link":"https:\/\/www.sisinternational.com\/fr\/solutions\/traduction-et-transcription\/","title":{"rendered":"Services de traduction et de transcription"},"content":{"rendered":"<h1 class=\"wp-block-heading\">Services de traduction et de transcription<\/h1>\n\n\n\n<figure class=\"gb-block-image gb-block-image-f136b8a1\"><img loading=\"lazy\" decoding=\"async\" width=\"1456\" height=\"816\" class=\"gb-image gb-image-f136b8a1\" src=\"https:\/\/www.sisinternational.com\/wp-content\/uploads\/2025\/08\/Focus-group-meeting-3.jpg\" alt=\"\u00c9tudes de march\u00e9 et strat\u00e9gie internationales SIS\" title=\"Focus group &amp; meeting (3)\" srcset=\"https:\/\/www.sisinternational.com\/wp-content\/uploads\/2025\/08\/Focus-group-meeting-3.jpg 1456w, https:\/\/www.sisinternational.com\/wp-content\/uploads\/2025\/08\/Focus-group-meeting-3-300x168.jpg 300w, https:\/\/www.sisinternational.com\/wp-content\/uploads\/2025\/08\/Focus-group-meeting-3-1024x574.jpg 1024w, https:\/\/www.sisinternational.com\/wp-content\/uploads\/2025\/08\/Focus-group-meeting-3-768x430.jpg 768w, https:\/\/www.sisinternational.com\/wp-content\/uploads\/2025\/08\/Focus-group-meeting-3-18x10.jpg 18w\" sizes=\"auto, (max-width: 1456px) 100vw, 1456px\"><\/figure>\n\n\n\n<h2 class=\"wp-block-heading\">&nbsp;<\/h2>\n\n\n\n<p><\/p>\n\n\n\n<h2 class=\"wp-block-heading\">&nbsp;Solutions<\/h2>\n\n\n\n<hr class=\"wp-block-separator has-alpha-channel-opacity is-style-dots\"\/>\n\n\n\n<!-- Page-list plugin v.5.9 wordpress.org\/plugins\/page-list\/ -->\n<div class=\"page-list page-list-ext page-list-cols-2\">\n<div class=\"page-list-ext-item\"><div class=\"page-list-ext-image\"><a href=\"https:\/\/www.sisinternational.com\/fr\/solutions\/traduction-et-transcription\/services-de-traduction-et-de-transcription-en-allemand\/\" title=\"Services de traduction et de transcription en allemand\"><img decoding=\"async\" src=\"https:\/\/www.sisinternational.com\/wp-content\/uploads\/2025\/09\/Germany-4-1-150x150.jpg\" width=\"150\" alt=\"Services de traduction et de transcription en allemand\" \/><\/a><\/div> <h3 class=\"page-list-ext-title\"><a href=\"https:\/\/www.sisinternational.com\/fr\/solutions\/traduction-et-transcription\/services-de-traduction-et-de-transcription-en-allemand\/\" title=\"Services de traduction et de transcription en allemand\">Services de traduction et de transcription en allemand<\/a><\/h3><div class=\"page-list-ext-item-content\">SIS International fournit des services de traduction et de transcription en allemand pour une vari\u00e9t\u00e9 d&#039;industries et de clients.<\/div><\/div>\n<div class=\"page-list-ext-item\"><div class=\"page-list-ext-image\"><a href=\"https:\/\/www.sisinternational.com\/fr\/solutions\/traduction-et-transcription\/services-de-traduction-et-de-transcription-en-espagnol\/\" title=\"Traduction et transcription espagnole\"><img decoding=\"async\" src=\"https:\/\/www.sisinternational.com\/wp-content\/uploads\/2025\/09\/Spain-3-150x150.jpg\" width=\"150\" alt=\"Traduction et transcription espagnole\" \/><\/a><\/div> <h3 class=\"page-list-ext-title\"><a href=\"https:\/\/www.sisinternational.com\/fr\/solutions\/traduction-et-transcription\/services-de-traduction-et-de-transcription-en-espagnol\/\" title=\"Traduction et transcription espagnole\">Traduction et transcription espagnole<\/a><\/h3><div class=\"page-list-ext-item-content\">SIS International Research fournit des services de traduction et de transcription en espagnol pr\u00e9cis, r\u00e9actifs et rapides. En savoir plus sur la traduction espagnole.<\/div><\/div>\n<div class=\"page-list-ext-item\"><div class=\"page-list-ext-image\"><a href=\"https:\/\/www.sisinternational.com\/fr\/solutions\/traduction-et-transcription\/traduction-et-transcription-en-chinois-mandarin\/\" title=\"Traduction et transcription en chinois mandarin\"><img decoding=\"async\" src=\"https:\/\/www.sisinternational.com\/wp-content\/uploads\/2025\/09\/Market-Entry-Consulting-in-China-4-150x150.jpg\" width=\"150\" alt=\"Traduction et transcription en chinois mandarin\" \/><\/a><\/div> <h3 class=\"page-list-ext-title\"><a href=\"https:\/\/www.sisinternational.com\/fr\/solutions\/traduction-et-transcription\/traduction-et-transcription-en-chinois-mandarin\/\" title=\"Traduction et transcription en chinois mandarin\">Traduction et transcription en chinois mandarin<\/a><\/h3><div class=\"page-list-ext-item-content\">Le chinois mandarin est la langue la plus parl\u00e9e dans le monde. Apprenez-en davantage sur les services de traduction et de transcription en chinois mandarin de SIS.<\/div><\/div>\n<div class=\"page-list-ext-item\"><div class=\"page-list-ext-image\"><a href=\"https:\/\/www.sisinternational.com\/fr\/solutions\/traduction-et-transcription\/transcription-detudes-de-marche\/\" title=\"Transcription d&#039;\u00e9tudes de march\u00e9\"><img decoding=\"async\" src=\"https:\/\/www.sisinternational.com\/wp-content\/uploads\/2025\/09\/Quantitative-research-16-150x150.jpg\" width=\"150\" alt=\"Transcription d&#039;\u00e9tudes de march\u00e9\" \/><\/a><\/div> <h3 class=\"page-list-ext-title\"><a href=\"https:\/\/www.sisinternational.com\/fr\/solutions\/traduction-et-transcription\/transcription-detudes-de-marche\/\" title=\"Transcription d&#039;\u00e9tudes de march\u00e9\">Transcription d&#039;\u00e9tudes de march\u00e9<\/a><\/h3><div class=\"page-list-ext-item-content\">Nous fournissons une transcription d\u2019\u00e9tudes de march\u00e9 rentable et de haute qualit\u00e9.<\/div><\/div>\n\n<\/div>\n\n\n\n<p><\/p>","protected":false},"excerpt":{"rendered":"<p>Nous fournissons des services de traduction et de transcription aux entreprises. En savoir plus sur nos solutions linguistiques.<\/p>","protected":false},"author":1,"featured_media":62665,"parent":14457,"menu_order":19,"comment_status":"closed","ping_status":"closed","template":"","meta":{"footnotes":""},"class_list":["post-27891","page","type-page","status-publish","has-post-thumbnail"],"_links":{"self":[{"href":"https:\/\/www.sisinternational.com\/fr\/wp-json\/wp\/v2\/pages\/27891","targetHints":{"allow":["GET"]}}],"collection":[{"href":"https:\/\/www.sisinternational.com\/fr\/wp-json\/wp\/v2\/pages"}],"about":[{"href":"https:\/\/www.sisinternational.com\/fr\/wp-json\/wp\/v2\/types\/page"}],"author":[{"embeddable":true,"href":"https:\/\/www.sisinternational.com\/fr\/wp-json\/wp\/v2\/users\/1"}],"replies":[{"embeddable":true,"href":"https:\/\/www.sisinternational.com\/fr\/wp-json\/wp\/v2\/comments?post=27891"}],"version-history":[{"count":4,"href":"https:\/\/www.sisinternational.com\/fr\/wp-json\/wp\/v2\/pages\/27891\/revisions"}],"predecessor-version":[{"id":67949,"href":"https:\/\/www.sisinternational.com\/fr\/wp-json\/wp\/v2\/pages\/27891\/revisions\/67949"}],"up":[{"embeddable":true,"href":"https:\/\/www.sisinternational.com\/fr\/wp-json\/wp\/v2\/pages\/14457"}],"wp:featuredmedia":[{"embeddable":true,"href":"https:\/\/www.sisinternational.com\/fr\/wp-json\/wp\/v2\/media\/62665"}],"wp:attachment":[{"href":"https:\/\/www.sisinternational.com\/fr\/wp-json\/wp\/v2\/media?parent=27891"}],"curies":[{"name":"wp","href":"https:\/\/api.w.org\/{rel}","templated":true}]}}