{"id":27873,"date":"2018-09-12T04:18:41","date_gmt":"2018-09-12T04:18:41","guid":{"rendered":"https:\/\/www.sisinternational.com\/?page_id=27873"},"modified":"2026-01-24T18:15:08","modified_gmt":"2026-01-24T23:15:08","slug":"solutions-edtech-de-technologie-educative","status":"publish","type":"page","link":"https:\/\/www.sisinternational.com\/fr\/solutions\/solutions-edtech-de-technologie-educative\/","title":{"rendered":"Solutions technologiques pour l'\u00e9ducation (EdTech)"},"content":{"rendered":"<h1 class=\"wp-block-heading\">SIS EdTech Conseil<\/h1>\n\n\n\n<figure class=\"gb-block-image gb-block-image-47e2da5d\"><img loading=\"lazy\" decoding=\"async\" width=\"1456\" height=\"816\" class=\"gb-image gb-image-47e2da5d\" src=\"https:\/\/www.sisinternational.com\/wp-content\/uploads\/2025\/08\/Education-1.jpg\" alt=\"\u00c9tudes de march\u00e9 et strat\u00e9gie internationales SIS\" title=\"Education (1)\" srcset=\"https:\/\/www.sisinternational.com\/wp-content\/uploads\/2025\/08\/Education-1.jpg 1456w, https:\/\/www.sisinternational.com\/wp-content\/uploads\/2025\/08\/Education-1-300x168.jpg 300w, https:\/\/www.sisinternational.com\/wp-content\/uploads\/2025\/08\/Education-1-1024x574.jpg 1024w, https:\/\/www.sisinternational.com\/wp-content\/uploads\/2025\/08\/Education-1-768x430.jpg 768w, https:\/\/www.sisinternational.com\/wp-content\/uploads\/2025\/08\/Education-1-18x10.jpg 18w\" sizes=\"auto, (max-width: 1456px) 100vw, 1456px\"><\/figure>\n\n\n\n<p><\/p>\n\n\n\n<p>La technologie bouleverse rapidement les secteurs de l\u2019\u00e9ducation et du eLearning en entreprise. Les \u00e9coles, les gouvernements, les entreprises et les entrepreneurs sont tous de nouveaux consommateurs de services et de produits li\u00e9s aux technologies \u00e9ducatives. Pour aider \u00e0 r\u00e9pondre \u00e0 cette demande croissante, SIS International a lanc\u00e9 des services de recherche EdTech et de conseil en strat\u00e9gie.<\/p>\n\n\n\n<h3 class=\"wp-block-heading\">SIS International \u2013 Solutions d\u2019\u00e9tudes de march\u00e9 et de conseil en strat\u00e9gie EdTech\u00a0:<\/h3>\n\n\n\n<ul class=\"wp-block-list\">\n<li><strong>Conseil en innovation<\/strong>\n<ul class=\"wp-block-list\">\n<li>Id\u00e9ation et cr\u00e9ation d&#039;id\u00e9es<\/li>\n\n\n\n<li>Ateliers d&#039;innovation<\/li>\n<\/ul>\n<\/li>\n\n\n\n<li><strong>\u00c9tude de march\u00e9<\/strong>\n<ul class=\"wp-block-list\">\n<li>Collecte de donn\u00e9es et normalisation<\/li>\n\n\n\n<li>Test de nouveaux concepts de produits<\/li>\n\n\n\n<li>Tests d&#039;utilisabilit\u00e9 des applications et des logiciels<\/li>\n<\/ul>\n<\/li>\n\n\n\n<li><strong>Conseil en strat\u00e9gie<\/strong>\n<ul class=\"wp-block-list\">\n<li>Opportunit\u00e9 de march\u00e9, entr\u00e9e et dimensionnement<\/li>\n\n\n\n<li>Aller \u00e0 la strat\u00e9gie de march\u00e9<\/li>\n\n\n\n<li>Analyse comp\u00e9titive<\/li>\n\n\n\n<li>Entr\u00e9e sur le march\u00e9 Asie-Pacifique<\/li>\n\n\n\n<li>Solutions d&#039;apprentissage en ligne pour entreprises<\/li>\n<\/ul>\n<\/li>\n<\/ul>\n\n\n\n<h2 class=\"wp-block-heading\">Exp\u00e9rience de conseil en strat\u00e9gie SIS EdTech<\/h2>\n\n\n\n<figure class=\"gb-block-image gb-block-image-29ae33b9\"><img loading=\"lazy\" decoding=\"async\" width=\"1456\" height=\"816\" class=\"gb-image gb-image-29ae33b9\" src=\"https:\/\/www.sisinternational.com\/wp-content\/uploads\/2025\/08\/Education-2.jpg\" srcset=\"https:\/\/www.sisinternational.com\/wp-content\/uploads\/2025\/08\/Education-2.jpg 1456w, https:\/\/www.sisinternational.com\/wp-content\/uploads\/2025\/08\/Education-2-300x168.jpg 300w, https:\/\/www.sisinternational.com\/wp-content\/uploads\/2025\/08\/Education-2-1024x574.jpg 1024w, https:\/\/www.sisinternational.com\/wp-content\/uploads\/2025\/08\/Education-2-768x430.jpg 768w, https:\/\/www.sisinternational.com\/wp-content\/uploads\/2025\/08\/Education-2-18x10.jpg 18w\" sizes=\"auto, (max-width: 1456px) 100vw, 1456px\" alt=\"\u00c9tudes de march\u00e9 et strat\u00e9gie internationales SIS\"><\/figure>\n\n\n\n<p><\/p>\n\n\n\n<p>EdTech r\u00e9sout les d\u00e9fis \u00e9ducatifs tels que la p\u00e9nurie d\u2019enseignants, la qualit\u00e9 de l\u2019\u00e9ducation et les probl\u00e8mes g\u00e9ographiques. Cela est particuli\u00e8rement vrai dans la r\u00e9gion Asie-Pacifique, qui devrait \u00eatre la plus grande consommatrice d\u2019EdTech.<\/p>\n\n\n\n<p>SIS has launched new Education Tech solutions to help companies capture new opportunities, such as Adaptive Learning, which dynamically tailors learning priorities and difficulty to the learner\u2019s level.&nbsp;The company also launched new Education Tech solutions to capture new opportunities such as Adaptive Learning, which tailors learning priorities and difficulty to the learner\u2019s level.<\/p>\n\n\n\n<p>Chez SIS International, notre approche du conseil en strat\u00e9gie EdTech est ancr\u00e9e dans une compr\u00e9hension approfondie \u00e0 la fois du paysage \u00e9ducatif et des avanc\u00e9es technologiques qui le fa\u00e7onnent.<\/p>\n\n\n\n<p>Nous travaillons en \u00e9troite collaboration avec des \u00e9tablissements d&#039;enseignement, des entreprises technologiques et d&#039;autres parties prenantes pour d\u00e9velopper des strat\u00e9gies sur mesure qui am\u00e9liorent les exp\u00e9riences d&#039;apprentissage, am\u00e9liorent les r\u00e9sultats \u00e9ducatifs et optimisent l&#039;efficacit\u00e9 op\u00e9rationnelle. Nos consultants apportent une riche exp\u00e9rience en analyse de march\u00e9, en exp\u00e9rience utilisateur, en int\u00e9gration de programmes et en gestion du changement, garantissant que nos clients sont bien \u00e9quip\u00e9s pour prendre des d\u00e9cisions \u00e9clair\u00e9es et mettre en \u0153uvre des solutions EdTech efficaces.<\/p>\n\n\n\n<p>Furthermore, SIS already has extensive Market Research and Strategy Consulting experience working in a variety of <a href=\"https:\/\/www.sisinternational.com\/fr\/augmentation-du-secteur-de-leducation-pendant-la-recession\/\" title=\"Augmentation du secteur de l&#039;\u00e9ducation pendant la r\u00e9cession\"  data-wpil-monitor-id=\"1985\">Education industry sectors<\/a>. We have developed core competencies in:<\/p>\n\n\n\n<ul class=\"wp-block-list\">\n<li>Solutions de tableaux blancs num\u00e9riques et de mat\u00e9riel de salle de classe<\/li>\n\n\n\n<li>Formation en ligne en entreprise<\/li>\n\n\n\n<li>Tests p\u00e9dagogiques<\/li>\n\n\n\n<li>Plateformes de syst\u00e8mes de gestion de l&#039;apprentissage (LMS) pour l&#039;\u00e9ducation<\/li>\n<\/ul>\n\n\n\n<p>Chez SIS International, nous comprenons que l&#039;avenir de l&#039;\u00e9ducation est \u00e9troitement li\u00e9 \u00e0 la technologie. Gr\u00e2ce \u00e0 nos services de conseil en strat\u00e9gie EdTech, nous permettons \u00e0 nos clients d\u2019embrasser cet avenir, en cr\u00e9ant des exp\u00e9riences \u00e9ducatives engageantes, accessibles et transformatrices.<\/p>\n\n\n\n<p>SIS International utilise une approche globale et m\u00e9thodique du conseil en strat\u00e9gie EdTech, garantissant que nos clients re\u00e7oivent des informations exploitables et des strat\u00e9gies adapt\u00e9es \u00e0 leurs besoins sp\u00e9cifiques dans le secteur des technologies \u00e9ducatives.<\/p>\n\n\n\n<h3 class=\"wp-block-heading\">Voici un aper\u00e7u de la fa\u00e7on dont nous menons le conseil en strat\u00e9gie EdTech\u00a0:<\/h3>\n\n\n\n<ul class=\"wp-block-list\">\n<li><strong>\u00c9valuation initiale et analyse des besoins\u00a0:<\/strong> Notre processus commence par une \u00e9valuation approfondie de la situation actuelle, des objectifs et des d\u00e9fis du client dans l&#039;espace EdTech. Cela implique de comprendre les objectifs institutionnels du client, le public cible, l&#039;infrastructure technologique et tous les probl\u00e8mes ou aspirations sp\u00e9cifiques qu&#039;il a en mati\u00e8re de technologie \u00e9ducative.<\/li>\n\n\n\n<li><strong>Analyse de l&#039;industrie:<\/strong> Tirant parti de notre vaste expertise en mati\u00e8re de conseil EdTech, nous effectuons une analyse d\u00e9taill\u00e9e du march\u00e9 EdTech, en examinant les tendances du secteur, les strat\u00e9gies des concurrents, les avanc\u00e9es technologiques et les consid\u00e9rations r\u00e9glementaires. Notre objectif est de fournir une compr\u00e9hension globale du paysage dans lequel nos clients op\u00e8rent.<\/li>\n\n\n\n<li><strong>Engagement et commentaires des parties prenantes\u00a0:<\/strong> Nous collaborons avec diverses parties prenantes, notamment des \u00e9ducateurs, des \u00e9tudiants, des experts en technologie et des administrateurs, pour obtenir une vision compl\u00e8te des besoins, des pr\u00e9f\u00e9rences et de la r\u00e9sistance potentielle aux changements technologiques.<\/li>\n\n\n\n<li><strong>Strat\u00e9gie de d\u00e9veloppement:<\/strong> Sur la base de nos d\u00e9couvertes, nous d\u00e9veloppons une strat\u00e9gie EdTech hautement personnalis\u00e9e qui s&#039;aligne sur les objectifs du client. Cette strat\u00e9gie englobe divers aspects tels que la s\u00e9lection et l&#039;int\u00e9gration des technologies, les approches p\u00e9dagogiques, le d\u00e9veloppement de contenu et l&#039;exp\u00e9rience utilisateur. Nous priorisons les strat\u00e9gies innovantes, r\u00e9alisables et \u00e9volutives.<\/li>\n\n\n\n<li><strong>Planification de la mise en \u0153uvre\u00a0:<\/strong> Nous assistons nos clients dans la mise en \u0153uvre des strat\u00e9gies recommand\u00e9es. Cela comprend l&#039;\u00e9tablissement de d\u00e9lais, la d\u00e9finition d&#039;\u00e9tapes cl\u00e9s, l&#039;allocation de ressources et l&#039;identification des risques potentiels et des strat\u00e9gies d&#039;att\u00e9nuation.<\/li>\n\n\n\n<li><strong>Formation et soutien\u00a0:<\/strong> Conscients des d\u00e9fis associ\u00e9s \u00e0 l\u2019adoption de nouvelles technologies, nous proposons des services de formation et d\u2019assistance pour assurer une mise en \u0153uvre fluide. Cela comprend la formation des \u00e9ducateurs et des administrateurs sur les nouvelles technologies telles que l\u2019IA, l\u2019apprentissage automatique et les approches p\u00e9dagogiques \u00e9mergentes.<\/li>\n\n\n\n<li><strong>Contr\u00f4le et \u00e9valuation:<\/strong> Nous suivons les progr\u00e8s et l\u2019impact des initiatives EdTech. Cela implique d&#039;\u00e9valuer l&#039;efficacit\u00e9 de la technologie dans la r\u00e9alisation des objectifs \u00e9ducatifs, d&#039;\u00e9valuer la satisfaction des utilisateurs et d&#039;apporter les ajustements n\u00e9cessaires \u00e0 la strat\u00e9gie.<\/li>\n<\/ul>\n\n\n\n<h3 class=\"wp-block-heading\">L&#039;approche de SIS International en mati\u00e8re d&#039;int\u00e9gration de l&#039;intelligence artificielle (IA) dans l&#039;EdTech est un m\u00e9lange avant-gardiste et strat\u00e9gique de technologie et d&#039;\u00e9ducation. Voici un aper\u00e7u de notre approche\u00a0:<\/h3>\n\n\n\n<ul class=\"wp-block-list\">\n<li><strong>Tirer parti de l\u2019IA pour un apprentissage personnalis\u00e9\u00a0:<\/strong> Au c\u0153ur de notre strat\u00e9gie IA et EdTech se trouve l\u2019utilisation de l\u2019IA pour cr\u00e9er des exp\u00e9riences d\u2019apprentissage personnalis\u00e9es. Cela inclut l\u2019utilisation d\u2019algorithmes d\u2019IA pour analyser les mod\u00e8les d\u2019apprentissage, les pr\u00e9f\u00e9rences et les performances des \u00e9l\u00e8ves, puis l\u2019adaptation du contenu p\u00e9dagogique en cons\u00e9quence. L&#039;objectif est de cr\u00e9er un environnement d&#039;apprentissage qui r\u00e9pond aux besoins individuels de chaque \u00e9l\u00e8ve, rendant l&#039;\u00e9ducation plus engageante et efficace.<\/li>\n\n\n\n<li><strong>Am\u00e9liorer la prise de d\u00e9cision bas\u00e9e sur les donn\u00e9es\u00a0:<\/strong> Nous utilisons l\u2019IA pour collecter et analyser de grands volumes de donn\u00e9es \u00e9ducatives. Cette approche bas\u00e9e sur les donn\u00e9es permet aux \u00e9tablissements d&#039;enseignement d&#039;obtenir des informations pr\u00e9cieuses sur l&#039;engagement des \u00e9tudiants, les r\u00e9sultats d&#039;apprentissage et l&#039;efficacit\u00e9 globale de l&#039;\u00e9ducation.<\/li>\n\n\n\n<li><strong>Rationalisation des processus administratifs\u00a0:<\/strong> L\u2019IA est \u00e9galement utilis\u00e9e pour rationaliser les t\u00e2ches administratives dans les \u00e9tablissements d\u2019enseignement. Cela inclut l&#039;automatisation de la notation, le suivi des pr\u00e9sences et m\u00eame la r\u00e9ponse aux demandes courantes des \u00e9tudiants. En r\u00e9duisant le fardeau administratif, les \u00e9ducateurs peuvent se concentrer davantage sur l\u2019enseignement et l\u2019interaction avec les \u00e9tudiants.<\/li>\n\n\n\n<li><strong>Consid\u00e9rations \u00e9thiques et conformit\u00e9\u00a0:<\/strong> Nous sommes parfaitement conscients des consid\u00e9rations \u00e9thiques et des exigences de conformit\u00e9 li\u00e9es \u00e0 l\u2019IA dans l\u2019\u00e9ducation. Notre approche consiste notamment \u00e0 garantir la confidentialit\u00e9 des donn\u00e9es, \u00e0 lutter contre les biais dans les algorithmes d\u2019IA et \u00e0 maintenir la transparence dans les d\u00e9cisions bas\u00e9es sur l\u2019IA.<\/li>\n\n\n\n<li><strong>D\u00e9veloppement et mise en \u0153uvre collaboratifs\u00a0:<\/strong> We believe in a collaborative approach to developing and implementing AI solutions in education. This involves working closely with educators, administrators, students, and technology <a href=\"https:\/\/www.sisinternational.com\/fr\/solutions\/croissance-mondiale\/approvisionnement-strategique-2\/\" title=\"Solutions d&#039;approvisionnement expertes\"  data-wpil-monitor-id=\"6372\">experts to ensure that the AI solutions<\/a> are effectively integrated into the educational ecosystem.<\/li>\n<\/ul>\n\n\n\n<h2 class=\"wp-block-heading\">Autres services<\/h2>\n\n\n\n<!-- Page-list plugin v.5.9 wordpress.org\/plugins\/page-list\/ -->\n<!-- no pages to show -->\n\n\n\n<h2 class=\"wp-block-heading\">SIS International dispose des ressources n\u00e9cessaires pour vous aider \u00e0 transformer les d\u00e9fis en opportunit\u00e9s.<\/h2>\n\n\n\n<h2 class=\"wp-block-heading\">&nbsp;<\/h2>\n\n\n\n<p class=\"has-text-align-center\"><iframe loading=\"lazy\" style=\"border: 1px solid #CCC; border-width: 1px; margin-bottom: 5px; max-width: 100%;\" src=\"\/\/www.slideshare.net\/slideshow\/embed_code\/key\/aTkZqKDLV7ROVr\" width=\"595\" height=\"485\" frameborder=\"0\" marginwidth=\"0\" marginheight=\"0\" scrolling=\"no\" allowfullscreen=\"allowfullscreen\" data-mce-fragment=\"1\"> <\/iframe><\/p>\n\n\n\n<p><\/p>","protected":false},"excerpt":{"rendered":"<p>SIS fournit des \u00e9tudes de march\u00e9 et des conseils strat\u00e9giques dans le domaine des technologies de l'\u00e9ducation. Ils identifient des solutions dans le domaine de la recherche et du conseil en mati\u00e8re de technologies de l'\u00e9ducation.<\/p>","protected":false},"author":1,"featured_media":62659,"parent":14457,"menu_order":18,"comment_status":"closed","ping_status":"closed","template":"","meta":{"footnotes":""},"class_list":["post-27873","page","type-page","status-publish","has-post-thumbnail"],"_links":{"self":[{"href":"https:\/\/www.sisinternational.com\/fr\/wp-json\/wp\/v2\/pages\/27873","targetHints":{"allow":["GET"]}}],"collection":[{"href":"https:\/\/www.sisinternational.com\/fr\/wp-json\/wp\/v2\/pages"}],"about":[{"href":"https:\/\/www.sisinternational.com\/fr\/wp-json\/wp\/v2\/types\/page"}],"author":[{"embeddable":true,"href":"https:\/\/www.sisinternational.com\/fr\/wp-json\/wp\/v2\/users\/1"}],"replies":[{"embeddable":true,"href":"https:\/\/www.sisinternational.com\/fr\/wp-json\/wp\/v2\/comments?post=27873"}],"version-history":[{"count":6,"href":"https:\/\/www.sisinternational.com\/fr\/wp-json\/wp\/v2\/pages\/27873\/revisions"}],"predecessor-version":[{"id":79957,"href":"https:\/\/www.sisinternational.com\/fr\/wp-json\/wp\/v2\/pages\/27873\/revisions\/79957"}],"up":[{"embeddable":true,"href":"https:\/\/www.sisinternational.com\/fr\/wp-json\/wp\/v2\/pages\/14457"}],"wp:featuredmedia":[{"embeddable":true,"href":"https:\/\/www.sisinternational.com\/fr\/wp-json\/wp\/v2\/media\/62659"}],"wp:attachment":[{"href":"https:\/\/www.sisinternational.com\/fr\/wp-json\/wp\/v2\/media?parent=27873"}],"curies":[{"name":"wp","href":"https:\/\/api.w.org\/{rel}","templated":true}]}}