{"id":27856,"date":"2018-09-11T03:42:51","date_gmt":"2018-09-11T03:42:51","guid":{"rendered":"https:\/\/www.sisinternational.com\/?page_id=27856"},"modified":"2026-03-22T03:04:10","modified_gmt":"2026-03-22T07:04:10","slug":"systemes-de-gestion-de-lapprentissage-etude-de-marche-lms","status":"publish","type":"page","link":"https:\/\/www.sisinternational.com\/fr\/education-market-research\/systemes-de-gestion-de-lapprentissage-etude-de-marche-lms\/","title":{"rendered":"\u00c9tude de march\u00e9 sur les syst\u00e8mes de gestion de l\u2019apprentissage (LMS)"},"content":{"rendered":"<h1 class=\"wp-block-heading p1\"><span class=\"s1\">\u00c9tude de march\u00e9 sur les syst\u00e8mes de gestion de l\u2019apprentissage (LMS)<\/span><\/h1>\n\n\n\n<figure class=\"gb-block-image gb-block-image-9cca2400\"><img loading=\"lazy\" decoding=\"async\" width=\"1456\" height=\"816\" class=\"gb-image gb-image-9cca2400\" src=\"https:\/\/www.sisinternational.com\/wp-content\/uploads\/2025\/08\/Deep-learning-machine-learning-27.jpg\" srcset=\"https:\/\/www.sisinternational.com\/wp-content\/uploads\/2025\/08\/Deep-learning-machine-learning-27.jpg 1456w, https:\/\/www.sisinternational.com\/wp-content\/uploads\/2025\/08\/Deep-learning-machine-learning-27-300x168.jpg 300w, https:\/\/www.sisinternational.com\/wp-content\/uploads\/2025\/08\/Deep-learning-machine-learning-27-1024x574.jpg 1024w, https:\/\/www.sisinternational.com\/wp-content\/uploads\/2025\/08\/Deep-learning-machine-learning-27-768x430.jpg 768w, https:\/\/www.sisinternational.com\/wp-content\/uploads\/2025\/08\/Deep-learning-machine-learning-27-18x10.jpg 18w\" sizes=\"auto, (max-width: 1456px) 100vw, 1456px\" alt=\"\u00c9tudes de march\u00e9 et strat\u00e9gie internationales SIS\"><\/figure>\n\n\n\n<p><\/p>\n\n\n\n<p class=\"p2\"><span class=\"s2\">This era is exciting because everything is evolving. Almost all manual jobs are now fast-becoming computerized. One such task is classroom teaching. Educators no longer have to lecture school groups, or company employees face to face. The days of classroom discussions and handing out course materials are over. What is changing? People are teaching and learning via computer <a href=\"https:\/\/www.sisinternational.com\/fr\/solutions\/recherche-de-conseil-en-strategie-fintech\/conseil-en-etudes-de-marche-en-gestion-de-programmes-fintech\/\" title=\"\u00c9tudes de march\u00e9 et conseil en gestion de programmes FinTech\"  data-wpil-monitor-id=\"11082\">programs or LMS-Learning Management<\/a> Systems.<\/span><\/p>\n\n\n\n<h2 class=\"wp-block-heading p3\"><span class=\"s2\">Qu&#039;est-ce qu&#039;un LMS ?<\/span><\/h2>\n\n\n\n<p class=\"p2\"><span class=\"s2\">LMS are computer software programs. Users can develop training programs and eLearning courses via the Internet for students. &nbsp;Using LMS can be very beneficial to both educators and students. They can choose from many different available applications based on specific requirements. Students learn at their own pace, with monitoring from trainers. Some well known LMS include Tutor, Moodle, and Google Classroom. Blackboard Learning System, eCollege, and WebCT are a few others.<\/span><\/p>\n\n\n\n<h2 class=\"wp-block-heading p3\"><span class=\"s2\">Qui l&#039;utilise ? Pourquoi?<\/span><\/h2>\n\n\n\n<p class=\"p2\"><span class=\"s2\">Toute personne dispensant des formations ou des cours peut utiliser LMS. Elle pr\u00e9sente de nombreux avantages par rapport \u00e0 l\u2019ancienne m\u00e9thode d\u2019enseignement\/apprentissage. Les principaux utilisateurs sont les coll\u00e8ges et les universit\u00e9s. Les soci\u00e9t\u00e9s commerciales utilisent \u00e9galement LMS. Ils sont pr\u00e9cieux pour la formation des employ\u00e9s. Ils dotent les salari\u00e9s des outils n\u00e9cessaires pour exercer leurs capacit\u00e9s professionnelles. LMS est le choix pratique pour beaucoup car il est le plus actuel et le plus \u00e0 jour. \u00c0 l\u2019\u00e8re de l\u2019apprentissage informatique, les \u00e9tudiants sont susceptibles de comprendre rapidement les proc\u00e9dures LMS.<\/span><\/p>\n\n\n\n<h2 class=\"wp-block-heading p3\"><span class=\"s2\">Comment \u00e7a fonctionne<\/span><\/h2>\n\n\n\n<p class=\"p2\"><span class=\"s2\">Generally, LMS allows users to design and manage courses.&nbsp; Professors and teachers can also upload pre-existing courses. Education institutions can distribute coursework and content rapidly to students and professors.&nbsp; Administration staff and teachers can give different levels of access to different people.&nbsp; Once enrollment is complete students have access to course content. Students can also access all other data regarding the completion of the program including the syllabus, teacher bios, course packs, and attachments. Learning Management Systems also allow students to upload assignments, quizzes, and exams.&nbsp; The course designer can generate reports based on students\u2019 performance and development, and efficiently and accurately distribute grading to students.<\/span><\/p>\n\n\n\n<p class=\"p2\"><span class=\"s2\">Les universit\u00e9s ouvertes qui proposent des \u00e9tudes \u00e0 l\u2019\u00e9tranger utilisent LMS. Ces syst\u00e8mes d&#039;apprentissage utilisent un syst\u00e8me de connexion en trois parties\u00a0: administrateur, enseignant et \u00e9tudiant. Un utilisateur administrateur cr\u00e9e le cours. Les enseignants et les \u00e9tudiants, qui sont les principaux utilisateurs, interagissent sur des blogs et des forums. L&#039;enseignant est \u00e9galement en mesure de suivre l&#039;activit\u00e9 des \u00e9l\u00e8ves en ligne.<\/span><\/p>\n\n\n\n<h2 class=\"wp-block-heading p3\"><span class=\"s2\">Opportunit\u00e9s<\/span><\/h2>\n\n\n\n<p class=\"p2\"><span class=\"s2\">Les syst\u00e8mes de gestion de l&#039;apprentissage offrent de nombreuses opportunit\u00e9s aux formateurs et aux apprenants. Ils constituent \u00e9galement une excellente ressource pour les entreprises qui les utilisent.<\/span><\/p>\n\n\n\n<ul class=\"wp-block-list\">\n<li><span class=\"s2\">Les \u00e9tudiants peuvent travailler et \u00e9tudier en m\u00eame temps.<\/span><\/li>\n\n\n\n<li><span class=\"s2\">Formation du personnel \u2013 l\u2019apprentissage est aussi simple qu\u2019un clic.<\/span><\/li>\n\n\n\n<li><span class=\"s2\">La formation professionnelle rend l&#039;\u00e9quipe de travail plus efficace. Les employ\u00e9s peuvent utiliser le temps gagn\u00e9 gr\u00e2ce au LMS dans d&#039;autres domaines rentables.<\/span><\/li>\n\n\n\n<li><span class=\"s2\">Companies can <a href=\"https:\/\/www.sisinternational.com\/fr\/solutions\/solutions-de-recherche-qualitative-et-quantitative\/test-de-produits-educatifs-pour-les-enfants-a-new-york\/\" title=\"Test de produits \u00e9ducatifs pour les enfants \u00e0 New York\"  data-wpil-monitor-id=\"11083\">educate potential customers about products<\/a> and services. LMS offer the option of <a href=\"https:\/\/www.sisinternational.com\/fr\/solutions\/societe-detudes-de-marche-par-echantillonnage-et-sondage-en-ligne\/\" title=\"Enqu\u00eate en ligne \u00c9chantillonnage Soci\u00e9t\u00e9 d&#039;\u00e9tudes de march\u00e9\"  data-wpil-monitor-id=\"11081\">online quizzes and surveys<\/a> to make this process easier.<\/span><\/li>\n\n\n\n<li><span class=\"s2\">Il est plus facile et plus efficace de distribuer le contenu des cours aux \u00e9tudiants. Les universit\u00e9s et les \u00e9tablissements d&#039;enseignement d\u00e9pensent moins d&#039;argent en papier et en installations de formation lorsqu&#039;ils utilisent LMS.<\/span><\/li>\n\n\n\n<li><span class=\"s2\">De nombreux emplois sont disponibles en tant qu&#039;administrateurs, concepteurs de cours, formateurs et tuteurs.<\/span><\/li>\n\n\n\n<li>Les progr\u00e8s du cloud computing ont consid\u00e9rablement am\u00e9lior\u00e9 la qualit\u00e9 et la fonctionnalit\u00e9 des solutions LMS.<\/li>\n<\/ul>\n\n\n\n<h2 class=\"wp-block-heading p3\"><span class=\"s2\">D\u00e9fis<\/span><\/h2>\n\n\n\n<p class=\"p2\"><span class=\"s2\">En revanche, LMS pr\u00e9sente quelques d\u00e9fis. Ces d\u00e9fis peuvent d\u00e9courager les utilisateurs de choisir cette m\u00e9thode d\u2019enseignement. Voici quelques-uns:<\/span><\/p>\n\n\n\n<ul class=\"wp-block-list\">\n<li><span class=\"s2\">Le manque de contact humain peut entra\u00eener une d\u00e9motivation en raison du besoin humain de socialiser.<\/span><\/li>\n\n\n\n<li><span class=\"s2\">En raison du manque d\u2019engagement, les \u00e9tudiants peuvent devenir d\u00e9motiv\u00e9s et s\u2019ennuyer.<\/span><\/li>\n\n\n\n<li><span class=\"s2\">Lack of <a href=\"https:\/\/www.sisinternational.com\/fr\/solutions\/groupes-de-discussion\/focus-group-on-personal-care-products\/\" title=\"Focus Group on Personal Care Products\"  data-wpil-monitor-id=\"11086\">focus<\/a> as students do some studies at home and in personal spaces.<\/span><\/li>\n<\/ul>\n\n\n\n<h2 class=\"wp-block-heading p3\"><span class=\"s2\">Tests d&#039;utilisation<\/span><\/h2>\n\n\n\n<p class=\"p2\"><span class=\"s2\">LMS <a href=\"https:\/\/www.sisinternational.com\/fr\/solutions\/solutions-de-branding-et-de-recherche-client\/tests-dutilisabilite-recherche-ux-utilisateur\/\" title=\"\u00c9tudes de march\u00e9 des utilisateurs et tests d&#039;utilisabilit\u00e9\"  data-wpil-monitor-id=\"11080\">users conduct periodic Usability Tests<\/a> to ensure the integrity of the system. Willing test subjects must go through the entire process. Administrators, Course Designers, and even students must undergo sample testing. This <a href=\"https:\/\/www.sisinternational.com\/fr\/solutions\/solutions-de-branding-et-de-recherche-client\/etude-de-marche-sur-les-tests-de-produits\/societe-detudes-de-marche-de-premier-plan-en-matiere-dutilisabilite\/\" title=\"Usability testing Company\"  data-wpil-monitor-id=\"11084\">testing ensures that the process is usable<\/a> from beginning to end. Testers can identify glitches in the process that can make it unusable, and then file reports. These reports allow the Administrator to go back to the drawing board if necessary.<\/span><\/p>\n\n\n\n<p class=\"p2\"><span class=\"s2\">Les syst\u00e8mes LMS ont red\u00e9fini l&#039;apprentissage. Cela a permis de sortir l\u2019apprentissage des murs de la salle de classe. Parce que l\u2019apprentissage se fait d\u00e9sormais sur Internet, il est plus accessible \u00e0 tous.<\/span><\/p>\n\n\n\n<h2 class=\"wp-block-heading\">\u00c0 propos des \u00e9tudes de march\u00e9 et du conseil SIS EdTech<\/h2>\n\n\n\n<p>SIS International <a href=\"https:\/\/www.sisinternational.com\/fr\/couverture\/etude-de-marche-en-asie\/etudes-de-marche-aux-palaos\/\" title=\"Etude de march\u00e9 aux Palaos\"  data-wpil-monitor-id=\"4070\">Research conducts Market<\/a> Research, Data Collection, and Strategy Research for technology firms, start ups and Educational Institutions.&nbsp; We provide<\/p>\n\n\n\n<ul class=\"wp-block-list\">\n<li>Groupes de discussion<\/li>\n\n\n\n<li>Tests d&#039;utilisation<\/li>\n\n\n\n<li>Enqu\u00eates clients<\/li>\n\n\n\n<li>Recherche Achats &amp; D\u00e9cideurs<\/li>\n\n\n\n<li>\u00c9tude de march\u00e9 B2G<\/li>\n\n\n\n<li>Recherche strat\u00e9gique<\/li>\n\n\n\n<li>\u00c9valuations comp\u00e9titives<\/li>\n\n\n\n<li>Num\u00e9rique <a class=\"wpil_keyword_link\" href=\"https:\/\/www.sisinternational.com\/fr\/solutions\/innovation\/\"   title=\"Innovation Recherche\" data-wpil-keyword-link=\"linked\"  data-wpil-monitor-id=\"462\">Innovation Recherche<\/a><\/li>\n\n\n\n<li>Strategic Market Opportunity, <a href=\"https:\/\/www.sisinternational.com\/fr\/solutions\/conseil-en-strategie\/etudes-de-dimensionnement-de-faisabilite-dentree-sur-le-marche\/\" title=\"\u00c9tudes d\u2019entr\u00e9e sur le march\u00e9, de faisabilit\u00e9 et de dimensionnement\"  data-wpil-monitor-id=\"11085\">Sizing and Entry<\/a> Assessments<\/li>\n<\/ul>\n\n\n\n<p><\/p>","protected":false},"excerpt":{"rendered":"<p>SIS EdTech fournit des \u00e9tudes de march\u00e9, des donn\u00e9es et des recherches strat\u00e9giques pour les secteurs de la technologie et de l&#039;\u00e9ducation. Apprenez-en davantage sur les \u00e9tudes de march\u00e9 sur les syst\u00e8mes de gestion de l\u2019apprentissage.<\/p>","protected":false},"author":1,"featured_media":64405,"parent":84844,"menu_order":1,"comment_status":"closed","ping_status":"closed","template":"","meta":{"footnotes":""},"class_list":["post-27856","page","type-page","status-publish","has-post-thumbnail"],"_links":{"self":[{"href":"https:\/\/www.sisinternational.com\/fr\/wp-json\/wp\/v2\/pages\/27856","targetHints":{"allow":["GET"]}}],"collection":[{"href":"https:\/\/www.sisinternational.com\/fr\/wp-json\/wp\/v2\/pages"}],"about":[{"href":"https:\/\/www.sisinternational.com\/fr\/wp-json\/wp\/v2\/types\/page"}],"author":[{"embeddable":true,"href":"https:\/\/www.sisinternational.com\/fr\/wp-json\/wp\/v2\/users\/1"}],"replies":[{"embeddable":true,"href":"https:\/\/www.sisinternational.com\/fr\/wp-json\/wp\/v2\/comments?post=27856"}],"version-history":[{"count":6,"href":"https:\/\/www.sisinternational.com\/fr\/wp-json\/wp\/v2\/pages\/27856\/revisions"}],"predecessor-version":[{"id":81813,"href":"https:\/\/www.sisinternational.com\/fr\/wp-json\/wp\/v2\/pages\/27856\/revisions\/81813"}],"up":[{"embeddable":true,"href":"https:\/\/www.sisinternational.com\/fr\/wp-json\/wp\/v2\/pages\/84844"}],"wp:featuredmedia":[{"embeddable":true,"href":"https:\/\/www.sisinternational.com\/fr\/wp-json\/wp\/v2\/media\/64405"}],"wp:attachment":[{"href":"https:\/\/www.sisinternational.com\/fr\/wp-json\/wp\/v2\/media?parent=27856"}],"curies":[{"name":"wp","href":"https:\/\/api.w.org\/{rel}","templated":true}]}}