{"id":27829,"date":"2018-09-03T23:53:19","date_gmt":"2018-09-03T23:53:19","guid":{"rendered":"https:\/\/www.sisinternational.com\/?page_id=27829"},"modified":"2025-09-03T18:18:07","modified_gmt":"2025-09-03T22:18:07","slug":"services-de-traduction-et-de-transcription-en-espagnol","status":"publish","type":"page","link":"https:\/\/www.sisinternational.com\/fr\/solutions\/traduction-et-transcription\/services-de-traduction-et-de-transcription-en-espagnol\/","title":{"rendered":"Traduction et transcription espagnole"},"content":{"rendered":"<h1 class=\"wp-block-heading p1\"><span class=\"s1\">Traduction et transcription espagnole<\/span><\/h1>\n\n\n\n<figure class=\"gb-block-image gb-block-image-410ee2c0\"><img loading=\"lazy\" decoding=\"async\" width=\"1456\" height=\"816\" class=\"gb-image gb-image-410ee2c0\" src=\"https:\/\/www.sisinternational.com\/wp-content\/uploads\/2025\/09\/Spain-3.jpg\" alt=\"\u00c9tudes de march\u00e9 et strat\u00e9gie internationales SIS\" title=\"Spain (3)\" srcset=\"https:\/\/www.sisinternational.com\/wp-content\/uploads\/2025\/09\/Spain-3.jpg 1456w, https:\/\/www.sisinternational.com\/wp-content\/uploads\/2025\/09\/Spain-3-300x168.jpg 300w, https:\/\/www.sisinternational.com\/wp-content\/uploads\/2025\/09\/Spain-3-1024x574.jpg 1024w, https:\/\/www.sisinternational.com\/wp-content\/uploads\/2025\/09\/Spain-3-768x430.jpg 768w, https:\/\/www.sisinternational.com\/wp-content\/uploads\/2025\/09\/Spain-3-18x10.jpg 18w\" sizes=\"auto, (max-width: 1456px) 100vw, 1456px\"><\/figure>\n\n\n\n<p><\/p>\n\n\n\n<hr class=\"wp-block-separator has-alpha-channel-opacity is-style-dots\"\/>\n\n\n\n<p class=\"p2\"><span class=\"s1\">It&#8217;s not surprising that Spanish transcription services are in high demand. Spanish is the second most-spoken language in America. SIS International offers several different types of Spanish transcription services. Companies can make use of our Spanish-to-Spanish transcription services. We also provide Spanish-to-English <a href=\"https:\/\/www.sisinternational.com\/fr\/solutions\/traduction-et-transcription\/services-de-traduction-et-de-transcription-en-allemand\/\" title=\"Services de traduction et de transcription en allemand\"  data-wpil-monitor-id=\"6510\">transcription and document translation services<\/a>. Read on for more info about our Spanish transcription services.<\/span><\/p>\n\n\n\n<h2 class=\"wp-block-heading p3\"><span class=\"s1\">The Economic Power of Spanish-Speaking Countries<\/span><\/h2>\n\n\n\n<p class=\"p4\"><span class=\"s1\">L&#039;Espagne est la 14\u00e8me place mondiale<\/span><span class=\"s2\"><sup>\u00e8me<\/sup><\/span><span class=\"s1\"> la plus grande \u00e9conomie en termes de PIB nominal. C&#039;est le cinqui\u00e8me plus grand de l&#039;Union europ\u00e9enne. C\u2019est l\u2019un des principaux pays au monde en mati\u00e8re de d\u00e9veloppement humain. Plusieurs entreprises espagnoles ont acquis une r\u00e9putation de multinationales cr\u00e9dibles. Ce statut leur permet d&#039;op\u00e9rer avec aisance dans les pays d&#039;Am\u00e9rique Latine.<\/span><\/p>\n\n\n\n<p class=\"p2\"><span class=\"s1\">Le pouvoir \u00e9conomique en Am\u00e9rique latine s\u2019est d\u00e9plac\u00e9 vers le Mexique ces derni\u00e8res ann\u00e9es. Ce pays poss\u00e8de la deuxi\u00e8me \u00e9conomie de la r\u00e9gion. Le taux de ch\u00f4mage s&#039;\u00e9l\u00e8ve \u00e0 3,5 pour cent et le march\u00e9 du travail continue de s&#039;am\u00e9liorer. Les \u00ab Trois Andes \u00bb, la Colombie, le Chili et le P\u00e9rou, sont \u00e9galement des puissances \u00e9conomiques. Ces pays connaissent une augmentation des investissements \u00e9trangers directs. Les experts s&#039;attendent \u00e0 ce que leur \u00e9conomie connaisse une croissance encore plus rapide que celle du Mexique au cours des prochaines ann\u00e9es.<\/span><\/p>\n\n\n\n<h2 class=\"wp-block-heading p3\"><span class=\"s1\">La mont\u00e9e du segment de la population hispanique aux \u00c9tats-Unis<\/span><\/h2>\n\n\n\n<figure class=\"gb-block-image gb-block-image-7b8487da\"><img loading=\"lazy\" decoding=\"async\" width=\"1456\" height=\"816\" class=\"gb-image gb-image-7b8487da\" src=\"https:\/\/www.sisinternational.com\/wp-content\/uploads\/2025\/08\/Online-focus-group-8-1.jpg\" alt=\"\u00c9tudes de march\u00e9 et strat\u00e9gie internationales SIS\" title=\"Online focus group (8)\" srcset=\"https:\/\/www.sisinternational.com\/wp-content\/uploads\/2025\/08\/Online-focus-group-8-1.jpg 1456w, https:\/\/www.sisinternational.com\/wp-content\/uploads\/2025\/08\/Online-focus-group-8-1-300x168.jpg 300w, https:\/\/www.sisinternational.com\/wp-content\/uploads\/2025\/08\/Online-focus-group-8-1-1024x574.jpg 1024w, https:\/\/www.sisinternational.com\/wp-content\/uploads\/2025\/08\/Online-focus-group-8-1-768x430.jpg 768w, https:\/\/www.sisinternational.com\/wp-content\/uploads\/2025\/08\/Online-focus-group-8-1-18x10.jpg 18w\" sizes=\"auto, (max-width: 1456px) 100vw, 1456px\"><\/figure>\n\n\n\n<p><\/p>\n\n\n\n<p class=\"p4\"><span class=\"s1\">Half of the national population growth since 2000 has been in the Latino community. The Latino segment has been the primary driver of US demographic growth. It is a sizable and growing part of the nation\u2019s population. Hispanics are the second largest ethnic groups. They are also the nation\u2019s second-fastest-growing ethnic group, after Asians.<\/span><\/p>\n\n\n\n<p class=\"p2\"><span class=\"s1\">It might be difficult for marketers to reach this target group using traditional methods. Almost a quarter of Hispanics speak only Spanish at home. A little more than half claim to speak English \u201cvery well.\u201d Thus, marketers need Spanish-language ads for effective marketing to US Hispanics. Company representatives may also have to sign contracts in the Spanish language. The same goes for leases and other documents, to accommodate Hispanic customers. It\u2019s easy to see how Spanish transcription is a valuable resource. Document translation services are also helpful. Both are necessary for marketing to this segment of the population.<\/span><\/p>\n\n\n\n<h2 class=\"wp-block-heading p3\"><span class=\"s1\">Qu\u2019est-ce que la transcription espagnole ?<\/span><\/h2>\n\n\n\n<p class=\"p4\"><span class=\"s1\">La description la plus simple du r\u00f4le d&#039;un transcripteur est celui qui \u00e9crit ce que dit quelqu&#039;un d&#039;autre. Ils apporteront des modifications mineures au texte avant de le remettre. La vitesse de frappe est importante dans la transcription, avec 75 mots par minute comme id\u00e9al. La norme de l&#039;industrie est d&#039;un minimum de 4 \u00e0 5 heures pour transcrire un fichier audio ou vid\u00e9o d&#039;une heure.<\/span><\/p>\n\n\n\n<p class=\"p2\"><span class=\"s1\">Les transcripteurs restituent les discours, les interviews et les r\u00e9unions dans des fichiers texte. Les avocats, les m\u00e9decins et diverses entreprises utilisent la transcription comme un outil indispensable. Les autres secteurs qui utilisent les services de transcription comprennent la technologie, la finance et la fabrication. Le marketing, la sant\u00e9 et le gouvernement sont \u00e9galement des utilisateurs fr\u00e9quents. Les utilisateurs peuvent partager des informations initialement fournies sous forme orale. La transcription est \u00e9galement utile pour indexer et r\u00e9cup\u00e9rer des donn\u00e9es.<\/span><\/p>\n\n\n\n<h2 class=\"wp-block-heading p3\"><span class=\"s1\">\u00c0 propos de la transcription espagnole<\/span><\/h2>\n\n\n\n<p class=\"p4\"><span class=\"s1\">Pour de nombreuses entreprises et petites entreprises, les services de transcription externalis\u00e9s constituent la meilleure option. Le montant pay\u00e9 d\u00e9pend de facteurs tels que le d\u00e9lai imparti, la longueur du fichier, la qualit\u00e9 audio, si le client souhaite qu&#039;il soit temporel et si une traduction textuelle est n\u00e9cessaire.&nbsp;<\/span><\/p>\n\n\n\n<p class=\"p4\"><span class=\"s1\">Nos transcripteurs peuvent transcrire textuellement, suivre plusieurs locuteurs ou ajouter des codes temporels et des tampons. Que vos intervenants viennent du Mexique, d&#039;Espagne, d&#039;Am\u00e9rique latine ou des Cara\u00efbes, nous avons ce qu&#039;il vous faut. Nous sommes sp\u00e9cialistes de la transcription de l\u2019espagnol vers l\u2019espagnol. Nous sommes \u00e9galement experts en transcription de l\u2019espagnol vers l\u2019anglais et proposons des services de traduction de documents.<\/span><\/p>\n\n\n\n<p class=\"p4\"><span class=\"s1\">Nous proposons des services de transcription humaine. Nos traductions d\u00e9codent le jargon industriel, les indices subtils, l\u2019argot et les accents prononc\u00e9s. Les gens sont \u00e9galement plus efficaces pour transcrire plusieurs locuteurs. De plus, ils filtrent les bruits de fond. La transcription humaine bat les machines dans tous les domaines, sauf en termes de co\u00fbt et de rapidit\u00e9.<\/span><\/p>\n\n\n\n<h2 class=\"wp-block-heading\">Notre emplacement \u00e0 New York<\/h2>\n\n\n\n<p>\n\n\n\n<iframe loading=\"lazy\" src=\"https:\/\/www.google.com\/maps\/embed?pb=!1m18!1m12!1m3!1d3022.976188376966!2d-73.99130312499956!3d40.740549471389315!2m3!1f0!2f0!3f0!3m2!1i1024!2i768!4f13.1!3m3!1m2!1s0x89c259a15798c731%3A0xd695d09bdd495f25!2s11%20E%2022nd%20St%20FL%202%2C%20New%20York%2C%20NY%2010010%2C%20USA!5e0!3m2!1sen!2spe!4v1726171763526!5m2!1sen!2spe\" width=\"600\" height=\"450\" allowfullscreen=\"allowfullscreen\" data-mce-fragment=\"1\"><\/iframe>\n\n\n\n<\/p>\n\n\n\n<h3 class=\"wp-block-heading\">11 E 22nd Street, \u00e9tage 2, New York, NY 10010 T\u00e9l. : +1(212) 505-6805<\/h3>\n\n\n\n<hr class=\"wp-block-separator has-alpha-channel-opacity\"\/>\n\n\n\n<h2 class=\"wp-block-heading\"><span style=\"font-weight: 400;\">\u00c0 propos de SIS International<\/span><\/h2>\n\n\n\n<p><a href=\"https:\/\/www.sisinternational.com\/fr\/\"><span style=\"font-weight: 400;\">SIS International<\/span><\/a><span style=\"font-weight: 400;\"> propose des recherches quantitatives, qualitatives et strat\u00e9giques. Nous fournissons des donn\u00e9es, des outils, des strat\u00e9gies, des rapports et des informations pour la prise de d\u00e9cision. Nous menons \u00e9galement des entretiens, des enqu\u00eates, des groupes de discussion et d\u2019autres m\u00e9thodes et approches d\u2019\u00e9tudes de march\u00e9.<\/span><a href=\"https:\/\/www.sisinternational.com\/fr\/a-propos-de-la-recherche-internationale-sis\/contact-sis-international-market-research\/\"><span style=\"font-weight: 400;\"> Contactez nous<\/span><\/a><span style=\"font-weight: 400;\"> pour votre prochain projet d&#039;\u00e9tude de march\u00e9.<\/span><\/p>\n\n\n\n<p><\/p>","protected":false},"excerpt":{"rendered":"<p>SIS International Research fournit des services de traduction et de transcription en espagnol pr\u00e9cis, r\u00e9actifs et rapides. En savoir plus sur la traduction espagnole.<\/p>","protected":false},"author":1,"featured_media":65881,"parent":27891,"menu_order":1,"comment_status":"closed","ping_status":"closed","template":"","meta":{"footnotes":""},"class_list":["post-27829","page","type-page","status-publish","has-post-thumbnail"],"_links":{"self":[{"href":"https:\/\/www.sisinternational.com\/fr\/wp-json\/wp\/v2\/pages\/27829","targetHints":{"allow":["GET"]}}],"collection":[{"href":"https:\/\/www.sisinternational.com\/fr\/wp-json\/wp\/v2\/pages"}],"about":[{"href":"https:\/\/www.sisinternational.com\/fr\/wp-json\/wp\/v2\/types\/page"}],"author":[{"embeddable":true,"href":"https:\/\/www.sisinternational.com\/fr\/wp-json\/wp\/v2\/users\/1"}],"replies":[{"embeddable":true,"href":"https:\/\/www.sisinternational.com\/fr\/wp-json\/wp\/v2\/comments?post=27829"}],"version-history":[{"count":5,"href":"https:\/\/www.sisinternational.com\/fr\/wp-json\/wp\/v2\/pages\/27829\/revisions"}],"predecessor-version":[{"id":80092,"href":"https:\/\/www.sisinternational.com\/fr\/wp-json\/wp\/v2\/pages\/27829\/revisions\/80092"}],"up":[{"embeddable":true,"href":"https:\/\/www.sisinternational.com\/fr\/wp-json\/wp\/v2\/pages\/27891"}],"wp:featuredmedia":[{"embeddable":true,"href":"https:\/\/www.sisinternational.com\/fr\/wp-json\/wp\/v2\/media\/65881"}],"wp:attachment":[{"href":"https:\/\/www.sisinternational.com\/fr\/wp-json\/wp\/v2\/media?parent=27829"}],"curies":[{"name":"wp","href":"https:\/\/api.w.org\/{rel}","templated":true}]}}