{"id":27826,"date":"2018-09-03T22:36:10","date_gmt":"2018-09-03T22:36:10","guid":{"rendered":"https:\/\/www.sisinternational.com\/?page_id=27826"},"modified":"2026-03-22T03:04:38","modified_gmt":"2026-03-22T07:04:38","slug":"etude-de-marche-sur-les-technologies-educatives","status":"publish","type":"page","link":"https:\/\/www.sisinternational.com\/fr\/education-market-research\/etude-de-marche-sur-les-technologies-educatives\/","title":{"rendered":"\u00c9tude de march\u00e9 sur les technologies \u00e9ducatives"},"content":{"rendered":"<h1 class=\"wp-block-heading\">\u00c9tude de march\u00e9 sur les technologies \u00e9ducatives<\/h1>\n\n\n\n<figure class=\"gb-block-image gb-block-image-7536a234\"><img loading=\"lazy\" decoding=\"async\" width=\"1456\" height=\"816\" class=\"gb-image gb-image-7536a234\" src=\"https:\/\/www.sisinternational.com\/wp-content\/uploads\/2025\/08\/Education-4.jpg\" alt=\"\u00c9tudes de march\u00e9 et strat\u00e9gie internationales SIS\" title=\"Education (4)\" srcset=\"https:\/\/www.sisinternational.com\/wp-content\/uploads\/2025\/08\/Education-4.jpg 1456w, https:\/\/www.sisinternational.com\/wp-content\/uploads\/2025\/08\/Education-4-300x168.jpg 300w, https:\/\/www.sisinternational.com\/wp-content\/uploads\/2025\/08\/Education-4-1024x574.jpg 1024w, https:\/\/www.sisinternational.com\/wp-content\/uploads\/2025\/08\/Education-4-768x430.jpg 768w, https:\/\/www.sisinternational.com\/wp-content\/uploads\/2025\/08\/Education-4-18x10.jpg 18w\" sizes=\"auto, (max-width: 1456px) 100vw, 1456px\"><\/figure>\n\n\n\n<p><\/p>\n\n\n\n<h2 class=\"wp-block-heading p2\"><span class=\"s1\">La technologie \u00e9ducative ou \u00ab EdTech \u00bb est l\u2019utilisation d\u2019outils pour simplifier et am\u00e9liorer l\u2019apprentissage. <\/span><\/h2>\n\n\n\n<p class=\"p2\"><span class=\"s1\">EdTech ouvre une toute nouvelle voie d\u2019opportunit\u00e9s dans l\u2019\u00e9ducation.&nbsp;<\/span><span class=\"s1\">Avec la technologie \u00e9ducative, les opportunit\u00e9s sont infinies. L\u2019industrie d\u00e9veloppe davantage de ressources, d\u2019outils, de services et d\u2019applications. Ces ressources profiteront \u00e0 la fois aux \u00e9ducateurs et \u00e0 la communaut\u00e9 d\u2019apprentissage. <\/span><\/p>\n\n\n\n<p class=\"p2\"><span class=\"s1\">Des exemples d&#039;opportunit\u00e9s disponibles dans ce domaine sont\u00a0:<\/span><\/p>\n\n\n\n<ul class=\"wp-block-list\">\n<li><span class=\"s1\">Les \u00e9coles int\u00e8grent d\u00e9sormais la technologie dans leurs programmes d\u2019apprentissage. Ils ont besoin de personnes capables de planifier et de mettre en place ces nouveaux programmes. Des opportunit\u00e9s d&#039;emploi telles que celles d&#039;instructeur en informatique et de concepteur de cours s&#039;ouvrent.<\/span><\/li>\n\n\n\n<li><span class=\"s1\">Les entreprises ont besoin de formateurs, de concepteurs et d&#039;\u00e9valuateurs pour r\u00e9soudre les probl\u00e8mes de performance quotidiens. Ces travailleurs peuvent \u00e9galement tester les employ\u00e9s et r\u00e9aliser des ateliers.<\/span><\/li>\n\n\n\n<li><span class=\"s1\">Les entreprises de conception d&#039;instructions ont besoin de personnes pour d\u00e9velopper des didacticiels, des programmes et des logiciels.<\/span><\/li>\n\n\n\n<li><span class=\"s1\">L&#039;arm\u00e9e a besoin de technologues p\u00e9dagogiques pour les programmes de formation afin de cr\u00e9er des manuels. Ils peuvent \u00e9galement planifier des programmes d\u2019\u00e9tudes et concevoir des logiciels.<\/span><\/li>\n<\/ul>\n\n\n\n<h2 class=\"wp-block-heading p6\"><span class=\"s1\">Solutions d&#039;apprentissage innovantes<\/span><\/h2>\n\n\n\n<p class=\"p5\"><span class=\"s1\">In this high tech world, educators need to find innovative ways of teaching. <a class=\"wpil_keyword_link\" href=\"https:\/\/www.sisinternational.com\/fr\/solutions\/solutions-edtech-de-technologie-educative\/\"   title=\"Solutions technologiques pour l&#039;\u00e9ducation (EdTech)\" data-wpil-keyword-link=\"linked\"  data-wpil-monitor-id=\"463\">EdTech<\/a> equips students with the tools necessary to meet the future world. That world will be very different from the one students know now. The challenge is the various paces at which children learn and their different skills. Thus educators have to hone in on each child\u2019s unique interests, needs, and strengths. Some schools have begun uploading assignments to the Internet. Students can then download these assignments at home. Tablets are now an item on the required list of learning materials for classrooms.<\/span><\/p>\n\n\n\n<h2 class=\"wp-block-heading p6\"><span class=\"s1\">Apprentissage adaptatif<\/span><\/h2>\n\n\n\n<p class=\"p5\"><span class=\"s1\">Adaptive <a href=\"https:\/\/www.sisinternational.com\/fr\/solutions\/solutions-edtech-de-technologie-educative\/systemes-de-gestion-de-lapprentissage-etude-de-marche-lms\/\" title=\"\u00c9tude de march\u00e9 sur les syst\u00e8mes de gestion de l\u2019apprentissage (LMS)\"  data-wpil-monitor-id=\"11092\">learning is a computer-based educational system<\/a>. This system delivers customized resources based on a learner\u2019s specific needs. The system bases the customized delivery on analysis. The US Government endorses this method of teaching, as it is very beneficial. Students are better able to understand their capabilities. Teachers can also have a better idea of the different stages at which children learn. This analysis is faster than the personal one on one interaction.<\/span><\/p>\n\n\n\n<h2 class=\"wp-block-heading p6\"><span class=\"s1\">R\u00e9alit\u00e9 augment\u00e9e<\/span><\/h2>\n\n\n\n<p class=\"p5\"><span class=\"s1\">La r\u00e9alit\u00e9 augment\u00e9e (AR) est une autre m\u00e9thode EdTech. Il place une image g\u00e9n\u00e9r\u00e9e par ordinateur sur la vision du monde r\u00e9el d&#039;un utilisateur, offrant ainsi une perspective fusionn\u00e9e. Cette m\u00e9thode rend l\u2019apprentissage plus engageant et amusant. Tous les niveaux d\u2019enseignement utilisent la RA : de la maternelle \u00e0 l\u2019universit\u00e9, et m\u00eame sur le lieu de travail. Il \u00e9duque les apprenants \u00e0 la fois en classe et en dehors.<\/span><\/p>\n\n\n\n<h2 class=\"wp-block-heading p6\"><span class=\"s1\">Manuels num\u00e9riques<\/span><\/h2>\n\n\n\n<p class=\"p2\"><span class=\"s1\">Les \u00e9tudiants peuvent utiliser des manuels num\u00e9riques comme ressources pour les cours. Ces manuels sont \u00e9galement appel\u00e9s textes \u00e9lectroniques ou manuels \u00e9lectroniques. Ils constituent une composante importante de la technologie \u00e9ducative. La mise en \u0153uvre de textes \u00e9lectroniques en classe pr\u00e9sente des avantages et des inconv\u00e9nients. Le principal avantage des textes \u00e9lectroniques est qu\u2019ils ont r\u00e9solu le probl\u00e8me des prix \u00e9lev\u00e9s des manuels imprim\u00e9s. Cela all\u00e8ge la pression \u00e9conomique sur les \u00e9tudiants et les parents. Les enseignants peuvent partager un texte PDF avec des centaines d\u2019\u00e9tudiants sans encourir de frais.<\/span><\/p>\n\n\n\n<p class=\"p5\"><span class=\"s1\">L\u2019inconv\u00e9nient des manuels scolaires num\u00e9riques est que certains manuels scolaires peuvent \u00eatre aussi chers en ligne. Ils peuvent \u00e9galement ne pas \u00eatre disponibles dans le format num\u00e9rique n\u00e9cessaire et les livres \u00e9lectroniques ne peuvent pas \u00eatre pr\u00eat\u00e9s \u00e0 quelqu&#039;un d&#039;autre ni revendus.<\/span><\/p>\n\n\n\n<h2 class=\"wp-block-heading p6\"><span class=\"s1\">Apprentissage \u00e0 distance<\/span><\/h2>\n\n\n\n<p class=\"p5\"><span class=\"s1\">L&#039;enseignement \u00e0 distance est encore une autre m\u00e9thode EdTech. Les enseignants peuvent utiliser cette m\u00e9thode pour \u00e9tablir des plans de cours et fournir du mat\u00e9riel de cours. Avec cette m\u00e9thode, ces \u00e9ducateurs n\u2019ont jamais besoin de mettre les pieds dans une vraie salle de classe. Des centaines de coll\u00e8ges et d\u2019universit\u00e9s accr\u00e9dit\u00e9s dans le monde utilisent la m\u00e9thode d\u2019apprentissage \u00e0 distance. C&#039;est tr\u00e8s b\u00e9n\u00e9fique pour les personnes qui n&#039;ont pas la possibilit\u00e9 de voyager pour b\u00e9n\u00e9ficier de l&#039;\u00e9ducation. Ils peuvent poursuivre des \u00e9tudes en ligne et r\u00e9ussir aussi bien que s\u2019ils suivaient des cours physiques.<\/span><\/p>\n\n\n\n<h2 class=\"wp-block-heading p6\"><span class=\"s1\">Apprentissage diff\u00e9renci\u00e9&nbsp; &nbsp;&nbsp;<\/span><\/h2>\n\n\n\n<p class=\"p7\"><span class=\"s1\">La diff\u00e9renciation signifie modifier l\u2019enseignement pour r\u00e9pondre \u00e0 des besoins sp\u00e9cifiques. Avec cette m\u00e9thode, les enseignants r\u00e9agissent aux diff\u00e9rences entre les \u00e9l\u00e8ves de la classe. Les enseignants peuvent l\u2019utiliser pour diff\u00e9rencier au moins quatre \u00e9l\u00e9ments de la classe. Ces \u00e9l\u00e9ments sont le contenu, le processus, les produits et l&#039;environnement d&#039;apprentissage.<\/span><\/p>\n\n\n\n<p class=\"p4\"><span class=\"s1\">It\u2019s easy to see that EdTech levels the playing field for many students, who would have otherwise had a difficult time grasping concepts. It also makes things easier for parents and educators. Opportunities abound in the EdTech field, for computer software and hardware producers, and also for technical <a href=\"https:\/\/www.sisinternational.com\/fr\/strategie-marketing-dans-les-services-educatifs\/\" title=\"Strat\u00e9gie marketing dans les services \u00e9ducatifs\"  data-wpil-monitor-id=\"11091\">service providers and for educators<\/a>.<\/span><\/p>\n\n\n\n<h2 class=\"wp-block-heading\">\u00c0 propos des solutions d&#039;\u00e9tudes de march\u00e9 SIS EdTech<\/h2>\n\n\n\n<p>SIS has over 30 years <a href=\"https:\/\/www.sisinternational.com\/fr\/competence\/les-industries\/etude-de-marche-sur-lexperience-client-hoteliere\/\" title=\"\u00c9tude de march\u00e9 sur l\u2019exp\u00e9rience client h\u00f4teli\u00e8re\"  data-wpil-monitor-id=\"11088\">experience in the Education Market<\/a>.&nbsp; We provide <a href=\"https:\/\/www.sisinternational.com\/fr\/exploiter-la-technologie-dans-le-commerce-de-detail\/\" title=\"\u00c9tude de march\u00e9 sur les technologies de vente au d\u00e9tail\"  data-wpil-monitor-id=\"2746\">Market Research and Strategy<\/a> Consulting solutions to launch new products, assess the competitive landscape and satisfy stakeholder needs.&nbsp; In the Education Industry, there can be many stakeholders in decision making and purchasing decisions.&nbsp; We offer global <a href=\"https:\/\/www.sisinternational.com\/fr\/\" title=\"Accueil\"  data-wpil-monitor-id=\"11087\">research and strategy<\/a> coverage to help you make your next project a success:<\/p>\n\n\n\n<ul class=\"wp-block-list\">\n<li>\u00c9tudes de normalisation et collecte de donn\u00e9es<\/li>\n\n\n\n<li><a href=\"https:\/\/www.sisinternational.com\/fr\/comment-effectuer-une-analyse-concurrentielle\/\" title=\"Analyse concurrentielle en marketing\"  data-wpil-monitor-id=\"11090\">\u00c9valuations du march\u00e9 et analyse concurrentielle<\/a><\/li>\n\n\n\n<li>Market Opportunity, <a href=\"https:\/\/www.sisinternational.com\/fr\/solutions\/conseil-en-strategie\/etudes-de-dimensionnement-de-faisabilite-dentree-sur-le-marche\/\" title=\"\u00c9tudes d\u2019entr\u00e9e sur le march\u00e9, de faisabilit\u00e9 et de dimensionnement\"  data-wpil-monitor-id=\"11093\">Entry and Sizing<\/a><\/li>\n\n\n\n<li>Tests d&#039;utilisation<\/li>\n\n\n\n<li>New <a href=\"https:\/\/www.sisinternational.com\/fr\/solutions\/solutions-de-branding-et-de-recherche-client\/etude-de-marche-sur-les-tests-de-produits\/new-product-concept-testing-methods\/\" title=\"New Product Concept Testing Methods\"  data-wpil-monitor-id=\"11089\">Product Concept Testing<\/a><\/li>\n\n\n\n<li>Groupes de discussion<\/li>\n\n\n\n<li>\u00c9tude de march\u00e9 pour les jeunes<\/li>\n<\/ul>","protected":false},"excerpt":{"rendered":"<p>SIS International Research propose des solutions strat\u00e9giques et d&#039;\u00e9tudes de march\u00e9 sur les technologies \u00e9ducatives de pointe. Apprenez-en davantage sur la recherche et la strat\u00e9gie EdTech.<\/p>","protected":false},"author":1,"featured_media":62662,"parent":84844,"menu_order":0,"comment_status":"closed","ping_status":"closed","template":"","meta":{"footnotes":""},"class_list":["post-27826","page","type-page","status-publish","has-post-thumbnail"],"_links":{"self":[{"href":"https:\/\/www.sisinternational.com\/fr\/wp-json\/wp\/v2\/pages\/27826","targetHints":{"allow":["GET"]}}],"collection":[{"href":"https:\/\/www.sisinternational.com\/fr\/wp-json\/wp\/v2\/pages"}],"about":[{"href":"https:\/\/www.sisinternational.com\/fr\/wp-json\/wp\/v2\/types\/page"}],"author":[{"embeddable":true,"href":"https:\/\/www.sisinternational.com\/fr\/wp-json\/wp\/v2\/users\/1"}],"replies":[{"embeddable":true,"href":"https:\/\/www.sisinternational.com\/fr\/wp-json\/wp\/v2\/comments?post=27826"}],"version-history":[{"count":6,"href":"https:\/\/www.sisinternational.com\/fr\/wp-json\/wp\/v2\/pages\/27826\/revisions"}],"predecessor-version":[{"id":81812,"href":"https:\/\/www.sisinternational.com\/fr\/wp-json\/wp\/v2\/pages\/27826\/revisions\/81812"}],"up":[{"embeddable":true,"href":"https:\/\/www.sisinternational.com\/fr\/wp-json\/wp\/v2\/pages\/84844"}],"wp:featuredmedia":[{"embeddable":true,"href":"https:\/\/www.sisinternational.com\/fr\/wp-json\/wp\/v2\/media\/62662"}],"wp:attachment":[{"href":"https:\/\/www.sisinternational.com\/fr\/wp-json\/wp\/v2\/media?parent=27826"}],"curies":[{"name":"wp","href":"https:\/\/api.w.org\/{rel}","templated":true}]}}