{"id":27788,"date":"2018-08-25T23:34:20","date_gmt":"2018-08-25T23:34:20","guid":{"rendered":"https:\/\/www.sisinternational.com\/?page_id=27788"},"modified":"2026-01-26T14:36:43","modified_gmt":"2026-01-26T19:36:43","slug":"services-de-traduction-et-de-transcription-en-allemand","status":"publish","type":"page","link":"https:\/\/www.sisinternational.com\/fr\/solutions\/traduction-et-transcription\/services-de-traduction-et-de-transcription-en-allemand\/","title":{"rendered":"Services de traduction et de transcription en allemand"},"content":{"rendered":"<h1 class=\"wp-block-heading p2\"><span class=\"s1\">Services de traduction et de transcription en allemand<\/span><\/h1>\n\n\n\n<figure class=\"gb-block-image gb-block-image-e9f2bec4\"><img loading=\"lazy\" decoding=\"async\" width=\"1456\" height=\"816\" class=\"gb-image gb-image-e9f2bec4\" src=\"https:\/\/www.sisinternational.com\/wp-content\/uploads\/2025\/09\/Germany-4-1.jpg\" alt=\"\u00c9tudes de march\u00e9 et strat\u00e9gie internationales SIS\" title=\"Germany 4\" srcset=\"https:\/\/www.sisinternational.com\/wp-content\/uploads\/2025\/09\/Germany-4-1.jpg 1456w, https:\/\/www.sisinternational.com\/wp-content\/uploads\/2025\/09\/Germany-4-1-300x168.jpg 300w, https:\/\/www.sisinternational.com\/wp-content\/uploads\/2025\/09\/Germany-4-1-1024x574.jpg 1024w, https:\/\/www.sisinternational.com\/wp-content\/uploads\/2025\/09\/Germany-4-1-768x430.jpg 768w, https:\/\/www.sisinternational.com\/wp-content\/uploads\/2025\/09\/Germany-4-1-18x10.jpg 18w\" sizes=\"auto, (max-width: 1456px) 100vw, 1456px\"><\/figure>\n\n\n\n<p><\/p>\n\n\n\n<hr class=\"wp-block-separator has-alpha-channel-opacity is-style-dots\"\/>\n\n\n\n<h2 class=\"wp-block-heading p2\"><span class=\"s1\">Importance \u00e9conomique des pays DACH<\/span><\/h2>\n\n\n\n<p class=\"p3\"><span class=\"s1\">L&#039;allemand est le 11<span class=\"s2\"><sup>\u00e8me<\/sup><\/span> langue la plus parl\u00e9e au monde. C&#039;est la langue officielle de sept pays.&nbsp;<\/span><span class=\"s1\">Les analystes regroupent souvent l\u2019Allemagne (D), l\u2019Autriche (A) et la Suisse (CH) sous l\u2019acronyme DACH. Ces trois nations comptent parmi celles o\u00f9 le niveau de vie est le plus \u00e9lev\u00e9 au monde. Leur niveau de vie est le r\u00e9sultat d\u2019\u00e9conomies fortes et stables.<\/span><\/p>\n\n\n\n<p class=\"p5\"><span class=\"s1\">Germany boasts the world\u2019s fourth-largest national economy. It was the world\u2019s largest exporter from 2003-2008. It is now <a href=\"https:\/\/www.sisinternational.com\/fr\/etude-de-marche-dans-les-villes-chinoises-de-2e-rang\/\" title=\"\u00c9tude de march\u00e9 dans les villes chinoises de deuxi\u00e8me rang\"  data-wpil-monitor-id=\"11095\">second only to China<\/a>. Germany maintains a robust economic relationship with the United States. The per capita GDPs of Austria and Switzerland are also healthy. They rank third and fourth in the European Union (EU) respectively.<\/span><\/p>\n\n\n\n<p><span class=\"s1\">It\u2019s easy to see why <a href=\"https:\/\/www.sisinternational.com\/fr\/solutions\/etude-de-marche-de-consommation\/\" title=\"Consumer Market Research Services for Smarter Business Decisions\"  data-wpil-monitor-id=\"11099\">businesses will need transcription services<\/a> for German. The language is important in the business world, and there is much demand for the service.<\/span><\/p>\n\n\n\n<h2 class=\"wp-block-heading p2\"><span class=\"s1\">Qu\u2019est-ce que la transcription ?<\/span><\/h2>\n\n\n\n<p class=\"p3\"><span class=\"s1\">La transcription consiste \u00e0 \u00e9couter un enregistrement et \u00e0 saisir le contenu dans un document. Le r\u00e9sultat est un compte rendu \u00e9crit du fichier audio. Le temps n\u00e9cessaire \u00e0 la transcription d&#039;un fichier audio d\u00e9pend de plusieurs facteurs. Ceux-ci incluent le nombre de personnes qui parlent et la vitesse \u00e0 laquelle elles parlent. Cela d\u00e9pend aussi de la clart\u00e9 des voix parl\u00e9es et de l\u2019enregistrement.<\/span><\/p>\n\n\n\n<p class=\"p3\"><span class=\"s1\">La documentation permanente des fichiers audio peut \u00eatre une ressource vitale. Les professionnels du domaine juridique et les m\u00e9decins ont souvent besoin de relev\u00e9s de notes. Il en va de m\u00eame pour les discours\/conf\u00e9renciers et les disc-jockeys radio. Il existe trois grands types de transcriptions. <\/span><\/p>\n\n\n\n<ul class=\"wp-block-list\">\n<li><strong><span class=\"s1\">Les transcriptions verbatim claires et intelligentes omettent les faux d\u00e9parts et les b\u00e9gaiements. <\/span><\/strong><\/li>\n\n\n\n<li><strong><span class=\"s1\">Les transcriptions verbatim modifi\u00e9es sont l\u00e9g\u00e8rement nettoy\u00e9es. <\/span><\/strong><\/li>\n\n\n\n<li><strong><span class=\"s1\">Les transcriptions verbatim incluent chaque \u00e9nonc\u00e9 et chaque phrase.<\/span><\/strong><\/li>\n<\/ul>\n\n\n\n<p class=\"p3\"><span class=\"s1\">Companies, people, and documents are moving between countries at a faster rate. As globalization continues, foreign transcription services have become essential. In the technical, financial, medical, and legal fields, they have been critical.&nbsp; In the medical and legal arenas, transcripts can have significant impact on lives and decision making.<\/span><\/p>\n\n\n\n<p class=\"p5\"><span class=\"s1\">Plusieurs options de transcription sont disponibles. Les transcripteurs peuvent fournir des enregistrements \u00e9crits en allemand \u00e0 partir d&#039;enregistrements en langue allemande. Ils peuvent \u00e9galement faire des transcriptions en anglais \u00e0 partir de fichiers allemands. De nombreux prestataires de services proposent \u00e9galement des services de traduction de documents.<\/span><\/p>\n\n\n\n<h2 class=\"wp-block-heading p2\"><span class=\"s1\">Transcription de l&#039;allemand vers l&#039;allemand<\/span><\/h2>\n\n\n\n<p class=\"p3\"><span class=\"s1\">Some <a href=\"https:\/\/www.sisinternational.com\/fr\/competence\/les-industries\/societe-detudes-de-marche-par-panels-en-ligne\/\" title=\"Soci\u00e9t\u00e9 d\u2019\u00e9tudes de march\u00e9 sur les panels en ligne\"  data-wpil-monitor-id=\"11097\">companies offer online<\/a> transcribing services. This type of service is the easiest way to convert recordings to well-written German text. <a href=\"https:\/\/www.sisinternational.com\/fr\/services-de-publicite-multiculturelle-pour-une-celebre-entreprise-de-technologie-de-paiement-peer-to-peer\/\" title=\"Services de publicit\u00e9 multiculturelle pour une c\u00e9l\u00e8bre entreprise de technologie de paiement peer-to-peer\"  data-wpil-monitor-id=\"11100\">Companies need these services<\/a> for written records of phone calls and voicemail. They also need written records of interviews and board meetings. With an online service, the <a href=\"https:\/\/www.sisinternational.com\/fr\/services-de-publicite-multiculturelle-pour-un-leader-mondial-de-solutions-de-gestion-des-animaux\/\" title=\"Services de publicit\u00e9 multiculturelle pour une entreprise leader mondial de solutions de gestion des animaux\"  data-wpil-monitor-id=\"11101\">company works with independent service<\/a> providers. Most of these providers are native German speakers.<\/span><\/p>\n\n\n\n<p class=\"p5\"><span class=\"s1\">Les transcripteurs allemand-allemand doivent avoir une excellente oreille pour la langue. La plupart des personnes interrog\u00e9es et des appelants ne r\u00e9alisent pas d\u2019enregistrements sonores pour la transcription. Le transcripteur d\u00e9crypte ainsi ce que disent les locuteurs. Ils peuvent \u00e9galement inclure ou non des marmonnements inaudibles, de l&#039;argot et des interruptions. Les transcripteurs doivent \u00e9galement composer avec des dialectes et des accents r\u00e9gionaux prononc\u00e9s.<\/span><\/p>\n\n\n\n<h2 class=\"wp-block-heading p2\"><span class=\"s1\">Transcription de l&#039;allemand vers l&#039;anglais<\/span><\/h2>\n\n\n\n<figure class=\"gb-block-image gb-block-image-8f05a806\"><img loading=\"lazy\" decoding=\"async\" width=\"1456\" height=\"816\" class=\"gb-image gb-image-8f05a806\" src=\"https:\/\/www.sisinternational.com\/wp-content\/uploads\/2025\/09\/Germany-3.jpg\" alt=\"\u00c9tudes de march\u00e9 et strat\u00e9gie internationales SIS\" title=\"Germany (3)\" srcset=\"https:\/\/www.sisinternational.com\/wp-content\/uploads\/2025\/09\/Germany-3.jpg 1456w, https:\/\/www.sisinternational.com\/wp-content\/uploads\/2025\/09\/Germany-3-300x168.jpg 300w, https:\/\/www.sisinternational.com\/wp-content\/uploads\/2025\/09\/Germany-3-1024x574.jpg 1024w, https:\/\/www.sisinternational.com\/wp-content\/uploads\/2025\/09\/Germany-3-768x430.jpg 768w, https:\/\/www.sisinternational.com\/wp-content\/uploads\/2025\/09\/Germany-3-18x10.jpg 18w\" sizes=\"auto, (max-width: 1456px) 100vw, 1456px\"><\/figure>\n\n\n\n<p><\/p>\n\n\n\n<p class=\"p3\"><span class=\"s1\">Transcription services are also available to convert German recordings to English text. Many of these <a href=\"https:\/\/www.sisinternational.com\/fr\/financial-services-consulting\/robotic-process-automation-in-financial-services\/\" title=\"Robotic Process Automation in Financial Services\"  data-wpil-monitor-id=\"11098\">service providers use rigorous recruitment processes<\/a>. These processes ensure that their verbatim transcripts will be accurate and high quality. Market <a href=\"https:\/\/www.sisinternational.com\/fr\/competence\/les-industries\/etude-de-marche-a-broadway\/\" title=\"\u00c9tude de march\u00e9 \u00e0 Broadway\"  data-wpil-monitor-id=\"6124\">research transcribers also exist, and SIS International Research is a leading Market<\/a> Research company that conductions transcription.<\/span><\/p>\n\n\n\n<p class=\"p5\"><span class=\"s1\">Les transcripteurs allemand-anglais sont confront\u00e9s aux m\u00eames d\u00e9fis que leurs homologues allemand-allemand. Ils doivent transcrire l\u2019audio o\u00f9 les gens se parlent. Il y a parfois des bruits de fond, et souvent les intervenants ont des accents \u00e9pais. Certains sons sont mal enregistr\u00e9s ou ont des voix basses. Avec autant de d\u00e9fis, trouver le bon prestataire de services peut s\u2019av\u00e9rer tout un exploit.<\/span><\/p>\n\n\n\n<h2 class=\"wp-block-heading p2\"><span class=\"s1\">Services de traduction de documents en allemand<\/span><\/h2>\n\n\n\n<p class=\"p5\"><span class=\"s1\">Companies ranging in all sizes often need and can benefit from document translation services. These organizations have several options open to them. They can hire a translator as part of their staff, which can costly and impractical for shortterm assignments. Most companies outsource their document translation to reputable freelancers and service providers.&nbsp; <a href=\"https:\/\/www.sisinternational.com\/fr\/contacter-sis-etude-de-marche-internationale\/\" title=\"Contactez-nous\"  data-wpil-monitor-id=\"11094\">Recherche internationale SIS<\/a> gets the job done at a much lower cost.<\/span><\/p>\n\n\n\n<h2 class=\"wp-block-heading p2\"><span class=\"s1\">\u00c0 propos de SIS Traductions Internationales<\/span><\/h2>\n\n\n\n<p class=\"p3\">SIS International provides German <a class=\"wpil_keyword_link\" href=\"https:\/\/www.sisinternational.com\/fr\/solutions\/traduction-et-transcription\/\"   title=\"Services de traduction et de transcription\" data-wpil-keyword-link=\"linked\"  data-wpil-monitor-id=\"464\">translation and transcription services<\/a> to companies.&nbsp; Consider us for your <a href=\"https:\/\/www.sisinternational.com\/fr\/solutions\/traduction-et-transcription\/services-de-traduction-et-de-transcription-en-espagnol\/\" title=\"Traduction et transcription espagnole\"  data-wpil-monitor-id=\"11096\">traduction et transcription<\/a> needs worldwide.&nbsp; We provide:<\/p>\n\n\n\n<ul class=\"wp-block-list\">\n<li><strong>D\u00e9lai d&#039;ex\u00e9cution rapide<\/strong><\/li>\n\n\n\n<li><strong>Des tarifs comp\u00e9titifs<\/strong><\/li>\n\n\n\n<li><strong>Reliability &amp;&nbsp;Professionalism<\/strong><\/li>\n<\/ul>","protected":false},"excerpt":{"rendered":"<p>SIS International fournit des services de traduction et de transcription en allemand pour une vari\u00e9t\u00e9 d&#039;industries et de clients.<\/p>","protected":false},"author":1,"featured_media":65835,"parent":27891,"menu_order":0,"comment_status":"closed","ping_status":"closed","template":"","meta":{"footnotes":""},"class_list":["post-27788","page","type-page","status-publish","has-post-thumbnail"],"_links":{"self":[{"href":"https:\/\/www.sisinternational.com\/fr\/wp-json\/wp\/v2\/pages\/27788","targetHints":{"allow":["GET"]}}],"collection":[{"href":"https:\/\/www.sisinternational.com\/fr\/wp-json\/wp\/v2\/pages"}],"about":[{"href":"https:\/\/www.sisinternational.com\/fr\/wp-json\/wp\/v2\/types\/page"}],"author":[{"embeddable":true,"href":"https:\/\/www.sisinternational.com\/fr\/wp-json\/wp\/v2\/users\/1"}],"replies":[{"embeddable":true,"href":"https:\/\/www.sisinternational.com\/fr\/wp-json\/wp\/v2\/comments?post=27788"}],"version-history":[{"count":7,"href":"https:\/\/www.sisinternational.com\/fr\/wp-json\/wp\/v2\/pages\/27788\/revisions"}],"predecessor-version":[{"id":81814,"href":"https:\/\/www.sisinternational.com\/fr\/wp-json\/wp\/v2\/pages\/27788\/revisions\/81814"}],"up":[{"embeddable":true,"href":"https:\/\/www.sisinternational.com\/fr\/wp-json\/wp\/v2\/pages\/27891"}],"wp:featuredmedia":[{"embeddable":true,"href":"https:\/\/www.sisinternational.com\/fr\/wp-json\/wp\/v2\/media\/65835"}],"wp:attachment":[{"href":"https:\/\/www.sisinternational.com\/fr\/wp-json\/wp\/v2\/media?parent=27788"}],"curies":[{"name":"wp","href":"https:\/\/api.w.org\/{rel}","templated":true}]}}