{"id":27376,"date":"2018-07-15T22:33:57","date_gmt":"2018-07-15T22:33:57","guid":{"rendered":"https:\/\/www.sisinternational.com\/?page_id=27376"},"modified":"2025-09-11T23:16:55","modified_gmt":"2025-09-12T03:16:55","slug":"etude-de-marche-sur-le-parcours-client","status":"publish","type":"page","link":"https:\/\/www.sisinternational.com\/fr\/solutions\/solutions-de-recherche-qualitative-et-quantitative\/etude-de-marche-sur-le-parcours-client\/","title":{"rendered":"\u00c9tude de march\u00e9 sur le parcours client"},"content":{"rendered":"<h1 class=\"gb-headline gb-headline-94dd15bc gb-headline-text\">\u00c9tude de march\u00e9 sur le parcours client<\/h1>\n\n\n\n<figure class=\"gb-block-image gb-block-image-492f2ca9\"><img loading=\"lazy\" decoding=\"async\" width=\"1456\" height=\"816\" class=\"gb-image gb-image-492f2ca9\" src=\"https:\/\/www.sisinternational.com\/wp-content\/uploads\/2025\/08\/Supermarket-6.jpg\" srcset=\"https:\/\/www.sisinternational.com\/wp-content\/uploads\/2025\/08\/Supermarket-6.jpg 1456w, https:\/\/www.sisinternational.com\/wp-content\/uploads\/2025\/08\/Supermarket-6-300x168.jpg 300w, https:\/\/www.sisinternational.com\/wp-content\/uploads\/2025\/08\/Supermarket-6-1024x574.jpg 1024w, https:\/\/www.sisinternational.com\/wp-content\/uploads\/2025\/08\/Supermarket-6-768x430.jpg 768w, https:\/\/www.sisinternational.com\/wp-content\/uploads\/2025\/08\/Supermarket-6-18x10.jpg 18w\" sizes=\"auto, (max-width: 1456px) 100vw, 1456px\" alt=\"\u00c9tudes de march\u00e9 et strat\u00e9gie internationales SIS\"><\/figure>\n\n\n\n<p><\/p>\n\n\n\n<hr class=\"wp-block-separator has-alpha-channel-opacity is-style-dots\"\/>\n\n\n\n<h2 class=\"wp-block-heading\"><span style=\"font-weight: 400;\"><strong>Comment les entreprises savent-elles ce que veulent leurs clients ?<\/strong> <\/span><\/h2>\n\n\n\n<p><span style=\"font-weight: 400;\">The best way to figure it out is to get into the customer\u2019s mind. The Customer Journey is like a roadmap. &nbsp;It explores how the customer becomes interested in a brand and shows their interactions with it. The Customer Journey is defined as the set of experiences that customers go through when interacting with a company and brand.<\/span><\/p>\n\n\n\n<h2 class=\"wp-block-heading\">Pourquoi le parcours client est-il si complexe ?<\/h2>\n\n\n\n<p><span style=\"font-weight: 400;\">How consumers relate to brands started to change over the last five years. Mobile, social media, and other new digital channels have been influential. As a result, the path to purchase is no longer a linear progression. In the past, it went from consideration to identification through information gathering, with the last stop being the decision to buy. However, the rise of digital technology has transformed the way people learn about and interact with brands.<\/span><\/p>\n\n\n\n<p><span style=\"font-weight: 400;\">The Path to Purchase also used to guide marketing plans and strategies. The modern Customer Journey is now more complicated with the emergence of social media. &nbsp;Smartphones, the Internet of Things (IoT) and connected media also contribute to the complexity of the Customer Journey. The devices on consumers\u2019 wrists and in their pockets have conditioned them. &nbsp;Consumers increasingly expect brands to produce the desired results \u2013 the moment they want them. The brand becomes more focused on relationships rather than transactions. Customer Journeys provide a framework to build the bond between brand and consumer.<\/span><\/p>\n\n\n\n<h2 class=\"wp-block-heading\">Chemin d&#039;achat<\/h2>\n\n\n\n<figure class=\"gb-block-image gb-block-image-df9636c8\"><img loading=\"lazy\" decoding=\"async\" width=\"1456\" height=\"816\" class=\"gb-image gb-image-df9636c8\" src=\"https:\/\/www.sisinternational.com\/wp-content\/uploads\/2025\/08\/Customer-shopping-1.jpg\" srcset=\"https:\/\/www.sisinternational.com\/wp-content\/uploads\/2025\/08\/Customer-shopping-1.jpg 1456w, https:\/\/www.sisinternational.com\/wp-content\/uploads\/2025\/08\/Customer-shopping-1-300x168.jpg 300w, https:\/\/www.sisinternational.com\/wp-content\/uploads\/2025\/08\/Customer-shopping-1-1024x574.jpg 1024w, https:\/\/www.sisinternational.com\/wp-content\/uploads\/2025\/08\/Customer-shopping-1-768x430.jpg 768w, https:\/\/www.sisinternational.com\/wp-content\/uploads\/2025\/08\/Customer-shopping-1-18x10.jpg 18w\" sizes=\"auto, (max-width: 1456px) 100vw, 1456px\" alt=\"\u00c9tudes de march\u00e9 et strat\u00e9gie internationales SIS\"><\/figure>\n\n\n\n<p><\/p>\n\n\n\n<p><span style=\"font-weight: 400;\">Le parcours client et le parcours d\u2019achat pr\u00e9sentent des similitudes et des diff\u00e9rences. Le parcours d\u2019achat fait r\u00e9f\u00e9rence \u00e0 une s\u00e9quence de canaux que les consommateurs utilisent pour effectuer un achat. Le parcours client est l\u2019exp\u00e9rience que vivent les consommateurs lorsqu\u2019ils ach\u00e8tent un article aupr\u00e8s d\u2019une marque.<\/span><\/p>\n\n\n\n<h2 class=\"wp-block-heading\">Informations sur les acheteurs<\/h2>\n\n\n\n<p><span style=\"font-weight: 400;\">Businesses benefit when they understand the opportunities and threats of today\u2019s Customer Journey. &nbsp;They must also recognize shoppers&#8217; behavior as they interact with their brand in-store or online. &nbsp;Customer loyalty strategies can help boost profitability, raise engagement and customer retention. These benefits include increased repeat visits and growth of the consumer base. &nbsp;Another benefit is the boost in average transactional values. Ultimately optimizing the Customer Journey can lead to exceptional customer experiences, customer loyalty and profitability.<\/span><\/p>\n\n\n\n<p><span style=\"font-weight: 400;\">Les outils de Retail Intelligence sont plus pr\u00e9cis que jamais. Ils permettent aux magasins de ravir les consommateurs avec un service client et des exp\u00e9riences en magasin fantastiques. Par exemple, les vendeurs progressistes peuvent faire plus que simplement examiner les donn\u00e9es des clients. Ils peuvent \u00e9galement utiliser les outils de veille pour pr\u00e9parer les g\u00e9rants de magasin. Les managers pourront alors planifier les travaux. La planification leur permet \u00e9galement d&#039;organiser l&#039;activit\u00e9 de vente. Ils peuvent \u00e9galement attribuer des responsabilit\u00e9s en fonction des visites attendues sur le site Web.<\/span><\/p>\n\n\n\n<p><span style=\"font-weight: 400;\">Targeted and tailored brand messages have become the norm. Today\u2019s savvy customers not only prefer but also expect them. Still, there\u2019s a catch to using customer data to deliver service. Few buyers want retailers to know their current location. Even fewer want to share their browsing history. Consumers are reluctant to disclose all their details. Still, they want targeted deals. Companies can \u201cmap\u201d their Customer Journeys to ease this reluctance. Customer mapping is helpful for visualizing multiple touchpoints and digging deep into customers\u2019 experiences with a brand.<\/span><\/p>\n\n\n\n<h2 class=\"wp-block-heading\">Parcours client B2B<\/h2>\n\n\n\n<p><span style=\"font-weight: 400;\"><a class=\"wpil_keyword_link\" href=\"https:\/\/www.sisinternational.com\/fr\/solutions\/solutions-de-branding-et-de-recherche-client\/cartographie-du-parcours-client\/\"   title=\"Cartographie du parcours client\" data-wpil-keyword-link=\"linked\"  data-wpil-monitor-id=\"766\">Cartographie du parcours client<\/a> for B2B customers involves segmenting them. Marketers base these classifications on what makes B2B customers different such as age and geography. Businesses also map their B2B Customer Journeys based on needs and behaviors. They then detail all the customer touchpoints with their company. The last step is to record the customer responses to these touchpoints.<\/span><\/p>\n\n\n\n<p><span style=\"font-weight: 400;\">B2B companies can stay ahead of the customer by understanding the opportunities and obstacles in the Customer Journey. This understanding can help them create a great experience and build quality products and services. Building a B2B Customer Journey is like creating one for a retail business. It starts with knowing the customer and how they research and make purchases. Once companies understand the journey, they can offer customized service, provide consistent messaging, and delight their customers.<\/span><\/p>\n\n\n\n<h2 class=\"wp-block-heading\">\u00c0 propos du SIS<\/h2>\n\n\n\n<p><a href=\"https:\/\/www.linkedin.com\/company\/sisinternationalresearch\" target=\"_blank\" rel=\"noopener\">SIS<\/a> has over 40+ years&#8217; experience in Customer Research.&nbsp; Customer <a href=\"https:\/\/www.sisinternational.com\/fr\/competence\/les-industries\/etude-de-marche-sur-le-parcours-du-patient\/\" title=\"\u00c9tude de march\u00e9 sur le parcours du patient\" data-wpil-monitor-id=\"5368\">Journey Market Research<\/a> allows companies to identify opportunities and weaknesses in order to boost revenue and satisfaction.&nbsp; We conduct Qualitative Research, Quantitative Research and Strategy Research that helps companies to understand that rapidly changing Customer Journey.&nbsp; Key methods include Digital Online Communities, Video Interviews, Focus Groups, Customer Interviews, Surveys and Competitive Analysis.<\/p>\n\n\n\n<h2 class=\"wp-block-heading\">Notre emplacement \u00e0 New York<\/h2>\n\n\n\n<p>\n\n\n\n<iframe loading=\"lazy\" src=\"https:\/\/www.google.com\/maps\/embed?pb=!1m18!1m12!1m3!1d3022.976188376966!2d-73.99130312499956!3d40.740549471389315!2m3!1f0!2f0!3f0!3m2!1i1024!2i768!4f13.1!3m3!1m2!1s0x89c259a15798c731%3A0xd695d09bdd495f25!2s11%20E%2022nd%20St%20FL%202%2C%20New%20York%2C%20NY%2010010%2C%20USA!5e0!3m2!1sen!2spe!4v1726171763526!5m2!1sen!2spe\" width=\"600\" height=\"450\" allowfullscreen=\"allowfullscreen\" data-mce-fragment=\"1\"><\/iframe>\n\n\n\n<\/p>\n\n\n\n<h3 class=\"wp-block-heading\">11 E 22nd Street, \u00e9tage 2, New York, NY 10010 T\u00e9l. : +1(212) 505-6805<\/h3>\n\n\n\n<hr class=\"wp-block-separator has-alpha-channel-opacity\"\/>\n\n\n\n<h2 class=\"wp-block-heading\"><span style=\"font-weight: 400;\">\u00c0 propos de SIS International<\/span><\/h2>\n\n\n\n<p><a href=\"https:\/\/www.sisinternational.com\/fr\/\"><span style=\"font-weight: 400;\">SIS International<\/span><\/a><span style=\"font-weight: 400;\"> propose des recherches quantitatives, qualitatives et strat\u00e9giques. Nous fournissons des donn\u00e9es, des outils, des strat\u00e9gies, des rapports et des informations pour la prise de d\u00e9cision. Nous menons \u00e9galement des entretiens, des enqu\u00eates, des groupes de discussion et d\u2019autres m\u00e9thodes et approches d\u2019\u00e9tudes de march\u00e9.<\/span><a href=\"https:\/\/www.sisinternational.com\/fr\/a-propos-de-la-recherche-internationale-sis\/contact-sis-international-market-research\/\"><span style=\"font-weight: 400;\"> Contactez nous<\/span><\/a><span style=\"font-weight: 400;\"> pour votre prochain projet d&#039;\u00e9tude de march\u00e9.<\/span><\/p>\n\n\n\n<p><\/p>","protected":false},"excerpt":{"rendered":"<p>Le parcours client d&#039;aujourd&#039;hui \u00e9volue rapidement pour inclure de nombreux autres points de contact, notamment en ligne. D\u00e9couvrez les informations issues des \u00e9tudes de march\u00e9 sur le parcours client.<\/p>","protected":false},"author":1,"featured_media":63726,"parent":14660,"menu_order":12,"comment_status":"closed","ping_status":"closed","template":"","meta":{"footnotes":""},"class_list":["post-27376","page","type-page","status-publish","has-post-thumbnail"],"_links":{"self":[{"href":"https:\/\/www.sisinternational.com\/fr\/wp-json\/wp\/v2\/pages\/27376","targetHints":{"allow":["GET"]}}],"collection":[{"href":"https:\/\/www.sisinternational.com\/fr\/wp-json\/wp\/v2\/pages"}],"about":[{"href":"https:\/\/www.sisinternational.com\/fr\/wp-json\/wp\/v2\/types\/page"}],"author":[{"embeddable":true,"href":"https:\/\/www.sisinternational.com\/fr\/wp-json\/wp\/v2\/users\/1"}],"replies":[{"embeddable":true,"href":"https:\/\/www.sisinternational.com\/fr\/wp-json\/wp\/v2\/comments?post=27376"}],"version-history":[{"count":6,"href":"https:\/\/www.sisinternational.com\/fr\/wp-json\/wp\/v2\/pages\/27376\/revisions"}],"predecessor-version":[{"id":79158,"href":"https:\/\/www.sisinternational.com\/fr\/wp-json\/wp\/v2\/pages\/27376\/revisions\/79158"}],"up":[{"embeddable":true,"href":"https:\/\/www.sisinternational.com\/fr\/wp-json\/wp\/v2\/pages\/14660"}],"wp:featuredmedia":[{"embeddable":true,"href":"https:\/\/www.sisinternational.com\/fr\/wp-json\/wp\/v2\/media\/63726"}],"wp:attachment":[{"href":"https:\/\/www.sisinternational.com\/fr\/wp-json\/wp\/v2\/media?parent=27376"}],"curies":[{"name":"wp","href":"https:\/\/api.w.org\/{rel}","templated":true}]}}