{"id":27363,"date":"2018-07-14T22:43:29","date_gmt":"2018-07-14T22:43:29","guid":{"rendered":"https:\/\/www.sisinternational.com\/?page_id=27363"},"modified":"2026-03-05T23:45:55","modified_gmt":"2026-03-06T04:45:55","slug":"etude-de-marche-sur-la-beaute-des-baby-boomers","status":"publish","type":"page","link":"https:\/\/www.sisinternational.com\/fr\/competence\/etude-de-marche-sur-la-beaute-des-baby-boomers\/","title":{"rendered":"\u00c9tude de march\u00e9 sur la beaut\u00e9 des baby-boomers"},"content":{"rendered":"<h1 class=\"wp-block-heading\">\u00c9tude de march\u00e9 sur la beaut\u00e9 des baby-boomers<\/h1>\n\n\n\n<figure class=\"gb-block-image gb-block-image-83c2f6ee\"><img loading=\"lazy\" decoding=\"async\" width=\"1456\" height=\"816\" class=\"gb-image gb-image-83c2f6ee\" src=\"https:\/\/www.sisinternational.com\/wp-content\/uploads\/2025\/08\/CEO-woman-business-woman-1.jpg\" alt=\"\u00c9tudes de march\u00e9 et strat\u00e9gie internationales SIS\" title=\"CEO woman business woman (1)\" srcset=\"https:\/\/www.sisinternational.com\/wp-content\/uploads\/2025\/08\/CEO-woman-business-woman-1.jpg 1456w, https:\/\/www.sisinternational.com\/wp-content\/uploads\/2025\/08\/CEO-woman-business-woman-1-300x168.jpg 300w, https:\/\/www.sisinternational.com\/wp-content\/uploads\/2025\/08\/CEO-woman-business-woman-1-1024x574.jpg 1024w, https:\/\/www.sisinternational.com\/wp-content\/uploads\/2025\/08\/CEO-woman-business-woman-1-768x430.jpg 768w, https:\/\/www.sisinternational.com\/wp-content\/uploads\/2025\/08\/CEO-woman-business-woman-1-18x10.jpg 18w\" sizes=\"auto, (max-width: 1456px) 100vw, 1456px\"><\/figure>\n\n\n\n<p><\/p>\n\n\n\n<h2 class=\"wp-block-heading\"><strong>Baby boomers<\/strong> sont des adultes n\u00e9s au cours d\u2019une p\u00e9riode de 18 ans commen\u00e7ant en 1946.<\/h2>\n\n\n\n<p>Today, they range in age from their mid-50s to their low 70s. Within this market segment, however, there are differences between the younger to the older group.\u00a0Even before reaching their 50s, most baby boomers have seen their hair turn gray, while their skin becomes looser and develops wrinkles. And weight is more of an issue as maintaining or losing pounds becomes more of a challenge. One result of these changes is an increase in their desire for anti-aging products and services.<\/p>\n\n\n\n<h2 class=\"wp-block-heading\">Les femmes ne sont pas les seules acheteuses de produits Beaut\u00e9 et Corps.<\/h2>\n\n\n\n<p>Contrairement \u00e0 la g\u00e9n\u00e9ration de leurs parents, un surprenant et <u>nombre croissant d&#039;hommes du baby-boom <\/u>les adoptent et les consomment aussi. Il est significatif que m\u00eame si leur population est \u00e0 peu pr\u00e8s de la m\u00eame taille que celle des jeunes de la g\u00e9n\u00e9ration Y, les baby-boomers en tant que groupe ont plus d\u2019argent et de pouvoir d\u2019achat.<\/p>\n\n\n\n<h2 class=\"wp-block-heading\">L&#039;importance de la beaut\u00e9 et des soins de la peau<\/h2>\n\n\n\n<p>Beauty is a broad term that refers to the entire look that a person presents to the public.&nbsp;&nbsp;Skincare is how one takes <a href=\"https:\/\/www.sisinternational.com\/fr\/competence\/les-industries\/tests-de-recherche-sur-les-soins-de-la-peau\/\" title=\"Recherche et tests sur les soins de la peau\"  data-wpil-monitor-id=\"10764\">care of their skin<\/a> to keep it healthy.&nbsp;Cosmetics or makeup is used to <strong>am\u00e9liorer<\/strong> l&#039;apparence d&#039;une personne, souvent dans le but de rendre la peau lisse, \u00ab \u00e9clatante \u00bb ou \u00ab chatoyante \u00bb pour la rendre plus belle. La beaut\u00e9 a un impact important sur la sant\u00e9, l\u2019estime de soi et le bonheur.<\/p>\n\n\n\n<h2 class=\"wp-block-heading\">Paysage du march\u00e9 de la beaut\u00e9 des baby-boomers<\/h2>\n\n\n\n<p>Il existe une large gamme de produits pouvant \u00eatre <strong>appliqu\u00e9<\/strong> \u00e0 toutes les parties de son corps - litt\u00e9ralement <em>de la t\u00eate aux pieds.\u00a0<\/em>Then some can be <strong>ing\u00e9r\u00e9<\/strong><u>,<\/u> pour promouvoir une bonne sant\u00e9 de l\u2019int\u00e9rieur. Le contenu suivant donne une id\u00e9e de l\u2019\u00e9tendue de ce march\u00e9 et peut vous aider \u00e0 atteindre ce segment vaste et ais\u00e9.<\/p>\n\n\n\n<h2 class=\"wp-block-heading\">Pr\u00e9sentation des produits de beaut\u00e9<\/h2>\n\n\n\n<p>Pour <strong>peau<\/strong>, le visage, les yeux et les l\u00e8vres retiennent g\u00e9n\u00e9ralement le plus l&#039;attention et il existe de nombreuses couches sur les produits et la mani\u00e8re dont ils sont appliqu\u00e9s pour maximiser l&#039;apparence. Vous trouverez ci-dessous quelques produits cl\u00e9s qui aident \u00e0 atteindre cet objectif sur l\u2019ensemble du corps.<\/p>\n\n\n\n<ul class=\"wp-block-list\">\n<li>cr\u00e8me hydratante\/cr\u00e8me<\/li>\n\n\n\n<li>lotion<\/li>\n\n\n\n<li>appr\u00eat<\/li>\n\n\n\n<li>fondation<\/li>\n\n\n\n<li>poudre fixatrice<\/li>\n\n\n\n<li>surligneur<\/li>\n\n\n\n<li>eye-liner<\/li>\n\n\n\n<li>cils<\/li>\n\n\n\n<li>rouge \u00e0 l\u00e8vres<\/li>\n\n\n\n<li>brillant<\/li>\n<\/ul>\n\n\n\n<p>Pour <strong>cheveux<\/strong>, son entretien et son apparence, la liste comprend, sans toutefois s&#039;y limiter<\/p>\n\n\n\n<ul class=\"wp-block-list\">\n<li>shampooing<\/li>\n\n\n\n<li>Conditionneur<\/li>\n\n\n\n<li>colorant<\/li>\n\n\n\n<li>lisseur<\/li>\n\n\n\n<li>gel<\/li>\n\n\n\n<li>mousse<\/li>\n\n\n\n<li>promotion de la croissance, \u00e9limination\/exfoliation<\/li>\n\n\n\n<li>rasoirs et appareils de toilettage<\/li>\n\n\n\n<li>perruques<\/li>\n\n\n\n<li>extensions<\/li>\n<\/ul>\n\n\n\n<p>Pour <strong>mains et pieds<\/strong> there is nail polish in addition to creams and lotions.&nbsp;For <strong>\u00e0 l&#039;int\u00e9rieur<\/strong> Dans son corps, il existe des produits amaigrissants, des vitamines sp\u00e9cifiques, des compl\u00e9ments alimentaires et des boissons.<\/p>\n\n\n\n<p>Les produits d&#039;ext\u00e9rieur comprennent\u00a0:<\/p>\n\n\n\n<ul class=\"wp-block-list\">\n<li>des lunettes de soleil pour prot\u00e9ger les yeux (et faire une d\u00e9claration de mode)<\/li>\n\n\n\n<li>lotion solaire pour prot\u00e9ger la peau<\/li>\n\n\n\n<li>v\u00eatements de protection avec capacit\u00e9 de blocage des rayons UV<\/li>\n<\/ul>\n\n\n\n<h2 class=\"wp-block-heading\">Pr\u00e9sentation de Services de beaut\u00e9<\/h2>\n\n\n\n<p>Il existe une vari\u00e9t\u00e9 de services offerts par des professionnels form\u00e9s et des m\u00e9decins poss\u00e9dant de nombreuses sp\u00e9cialit\u00e9s diff\u00e9rentes. Les interventions m\u00e9dicales sont propos\u00e9es par des chirurgiens plasticiens, des dermatologues, des podologues, des nutritionnistes et autres.<\/p>\n\n\n\n<p><strong>Les proc\u00e9dures m\u00e9dicales de beaut\u00e9 impliquent\u00a0:<\/strong><\/p>\n\n\n\n<ul class=\"wp-block-list\">\n<li>l\u00e8vres, cou, menton, vergetures, bras affaiss\u00e9s, etc.\n<ul class=\"wp-block-list\">\n<li>replis ou r\u00e9ductions<\/li>\n\n\n\n<li>am\u00e9liorations (silicone)<\/li>\n<\/ul>\n<\/li>\n\n\n\n<li>restauration capillaire, implants<\/li>\n\n\n\n<li>\u00e9limination des graisses et remodelage par liposuccion ou CoolSculpting<\/li>\n\n\n\n<li>\u00e9limination des \u00ab taches brunes\/foie \u00bb, des varicosit\u00e9s, de la rosac\u00e9e et des tatouages \u2013 souvent \u00e0 l\u2019aide de lasers ou d\u2019autres technologies.<\/li>\n<\/ul>\n\n\n\n<p><strong>Les services peuvent \u00eatre effectu\u00e9s dans des \u00e9tablissements de beaut\u00e9 tels que\u00a0:<\/strong><\/p>\n\n\n\n<ul class=\"wp-block-list\">\n<li>studios de yoga<\/li>\n\n\n\n<li>Salles de Pilates et d\u2019exercices similaires<\/li>\n\n\n\n<li>clubs de fitness et gymnases<\/li>\n\n\n\n<li>les thermes<\/li>\n\n\n\n<li>studios de massage<\/li>\n\n\n\n<li>salons de manucure o\u00f9 sont dispens\u00e9es des manucures et des p\u00e9dicures (\u00ab mani-pedis \u00bb)<\/li>\n<\/ul>\n\n\n\n<h2 class=\"wp-block-heading\">L\u2019opportunit\u00e9 du march\u00e9 de la beaut\u00e9 des baby-boomers<\/h2>\n\n\n\n<p>Le <a href=\"https:\/\/www.sisinternational.com\/fr\/solutions\/etude-de-marche-des-produits-de-beaute\/etude-de-marche-sur-le-bien-etre-des-baby-boomers\/\" title=\"\u00c9tude de march\u00e9 sur le bien-\u00eatre des baby-boomers\"  data-wpil-monitor-id=\"10761\">Baby Boomer Beauty market<\/a> represents a large untapped market for beauty companies.&nbsp;Consider the following:<\/p>\n\n\n\n<ul class=\"wp-block-list\">\n<li>Il y a environ 75 millions de baby-boomers (\u00e2g\u00e9s de 51 \u00e0 69 ans ; n\u00e9s entre 1946 et 1964) aux \u00c9tats-Unis.<\/li>\n\n\n\n<li>Plus de 501 TP3T de la population totale des \u00c9tats-Unis auront plus de 50 ans cette ann\u00e9e.<\/li>\n\n\n\n<li>Au cours des 20 prochaines ann\u00e9es, les d\u00e9penses des personnes de plus de 50 ans devraient augmenter de 58% pour atteindre $4,74 billions.<\/li>\n\n\n\n<li>En revanche, les d\u00e9penses des jeunes Am\u00e9ricains \u00e2g\u00e9s de 25 \u00e0 50 ans ne devraient augmenter que d\u2019environ 241 TP3T.<\/li>\n\n\n\n<li>Les baby-boomers h\u00e9riteront \u00e9galement d\u2019environ $15 billions au cours des 20 prochaines ann\u00e9es.<\/li>\n<\/ul>\n\n\n\n<p>Ruth Stanat, founder of SIS <a class=\"wpil_keyword_link\" href=\"https:\/\/www.sisinternational.com\/fr\/solutions\/etude-de-marche-des-produits-de-beaute\/conseil-en-innovation-beaute\/\"   title=\"Conseil en innovation beaut\u00e9\" data-wpil-keyword-link=\"linked\"  data-wpil-monitor-id=\"469\">Conseil en innovation beaut\u00e9<\/a>, believes Baby Boomers will ignite a consumer spending boom over the next several years.&nbsp; Not only is 70% of U.S. disposable income controlled by Baby Boomers, but they also spend over $3.2 trillion every year. This market is too big to ignore for investors and entrepreneurs alike.<\/p>\n\n\n\n<ul class=\"wp-block-list\">\n<li>De mani\u00e8re g\u00e9n\u00e9rale, les femmes baby-boomers ne souhaitent pas revenir en arri\u00e8re avec les produits anti-\u00e2ge. Au lieu de cela, ils veulent des produits qui r\u00e9pondront directement aux probl\u00e8mes de peau, de soins capillaires et de sant\u00e9, tout en mettant l\u2019accent sur le bien-\u00eatre et l\u2019apparence.<\/li>\n\n\n\n<li>La plupart recherchent des produits aux propri\u00e9t\u00e9s hydratantes pour traiter la peau s\u00e8che, tandis que seul un plus petit pourcentage s&#039;int\u00e9resse aux all\u00e9gations anti-\u00e2ge.<\/li>\n\n\n\n<li>Contrairement aux femmes du mill\u00e9naire, qui aiment explorer de nouvelles marques et de nouveaux produits, la grande majorit\u00e9 des femmes du baby-boom disposent d\u00e9j\u00e0 d\u2019un r\u00e9gime de soins de la peau et des cheveux bien \u00e9tabli.<\/li>\n\n\n\n<li>Les achats impulsifs chez les femmes baby-boomers sont rares, car moins de personnes d\u00e9clarent qu&#039;elles ach\u00e8teraient un produit de beaut\u00e9 sur un coup de t\u00eate.<\/li>\n\n\n\n<li>Un petit pourcentage de femmes baby-boomers d\u00e9clarent qu\u2019elles rechercheraient activement de nouveaux produits plut\u00f4t que leurs marques de confiance actuelles. Ces consommateurs sont fid\u00e8les \u00e0 une marque de longue date, ce qui peut constituer un d\u00e9fi pour les nouvelles marques.<\/li>\n\n\n\n<li>Brands\/products can focus on the <a href=\"https:\/\/www.sisinternational.com\/fr\/mystery-shopping-for-beauty-products\/\" title=\"Mystery Shopping for Beauty Products\"  data-wpil-monitor-id=\"10769\">beauty and health benefits of their products<\/a>, as well as offer free trials touting the health benefits are important to Boomers at this stage of their lives.<\/li>\n<\/ul>\n\n\n\n<p>Baby boomers represent an \u201cuntapped\u201d <a href=\"https:\/\/www.sisinternational.com\/fr\/beauty-market-research-in-the-us\/\" title=\"Beauty Market Research in the US\"  data-wpil-monitor-id=\"882\">market for beauty<\/a> companies. Understanding the needs and wants of a <a href=\"https:\/\/www.sisinternational.com\/fr\/entreprise-de-generation-de-demande-b2b-de-premier-plan\/\" title=\"Entreprise de g\u00e9n\u00e9ration de demande B2B de premier plan\"  data-wpil-monitor-id=\"10770\">generation can drive advantage for Beauty companies<\/a>.<\/p>\n\n\n\n<h2 class=\"wp-block-heading\">D\u00e9couvrir de nouvelles opportunit\u00e9s<\/h2>\n\n\n\n<p>Beauty companies may be limiting their beauty <a href=\"https:\/\/www.sisinternational.com\/fr\/\" title=\"Accueil\"  data-wpil-monitor-id=\"10757\">research and strategy<\/a> to consumers between the ages of 21 and 45.\u00a0 \u00a0SIS has also noticed that beauty companies tend to exclude men as potential customers.\u00a0 These segments can be profitable, loyal, and can provide new growth opportunities.\u00a0 Market Research uncovers insights, data and strategies about these segments.<\/p>\n\n\n\n<h2 class=\"wp-block-heading\">\u00c0 propos de l\u2019\u00e9tude de march\u00e9 sur la beaut\u00e9 des baby-boomers<\/h2>\n\n\n\n<p>With the motivation and desire to look younger and healthier, baby boomers are willing to invest their time and money on an increasing number of <a href=\"https:\/\/www.sisinternational.com\/fr\/solutions\/test-de-gout\/beauty-product-testing\/\" title=\"Beauty Product Testing\"  data-wpil-monitor-id=\"10766\">beauty and skincare products<\/a> and services, including those that are innovative and often utilize new technologies.<\/p>\n\n\n\n<p>If your business is involved with this <a href=\"https:\/\/www.sisinternational.com\/fr\/global-beverage-market\/\" title=\"Global Beverage Market: Market Dynamics, Growth Projections &amp; Consumer Insights\"  data-wpil-monitor-id=\"10762\">dynamic and growing market<\/a>, it is critical to constantly monitor the lifestyles and behaviors of this age group towards their well-being.&nbsp;Across the 18 year range of ages for this group, between genders and other variables, there will be differences worth studying that can inform better marketing decisions.<\/p>\n\n\n\n<p>Les m\u00e9thodes utiles d\u2019\u00e9tude de march\u00e9 comprennent\u00a0:<\/p>\n\n\n\n<ul class=\"wp-block-list\">\n<li>Groupes de discussion en personne<\/li>\n\n\n\n<li>Entretiens avec les consommateurs<\/li>\n\n\n\n<li>Ethnographie<\/li>\n\n\n\n<li>Enqu\u00eates t\u00e9l\u00e9phoniques et mobiles<\/li>\n\n\n\n<li><a href=\"https:\/\/www.sisinternational.com\/fr\/solutions\/societe-detudes-de-marche-communautaire-en-ligne-b2b\/\" title=\"Soci\u00e9t\u00e9 d&#039;\u00e9tudes de march\u00e9 sur les communaut\u00e9s en ligne B2B\"  data-wpil-monitor-id=\"10768\">Communaut\u00e9s Insight en ligne<\/a><\/li>\n<\/ul>\n\n\n\n<p><\/p>","protected":false},"excerpt":{"rendered":"<p>Les baby-boomers repr\u00e9sentent un march\u00e9 inexploit\u00e9 pour les entreprises de beaut\u00e9. Comprendre les besoins et les d\u00e9sirs d\u2019une g\u00e9n\u00e9ration peut g\u00e9n\u00e9rer des avantages pour les entreprises de beaut\u00e9.<\/p>","protected":false},"author":1,"featured_media":64871,"parent":14514,"menu_order":36,"comment_status":"closed","ping_status":"closed","template":"","meta":{"footnotes":""},"class_list":["post-27363","page","type-page","status-publish","has-post-thumbnail"],"_links":{"self":[{"href":"https:\/\/www.sisinternational.com\/fr\/wp-json\/wp\/v2\/pages\/27363","targetHints":{"allow":["GET"]}}],"collection":[{"href":"https:\/\/www.sisinternational.com\/fr\/wp-json\/wp\/v2\/pages"}],"about":[{"href":"https:\/\/www.sisinternational.com\/fr\/wp-json\/wp\/v2\/types\/page"}],"author":[{"embeddable":true,"href":"https:\/\/www.sisinternational.com\/fr\/wp-json\/wp\/v2\/users\/1"}],"replies":[{"embeddable":true,"href":"https:\/\/www.sisinternational.com\/fr\/wp-json\/wp\/v2\/comments?post=27363"}],"version-history":[{"count":7,"href":"https:\/\/www.sisinternational.com\/fr\/wp-json\/wp\/v2\/pages\/27363\/revisions"}],"predecessor-version":[{"id":81764,"href":"https:\/\/www.sisinternational.com\/fr\/wp-json\/wp\/v2\/pages\/27363\/revisions\/81764"}],"up":[{"embeddable":true,"href":"https:\/\/www.sisinternational.com\/fr\/wp-json\/wp\/v2\/pages\/14514"}],"wp:featuredmedia":[{"embeddable":true,"href":"https:\/\/www.sisinternational.com\/fr\/wp-json\/wp\/v2\/media\/64871"}],"wp:attachment":[{"href":"https:\/\/www.sisinternational.com\/fr\/wp-json\/wp\/v2\/media?parent=27363"}],"curies":[{"name":"wp","href":"https:\/\/api.w.org\/{rel}","templated":true}]}}