{"id":27300,"date":"2018-07-12T03:17:54","date_gmt":"2018-07-12T03:17:54","guid":{"rendered":"https:\/\/www.sisinternational.com\/?page_id=27300"},"modified":"2025-09-11T19:29:46","modified_gmt":"2025-09-11T23:29:46","slug":"etude-de-marche-sur-les-soins-de-la-peau-aux-superaliments","status":"publish","type":"page","link":"https:\/\/www.sisinternational.com\/fr\/solutions\/etude-de-marche-des-produits-de-beaute\/etude-de-marche-sur-les-soins-de-la-peau-aux-superaliments\/","title":{"rendered":"\u00c9tude de march\u00e9 sur les soins de la peau aux superaliments"},"content":{"rendered":"<h1 class=\"wp-block-heading\">\u00c9tude de march\u00e9 sur les soins de la peau aux superaliments<\/h1>\n\n\n\n<figure class=\"gb-block-image gb-block-image-6a53fb24\"><img loading=\"lazy\" decoding=\"async\" width=\"1456\" height=\"816\" class=\"gb-image gb-image-6a53fb24\" src=\"https:\/\/www.sisinternational.com\/wp-content\/uploads\/2025\/08\/Skincare-6-1.jpg\" srcset=\"https:\/\/www.sisinternational.com\/wp-content\/uploads\/2025\/08\/Skincare-6-1.jpg 1456w, https:\/\/www.sisinternational.com\/wp-content\/uploads\/2025\/08\/Skincare-6-1-300x168.jpg 300w, https:\/\/www.sisinternational.com\/wp-content\/uploads\/2025\/08\/Skincare-6-1-1024x574.jpg 1024w, https:\/\/www.sisinternational.com\/wp-content\/uploads\/2025\/08\/Skincare-6-1-768x430.jpg 768w, https:\/\/www.sisinternational.com\/wp-content\/uploads\/2025\/08\/Skincare-6-1-18x10.jpg 18w\" sizes=\"auto, (max-width: 1456px) 100vw, 1456px\" alt=\"\u00c9tudes de march\u00e9 et strat\u00e9gie internationales SIS\"><\/figure>\n\n\n\n<p><\/p>\n\n\n\n<p><span style=\"font-weight: 400;\">Les superaliments sont \u00e0 base de plantes, de poisson et de produits laitiers, ont une valeur nutritionnelle et sont bons pour la sant\u00e9. Ces aliments ne font partie d\u2019aucun groupe alimentaire particulier. L\u2019industrie de la sant\u00e9 et du bien-\u00eatre les commercialise comme des aliments riches en nutriments et pr\u00e9sentant de nombreux avantages pour la sant\u00e9. Les superaliments contiennent des quantit\u00e9s suppl\u00e9mentaires de vitamines et de min\u00e9raux. Ces nutriments aident la capacit\u00e9 naturelle du corps \u00e0 combattre des maladies telles que le cancer. Ils aident \u00e9galement \u00e0 contr\u00f4ler des maladies chroniques telles que l\u2019hypertension et le diab\u00e8te. Les superaliments permettent aux gens de vivre longtemps et en tr\u00e8s bonne sant\u00e9.<\/span><\/p>\n\n\n\n<p><span style=\"font-weight: 400;\">Les superaliments recherch\u00e9s comprennent les myrtilles et les kiwis. Les noix, les graines, les haricots et les c\u00e9r\u00e9ales sont \u00e9galement des superaliments. Les l\u00e9gumes-feuilles fonc\u00e9s comme le chou fris\u00e9 et les \u00e9pinards entrent \u00e9galement dans la cat\u00e9gorie des superaliments. Sont \u00e9galement inclus les poissons riches en acides om\u00e9ga, les patates douces et les courges.<\/span><\/p>\n\n\n\n<p><span style=\"font-weight: 400;\">Other very healthy foods are also beneficial to health. Due to unexplained reasons, the health and wellness <a href=\"https:\/\/www.sisinternational.com\/fr\/competence\/les-industries\/etude-de-marche-sur-lindustrie-fruitiere\/\" title=\"\u00c9tude de march\u00e9 sur l\u2019industrie fruiti\u00e8re\"  data-wpil-monitor-id=\"8476\">industry is not yet touting these fruits<\/a> and vegetables as superfoods. The term &#8220;superfoods&#8221; implies the power and abilities of the foods. Still, people should consume them in moderation like any other food. Too much can prove detrimental to one\u2019s health.<\/span><\/p>\n\n\n\n<h2 class=\"wp-block-heading\">Superaliments pour la peau<\/h2>\n\n\n\n<figure class=\"gb-block-image gb-block-image-61562b35\"><img loading=\"lazy\" decoding=\"async\" width=\"1456\" height=\"816\" class=\"gb-image gb-image-61562b35\" src=\"https:\/\/www.sisinternational.com\/wp-content\/uploads\/2025\/08\/Fruit-7.jpg\" srcset=\"https:\/\/www.sisinternational.com\/wp-content\/uploads\/2025\/08\/Fruit-7.jpg 1456w, https:\/\/www.sisinternational.com\/wp-content\/uploads\/2025\/08\/Fruit-7-300x168.jpg 300w, https:\/\/www.sisinternational.com\/wp-content\/uploads\/2025\/08\/Fruit-7-1024x574.jpg 1024w, https:\/\/www.sisinternational.com\/wp-content\/uploads\/2025\/08\/Fruit-7-768x430.jpg 768w, https:\/\/www.sisinternational.com\/wp-content\/uploads\/2025\/08\/Fruit-7-18x10.jpg 18w\" sizes=\"auto, (max-width: 1456px) 100vw, 1456px\" alt=\"\u00c9tudes de march\u00e9 et strat\u00e9gie internationales SIS\"><\/figure>\n\n\n\n<p><\/p>\n\n\n\n<p><span style=\"font-weight: 400;\">Cosmetic companies have discovered that superfoods also benefit the skin. These companies are developing skin care products with superfoods as ingredients. Indeed, there has been a shift of focus, so superfoods are now included in skin care regimens.<\/span><\/p>\n\n\n\n<p><span style=\"font-weight: 400;\">Skincare companies are targeting the health and <a href=\"https:\/\/www.sisinternational.com\/fr\/solutions\/etude-de-marche-des-produits-de-beaute\/\" title=\"Conseil en innovation dans le domaine de la beaut\u00e9 et \u00e9tude du march\u00e9 de la beaut\u00e9\"  data-wpil-monitor-id=\"8466\">beauty conscious segment of the market<\/a>. It is happening as the world becomes more health conscious. People are more cautious about what they put inside their bodies. The idea is that if a type of <a href=\"https:\/\/www.sisinternational.com\/fr\/competence\/les-industries\/etude-de-marche-sur-les-boissons-alimentaires-et-les-organismes-genetiquement-modifies\/\" title=\"\u00c9tude de march\u00e9 sur les aliments et les boissons issus d\u2019organismes g\u00e9n\u00e9tiquement modifi\u00e9s\"  data-wpil-monitor-id=\"8478\">food is beneficial to the internal organs<\/a>, then it should do wonders for the outward appearance.<\/span><\/p>\n\n\n\n<p><span style=\"font-weight: 400;\">Certains ingr\u00e9dients pr\u00e9sents dans les produits de soins de la peau se sont r\u00e9v\u00e9l\u00e9s toxiques. Les entreprises de cosm\u00e9tiques utilisent des ingr\u00e9dients plus sains, riches en vitamines et en nutriments. On s\u2019attend \u00e0 ce que les ingr\u00e9dients de superaliments dans les soins de la peau augmentent.<\/span><\/p>\n\n\n\n<h2 class=\"wp-block-heading\">&nbsp;<\/h2>\n\n\n\n<p><span style=\"font-weight: 400;\">Aloe is one of the superfoods that promote clear and healthy skin. Other skincare superfoods are blackberries and blueberries. <a href=\"https:\/\/www.sisinternational.com\/fr\/solutions\/solutions-de-branding-et-de-recherche-client\/etude-de-marche-sur-les-soins-de-la-peau\/\" title=\"\u00c9tude de march\u00e9 sur les soins de la peau | Conseil en industrie de la beaut\u00e9\"  data-wpil-monitor-id=\"8468\">Skincare companies are marketing<\/a> these superfoods, as nutri-cosmetics.<\/span><\/p>\n\n\n\n<h2 class=\"wp-block-heading\"><span style=\"font-weight: 400;\">Marques de soins de la peau \u00e0 base de superaliments<\/span><\/h2>\n\n\n\n<p><span style=\"font-weight: 400;\">Companies that produce nutri-cosmetics include Avon, Tilvee Super Food Skincare, and Johnson &amp; Johnson. Such companies are now taking a healthier and natural approach to product development. They are selling products at a faster rate with shorter shelf lives, as a result of customer reviews. Even skin capsules are being transformed to include superfoods. Aloe and cucumber skin lotions are a good example. Most of these products smell almost as good, and even better than the actual food from which they are derived.<\/span><\/p>\n\n\n\n<p><span style=\"font-weight: 400;\">L\u2019entreprise qui se d\u00e9marque dans le domaine des soins de la peau aux superaliments est Elemis. Cette soci\u00e9t\u00e9 s\u2019approvisionne en plantes v\u00e9g\u00e9tales des quatre coins du monde. Il m\u00e9lange des ingr\u00e9dients fabriqu\u00e9s en laboratoire avec des super plantes. Ces m\u00e9langes produisent des formulations qui sont soumises \u00e0 des tests cliniques et consommateurs approfondis. La plupart contiennent des super compos\u00e9s tels que des antioxydants et des peptides. Les scientifiques choisissent ces plantes pour leur puissance. Ils appr\u00e9cient \u00e9galement leur caract\u00e8re unique, leur efficacit\u00e9 et leurs propri\u00e9t\u00e9s dynamiques.<\/span><\/p>\n\n\n\n<p><span style=\"font-weight: 400;\">Krave est une autre marque dont la philosophie est que les soins de la peau doivent respecter leur biologie. Ils basent leurs produits sur des formules non irritantes et sans parfum. Ils m\u00e9langent leurs formules avec des nutriments et des antioxydants \u00ab skin-Kraveable \u00bb. Krave est fabriqu\u00e9 en Cor\u00e9e. Cependant, la marque indique clairement qu\u2019elle ne veut pas faire partie de l\u2019engouement pour la K-Beauty. Krave veut \u00eatre clair sur le fait que ses produits peuvent \u00eatre autonomes.<\/span><\/p>\n\n\n\n<p><span style=\"font-weight: 400;\">Thousands of superfood <a href=\"https:\/\/www.sisinternational.com\/fr\/competence\/cv-dexperience\/etude-de-marche-sur-les-produits-de-soins-personnels\/\" title=\"\u00c9tude de march\u00e9 sur les produits de soins personnels\"  data-wpil-monitor-id=\"8470\">products are already on the market<\/a>. More are under development. The world is becoming health-oriented. The general population is reading labels. People are looking for particular ingredients before buying skin care products. In this age of information, the fine print cannot hide. People are taking better care of their bodies both inside and out.<\/span><\/p>\n\n\n\n<h2 class=\"wp-block-heading\">Soins de la peau au chou fris\u00e9<\/h2>\n\n\n\n<p><span style=\"font-weight: 400;\">The cosmetic <a href=\"https:\/\/www.sisinternational.com\/fr\/societe-de-prevision-des-principales-tendances-du-secteur-b2b\/\" title=\"Entreprise de pr\u00e9vision des principales tendances du secteur B2B\"  data-wpil-monitor-id=\"8480\">industry has embraced the superfood trend<\/a>. Kale, which was virtually ignored twenty years ago, is now being consumed in copious quantities. It\u2019s only natural that these kale eaters will also see the benefit of using elements of the plant in their skincare. This segment of the population is easy to market to, and the cosmetic industry is enjoying the benefit of this low hanging fruit.<\/span><\/p>\n\n\n\n<h2 class=\"wp-block-heading\">\u00c0 propos de nous<\/h2>\n\n\n\n<p>SIS has over 40+ years experience in conducting <a href=\"https:\/\/www.sisinternational.com\/fr\/\" title=\"Accueil\"  data-wpil-monitor-id=\"8461\">Market Research and Strategy<\/a> Consulting projects for Skincare, Health and Wellness companies.&nbsp; We conduct In-Home <a href=\"https:\/\/www.sisinternational.com\/fr\/solutions\/solutions-de-branding-et-de-recherche-client\/etude-de-marche-sur-les-tests-de-produits\/\" title=\"\u00c9tude de march\u00e9 sur les tests de produits\"  data-wpil-monitor-id=\"8473\">Product Usage tests<\/a>, Focus Groups, Ethnography, Influencer research and Customer Interviews.<\/p>\n\n\n\n<p><\/p>","protected":false},"excerpt":{"rendered":"<p>Les superaliments sont des \u00e9l\u00e9ments v\u00e9g\u00e9taux, du poisson et des produits laitiers qui sont nutritifs et b\u00e9n\u00e9fiques pour la peau. Apprenez-en davantage sur l\u2019\u00e9tude de march\u00e9 sur les soins de la peau aux superaliments.<\/p>","protected":false},"author":1,"featured_media":64540,"parent":27176,"menu_order":0,"comment_status":"closed","ping_status":"closed","template":"","meta":{"footnotes":""},"class_list":["post-27300","page","type-page","status-publish","has-post-thumbnail"],"_links":{"self":[{"href":"https:\/\/www.sisinternational.com\/fr\/wp-json\/wp\/v2\/pages\/27300","targetHints":{"allow":["GET"]}}],"collection":[{"href":"https:\/\/www.sisinternational.com\/fr\/wp-json\/wp\/v2\/pages"}],"about":[{"href":"https:\/\/www.sisinternational.com\/fr\/wp-json\/wp\/v2\/types\/page"}],"author":[{"embeddable":true,"href":"https:\/\/www.sisinternational.com\/fr\/wp-json\/wp\/v2\/users\/1"}],"replies":[{"embeddable":true,"href":"https:\/\/www.sisinternational.com\/fr\/wp-json\/wp\/v2\/comments?post=27300"}],"version-history":[{"count":4,"href":"https:\/\/www.sisinternational.com\/fr\/wp-json\/wp\/v2\/pages\/27300\/revisions"}],"predecessor-version":[{"id":81423,"href":"https:\/\/www.sisinternational.com\/fr\/wp-json\/wp\/v2\/pages\/27300\/revisions\/81423"}],"up":[{"embeddable":true,"href":"https:\/\/www.sisinternational.com\/fr\/wp-json\/wp\/v2\/pages\/27176"}],"wp:featuredmedia":[{"embeddable":true,"href":"https:\/\/www.sisinternational.com\/fr\/wp-json\/wp\/v2\/media\/64540"}],"wp:attachment":[{"href":"https:\/\/www.sisinternational.com\/fr\/wp-json\/wp\/v2\/media?parent=27300"}],"curies":[{"name":"wp","href":"https:\/\/api.w.org\/{rel}","templated":true}]}}