{"id":27258,"date":"2018-07-11T06:33:40","date_gmt":"2018-07-11T06:33:40","guid":{"rendered":"https:\/\/www.sisinternational.com\/?page_id=27258"},"modified":"2026-03-06T19:50:29","modified_gmt":"2026-03-07T00:50:29","slug":"etude-de-marche-de-la-beaute-japonaise-j-beauty","status":"publish","type":"page","link":"https:\/\/www.sisinternational.com\/fr\/couverture\/etude-de-marche-en-asie\/etude-de-marche-de-la-beaute-japonaise-j-beauty\/","title":{"rendered":"\u00c9tude de march\u00e9 japonaise sur la beaut\u00e9 | J Beaut\u00e9"},"content":{"rendered":"<h1 class=\"wp-block-heading\">\u00c9tude de march\u00e9 japonaise sur la beaut\u00e9 | J Beaut\u00e9<\/h1>\n\n\n\n<figure class=\"gb-block-image gb-block-image-3ea2d3e4\"><img loading=\"lazy\" decoding=\"async\" width=\"1456\" height=\"816\" class=\"gb-image gb-image-3ea2d3e4\" src=\"https:\/\/www.sisinternational.com\/wp-content\/uploads\/2025\/09\/Japan-4.jpg\" alt=\"\u00c9tudes de march\u00e9 et strat\u00e9gie internationales SIS\" title=\"Japan (4)\" srcset=\"https:\/\/www.sisinternational.com\/wp-content\/uploads\/2025\/09\/Japan-4.jpg 1456w, https:\/\/www.sisinternational.com\/wp-content\/uploads\/2025\/09\/Japan-4-300x168.jpg 300w, https:\/\/www.sisinternational.com\/wp-content\/uploads\/2025\/09\/Japan-4-1024x574.jpg 1024w, https:\/\/www.sisinternational.com\/wp-content\/uploads\/2025\/09\/Japan-4-768x430.jpg 768w, https:\/\/www.sisinternational.com\/wp-content\/uploads\/2025\/09\/Japan-4-18x10.jpg 18w\" sizes=\"auto, (max-width: 1456px) 100vw, 1456px\"><\/figure>\n\n\n\n<p><\/p>\n\n\n\n<h2 class=\"wp-block-heading\">Pensez science combin\u00e9e \u00e0 la nature<\/h2>\n\n\n\n<p>La science et la nature sont \u00e0 l\u2019origine d\u2019ingr\u00e9dients cl\u00e9s utilis\u00e9s dans les rituels japonais depuis des si\u00e8cles, gr\u00e2ce \u00e0 des technologies innovantes et \u00e0 une recherche et d\u00e9veloppement stellaire. La beaut\u00e9 et le bien-\u00eatre font depuis longtemps partie int\u00e9grante de la culture japonaise. Les produits de beaut\u00e9 et de soins japonais apportent ces ingr\u00e9dients \u00e0 toutes les ethnies et \u00e0 tous les groupes d\u2019\u00e2ge.&nbsp;<span style=\"font-weight: 400;\">Voici un aper\u00e7u de quelques produits J-beauty populaires\u00a0:<\/span><\/p>\n\n\n\n<h2 class=\"wp-block-heading\"><span style=\"font-weight: 400;\">Produits de beaut\u00e9 japonais<\/span><\/h2>\n\n\n\n<p><b>Shiseido<\/b><\/p>\n\n\n\n<p><span style=\"font-weight: 400;\">Shiseido est une soci\u00e9t\u00e9 multinationale japonaise. Ils fabriquent des produits de soins capillaires et cutan\u00e9s, des parfums et des cosm\u00e9tiques. Fond\u00e9e en 1872, Shiseido est l&#039;une des plus anciennes entreprises de cosm\u00e9tiques au monde. Il s\u2019agit de la plus grande entreprise de cosm\u00e9tiques au Japon et de la cinqui\u00e8me au monde. Leurs produits sont disponibles uniquement dans certains grands magasins.<\/span><\/p>\n\n\n\n<p><b>SK-II<\/b><\/p>\n\n\n\n<p><span style=\"font-weight: 400;\">SK-II est une marque de J-beauty lanc\u00e9e en 1980. Des scientifiques japonais ont d\u00e9velopp\u00e9 la marque dans les ann\u00e9es 1970. Ils exploraient l\u2019utilisation d\u2019ingr\u00e9dients plus naturels. P&amp;G a acquis la marque en 1991, parall\u00e8lement \u00e0 l&#039;achat de Max Factor. Peu de temps apr\u00e8s, SK-II a \u00e9tendu ses ventes du Japon \u00e0 la Cor\u00e9e, \u00e0 Taiwan et \u00e0 Hong Kong. La marque a fait son apparition au Royaume-Uni en 2000 et s&#039;est propag\u00e9e aux \u00c9tats-Unis.<\/span><\/p>\n\n\n\n<h2 class=\"wp-block-heading\">Opportunit\u00e9s J-Beaut\u00e9<\/h2>\n\n\n\n<p><span style=\"font-weight: 400;\">\u201cJ-beauty,\u201d the sleeping giant of the cosmetic industry, has woken up. Its key competitor is \u201cK-beauty\u201d or Korean beauty. The latter has the advantages of efficiency and manufacturing speed. However, K-beauty can\u2019t contend with Japan\u2019s far more elaborate and delicate beauty routines. It also cannot compete with their long-term <a href=\"https:\/\/www.sisinternational.com\/fr\/solutions\/recherche-de-conseil-en-strategie-fintech\/etude-de-marche-sur-les-technologies-dinvestissement\/\" title=\"\u00c9tude de march\u00e9 sur les technologies d\u2019investissement\"  data-wpil-monitor-id=\"10755\">investment in technology<\/a>. Japan&#8217;s obsession with beauty also makes it difficult for K-beauty to compete.<\/span><\/p>\n\n\n\n<p><span style=\"font-weight: 400;\">L&#039;industrie japonaise de la beaut\u00e9 remonte au VIe si\u00e8cle. Des \u00e9l\u00e9ments comme la l\u00e8vre rouge originale sont japonais. Un autre facteur japonais est celui des pinceaux de maquillage de style calligraphique. L\u2019utilisation de la poudre de riz comme matifiant et fixateur de maquillage est \u00e9galement d\u2019origine japonaise. Une grande partie de ce qui est passionnant dans la K-beauty vient du Japon. La beaut\u00e9 japonaise parvient \u00e0 marier l&#039;ancien et le nouveau avec facilit\u00e9.<\/span><\/p>\n\n\n\n<p><span style=\"font-weight: 400;\">Japan has had a foothold in the US market for decades. The hunger for their products remains. Brands like Shiseido have invested in innovation, and Japan\u2019s R&amp;D is estimated to be two years ahead of that of the US. &nbsp;One of the innovations under development is <a href=\"https:\/\/www.sisinternational.com\/fr\/solutions\/ai-etudes-de-marche-et-conseil-en-strategie\/technologie-industrie-automatisation-conseil-en-intelligence-artificielle\/\" title=\"Conseil en automatisation de l&#039;industrie technologique et en intelligence artificielle\"  data-wpil-monitor-id=\"10758\">artificial skin technology<\/a>. This second skin, made from a durable elastic polymer, sits under makeup or UV. Users dab it on like a lotion, and it makes wrinkles disappear.<\/span><\/p>\n\n\n\n<p><span style=\"font-weight: 400;\">Alors, qu\u2019est-ce qui distingue les marques J de leurs concurrents occidentaux ? La science et la technologie japonaises permettent l&#039;efficacit\u00e9 de leurs produits. Leurs textures sont \u00e9galement de meilleure qualit\u00e9. Cela est particuli\u00e8rement vrai pour les cr\u00e8mes, les produits SPF et les fonds de teint. Les produits japonais peuvent \u00e9galement \u00eatre utilis\u00e9s en conjonction avec ceux de l\u2019Occident. Les amateurs de beaut\u00e9 occidentaux peuvent donc ajouter un ou deux produits japonais \u00e0 leurs r\u00e9gimes de soins de la peau existants s&#039;ils ne sont pas pr\u00eats \u00e0 se lancer dans la J-beauty \u00e0 part enti\u00e8re.<\/span><\/p>\n\n\n\n<h2 class=\"wp-block-heading\">\u00c0 propos de nous<\/h2>\n\n\n\n<p>SIS has in-depth experience in conducting <a href=\"https:\/\/www.sisinternational.com\/fr\/beauty-market-research-in-the-us\/\" title=\"Beauty Market Research in the US\"  data-wpil-monitor-id=\"880\">market research and strategy consulting for J<\/a> Beauty brands entering the US American, European and Asian markets.&nbsp; The following are our highlights:<\/p>\n\n\n\n<ul class=\"wp-block-list\">\n<li><a href=\"https:\/\/www.sisinternational.com\/fr\/solutions\/groupes-de-discussion\/des-groupes-de-discussion-a-new-york-pour-tester-des-produits-destines-aux-seniors\/\" title=\"Tirer parti des groupes de discussion de New York pour tester des produits destin\u00e9s aux seniors \u00a0\"  data-wpil-monitor-id=\"10750\">Focus Group and Product Testing<\/a> center in New York City<\/li>\n\n\n\n<li>Coast-to-Coast Qualitative and Quantitative <a href=\"https:\/\/www.sisinternational.com\/fr\/couverture\/les-ameriques\/couverture-des-etats-unis\/\" title=\"Etude de march\u00e9 aux \u00c9tats-Unis\"  data-wpil-monitor-id=\"10752\">Research capabilities in the United States<\/a><\/li>\n\n\n\n<li>Full-Service Research capabilities in the United Kingdom and <a href=\"https:\/\/www.sisinternational.com\/fr\/tendances-du-marche-du-bien-etre-et-de-la-sante-en-europe\/\" title=\"\u00c9tude de march\u00e9 sur la sant\u00e9 et le bien-\u00eatre en Europe\"  data-wpil-monitor-id=\"10748\">L'Europe<\/a><\/li>\n\n\n\n<li>Experts beaut\u00e9 au sein du personnel<\/li>\n\n\n\n<li>Personnel bilingue anglais-japonais<\/li>\n\n\n\n<li>Over 40+ years experience in Global <a class=\"wpil_keyword_link\" href=\"https:\/\/www.sisinternational.com\/fr\/beauty-market-research-2\/\"   title=\"Beauty Market Research\" data-wpil-keyword-link=\"linked\"  data-wpil-monitor-id=\"471\">Beauty Market Research<\/a><\/li>\n<\/ul>","protected":false},"excerpt":{"rendered":"<p>La beaut\u00e9 japonaise, connue sous le nom de J Beauty, est un secteur en plein essor sur le march\u00e9 mondial de la beaut\u00e9. Apprenez-en davantage sur les tendances croissantes et les opportunit\u00e9s offertes par J Beauty Market Research.<\/p>","protected":false},"author":1,"featured_media":65779,"parent":14508,"menu_order":7,"comment_status":"closed","ping_status":"closed","template":"","meta":{"footnotes":""},"class_list":["post-27258","page","type-page","status-publish","has-post-thumbnail"],"_links":{"self":[{"href":"https:\/\/www.sisinternational.com\/fr\/wp-json\/wp\/v2\/pages\/27258","targetHints":{"allow":["GET"]}}],"collection":[{"href":"https:\/\/www.sisinternational.com\/fr\/wp-json\/wp\/v2\/pages"}],"about":[{"href":"https:\/\/www.sisinternational.com\/fr\/wp-json\/wp\/v2\/types\/page"}],"author":[{"embeddable":true,"href":"https:\/\/www.sisinternational.com\/fr\/wp-json\/wp\/v2\/users\/1"}],"replies":[{"embeddable":true,"href":"https:\/\/www.sisinternational.com\/fr\/wp-json\/wp\/v2\/comments?post=27258"}],"version-history":[{"count":7,"href":"https:\/\/www.sisinternational.com\/fr\/wp-json\/wp\/v2\/pages\/27258\/revisions"}],"predecessor-version":[{"id":81761,"href":"https:\/\/www.sisinternational.com\/fr\/wp-json\/wp\/v2\/pages\/27258\/revisions\/81761"}],"up":[{"embeddable":true,"href":"https:\/\/www.sisinternational.com\/fr\/wp-json\/wp\/v2\/pages\/14508"}],"wp:featuredmedia":[{"embeddable":true,"href":"https:\/\/www.sisinternational.com\/fr\/wp-json\/wp\/v2\/media\/65779"}],"wp:attachment":[{"href":"https:\/\/www.sisinternational.com\/fr\/wp-json\/wp\/v2\/media?parent=27258"}],"curies":[{"name":"wp","href":"https:\/\/api.w.org\/{rel}","templated":true}]}}