{"id":27253,"date":"2018-07-11T05:44:08","date_gmt":"2018-07-11T05:44:08","guid":{"rendered":"https:\/\/www.sisinternational.com\/?page_id=27253"},"modified":"2025-09-11T18:28:29","modified_gmt":"2025-09-11T22:28:29","slug":"etude-de-marche-pharmaceutique","status":"publish","type":"page","link":"https:\/\/www.sisinternational.com\/fr\/competence\/etude-de-marche-pharmaceutique\/","title":{"rendered":"\u00c9tude de march\u00e9 pharmaceutique"},"content":{"rendered":"<h1 class=\"wp-block-heading\"><span style=\"font-weight: 400;\"><strong>\u00c9tude de march\u00e9 pharmaceutique<\/strong><\/span><\/h1>\n\n\n\n<figure class=\"gb-block-image gb-block-image-1dcaaec4\"><img loading=\"lazy\" decoding=\"async\" width=\"1456\" height=\"816\" class=\"gb-image gb-image-1dcaaec4\" src=\"https:\/\/www.sisinternational.com\/wp-content\/uploads\/2025\/08\/Pharmaceutical-8.jpg\" alt=\"\u00c9tudes de march\u00e9 et strat\u00e9gie internationales SIS\" title=\"Pharmaceutical (8)\" srcset=\"https:\/\/www.sisinternational.com\/wp-content\/uploads\/2025\/08\/Pharmaceutical-8.jpg 1456w, https:\/\/www.sisinternational.com\/wp-content\/uploads\/2025\/08\/Pharmaceutical-8-300x168.jpg 300w, https:\/\/www.sisinternational.com\/wp-content\/uploads\/2025\/08\/Pharmaceutical-8-1024x574.jpg 1024w, https:\/\/www.sisinternational.com\/wp-content\/uploads\/2025\/08\/Pharmaceutical-8-768x430.jpg 768w, https:\/\/www.sisinternational.com\/wp-content\/uploads\/2025\/08\/Pharmaceutical-8-18x10.jpg 18w\" sizes=\"auto, (max-width: 1456px) 100vw, 1456px\"><\/figure>\n\n\n\n<p><\/p>\n\n\n\n<h2 class=\"wp-block-heading\"><span style=\"font-weight: 400;\"><strong>La sant\u00e9 et le bien-\u00eatre font partie int\u00e9grante de la vie. \u00a0<\/strong><\/span><\/h2>\n\n\n\n<p><span style=\"font-weight: 400;\">These sectors relate to the development, manufacture, and marketing of medicines. &nbsp;The global revenue of the pharmaceutical industry is more than $1 trillion. Almost half of this figure comes from two countries: the US and Canada. It is by far the most profitable industry of all. The primary and generic pharmaceutical companies lead the way in the industry.<\/span><\/p>\n\n\n\n<p><span style=\"font-weight: 400;\">Certaines des perc\u00e9es de l\u2019industrie proviennent de soci\u00e9t\u00e9s pharmaceutiques sp\u00e9cialis\u00e9es. Certaines de ces entreprises comptent moins d\u2019employ\u00e9s qu\u2019un seul d\u00e9partement d\u2019une des plus grandes entreprises. Ces petits \u00e9tablissements ont un immense impact sur les patients. Ils se concentrent sur les domaines th\u00e9rapeutiques et les march\u00e9s de niche. Ces entreprises montrent comment une approche cibl\u00e9e peut donner des r\u00e9sultats. Certaines entreprises se concentrent enti\u00e8rement sur une seule maladie. D&#039;autres traitent des maladies qui ne touchent qu&#039;une minorit\u00e9 de la population. <\/span><\/p>\n\n\n\n<p><span style=\"font-weight: 400;\">The US pharmaceutical market dominates the rest of the world. The US is an <a href=\"https:\/\/www.sisinternational.com\/fr\/sis-lance-de-nouvelles-solutions-de-recherche-numerique\/\" title=\"SIS lance de nouvelles solutions de recherche num\u00e9rique\"  data-wpil-monitor-id=\"9628\">innovator<\/a> and a booster in the field of medical research and development. Their R&amp;D benefits the international pharmaceutical industry. Still, one of the top conditions affecting US patients is diabetes. Oncology and autoimmune diseases are also the focus of much research in the US. Pfizer, Johnson &amp; Johnson, and Merck &amp; Co. are the largest <a href=\"https:\/\/www.sisinternational.com\/fr\/solutions\/conseil-en-tourisme-de-voyage-et-en-hotellerie\/etude-de-marche-dune-entreprise-de-guides-touristiques\/\" title=\"\u00c9tude de march\u00e9 sur les soci\u00e9t\u00e9s de guides touristiques\"  data-wpil-monitor-id=\"9634\">companies on the US market<\/a>.<\/span><\/p>\n\n\n\n<h2 class=\"wp-block-heading\">Tendances du march\u00e9 pharmaceutique<\/h2>\n\n\n\n<p><span style=\"font-weight: 400;\">Public Relations (PR) and Advertising are powerful for Pharma companies.&nbsp; One of the most prominent is the <a href=\"https:\/\/www.sisinternational.com\/fr\/analyse-de-la-satisfaction-client\/\" title=\"8 fa\u00e7ons d&#039;augmenter la satisfaction des clients dans le commerce de d\u00e9tail\"  data-wpil-monitor-id=\"9626\">consumer as customer<\/a>. Biotech stories are starting to proliferate. One such story involves the use of gene therapy to regrow the skin of a little boy.&nbsp; As drugs get personalized, stories such as these are capturing imaginations. They are also piquing people\u2019s interest in the sector.&nbsp;&nbsp;<\/span><\/p>\n\n\n\n<p><span style=\"font-weight: 400;\">Patient stories can be powerful.&nbsp; Negative publicity can also be influential.&nbsp; One pharma company made headline news for charging $1,000 per day to treat hepatitis, creating a slew of negative publicity.&nbsp; It\u2019s a brave \u2013 and complex new world for biotech and pharmaceutical companies.<\/span><\/p>\n\n\n\n<p><span style=\"font-weight: 400;\">There are several challenges in the pharmaceutical industry. These include policy reforms. For example, healthcare officials are likely to overhaul the Affordable Care Act soon. Another problem is the impact of new technologies. Industry players are still doubtful about the effects of these technologies. It is unclear how they will affect drug development and commercialization.&nbsp;&nbsp;Gene therapy and Gene editing are also gaining more headlines on opportunities and challenges in those sectors.<\/span><\/p>\n\n\n\n<h2 class=\"wp-block-heading\">Opportunit\u00e9s pharmaceutiques mondiales<\/h2>\n\n\n\n<p><span style=\"font-weight: 400;\">Pharmaceutical sales are the largest in the US and Europe.\u00a0Developed markets for pharmaceuticals comprise the United States and Western <a href=\"https:\/\/www.sisinternational.com\/fr\/tendances-du-marche-du-bien-etre-et-de-la-sante-en-europe\/\" title=\"\u00c9tude de march\u00e9 sur la sant\u00e9 et le bien-\u00eatre en Europe\"  data-wpil-monitor-id=\"9630\">L'Europe<\/a>. Canada, Japan, and Australia are also part of this market.\u00a0 The United States sells approximately 33%, Western Europe, 22%, and China, 10%. Japan accounts for 9% Latin America, 7%, and Russia, 4%. South Korea, India, Indonesia, and Australia are below 3%.\u00a0<\/span><\/p>\n\n\n\n<h2 class=\"wp-block-heading\">Marketing d&#039;influence pharmaceutique<\/h2>\n\n\n\n<p><span style=\"font-weight: 400;\">One of the <a href=\"https:\/\/www.sisinternational.com\/fr\/solutions\/recherche-de-conseil-en-strategie-fintech\/recherche-numerique\/\" title=\"\u00c9tude de march\u00e9 num\u00e9rique\"  data-wpil-monitor-id=\"9636\">digital trends in pharma is influencer marketing<\/a>. An influencer is one who is active in one or more of the social channels, with a large follower base. Pharma companies have been using influencers. These influencers have been reporting on their use of certain drugs and devices. They are also influencing people&#8217;s behavior in the area of disease prevention. Influencers can also encourage adherence to treatment protocols.&nbsp; Support groups can be highly influential in treatment and patient behavior.<\/span><\/p>\n\n\n\n<h2 class=\"wp-block-heading\">Populations vieillissantes<\/h2>\n\n\n\n<p><span style=\"font-weight: 400;\">L\u2019un des moteurs de croissance de l\u2019industrie pharmaceutique est le vieillissement de la population aux \u00c9tats-Unis et dans la plupart des \u00e9conomies avanc\u00e9es. Un autre facteur de croissance est l\u2019augmentation du nombre de personnes ayant un mode de vie malsain. Ces mauvais choix incluent le manque d\u2019exercice quotidien et des habitudes alimentaires malsaines. <\/span><\/p>\n\n\n\n<p><span style=\"font-weight: 400;\">The USA and Europe are leaders in pharmaceutical development and use. Other areas like India and China have seen growth in recent years in the <a href=\"https:\/\/www.sisinternational.com\/fr\/competence\/les-industries\/etude-de-marche-des-sciences-de-la-vie\/\" title=\"\u00c9tude de march\u00e9 sur les sciences de la vie\"  data-wpil-monitor-id=\"9632\">life science markets<\/a>. The cause of this growth is an increasing demand for <a href=\"https:\/\/www.sisinternational.com\/fr\/solutions\/solutions-de-branding-et-de-recherche-client\/etude-de-marche-sur-les-tests-de-produits\/product-testing-for-consumer-products\/medical-device-product-testing-in-nyc\/\" title=\"Medical Device Product Testing in NYC\"  data-wpil-monitor-id=\"9639\">devices and products<\/a>. It is also because of substantial capital opportunities.&nbsp;<\/span><\/p>\n\n\n\n<h2 class=\"wp-block-heading\">Solutions d&#039;\u00e9tudes de march\u00e9 pharmaceutique<\/h2>\n\n\n\n<p>SIS International Research has over 40+ years of experience in <a href=\"https:\/\/www.sisinternational.com\/fr\/competence\/les-industries\/etude-de-marche-pharmaceutique-2\/\" title=\"\u00c9tude de march\u00e9 sur les produits pharmaceutiques\"  data-wpil-monitor-id=\"3453\">March\u00e9<\/a> Research and Strategy Consulting in the Pharmaceutical industry.\u00a0 We conduct research with patients, caretakers, physicians, payors, influencers, regulators, and other stakeholders.<\/p>\n\n\n\n<p>Nous fournissons:<\/p>\n\n\n\n<ul class=\"wp-block-list\">\n<li>Groupes de discussion<\/li>\n\n\n\n<li><a href=\"https:\/\/www.sisinternational.com\/fr\/solutions\/societe-detudes-de-marche-communautaire-en-ligne-b2b\/\" title=\"Soci\u00e9t\u00e9 d&#039;\u00e9tudes de march\u00e9 sur les communaut\u00e9s en ligne B2B\"  data-wpil-monitor-id=\"9638\">Communaut\u00e9s Insight en ligne<\/a><\/li>\n\n\n\n<li>Entretiens approfondis<\/li>\n\n\n\n<li>Enqu\u00eates en ligne<\/li>\n\n\n\n<li>\u00c9tudes de march\u00e9 multi-pays et internationales<\/li>\n\n\n\n<li>Market Entry, Sizing, and Opportunity<\/li>\n\n\n\n<li>Analyse strat\u00e9gique et concurrentielle<\/li>\n<\/ul>\n\n\n\n<p><\/p>","protected":false},"excerpt":{"rendered":"<p>Les \u00e9tudes de march\u00e9 fournissent des informations, des donn\u00e9es et des solutions aux soci\u00e9t\u00e9s pharmaceutiques. Apprenez-en davantage sur les \u00e9tudes de march\u00e9 pharmaceutique.<\/p>","protected":false},"author":1,"featured_media":62953,"parent":14514,"menu_order":34,"comment_status":"closed","ping_status":"closed","template":"","meta":{"footnotes":""},"class_list":["post-27253","page","type-page","status-publish","has-post-thumbnail"],"_links":{"self":[{"href":"https:\/\/www.sisinternational.com\/fr\/wp-json\/wp\/v2\/pages\/27253","targetHints":{"allow":["GET"]}}],"collection":[{"href":"https:\/\/www.sisinternational.com\/fr\/wp-json\/wp\/v2\/pages"}],"about":[{"href":"https:\/\/www.sisinternational.com\/fr\/wp-json\/wp\/v2\/types\/page"}],"author":[{"embeddable":true,"href":"https:\/\/www.sisinternational.com\/fr\/wp-json\/wp\/v2\/users\/1"}],"replies":[{"embeddable":true,"href":"https:\/\/www.sisinternational.com\/fr\/wp-json\/wp\/v2\/comments?post=27253"}],"version-history":[{"count":6,"href":"https:\/\/www.sisinternational.com\/fr\/wp-json\/wp\/v2\/pages\/27253\/revisions"}],"predecessor-version":[{"id":81606,"href":"https:\/\/www.sisinternational.com\/fr\/wp-json\/wp\/v2\/pages\/27253\/revisions\/81606"}],"up":[{"embeddable":true,"href":"https:\/\/www.sisinternational.com\/fr\/wp-json\/wp\/v2\/pages\/14514"}],"wp:featuredmedia":[{"embeddable":true,"href":"https:\/\/www.sisinternational.com\/fr\/wp-json\/wp\/v2\/media\/62953"}],"wp:attachment":[{"href":"https:\/\/www.sisinternational.com\/fr\/wp-json\/wp\/v2\/media?parent=27253"}],"curies":[{"name":"wp","href":"https:\/\/api.w.org\/{rel}","templated":true}]}}