{"id":26765,"date":"2018-05-28T22:10:59","date_gmt":"2018-05-28T22:10:59","guid":{"rendered":"https:\/\/www.sisinternational.com\/?page_id=26765"},"modified":"2026-03-12T12:47:02","modified_gmt":"2026-03-12T16:47:02","slug":"etude-de-marche-des-medecins","status":"publish","type":"page","link":"https:\/\/www.sisinternational.com\/fr\/solutions\/etudes-de-marche-sur-les-biotechnologies-et-les-produits-pharmaceutiques-en-matiere-de-soins-de-sante-medicaux\/etude-de-marche-des-medecins\/","title":{"rendered":"\u00c9tude de march\u00e9 sur les m\u00e9decins"},"content":{"rendered":"<h1 class=\"wp-block-heading\">\u00c9tude de march\u00e9 sur les m\u00e9decins<\/h1>\n\n\n\n<figure class=\"gb-block-image gb-block-image-c41dbf38\"><img loading=\"lazy\" decoding=\"async\" width=\"1456\" height=\"816\" class=\"gb-image gb-image-c41dbf38\" src=\"https:\/\/www.sisinternational.com\/wp-content\/uploads\/2025\/08\/Healthcare-6.jpg\" alt=\"\u00c9tudes de march\u00e9 et strat\u00e9gie internationales SIS\" title=\"Healthcare (6)\" srcset=\"https:\/\/www.sisinternational.com\/wp-content\/uploads\/2025\/08\/Healthcare-6.jpg 1456w, https:\/\/www.sisinternational.com\/wp-content\/uploads\/2025\/08\/Healthcare-6-300x168.jpg 300w, https:\/\/www.sisinternational.com\/wp-content\/uploads\/2025\/08\/Healthcare-6-1024x574.jpg 1024w, https:\/\/www.sisinternational.com\/wp-content\/uploads\/2025\/08\/Healthcare-6-768x430.jpg 768w, https:\/\/www.sisinternational.com\/wp-content\/uploads\/2025\/08\/Healthcare-6-18x10.jpg 18w\" sizes=\"auto, (max-width: 1456px) 100vw, 1456px\"><\/figure>\n\n\n\n<p><\/p>\n\n\n\n<h2 class=\"wp-block-heading\">Les m\u00e9decins exercent une grande influence sur les soins aux patients, la prise de d\u00e9cision organisationnelle et l\u2019utilisation des traitements et des prescriptions.<\/h2>\n\n\n\n<p>Comprendre leurs opinions, leurs comportements et leurs perspectives peut \u00eatre tr\u00e8s utile pour les entreprises de soins de sant\u00e9, de dispositifs m\u00e9dicaux et pharmaceutiques.<\/p>\n\n\n\n<p>Physicians are specialized medical professionals.&nbsp; Clinicians on the other hand are primary care givers of a patient.&nbsp; The roles of the two disciplines are often blurred. Physicians are clinicians, and the terms are commonly used interchangeably.&nbsp; We will use the word \u201cclinician\u201d to refer to all healthcare providers who deal with patients.&nbsp; \u201cPhysician\u201d will refer to clinicians who focuses on a particular specialty.<\/p>\n\n\n\n<h2 class=\"wp-block-heading\">Paysage m\u00e9dical en \u00e9volution<\/h2>\n\n\n\n<p>Physician practice ownership is trending downward. &nbsp;In 2016, less than half of practicing physicians owned their practice. This was the first year the figure dropped below 50 percent. Most of those in private practice work in offices with ten or fewer physicians. There was an uptick in the number working at practices with more than 50 physicians.<\/p>\n\n\n\n<p>The doctors who have given up their practices are moving into salaried jobs at hospitals. Some specialists have been a part of this trend. Primary care physicians are the ones leading the charge, however. More than half of all pediatricians and family doctors are employees. Surgical subspecialists are also drifting into the employment zone. Examples include ophthalmologists and ear, nose, and throat specialists. About a quarter of subspecialists are employed in hospitals.<\/p>\n\n\n\n<p>This trend is due in part to the Affordable Care Act (ACA) of 2010. Another effect of the ACA is that hospitals are buying physician practices at a faster rate. They are forming integrated systems to better coordinate care among themselves. These systems also benefit the physicians they use. Other parts of the healthcare delivery system will also gain from integrated systems. As a result, doctors are no longer making purchasing decisions. The decision makers for medical <a href=\"https:\/\/www.sisinternational.com\/fr\/solutions\/test-de-gout\/services-de-test-de-produits-a-new-york\/\" title=\"Services de test de produits \u00e0 New York\"  data-wpil-monitor-id=\"8457\">products and services<\/a> are sitting on hospital boards.<\/p>\n\n\n\n<p>Une autre tendance notable en mati\u00e8re de soins de sant\u00e9 est la p\u00e9nurie de m\u00e9decins. Cette p\u00e9nurie est particuli\u00e8rement aigu\u00eb dans les centres-villes et les zones rurales. L\u2019acc\u00e8s universel aux soins de sant\u00e9 ne fera qu\u2019aggraver cette situation. La plupart des r\u00e9sidents disent qu&#039;ils pr\u00e9f\u00e9reraient travailler dans des communaut\u00e9s de 10 000 habitants ou plus. Les petites communaut\u00e9s rurales continueront donc d\u2019\u00eatre mal desservies.<\/p>\n\n\n\n<h2 class=\"wp-block-heading\">Sp\u00e9cialit\u00e9s des m\u00e9decins<\/h2>\n\n\n\n<p>Les principales sp\u00e9cialit\u00e9s des m\u00e9decins sont la m\u00e9decine familiale, la m\u00e9decine interne et la p\u00e9diatrie. D&#039;autres sp\u00e9cialit\u00e9s bien r\u00e9mun\u00e9r\u00e9es sont la dermatologie et la radiologie. La g\u00e9riatrie est un autre domaine en demande. La forte demande de g\u00e9rontologues n\u2019est pas une surprise. La g\u00e9n\u00e9ration des baby-boomers arrive \u00e0 la retraite. Ce changement entra\u00eene \u00e9galement une augmentation du besoin de soins psychiatriques.<\/p>\n\n\n\n<p>These specialists can expect to work in hospitals, given the decline in ownership. Hospitals are using perks to attract physician employees. These include <a href=\"https:\/\/www.sisinternational.com\/fr\/competence\/les-industries\/etude-de-marche-sur-lassurance-maladie\/\" title=\"\u00c9tude de march\u00e9 sur l\u2019assurance maladie\"  data-wpil-monitor-id=\"8456\">health and malpractice insurance<\/a>. Hospitals are also offering retirement and disability plans. Education loan forgiveness and housing allowances are also provided.&nbsp; Compensation remains high for physicians though changing regulations may impact earnings.<\/p>\n\n\n\n<p>Boston, riche en h\u00f4pitaux, est la r\u00e9gion m\u00e9tropolitaine o\u00f9 la demande de m\u00e9decins est la plus \u00e9lev\u00e9e. San Francisco est deuxi\u00e8me sur la liste. New York, Los Angeles, Seattle et Philadelphie ont \u00e9galement une forte demande de m\u00e9decins.<\/p>\n\n\n\n<h2 class=\"wp-block-heading\">Atteindre les m\u00e9decins du monde entier<\/h2>\n\n\n\n<p>SIS provides rapid insight to physicians in the US and worldwide and has over 40+ years research leadership.\u00a0 We have developed innovative digital methods to rapidly and affordably <a href=\"https:\/\/www.sisinternational.com\/fr\/focus-groups-that-deliver-real-voices-real-insight-real-advantage\/\" title=\"Focus Groups That Deliver Real Voices, Real Insight, Real Advantage\"  data-wpil-monitor-id=\"8459\">deliver physician insights<\/a>.\u00a0 We can provide Quantitative and Qualitative research via mobile, telephone, in-person interviews, Focus Groups, and many other <a href=\"https:\/\/www.sisinternational.com\/fr\/quantitative-market-research-methods-and-techniques\/\" title=\"Quantitative Market Research Methods and Techniques\"  data-wpil-monitor-id=\"8454\">market research methods<\/a>.\u00a0 We do <a href=\"https:\/\/www.sisinternational.com\/fr\/couverture\/les-ameriques\/couverture-des-etats-unis\/\" title=\"Etude de march\u00e9 aux \u00c9tats-Unis\"  data-wpil-monitor-id=\"8455\">research across the United States<\/a>, Europe, Asia, and in many Emerging Markets.<\/p>\n\n\n\n<p><\/p>","protected":false},"excerpt":{"rendered":"<p>Comprendre les opinions des m\u00e9decins peut \u00eatre tr\u00e8s utile pour les soci\u00e9t\u00e9s de soins de sant\u00e9, de dispositifs m\u00e9dicaux et pharmaceutiques. Apprenez-en davantage sur l\u2019\u00e9tude de march\u00e9 sur les m\u00e9decins.<\/p>","protected":false},"author":1,"featured_media":62424,"parent":11294,"menu_order":32,"comment_status":"closed","ping_status":"closed","template":"","meta":{"footnotes":""},"class_list":["post-26765","page","type-page","status-publish","has-post-thumbnail"],"_links":{"self":[{"href":"https:\/\/www.sisinternational.com\/fr\/wp-json\/wp\/v2\/pages\/26765","targetHints":{"allow":["GET"]}}],"collection":[{"href":"https:\/\/www.sisinternational.com\/fr\/wp-json\/wp\/v2\/pages"}],"about":[{"href":"https:\/\/www.sisinternational.com\/fr\/wp-json\/wp\/v2\/types\/page"}],"author":[{"embeddable":true,"href":"https:\/\/www.sisinternational.com\/fr\/wp-json\/wp\/v2\/users\/1"}],"replies":[{"embeddable":true,"href":"https:\/\/www.sisinternational.com\/fr\/wp-json\/wp\/v2\/comments?post=26765"}],"version-history":[{"count":4,"href":"https:\/\/www.sisinternational.com\/fr\/wp-json\/wp\/v2\/pages\/26765\/revisions"}],"predecessor-version":[{"id":81421,"href":"https:\/\/www.sisinternational.com\/fr\/wp-json\/wp\/v2\/pages\/26765\/revisions\/81421"}],"up":[{"embeddable":true,"href":"https:\/\/www.sisinternational.com\/fr\/wp-json\/wp\/v2\/pages\/11294"}],"wp:featuredmedia":[{"embeddable":true,"href":"https:\/\/www.sisinternational.com\/fr\/wp-json\/wp\/v2\/media\/62424"}],"wp:attachment":[{"href":"https:\/\/www.sisinternational.com\/fr\/wp-json\/wp\/v2\/media?parent=26765"}],"curies":[{"name":"wp","href":"https:\/\/api.w.org\/{rel}","templated":true}]}}