{"id":26759,"date":"2018-05-28T21:19:28","date_gmt":"2018-05-28T21:19:28","guid":{"rendered":"https:\/\/www.sisinternational.com\/?page_id=26759"},"modified":"2026-01-26T17:31:48","modified_gmt":"2026-01-26T22:31:48","slug":"etude-de-marche-des-biens-de-consommation","status":"publish","type":"page","link":"https:\/\/www.sisinternational.com\/fr\/competence\/etude-de-marche-des-biens-de-consommation\/","title":{"rendered":"\u00c9tude de march\u00e9 des biens de consommation"},"content":{"rendered":"<h1 class=\"wp-block-heading\"><span style=\"font-weight: 400;\"><strong>\u00c9tude de march\u00e9 des biens de consommation<\/strong><\/span><\/h1>\n\n\n\n<figure class=\"gb-block-image gb-block-image-e30db63f\"><img loading=\"lazy\" decoding=\"async\" width=\"1456\" height=\"816\" class=\"gb-image gb-image-e30db63f\" src=\"https:\/\/www.sisinternational.com\/wp-content\/uploads\/2025\/08\/Mystery-shopping-2.jpg\" alt=\"\u00c9tudes de march\u00e9 et strat\u00e9gie internationales SIS\" title=\"Mystery shopping (2)\" srcset=\"https:\/\/www.sisinternational.com\/wp-content\/uploads\/2025\/08\/Mystery-shopping-2.jpg 1456w, https:\/\/www.sisinternational.com\/wp-content\/uploads\/2025\/08\/Mystery-shopping-2-300x168.jpg 300w, https:\/\/www.sisinternational.com\/wp-content\/uploads\/2025\/08\/Mystery-shopping-2-1024x574.jpg 1024w, https:\/\/www.sisinternational.com\/wp-content\/uploads\/2025\/08\/Mystery-shopping-2-768x430.jpg 768w, https:\/\/www.sisinternational.com\/wp-content\/uploads\/2025\/08\/Mystery-shopping-2-18x10.jpg 18w\" sizes=\"auto, (max-width: 1456px) 100vw, 1456px\"><\/figure>\n\n\n\n<p><\/p>\n\n\n\n<h2 class=\"wp-block-heading\"><span style=\"font-weight: 400;\">L\u2019\u00e9volution de l\u2019industrie des biens de consommation a \u00e9t\u00e9 passionnante, notamment avec l\u2019essor de la technologie num\u00e9rique.&nbsp; <\/span><\/h2>\n\n\n\n<p><span style=\"font-weight: 400;\">Businesses are launching innovative products that change how consumers live and interact in their daily lives.&nbsp; Managers are increasingly trying to meet an assortment of human desires and needs.&nbsp; With the rise of Digital Disruption, the global market is likely to produce many winners and losers over the coming decade.<\/span><\/p>\n\n\n\n<h2 class=\"wp-block-heading\">Qu\u2019est-ce que les biens de consommation rapide (FMCG)\u00a0?<\/h2>\n\n\n\n<p><span style=\"font-weight: 400;\">Fast Moving Consumer Goods (FMCG) are products that are sold, replaced, or entirely used within a year.&nbsp; Another term for these products is Consumer Packaged Goods (CPG). Some examples are razors, toiletries, and breakfast cereal.&nbsp; This sector is facing pressure to find more business efficiencies while delivering against complex consumer demands.<\/span><\/p>\n\n\n\n<p><span style=\"font-weight: 400;\">Price competition in the FMCG sector is often intense, as the products tend to be near identical.&nbsp; Products in the FMCG sector also do well in economic downturns. Consumers usually cut back on luxury items when the economy declines.&nbsp; FMCG retailers operate with low margins. They need large markets, scale and distribution to be successful.<\/span><\/p>\n\n\n\n<p><span style=\"font-weight: 400;\">Some companies look to building advantages in the market through a \u201ccontinuous improvement approach.\u201d&nbsp; Building advantages over time can help companies to defend market share and customer loyalty.&nbsp; Competition posed by smaller, nimbler businesses is a significant challenge.<\/span><\/p>\n\n\n\n<h2 class=\"wp-block-heading\">Opportunit\u00e9s de restauration et de boissons<\/h2>\n\n\n\n<p><span style=\"font-weight: 400;\">New trends are shaping the FMCG industry. For example, signs are emerging that not everyone considers sugar to be a health villain. Food and beverage manufacturers are rolling out super-indulgent desserts, drinks, and frozen novelties.&nbsp; Another trend is snacks once considered junk food are getting a healthy makeover.&nbsp; Manufacturers are using ingredients such as coconut and avocado oil, and plant-based protein.<\/span><\/p>\n\n\n\n<h2 class=\"wp-block-heading\">Opportunit\u00e9s de commerce \u00e9lectronique<\/h2>\n\n\n\n<p><span style=\"font-weight: 400;\">Another new trend in the FMCG industry is the growth of online sales.\u00a0 E-commerce is must-have for FMCG marketers.\u00a0 Brands will need better ways to stand out online with the rise of e-commerce.\u00a0 This shift is occurring because there are more online shoppers with less time to shop, better prices available online, or better customer experience.\u00a0 The rise of Omnichannel strategies raises the importance of optimizing all channels to build brands and maximize profit.<\/span><\/p>\n\n\n\n<p><span style=\"font-weight: 400;\">Les entreprises FMCG ont la possibilit\u00e9 de renforcer leurs marques ou de se r\u00e9inventer. Ils doivent \u00e9galement continuellement revoir la mani\u00e8re dont ils atteignent les consommateurs \u00e0 l\u2019\u00e8re num\u00e9rique. Ils peuvent adopter une perspective centr\u00e9e sur le consommateur et les \u00e9tudes de march\u00e9 aident les entreprises \u00e0 le faire. Gr\u00e2ce \u00e0 la recherche, les entreprises peuvent \u00e9galement cr\u00e9er des liens qui renforcent les marques sur tous les canaux disponibles.&nbsp;&nbsp;<\/span><\/p>\n\n\n\n<h2 class=\"wp-block-heading\"><span style=\"font-weight: 400;\"><strong>\u00c0 propos des \u00e9tudes de march\u00e9 sur les biens de consommation<\/strong><\/span><\/h2>\n\n\n\n<p>Consumer Goods Research r\u00e9v\u00e8le des informations sur les \u00e9l\u00e9ments suivants\u00a0:<\/p>\n\n\n\n<ul class=\"wp-block-list\">\n<li><b>Exp\u00e9rience client:<\/b><span style=\"font-weight: 400;\"> Les entreprises modifient de plus en plus l\u2019exp\u00e9rience, les points de contact et les interactions que leurs marques proposent aux clients.&nbsp;<\/span><\/li>\n\n\n\n<li><b> Innovation du produit:<\/b><span style=\"font-weight: 400;\"> Les entreprises subissent une pression croissante pour d\u00e9velopper de nouveaux produits et solutions pour g\u00e9n\u00e9rer de la croissance.<\/span><\/li>\n\n\n\n<li><b>Recherche comportementale\u00a0:<\/b><span style=\"font-weight: 400;\"> Les entreprises sont confront\u00e9es \u00e0 un parcours client num\u00e9rique changeant, plus complexe qu\u2019auparavant.<\/span><\/li>\n\n\n\n<li><b>Recherche sur l&#039;emballage\u00a0:<\/b><span style=\"font-weight: 400;\">&nbsp;Comprenez les 10 derni\u00e8res secondes de l&#039;achat et comment augmenter les conversions de ventes.<\/span><\/li>\n\n\n\n<li><b>Recherche omnicanale\u00a0:<\/b><span style=\"font-weight: 400;\">&nbsp;Understanding the relationships between digital channels and customer behavior can provide numerous opportunities and challenges for brands.<\/span><\/li>\n<\/ul>\n\n\n\n<p><span style=\"font-weight: 400;\">Media attention, shelf impact, and market share are the focus of brand manufacturers. Marketers have less and less control over their brands these days.&nbsp; These developments have direct consequences for marketers and FMCG.&nbsp; For this reason, it is vital to know what influences people to buy and to take action.&nbsp;&nbsp;<\/span><\/p>\n\n\n\n<p><span style=\"font-weight: 400;\">Businesses need to innovate, adapt, and differentiate themselves.&nbsp; New substitutes and competitors in an expanding global economy present numerous threats.&nbsp; &nbsp;Developing bold, new strategies can help companies achieve competitive advantage.<\/span><\/p>\n\n\n\n<h2 class=\"wp-block-heading p1\">How to Conduct Fast-Moving Consumer Goods (FMCG) Market Research<\/h2>\n\n\n\n<p class=\"p3\">Fast Moving Consumer Goods (FMCG) Market Research helps decision makers to gather data and <a href=\"https:\/\/www.sisinternational.com\/fr\/plusieurs-groupes-dinfluenceurs-indirects-dans-les-achats-des-consommateurs\/\" title=\"Plusieurs influenceurs dans les achats des consommateurs\"  data-wpil-monitor-id=\"2291\">strategies in the consumer<\/a> goods industry. The market <a href=\"https:\/\/www.sisinternational.com\/fr\/solutions\/solutions-de-branding-et-de-recherche-client\/etude-de-marche-sur-lemballage\/\" title=\"\u00c9tude de march\u00e9 sur l\u2019emballage\"  data-wpil-monitor-id=\"6571\">recherche<\/a> provides insights into the different products in the consumer packaged goods industry and their distribution, market trends, and impact on other related businesses.<\/p>\n\n\n\n<p class=\"p3\">Cette \u00e9tude de march\u00e9 rassemble des donn\u00e9es et des strat\u00e9gies sur le secteur des biens de consommation rapide (FMCG) et sur la mani\u00e8re dont des entreprises sp\u00e9cifiques proposent ces produits par rapport \u00e0 leurs concurrents en termes de ventes, de prix et de qualit\u00e9 des articles. Les donn\u00e9es et les strat\u00e9gies peuvent aider \u00e0 guider les entreprises et les acteurs cl\u00e9s dans leur prise de d\u00e9cision et \u00e0 fournir des informations actualis\u00e9es sur leur paysage commercial. Dans un environnement en constante expansion et hautement comp\u00e9titif, bon nombre des plus grandes entreprises du secteur des biens de consommation rapide investissent massivement dans les \u00e9tudes de march\u00e9 pour acqu\u00e9rir un avantage concurrentiel sur leurs concurrents.<\/p>\n\n\n\n<h2 class=\"wp-block-heading p1\">Understanding the Fast-Moving Consumer Goods (FMCG) Industry<\/h2>\n\n\n\n<p class=\"p3\">Les biens de consommation rapide (FMCG) sont des articles et des produits qui se vendent rapidement et \u00e0 moindre co\u00fbt. Ces articles sont \u00e9galement appel\u00e9s produits de consommation emball\u00e9s.<\/p>\n\n\n\n<p class=\"p3\">En raison de la forte demande des consommateurs ou de leur caract\u00e8re p\u00e9rissable, les biens de consommation rapide (FMCG) ont une courte dur\u00e9e de conservation. Ces articles sont achet\u00e9s fr\u00e9quemment, consomm\u00e9s rapidement, \u00e0 un prix abordable et vendus en grandes quantit\u00e9s. De plus, ils ont un taux de rotation \u00e9lev\u00e9 dans les rayons des magasins.<\/p>\n\n\n\n<p class=\"p3\">Les biens de consommation rapide (FMCG) constituent la combinaison la plus compl\u00e8te de diverses cat\u00e9gories et types de produits. Ceux-ci incluent les \u00e9l\u00e9ments suivants\u00a0:<\/p>\n\n\n\n<h2 class=\"wp-block-heading p3\">Fast-moving Consumer Goods by Type:<\/h2>\n\n\n\n<p class=\"p3\"><strong>Nourriture et boisson<\/strong><\/p>\n\n\n\n<ul class=\"wp-block-list ul1\">\n<li>Aliments transform\u00e9s ou emball\u00e9s<\/li>\n\n\n\n<li>Plats pr\u00eats \u00e0 manger<\/li>\n\n\n\n<li>Des p\u00e2tisseries<\/li>\n\n\n\n<li>Aliments frais<\/li>\n\n\n\n<li>Nourriture surgel\u00e9e<\/li>\n\n\n\n<li>Produits secs et en conserve<\/li>\n\n\n\n<li>Boissons en bouteille, en bo\u00eete ou en canette<\/li>\n<\/ul>\n\n\n\n<p class=\"p3\"><strong>Produits de soins de sant\u00e9<\/strong><\/p>\n\n\n\n<ul class=\"wp-block-list ul1\">\n<li>M\u00e9dicaments en vente libre<\/li>\n\n\n\n<li>Vitamines<\/li>\n\n\n\n<li>Compl\u00e9ments alimentaires<\/li>\n<\/ul>\n\n\n\n<p class=\"p3\"><strong>Soins m\u00e9nagers et personnels<\/strong><\/p>\n\n\n\n<ul class=\"wp-block-list ul1\">\n<li>Soins bucco-dentaires<\/li>\n\n\n\n<li>Produits de soins capillaires<\/li>\n\n\n\n<li>Soins f\u00e9minins<\/li>\n\n\n\n<li>Produits de nettoyage<\/li>\n\n\n\n<li>Cosm\u00e9tiques et articles de toilette<\/li>\n<\/ul>\n\n\n\n<h2 class=\"wp-block-heading p1\">Comment l\u2019\u00e9tude de march\u00e9 sur les biens de consommation rapide (FMCG) est-elle men\u00e9e ?<\/h2>\n\n\n\n<p class=\"p3\">Fast Moving Consumer Goods (FMCG) Market Research is the process by wherein one can gauge the potential success of a new service, marketing campaign, or product. Research like this helps businesses learn about and evaluate consumer sentiment toward specific products or services they want to focus. While it is possible to do this research in-house, only some companies have the personnel, infrastructure, and sample size necessary to draw meaningful conclusions.<\/p>\n\n\n\n<p class=\"p3\">Companies also have the option to have independent firms do the Fast Moving Consumer Goods (FMCG) Market Research. It is essential to consider that there should be proper access to the necessary data and resources when doing market research. As Market Research provides insights into various aspects of the industry, there are several methods that can be used to gather data and strategies in the Fast Moving <a href=\"https:\/\/www.sisinternational.com\/fr\/la-base-neurobiologique-du-choix-du-consommateur\/\" title=\"\u00c9tude de march\u00e9 sur le neuromarketing grand public\"  data-wpil-monitor-id=\"2674\">\u00c9tude de march\u00e9 des biens de consommation<\/a> industry.<\/p>\n\n\n\n<p class=\"p3\"><b>Certaines des m\u00e9thodes utilis\u00e9es incluent, sans s&#039;y limiter, les suivantes\u00a0:<\/b><\/p>\n\n\n\n<ul class=\"wp-block-list ul1\">\n<li>enqu\u00eates<\/li>\n\n\n\n<li>tests de produits<\/li>\n\n\n\n<li>groupes de discussion<\/li>\n\n\n\n<li>recherche personnalis\u00e9e<\/li>\n\n\n\n<li>recherche de positionnement de marque<\/li>\n\n\n\n<li>\u00e9valuation du march\u00e9<\/li>\n\n\n\n<li>veille concurrentielle<\/li>\n\n\n\n<li>recherche publicitaire<\/li>\n\n\n\n<li>un aper\u00e7u du commerce ou de l\u2019engagement des parties prenantes<\/li>\n<\/ul>\n\n\n\n<h2 class=\"wp-block-heading p1\">Pourquoi les \u00e9tudes de march\u00e9 sur les biens de consommation rapide (FMCG) sont essentielles<\/h2>\n\n\n\n<p class=\"p3\">R\u00e9aliser une \u00e9tude de march\u00e9 est essentiel pour prendre des d\u00e9cisions commerciales \u00e9clair\u00e9es et b\u00e2tir une marque forte. Pourtant, nombreux sont ceux qui pensent que cela ne fait aucune diff\u00e9rence. Vous trouverez ci-dessous l\u2019importance des \u00e9tudes de march\u00e9 sur les biens de consommation rapide (FMCG)\u00a0:<\/p>\n\n\n\n<p class=\"p3\"><b>\u00c9tude de march\u00e9 concurrentielle<\/b><\/p>\n\n\n\n<p class=\"p3\">Contrairement \u00e0 la croyance populaire, vous avez absolument besoin de quelque chose qui vous distingue de la concurrence. C&#039;est une mauvaise strat\u00e9gie commerciale que de ne pas \u00e9noncer explicitement ce qui distingue une marque sp\u00e9cifique de ses concurrents. La marque commerciale sera perdue dans le remaniement si le message est faible, donnant ainsi \u00e0 la concurrence un meilleur avantage. Lorsqu\u2019il s\u2019agit de r\u00e9ussite commerciale et de visibilit\u00e9 de marque, la diff\u00e9renciation est la cl\u00e9.<\/p>\n\n\n\n<p class=\"p3\"><b>Cr\u00e9er un march\u00e9 plus cibl\u00e9 et plus cibl\u00e9<\/b><\/p>\n\n\n\n<p class=\"p3\">Pour maximiser les chances de succ\u00e8s, il faut savoir \u00e0 qui s\u2019adresser. Tenter de toucher tout le monde \u00ab juste au cas o\u00f9 \u00bb est un gaspillage de ressources. Concentrez-vous sur le noyau de consommateurs qui b\u00e9n\u00e9ficieront le plus d\u2019un produit ou d\u2019un service donn\u00e9. La recherche sur la segmentation de la client\u00e8le peut mettre en lumi\u00e8re le client id\u00e9al et les moyens les plus efficaces de le contacter.<\/p>\n\n\n\n<p class=\"p3\"><b>Messages et placements publicitaires appropri\u00e9s<\/b><\/p>\n\n\n\n<p class=\"p3\">Ce qui compte vraiment, c&#039;est ce que vos clients pensent et disent \u00e0 propos d&#039;une entreprise ou d&#039;une marque, ainsi que ce qu&#039;ils en pensent. Une publicit\u00e9 et un ciblage r\u00e9ussis peuvent \u00eatre d\u00e9couverts et compris gr\u00e2ce \u00e0 une \u00e9tude approfondie du march\u00e9 des biens de consommation rapide (FMCG). Les clients n\u2019utiliseront pas tous les m\u00eames aliments ou produits de sant\u00e9 simplement parce qu\u2019ils partagent le m\u00eame \u00e2ge, le m\u00eame sexe, la m\u00eame origine ethnique, le m\u00eame revenu ou le m\u00eame lieu.<\/p>\n\n\n\n<p class=\"p3\"><b>Les \u00e9tudes de march\u00e9 fournissent des informations sur les clients potentiels<\/b><\/p>\n\n\n\n<p class=\"p3\">On ne peut pas pr\u00e9dire totalement l\u2019\u00e9tat d\u2019esprit et les actions des consommateurs. Consacrer du temps et de l\u2019argent \u00e0 la recherche est une sage d\u00e9cision que tout acteur cl\u00e9 de l\u2019industrie peut prendre. En plus de surveiller le succ\u00e8s des campagnes marketing, des recherches sp\u00e9cialis\u00e9es peuvent fournir des donn\u00e9es et des strat\u00e9gies dans le secteur des biens de consommation rapide (FMCG) sur un produit sp\u00e9cifique ou sur le paysage marketing de l&#039;entreprise.<\/p>\n\n\n\n<p class=\"p3\"><b>Am\u00e9lioration du positionnement de la marque<\/b><\/p>\n\n\n\n<p class=\"p3\">Les donn\u00e9es et les strat\u00e9gies du secteur des biens de consommation rapide (FMCG) aident \u00e0 garantir que les messages de votre marque reposent sur des piliers solides, pertinents et distinctifs. La recherche et la planification peuvent vous aider \u00e0 trouver le bon \u00e9quilibre entre les avantages rationnels et \u00e9motionnels, le bon langage et le bon ton pour le consommateur, des informations r\u00e9volutionnaires et des points chauds pour le consommateur, qui peuvent tous \u00eatre int\u00e9gr\u00e9s dans une strat\u00e9gie de message de marque r\u00e9vis\u00e9e et conduire \u00e0 de meilleurs r\u00e9sultats commerciaux.<\/p>\n\n\n\n<h2 class=\"wp-block-heading p1\">\u00c0 propos de l\u2019\u00e9tude de march\u00e9 sur les biens de consommation rapide (FMCG)<\/h2>\n\n\n\n<p class=\"p3\">Pour accro\u00eetre leur part de march\u00e9, les plus grandes entreprises du secteur des produits de grande consommation s&#039;efforcent de plus en plus d&#039;adapter leurs offres aux besoins individuels des consommateurs. Les principaux acteurs du march\u00e9 mondial des produits de grande consommation ont pu augmenter leur part de march\u00e9 gr\u00e2ce \u00e0 l\u2019introduction de nouveaux produits et au rachat de petites entreprises.<\/p>\n\n\n\n<p class=\"p3\">Fast-moving consumer Goods (FMCG) market research provides insights into market trends and highlights significance to the said industry. Doing market research is an efficient approach to acquiring original market data relevant to the industry. Staying ahead of the competition and spotting emerging trends are both possible with the help of consumer goods market research.<\/p>\n\n\n\n<p class=\"p3\">Les entreprises et les principaux acteurs cl\u00e9s peuvent utiliser les r\u00e9sultats de l\u2019\u00e9tude de march\u00e9 sur les biens de consommation rapide (FMCG) pour am\u00e9liorer leurs produits et services et augmenter leurs revenus sur un march\u00e9 de plus en plus concurrentiel.<\/p>\n\n\n\n<p><\/p>","protected":false},"excerpt":{"rendered":"<p>Les \u00e9tudes de march\u00e9 sur les biens de consommation aident \u00e0 d\u00e9velopper les marques et \u00e0 augmenter les profits. Apprendre encore plus.<\/p>","protected":false},"author":1,"featured_media":62455,"parent":14514,"menu_order":30,"comment_status":"closed","ping_status":"closed","template":"","meta":{"footnotes":""},"class_list":["post-26759","page","type-page","status-publish","has-post-thumbnail"],"_links":{"self":[{"href":"https:\/\/www.sisinternational.com\/fr\/wp-json\/wp\/v2\/pages\/26759","targetHints":{"allow":["GET"]}}],"collection":[{"href":"https:\/\/www.sisinternational.com\/fr\/wp-json\/wp\/v2\/pages"}],"about":[{"href":"https:\/\/www.sisinternational.com\/fr\/wp-json\/wp\/v2\/types\/page"}],"author":[{"embeddable":true,"href":"https:\/\/www.sisinternational.com\/fr\/wp-json\/wp\/v2\/users\/1"}],"replies":[{"embeddable":true,"href":"https:\/\/www.sisinternational.com\/fr\/wp-json\/wp\/v2\/comments?post=26759"}],"version-history":[{"count":7,"href":"https:\/\/www.sisinternational.com\/fr\/wp-json\/wp\/v2\/pages\/26759\/revisions"}],"predecessor-version":[{"id":80154,"href":"https:\/\/www.sisinternational.com\/fr\/wp-json\/wp\/v2\/pages\/26759\/revisions\/80154"}],"up":[{"embeddable":true,"href":"https:\/\/www.sisinternational.com\/fr\/wp-json\/wp\/v2\/pages\/14514"}],"wp:featuredmedia":[{"embeddable":true,"href":"https:\/\/www.sisinternational.com\/fr\/wp-json\/wp\/v2\/media\/62455"}],"wp:attachment":[{"href":"https:\/\/www.sisinternational.com\/fr\/wp-json\/wp\/v2\/media?parent=26759"}],"curies":[{"name":"wp","href":"https:\/\/api.w.org\/{rel}","templated":true}]}}