{"id":26512,"date":"2018-04-29T09:39:35","date_gmt":"2018-04-29T09:39:35","guid":{"rendered":"https:\/\/www.sisinternational.com\/?page_id=26512"},"modified":"2026-01-26T14:18:18","modified_gmt":"2026-01-26T19:18:18","slug":"etude-de-consommation-internationale","status":"publish","type":"page","link":"https:\/\/www.sisinternational.com\/fr\/solutions\/etude-de-consommation-internationale\/","title":{"rendered":"Recherche internationale sur la consommation"},"content":{"rendered":"<h1 class=\"wp-block-heading p1\"><span class=\"s1\">Recherche internationale sur la consommation<\/span><\/h1>\n\n\n\n<figure class=\"gb-block-image gb-block-image-78c1b756\"><img loading=\"lazy\" decoding=\"async\" width=\"1456\" height=\"816\" class=\"gb-image gb-image-78c1b756\" src=\"https:\/\/www.sisinternational.com\/wp-content\/uploads\/2025\/08\/Retail-26.jpg\" alt=\"\u00c9tudes de march\u00e9 et strat\u00e9gie internationales SIS\" title=\"Retail (26)\" srcset=\"https:\/\/www.sisinternational.com\/wp-content\/uploads\/2025\/08\/Retail-26.jpg 1456w, https:\/\/www.sisinternational.com\/wp-content\/uploads\/2025\/08\/Retail-26-300x168.jpg 300w, https:\/\/www.sisinternational.com\/wp-content\/uploads\/2025\/08\/Retail-26-1024x574.jpg 1024w, https:\/\/www.sisinternational.com\/wp-content\/uploads\/2025\/08\/Retail-26-768x430.jpg 768w, https:\/\/www.sisinternational.com\/wp-content\/uploads\/2025\/08\/Retail-26-18x10.jpg 18w\" sizes=\"auto, (max-width: 1456px) 100vw, 1456px\"><\/figure>\n\n\n\n<h2 class=\"wp-block-heading p2\"><span class=\"s1\">L\u2019\u00e9conomie mondiale \u00e9volue rapidement, offrant de nouvelles opportunit\u00e9s aux entreprises.&nbsp; &nbsp;<\/span><\/h2>\n\n\n\n<p class=\"p2\"><span class=\"s1\">With technology and transportation, it is easier than ever to build brands in multiple markets overseas.&nbsp; Emerging markets are growing and providing new customer bases.&nbsp; Yet, challenges exist with language, culture, norms and rules.&nbsp; SIS helps companies understand their strategic opportunities and challenges.&nbsp; &nbsp;<\/span><\/p>\n\n\n\n<h2 class=\"wp-block-heading p4\"><span class=\"s1\">March\u00e9s \u00e9mergents<\/span><\/h2>\n\n\n\n<p class=\"p2\"><span class=\"s1\">Le comportement des consommateurs varie d&#039;un march\u00e9 \u00e0 l&#039;autre. Le Br\u00e9sil, la Russie, l&#039;Inde et la Chine, connus sous le nom de pays \u00ab BRIC \u00bb, abritent les deux tiers de la population mondiale. Ensemble, ils contribuent pour une part consid\u00e9rable au produit int\u00e9rieur brut mondial. Des pays comme le Mexique, l\u2019Afrique du Sud et la Turquie font \u00e9galement partie de ce groupe.<\/span><\/p>\n\n\n\n<p class=\"p2\"><span class=\"s1\">Emerging markets have become the engines of economic growth, rapidly gaining share of the world economy. These markets also continue to have fast-growing &#8220;new rich&#8221; sectors existing alongside large &#8220;poor&#8221; populations.&nbsp;&nbsp;Also relevant are the developing and developed <a href=\"https:\/\/www.sisinternational.com\/fr\/couverture\/etude-de-marche-en-afrique\/etude-de-marche-en-afrique-du-sud\/\" title=\"Etude de march\u00e9 en Afrique du Sud\"  data-wpil-monitor-id=\"5873\">markets such as South<\/a> Korea, Taiwan, Singapore, and those Eastern European nations that recently changed from centrally planned to market economies.&nbsp;&nbsp;<span class=\"s1\">Nous fournissons une compr\u00e9hension approfondie de ces march\u00e9s.&nbsp; <\/span><\/p>\n\n\n\n<p class=\"p2\">When <a href=\"https:\/\/www.sisinternational.com\/fr\/couverture\/etude-de-marche-en-asie\/etude-de-marche-a-nauru\/\" title=\"Etude de march\u00e9 \u00e0 Nauru\"  data-wpil-monitor-id=\"5731\">researching emerging markets<\/a>, companies gain vital knowledge to ensure they do not waste time \u2013 or worse, make poor decisions based on incorrect analysis or misinformation. Businesses should research and heed the do&#8217;s and don&#8217;ts of every market. Some methodologies that work in certain markets will not work in other markets.&nbsp; We provide that insight.<\/p>\n\n\n\n<h2 class=\"wp-block-heading p4\"><span class=\"s1\">Tendances dans les recherches sur la consommation<\/span><\/h2>\n\n\n\n<p class=\"p2\"><span class=\"s1\">L\u2019intelligence artificielle (IA), ainsi que l\u2019apprentissage automatique, peuvent avoir une influence significative sur le secteur des \u00e9tudes de march\u00e9. L&#039;IA est d\u00e9j\u00e0 entr\u00e9e dans le paysage grand public gr\u00e2ce \u00e0 Amazon Echo et Google Home. Il s\u2019agit d\u2019un changement de donne qui bouleverse les processus, permettant aux chercheurs de fournir des informations plus rentables et plus rapides.<\/span><\/p>\n\n\n\n<p class=\"p2\"><span class=\"s1\">La plupart des internautes poss\u00e8dent d\u00e9j\u00e0 un smartphone, et d\u2019autres suivront. Lorsque les r\u00e9pondants re\u00e7oivent une invitation \u00e0 participer \u00e0 une enqu\u00eate, il est courant qu&#039;ils la remplissent sur un smartphone. Les analystes du march\u00e9 doivent donc adapter leur approche des smartphones. L\u2019alternative consistant \u00e0 interdire \u00e0 ces appareils de participer en premier lieu n\u2019est g\u00e9n\u00e9ralement pas souhaitable.<\/span><\/p>\n\n\n\n<p class=\"p6\"><span class=\"s1\">L\u2019\u00e9chantillonnage de donn\u00e9es en ligne est d\u00e9sormais devenu un objectif essentiel du secteur des \u00e9tudes de march\u00e9. La collecte de donn\u00e9es en ligne est g\u00e9n\u00e9ralement plus rapide que toutes les autres m\u00e9thodes de collecte de donn\u00e9es, en particulier pour les \u00e9chantillons de grande taille, car les personnes interrog\u00e9es gagnent du temps en lisant et en r\u00e9pondant elles-m\u00eames rapidement aux questions.<\/span><\/p>\n\n\n\n<h2 class=\"wp-block-heading p4\"><span class=\"s1\">Outils de recherche<\/span><\/h2>\n\n\n\n<ul class=\"wp-block-list\">\n<li><span class=\"s1\"><b>L\u2019essor des m\u00e9thodologies en ligne. <\/b>The prominence of the Internet and other, similar technologies, have given us more innovation and flexibility to improve research design, to link up with millions of people, and to communicate with them much faster. <a class=\"wpil_keyword_link\" href=\"https:\/\/www.sisinternational.com\/fr\/etude-de-marche-en-ligne\/\"   title=\"Qu\u2019est-ce qu\u2019une \u00e9tude de march\u00e9 en ligne ?\" data-wpil-keyword-link=\"linked\"  data-wpil-monitor-id=\"476\">Online market research<\/a> is less expensive than offline analysis. It is also faster than offline, and subject matters are more flexible. <\/span><\/li>\n\n\n\n<li><span class=\"s1\"><b>L\u2019essor du marketing num\u00e9rique.<\/b> La Chine est en t\u00eate du nombre d&#039;utilisateurs d&#039;Internet mobile, avec plus de trois fois celui des \u00c9tats-Unis. Les consommateurs chinois ont adopt\u00e9 des super applications, qui int\u00e8grent de nombreux aspects de leur vie sur une seule plateforme mobile. La connaissance de ces tendances et d\u2019autres similaires offre aux sp\u00e9cialistes du marketing des opportunit\u00e9s uniques d\u2019atteindre diff\u00e9rents march\u00e9s.<\/span><\/li>\n<\/ul>\n\n\n\n<ul class=\"wp-block-list\">\n<li><span class=\"s1\"><b>New designs for in-store <\/b><a href=\"https:\/\/www.sisinternational.com\/fr\/competence\/les-industries\/etude-de-marche-ciso\/\" title=\"\u00c9tude de march\u00e9 RSSI\"  data-wpil-monitor-id=\"5744\">research. In-store market<\/a> research has several benefits, for example, it impacts product placement and that of advertising and promotions, and it provides insights into consumers\u2019 behavior. It also gives the store owner an idea of daily, weekly, or monthly traffic, and it helps determine product pricing.<\/span><\/li>\n\n\n\n<li><strong>M\u00e9thodologies en face \u00e0 face.&nbsp;<\/strong>&nbsp;En fonction du march\u00e9, nous employons de nombreuses autres m\u00e9thodologies telles que les groupes de discussion, les entretiens, les enqu\u00eates, les entretiens t\u00e9l\u00e9phoniques, l&#039;ethnographie et les interceptions.<\/li>\n<\/ul>\n\n\n\n<h2 class=\"wp-block-heading p4\"><span class=\"s1\">C&#039;est une \u00e9conomie mondiale<\/span><\/h2>\n\n\n\n<p class=\"p2\"><span class=\"s1\">Les entreprises prennent souvent la d\u00e9cision d&#039;internationaliser une entreprise par n\u00e9cessit\u00e9, mais elles peuvent souffrir si les informations sur un march\u00e9 sont insuffisantes ou si les pr\u00e9visions concernant la demande sont erron\u00e9es. Ils ont besoin de mieux comprendre leurs propres forces et faiblesses, ainsi que celles de leurs concurrents, pour saisir soigneusement les opportunit\u00e9s et suivre les transformations rapides de l&#039;\u00e9conomie mondiale.<\/span><\/p>\n\n\n\n<p>SIS is widely recognized as a world leader in International Market Research.&nbsp; We provide over 40+ years experience, extensive market coverage, our best practices and many other advantages.<\/p>\n\n\n\n<h2 class=\"wp-block-heading\">&nbsp;<\/h2>","protected":false},"excerpt":{"rendered":"<p>L'\u00e9conomie mondiale \u00e9volue rapidement et offre des opportunit\u00e9s aux organisations.  Les SIS aident les entreprises \u00e0 comprendre leurs opportunit\u00e9s et leurs d\u00e9fis strat\u00e9giques \u00e0 l'\u00e9chelle mondiale.\u00a0<\/p>","protected":false},"author":1,"featured_media":62501,"parent":14457,"menu_order":15,"comment_status":"closed","ping_status":"closed","template":"","meta":{"footnotes":""},"class_list":["post-26512","page","type-page","status-publish","has-post-thumbnail"],"_links":{"self":[{"href":"https:\/\/www.sisinternational.com\/fr\/wp-json\/wp\/v2\/pages\/26512","targetHints":{"allow":["GET"]}}],"collection":[{"href":"https:\/\/www.sisinternational.com\/fr\/wp-json\/wp\/v2\/pages"}],"about":[{"href":"https:\/\/www.sisinternational.com\/fr\/wp-json\/wp\/v2\/types\/page"}],"author":[{"embeddable":true,"href":"https:\/\/www.sisinternational.com\/fr\/wp-json\/wp\/v2\/users\/1"}],"replies":[{"embeddable":true,"href":"https:\/\/www.sisinternational.com\/fr\/wp-json\/wp\/v2\/comments?post=26512"}],"version-history":[{"count":7,"href":"https:\/\/www.sisinternational.com\/fr\/wp-json\/wp\/v2\/pages\/26512\/revisions"}],"predecessor-version":[{"id":79562,"href":"https:\/\/www.sisinternational.com\/fr\/wp-json\/wp\/v2\/pages\/26512\/revisions\/79562"}],"up":[{"embeddable":true,"href":"https:\/\/www.sisinternational.com\/fr\/wp-json\/wp\/v2\/pages\/14457"}],"wp:featuredmedia":[{"embeddable":true,"href":"https:\/\/www.sisinternational.com\/fr\/wp-json\/wp\/v2\/media\/62501"}],"wp:attachment":[{"href":"https:\/\/www.sisinternational.com\/fr\/wp-json\/wp\/v2\/media?parent=26512"}],"curies":[{"name":"wp","href":"https:\/\/api.w.org\/{rel}","templated":true}]}}